{"id":899,"date":"2023-12-31T07:38:25","date_gmt":"2023-12-31T07:38:25","guid":{"rendered":"https:\/\/ultrasource.com.mx\/?post_type=product&#038;p=899"},"modified":"2024-09-02T23:59:20","modified_gmt":"2024-09-02T23:59:20","slug":"injectstar-400","status":"publish","type":"product","link":"https:\/\/ultrasource.com.mx\/en\/product\/injectstar-400\/","title":{"rendered":"InjectStar\u00ae IS-590"},"content":{"rendered":"<p>Inyector Autom\u00e1tico de Adobo para Pescado<br \/>\nMejore la consistencia del producto, la calidad, el color, el sabor y el rendimiento. Construcci\u00f3n s\u00f3lida y confiable. Dise\u00f1ado para facilitar la operaci\u00f3n y garantizar la consistencia.<\/p>\n<p>Caracter\u00edsticas<br \/>\n\u25a0 Construcci\u00f3n de acero inoxidable<br \/>\n\u25a0 Cabezal de aguja de velocidad variable<br \/>\n\u25a0 Agujas de 4 mm para carne roja<br \/>\n\u25a0 Agujas de 3 mm para aves de corral<br \/>\n\u25a0 Bombea productos con o sin hueso<br \/>\n\u25a0 Avance ajustable de la banda y presi\u00f3n de la bomba de adobo<br \/>\n\u25a0 Huella peque\u00f1a<\/p>\n<p>Opciones<br \/>\n\u25a0 Punto de parada corta para aves de corral<br \/>\n\u25a0 Cabezal de carrera ajustable<br \/>\n\u25a0 Separadores en la entrada para facilitar la inyecci\u00f3n de aves de corral<br \/>\n\u25a0 Herramientas de aguja de cuchillo ablandador<br \/>\n\u25a0 Se muestra con filtro de salmuera rotativo opcional<\/p>","protected":false},"excerpt":{"rendered":"<p>Inyector Autom\u00e1tico de Adobo para Pescado<br \/>\nMejore la consistencia del producto, la calidad, el color, el sabor y el rendimiento. Construcci\u00f3n s\u00f3lida y confiable. Dise\u00f1ado para facilitar la operaci\u00f3n y garantizar la consistencia.<\/p>\n<p>Caracter\u00edsticas<br \/>\n\u25a0 Construcci\u00f3n de acero inoxidable<br \/>\n\u25a0 Cabezal de aguja de velocidad variable<br \/>\n\u25a0 Agujas de 4 mm para carne roja<br \/>\n\u25a0 Agujas de 3 mm para aves de corral<br \/>\n\u25a0 Bombea productos con o sin hueso<br \/>\n\u25a0 Avance ajustable de la banda y presi\u00f3n de la bomba de adobo<br \/>\n\u25a0 Huella peque\u00f1a<\/p>\n<p>Opciones<br \/>\n\u25a0 Punto de parada corta para aves de corral<br \/>\n\u25a0 Cabezal de carrera ajustable<br \/>\n\u25a0 Separadores en la entrada para facilitar la inyecci\u00f3n de aves de corral<br \/>\n\u25a0 Herramientas de aguja de cuchillo ablandador<br \/>\n\u25a0 Se muestra con filtro de salmuera rotativo opcional<\/p>","protected":false},"featured_media":875,"comment_status":"open","ping_status":"closed","template":"","meta":{"_coblocks_attr":"","_coblocks_dimensions":"","_coblocks_responsive_height":"","_coblocks_accordion_ie_support":"","_joinchat":[]},"product_brand":[],"product_cat":[93],"product_tag":[92,96,94,95],"class_list":{"0":"post-899","1":"product","2":"type-product","3":"status-publish","4":"has-post-thumbnail","6":"product_cat-inyectoras","7":"product_tag-injectstar","8":"product_tag-inyeccion","9":"product_tag-inyectoras","10":"product_tag-salmuera","11":"ts_product_brand-injectstar","13":"first","14":"instock","15":"shipping-taxable","16":"product-type-simple","17":"add-to-wishlist-after_add_to_cart"},"yoast_head":"<!-- This site is optimized with the Yoast SEO plugin v27.4 - https:\/\/yoast.com\/product\/yoast-seo-wordpress\/ -->\n<title>InjectStar\u00ae IS-590 - UltraSource<\/title>\n<meta name=\"robots\" content=\"index, follow, max-snippet:-1, max-image-preview:large, max-video-preview:-1\" \/>\n<link rel=\"canonical\" href=\"https:\/\/ultrasource.com.mx\/en\/product\/injectstar-400\/\" \/>\n<meta property=\"og:locale\" content=\"en_US\" \/>\n<meta property=\"og:type\" content=\"article\" \/>\n<meta property=\"og:title\" content=\"InjectStar\u00ae IS-590 - UltraSource\" \/>\n<meta property=\"og:description\" content=\"Inyector Autom\u00e1tico de Adobo para Pescado Mejore la consistencia del producto, la calidad, el color, el sabor y el rendimiento. Construcci\u00f3n s\u00f3lida y confiable. Dise\u00f1ado para facilitar la operaci\u00f3n y garantizar la consistencia.  Caracter\u00edsticas \u25a0 Construcci\u00f3n de acero inoxidable \u25a0 Cabezal de aguja de velocidad variable \u25a0 Agujas de 4 mm para carne roja \u25a0 Agujas de 3 mm para aves de corral \u25a0 Bombea productos con o sin hueso \u25a0 Avance ajustable de la banda y presi\u00f3n de la bomba de adobo \u25a0 Huella peque\u00f1a  Opciones \u25a0 Punto de parada corta para aves de corral \u25a0 Cabezal de carrera ajustable \u25a0 Separadores en la entrada para facilitar la inyecci\u00f3n de aves de corral \u25a0 Herramientas de aguja de cuchillo ablandador \u25a0 Se muestra con filtro de salmuera rotativo opcional\" \/>\n<meta property=\"og:url\" content=\"https:\/\/ultrasource.com.mx\/en\/product\/injectstar-400\/\" \/>\n<meta property=\"og:site_name\" content=\"UltraSource\" \/>\n<meta property=\"article:publisher\" content=\"https:\/\/www.facebook.com\/UltraSourceUSA\/\" \/>\n<meta property=\"article:modified_time\" content=\"2024-09-02T23:59:20+00:00\" \/>\n<meta property=\"og:image\" content=\"https:\/\/ultrasource.com.mx\/wp-content\/uploads\/2023\/12\/is-590.png\" \/>\n\t<meta property=\"og:image:width\" content=\"660\" \/>\n\t<meta property=\"og:image:height\" content=\"672\" \/>\n\t<meta property=\"og:image:type\" content=\"image\/png\" \/>\n<meta name=\"twitter:card\" content=\"summary_large_image\" \/>\n<meta name=\"twitter:site\" content=\"@UltraSourceUSA\" \/>\n<meta name=\"twitter:label1\" content=\"Est. reading time\" \/>\n\t<meta name=\"twitter:data1\" content=\"1 minute\" \/>\n<script type=\"application\/ld+json\" class=\"yoast-schema-graph\">{\"@context\":\"https:\\\/\\\/schema.org\",\"@graph\":[{\"@type\":\"WebPage\",\"@id\":\"https:\\\/\\\/ultrasource.com.mx\\\/en\\\/product\\\/injectstar-400\\\/\",\"url\":\"https:\\\/\\\/ultrasource.com.mx\\\/en\\\/product\\\/injectstar-400\\\/\",\"name\":\"InjectStar\u00ae IS-590 - UltraSource\",\"isPartOf\":{\"@id\":\"https:\\\/\\\/ultrasource.com.mx\\\/#website\"},\"primaryImageOfPage\":{\"@id\":\"https:\\\/\\\/ultrasource.com.mx\\\/en\\\/product\\\/injectstar-400\\\/#primaryimage\"},\"image\":{\"@id\":\"https:\\\/\\\/ultrasource.com.mx\\\/en\\\/product\\\/injectstar-400\\\/#primaryimage\"},\"thumbnailUrl\":\"https:\\\/\\\/ultrasource.com.mx\\\/wp-content\\\/uploads\\\/2023\\\/12\\\/is-590.png\",\"datePublished\":\"2023-12-31T07:38:25+00:00\",\"dateModified\":\"2024-09-02T23:59:20+00:00\",\"breadcrumb\":{\"@id\":\"https:\\\/\\\/ultrasource.com.mx\\\/en\\\/product\\\/injectstar-400\\\/#breadcrumb\"},\"inLanguage\":\"en-US\",\"potentialAction\":[{\"@type\":\"ReadAction\",\"target\":[\"https:\\\/\\\/ultrasource.com.mx\\\/en\\\/product\\\/injectstar-400\\\/\"]}]},{\"@type\":\"ImageObject\",\"inLanguage\":\"en-US\",\"@id\":\"https:\\\/\\\/ultrasource.com.mx\\\/en\\\/product\\\/injectstar-400\\\/#primaryimage\",\"url\":\"https:\\\/\\\/ultrasource.com.mx\\\/wp-content\\\/uploads\\\/2023\\\/12\\\/is-590.png\",\"contentUrl\":\"https:\\\/\\\/ultrasource.com.mx\\\/wp-content\\\/uploads\\\/2023\\\/12\\\/is-590.png\",\"width\":660,\"height\":672},{\"@type\":\"BreadcrumbList\",\"@id\":\"https:\\\/\\\/ultrasource.com.mx\\\/en\\\/product\\\/injectstar-400\\\/#breadcrumb\",\"itemListElement\":[{\"@type\":\"ListItem\",\"position\":1,\"name\":\"Portada\",\"item\":\"https:\\\/\\\/ultrasource.com.mx\\\/\"},{\"@type\":\"ListItem\",\"position\":2,\"name\":\"Catalog\",\"item\":\"https:\\\/\\\/ultrasource.com.mx\\\/catalog\\\/\"},{\"@type\":\"ListItem\",\"position\":3,\"name\":\"InjectStar\u00ae IS-590\"}]},{\"@type\":\"WebSite\",\"@id\":\"https:\\\/\\\/ultrasource.com.mx\\\/#website\",\"url\":\"https:\\\/\\\/ultrasource.com.mx\\\/\",\"name\":\"UltraSource\",\"description\":\"\",\"publisher\":{\"@id\":\"https:\\\/\\\/ultrasource.com.mx\\\/#organization\"},\"potentialAction\":[{\"@type\":\"SearchAction\",\"target\":{\"@type\":\"EntryPoint\",\"urlTemplate\":\"https:\\\/\\\/ultrasource.com.mx\\\/?s={search_term_string}\"},\"query-input\":{\"@type\":\"PropertyValueSpecification\",\"valueRequired\":true,\"valueName\":\"search_term_string\"}}],\"inLanguage\":\"en-US\"},{\"@type\":\"Organization\",\"@id\":\"https:\\\/\\\/ultrasource.com.mx\\\/#organization\",\"name\":\"UltraSource\",\"url\":\"https:\\\/\\\/ultrasource.com.mx\\\/\",\"logo\":{\"@type\":\"ImageObject\",\"inLanguage\":\"en-US\",\"@id\":\"https:\\\/\\\/ultrasource.com.mx\\\/#\\\/schema\\\/logo\\\/image\\\/\",\"url\":\"https:\\\/\\\/ultrasource.com.mx\\\/wp-content\\\/uploads\\\/2023\\\/02\\\/ultrasource-logo-vertical.svg\",\"contentUrl\":\"https:\\\/\\\/ultrasource.com.mx\\\/wp-content\\\/uploads\\\/2023\\\/02\\\/ultrasource-logo-vertical.svg\",\"width\":100,\"height\":100,\"caption\":\"UltraSource\"},\"image\":{\"@id\":\"https:\\\/\\\/ultrasource.com.mx\\\/#\\\/schema\\\/logo\\\/image\\\/\"},\"sameAs\":[\"https:\\\/\\\/www.facebook.com\\\/UltraSourceUSA\\\/\",\"https:\\\/\\\/x.com\\\/UltraSourceUSA\",\"http:\\\/\\\/www.linkedin.com\\\/company\\\/ultrasource-llc\",\"https:\\\/\\\/www.youtube.com\\\/channel\\\/UCNHEJAkgGhh_JOoO4DcBFmQ\"]}]}<\/script>\n<!-- \/ Yoast SEO plugin. -->","yoast_head_json":{"title":"InjectStar\u00ae IS-590 - UltraSource","robots":{"index":"index","follow":"follow","max-snippet":"max-snippet:-1","max-image-preview":"max-image-preview:large","max-video-preview":"max-video-preview:-1"},"canonical":"https:\/\/ultrasource.com.mx\/en\/product\/injectstar-400\/","og_locale":"en_US","og_type":"article","og_title":"InjectStar\u00ae IS-590 - UltraSource","og_description":"Inyector Autom\u00e1tico de Adobo para Pescado Mejore la consistencia del producto, la calidad, el color, el sabor y el rendimiento. Construcci\u00f3n s\u00f3lida y confiable. Dise\u00f1ado para facilitar la operaci\u00f3n y garantizar la consistencia.  Caracter\u00edsticas \u25a0 Construcci\u00f3n de acero inoxidable \u25a0 Cabezal de aguja de velocidad variable \u25a0 Agujas de 4 mm para carne roja \u25a0 Agujas de 3 mm para aves de corral \u25a0 Bombea productos con o sin hueso \u25a0 Avance ajustable de la banda y presi\u00f3n de la bomba de adobo \u25a0 Huella peque\u00f1a  Opciones \u25a0 Punto de parada corta para aves de corral \u25a0 Cabezal de carrera ajustable \u25a0 Separadores en la entrada para facilitar la inyecci\u00f3n de aves de corral \u25a0 Herramientas de aguja de cuchillo ablandador \u25a0 Se muestra con filtro de salmuera rotativo opcional","og_url":"https:\/\/ultrasource.com.mx\/en\/product\/injectstar-400\/","og_site_name":"UltraSource","article_publisher":"https:\/\/www.facebook.com\/UltraSourceUSA\/","article_modified_time":"2024-09-02T23:59:20+00:00","og_image":[{"width":660,"height":672,"url":"https:\/\/ultrasource.com.mx\/wp-content\/uploads\/2023\/12\/is-590.png","type":"image\/png"}],"twitter_card":"summary_large_image","twitter_site":"@UltraSourceUSA","twitter_misc":{"Est. reading time":"1 minute"},"schema":{"@context":"https:\/\/schema.org","@graph":[{"@type":"WebPage","@id":"https:\/\/ultrasource.com.mx\/en\/product\/injectstar-400\/","url":"https:\/\/ultrasource.com.mx\/en\/product\/injectstar-400\/","name":"InjectStar\u00ae IS-590 - UltraSource","isPartOf":{"@id":"https:\/\/ultrasource.com.mx\/#website"},"primaryImageOfPage":{"@id":"https:\/\/ultrasource.com.mx\/en\/product\/injectstar-400\/#primaryimage"},"image":{"@id":"https:\/\/ultrasource.com.mx\/en\/product\/injectstar-400\/#primaryimage"},"thumbnailUrl":"https:\/\/ultrasource.com.mx\/wp-content\/uploads\/2023\/12\/is-590.png","datePublished":"2023-12-31T07:38:25+00:00","dateModified":"2024-09-02T23:59:20+00:00","breadcrumb":{"@id":"https:\/\/ultrasource.com.mx\/en\/product\/injectstar-400\/#breadcrumb"},"inLanguage":"en-US","potentialAction":[{"@type":"ReadAction","target":["https:\/\/ultrasource.com.mx\/en\/product\/injectstar-400\/"]}]},{"@type":"ImageObject","inLanguage":"en-US","@id":"https:\/\/ultrasource.com.mx\/en\/product\/injectstar-400\/#primaryimage","url":"https:\/\/ultrasource.com.mx\/wp-content\/uploads\/2023\/12\/is-590.png","contentUrl":"https:\/\/ultrasource.com.mx\/wp-content\/uploads\/2023\/12\/is-590.png","width":660,"height":672},{"@type":"BreadcrumbList","@id":"https:\/\/ultrasource.com.mx\/en\/product\/injectstar-400\/#breadcrumb","itemListElement":[{"@type":"ListItem","position":1,"name":"Portada","item":"https:\/\/ultrasource.com.mx\/"},{"@type":"ListItem","position":2,"name":"Catalog","item":"https:\/\/ultrasource.com.mx\/catalog\/"},{"@type":"ListItem","position":3,"name":"InjectStar\u00ae IS-590"}]},{"@type":"WebSite","@id":"https:\/\/ultrasource.com.mx\/#website","url":"https:\/\/ultrasource.com.mx\/","name":"UltraSource","description":"","publisher":{"@id":"https:\/\/ultrasource.com.mx\/#organization"},"potentialAction":[{"@type":"SearchAction","target":{"@type":"EntryPoint","urlTemplate":"https:\/\/ultrasource.com.mx\/?s={search_term_string}"},"query-input":{"@type":"PropertyValueSpecification","valueRequired":true,"valueName":"search_term_string"}}],"inLanguage":"en-US"},{"@type":"Organization","@id":"https:\/\/ultrasource.com.mx\/#organization","name":"UltraSource","url":"https:\/\/ultrasource.com.mx\/","logo":{"@type":"ImageObject","inLanguage":"en-US","@id":"https:\/\/ultrasource.com.mx\/#\/schema\/logo\/image\/","url":"https:\/\/ultrasource.com.mx\/wp-content\/uploads\/2023\/02\/ultrasource-logo-vertical.svg","contentUrl":"https:\/\/ultrasource.com.mx\/wp-content\/uploads\/2023\/02\/ultrasource-logo-vertical.svg","width":100,"height":100,"caption":"UltraSource"},"image":{"@id":"https:\/\/ultrasource.com.mx\/#\/schema\/logo\/image\/"},"sameAs":["https:\/\/www.facebook.com\/UltraSourceUSA\/","https:\/\/x.com\/UltraSourceUSA","http:\/\/www.linkedin.com\/company\/ultrasource-llc","https:\/\/www.youtube.com\/channel\/UCNHEJAkgGhh_JOoO4DcBFmQ"]}]}},"_links":{"self":[{"href":"https:\/\/ultrasource.com.mx\/en\/wp-json\/wp\/v2\/product\/899","targetHints":{"allow":["GET"]}}],"collection":[{"href":"https:\/\/ultrasource.com.mx\/en\/wp-json\/wp\/v2\/product"}],"about":[{"href":"https:\/\/ultrasource.com.mx\/en\/wp-json\/wp\/v2\/types\/product"}],"replies":[{"embeddable":true,"href":"https:\/\/ultrasource.com.mx\/en\/wp-json\/wp\/v2\/comments?post=899"}],"wp:featuredmedia":[{"embeddable":true,"href":"https:\/\/ultrasource.com.mx\/en\/wp-json\/wp\/v2\/media\/875"}],"wp:attachment":[{"href":"https:\/\/ultrasource.com.mx\/en\/wp-json\/wp\/v2\/media?parent=899"}],"wp:term":[{"taxonomy":"product_brand","embeddable":true,"href":"https:\/\/ultrasource.com.mx\/en\/wp-json\/wp\/v2\/product_brand?post=899"},{"taxonomy":"product_cat","embeddable":true,"href":"https:\/\/ultrasource.com.mx\/en\/wp-json\/wp\/v2\/product_cat?post=899"},{"taxonomy":"product_tag","embeddable":true,"href":"https:\/\/ultrasource.com.mx\/en\/wp-json\/wp\/v2\/product_tag?post=899"}],"curies":[{"name":"wp","href":"https:\/\/api.w.org\/{rel}","templated":true}]}}