{"id":892,"date":"2023-12-31T07:30:24","date_gmt":"2023-12-31T07:30:24","guid":{"rendered":"https:\/\/ultrasource.com.mx\/?post_type=product&#038;p=892"},"modified":"2025-08-26T12:45:14","modified_gmt":"2025-08-26T12:45:14","slug":"injectamatic","status":"publish","type":"product","link":"https:\/\/ultrasource.com.mx\/en\/product\/injectamatic\/","title":{"rendered":"Inject Star\u00ae IS-290"},"content":{"rendered":"<p>Inject Star\u00ae IS-290<br \/>\nInyector Autom\u00e1tico de Adobo<br \/>\nNuestro modelo IS-290 es adecuado para una variedad de aplicaciones de carne roja y aves de corral en un entorno peque\u00f1o a mediano, brindando resultados consistentes de lote a lote.<br \/>\nCaracter\u00edsticas<br \/>\n\u25a0 Construcci\u00f3n de acero inoxidable<br \/>\n\u25a0 Cinta transportadora sint\u00e9tica de 300 mm (11.8 pulg.)<br \/>\n\u25a0 Trece herramientas de cabeza de aguja de liberaci\u00f3n r\u00e1pida<br \/>\n\u25a0 Agujas de 3 mm o 4 mm<br \/>\n\u25a0 Bombas de productos con hueso y sin hueso<br \/>\n\u25a0 Avance de cinta ajustable y presi\u00f3n de la bomba de adobo<br \/>\n\u25a0 Huella peque\u00f1a<br \/>\nOpciones<br \/>\n\u25a0 Parada corta para aves de corral<br \/>\n\u25a0 Separadores en la entrada para facilitar la inyecci\u00f3n de aves de corral<br \/>\n\u25a0 Herramientas de aguja de cuchillo ablandador<\/p>","protected":false},"excerpt":{"rendered":"<p><strong>Bomba de Salmuera de Acero Inoxidable<\/strong><\/p>\n<p>Caracter\u00edsticas<br \/>\n\u25a0 Una arteria y una aguja de pulverizaci\u00f3n<br \/>\n\u25a0 Motor de 1\/3 hp<br \/>\n\u25a0 Lavado NEMA 4<br \/>\n\u25a0 Controles f\u00e1ciles de usar<br \/>\n\u25a0 V\u00e1lvula de alivio de presi\u00f3n f\u00e1cilmente ajustable<br \/>\n\u25a0 Man\u00f3metro de acero inoxidable<br \/>\n\u25a0 Base de montaje de acero inoxidable<br \/>\n\u25a0 Mango de agarre completo<br \/>\n\u25a0 Se puede montar en un carrito de bomba de acero inoxidable opcional, montado en la superficie o montado debajo de la mesa<br \/>\n\u25a0 Mangueras transparentes de alta resistencia<br \/>\n\u25a0 Garant\u00eda de un a\u00f1o<br \/>\nEspecificaciones T\u00e9cnicas<br \/>\n\u25a0 Dimensiones de la base: 10-1\/4&#8243; \u00d7 19-1\/4&#8243;<br \/>\n\u25a0 El\u00e9ctrico: 110 voltios<br \/>\n\u25a0 Peso neto: 57 libras<\/p>","protected":false},"featured_media":869,"comment_status":"open","ping_status":"closed","template":"","meta":{"_coblocks_attr":"","_coblocks_dimensions":"","_coblocks_responsive_height":"","_coblocks_accordion_ie_support":"","_joinchat":[]},"product_brand":[],"product_cat":[93],"product_tag":[92,96,94,95],"class_list":{"0":"post-892","1":"product","2":"type-product","3":"status-publish","4":"has-post-thumbnail","6":"product_cat-inyectoras","7":"product_tag-injectstar","8":"product_tag-inyeccion","9":"product_tag-inyectoras","10":"product_tag-salmuera","11":"ts_product_brand-injectstar","13":"first","14":"instock","15":"shipping-taxable","16":"product-type-simple","17":"add-to-wishlist-after_add_to_cart"},"yoast_head":"<!-- This site is optimized with the Yoast SEO plugin v27.4 - https:\/\/yoast.com\/product\/yoast-seo-wordpress\/ -->\n<title>Inject Star\u00ae IS-290 - UltraSource<\/title>\n<meta name=\"robots\" content=\"index, follow, max-snippet:-1, max-image-preview:large, max-video-preview:-1\" \/>\n<link rel=\"canonical\" href=\"https:\/\/ultrasource.com.mx\/en\/product\/injectamatic\/\" \/>\n<meta property=\"og:locale\" content=\"en_US\" \/>\n<meta property=\"og:type\" content=\"article\" \/>\n<meta property=\"og:title\" content=\"Inject Star\u00ae IS-290 - UltraSource\" \/>\n<meta property=\"og:description\" content=\"Bomba de Salmuera de Acero Inoxidable  Caracter\u00edsticas \u25a0 Una arteria y una aguja de pulverizaci\u00f3n \u25a0 Motor de 1\/3 hp \u25a0 Lavado NEMA 4 \u25a0 Controles f\u00e1ciles de usar \u25a0 V\u00e1lvula de alivio de presi\u00f3n f\u00e1cilmente ajustable \u25a0 Man\u00f3metro de acero inoxidable \u25a0 Base de montaje de acero inoxidable \u25a0 Mango de agarre completo \u25a0 Se puede montar en un carrito de bomba de acero inoxidable opcional, montado en la superficie o montado debajo de la mesa \u25a0 Mangueras transparentes de alta resistencia \u25a0 Garant\u00eda de un a\u00f1o Especificaciones T\u00e9cnicas \u25a0 Dimensiones de la base: 10-1\/4&quot; \u00d7 19-1\/4&quot; \u25a0 El\u00e9ctrico: 110 voltios \u25a0 Peso neto: 57 libras\" \/>\n<meta property=\"og:url\" content=\"https:\/\/ultrasource.com.mx\/en\/product\/injectamatic\/\" \/>\n<meta property=\"og:site_name\" content=\"UltraSource\" \/>\n<meta property=\"article:publisher\" content=\"https:\/\/www.facebook.com\/UltraSourceUSA\/\" \/>\n<meta property=\"article:modified_time\" content=\"2025-08-26T12:45:14+00:00\" \/>\n<meta property=\"og:image\" content=\"https:\/\/ultrasource.com.mx\/wp-content\/uploads\/2023\/12\/IS-290.jpg\" \/>\n\t<meta property=\"og:image:width\" content=\"296\" \/>\n\t<meta property=\"og:image:height\" content=\"476\" \/>\n\t<meta property=\"og:image:type\" content=\"image\/jpeg\" \/>\n<meta name=\"twitter:card\" content=\"summary_large_image\" \/>\n<meta name=\"twitter:site\" content=\"@UltraSourceUSA\" \/>\n<meta name=\"twitter:label1\" content=\"Est. reading time\" \/>\n\t<meta name=\"twitter:data1\" content=\"1 minute\" \/>\n<script type=\"application\/ld+json\" class=\"yoast-schema-graph\">{\"@context\":\"https:\\\/\\\/schema.org\",\"@graph\":[{\"@type\":\"WebPage\",\"@id\":\"https:\\\/\\\/ultrasource.com.mx\\\/producto\\\/injectamatic\\\/\",\"url\":\"https:\\\/\\\/ultrasource.com.mx\\\/producto\\\/injectamatic\\\/\",\"name\":\"Inject Star\u00ae IS-290 - UltraSource\",\"isPartOf\":{\"@id\":\"https:\\\/\\\/ultrasource.com.mx\\\/#website\"},\"primaryImageOfPage\":{\"@id\":\"https:\\\/\\\/ultrasource.com.mx\\\/producto\\\/injectamatic\\\/#primaryimage\"},\"image\":{\"@id\":\"https:\\\/\\\/ultrasource.com.mx\\\/producto\\\/injectamatic\\\/#primaryimage\"},\"thumbnailUrl\":\"https:\\\/\\\/ultrasource.com.mx\\\/wp-content\\\/uploads\\\/2023\\\/12\\\/IS-290.jpg\",\"datePublished\":\"2023-12-31T07:30:24+00:00\",\"dateModified\":\"2025-08-26T12:45:14+00:00\",\"breadcrumb\":{\"@id\":\"https:\\\/\\\/ultrasource.com.mx\\\/producto\\\/injectamatic\\\/#breadcrumb\"},\"inLanguage\":\"en-US\",\"potentialAction\":[{\"@type\":\"ReadAction\",\"target\":[\"https:\\\/\\\/ultrasource.com.mx\\\/producto\\\/injectamatic\\\/\"]}]},{\"@type\":\"ImageObject\",\"inLanguage\":\"en-US\",\"@id\":\"https:\\\/\\\/ultrasource.com.mx\\\/producto\\\/injectamatic\\\/#primaryimage\",\"url\":\"https:\\\/\\\/ultrasource.com.mx\\\/wp-content\\\/uploads\\\/2023\\\/12\\\/IS-290.jpg\",\"contentUrl\":\"https:\\\/\\\/ultrasource.com.mx\\\/wp-content\\\/uploads\\\/2023\\\/12\\\/IS-290.jpg\",\"width\":296,\"height\":476},{\"@type\":\"BreadcrumbList\",\"@id\":\"https:\\\/\\\/ultrasource.com.mx\\\/producto\\\/injectamatic\\\/#breadcrumb\",\"itemListElement\":[{\"@type\":\"ListItem\",\"position\":1,\"name\":\"Portada\",\"item\":\"https:\\\/\\\/ultrasource.com.mx\\\/\"},{\"@type\":\"ListItem\",\"position\":2,\"name\":\"Catalog\",\"item\":\"https:\\\/\\\/ultrasource.com.mx\\\/catalog\\\/\"},{\"@type\":\"ListItem\",\"position\":3,\"name\":\"Inject Star\u00ae IS-290\"}]},{\"@type\":\"WebSite\",\"@id\":\"https:\\\/\\\/ultrasource.com.mx\\\/#website\",\"url\":\"https:\\\/\\\/ultrasource.com.mx\\\/\",\"name\":\"UltraSource\",\"description\":\"\",\"publisher\":{\"@id\":\"https:\\\/\\\/ultrasource.com.mx\\\/#organization\"},\"potentialAction\":[{\"@type\":\"SearchAction\",\"target\":{\"@type\":\"EntryPoint\",\"urlTemplate\":\"https:\\\/\\\/ultrasource.com.mx\\\/?s={search_term_string}\"},\"query-input\":{\"@type\":\"PropertyValueSpecification\",\"valueRequired\":true,\"valueName\":\"search_term_string\"}}],\"inLanguage\":\"en-US\"},{\"@type\":\"Organization\",\"@id\":\"https:\\\/\\\/ultrasource.com.mx\\\/#organization\",\"name\":\"UltraSource\",\"url\":\"https:\\\/\\\/ultrasource.com.mx\\\/\",\"logo\":{\"@type\":\"ImageObject\",\"inLanguage\":\"en-US\",\"@id\":\"https:\\\/\\\/ultrasource.com.mx\\\/#\\\/schema\\\/logo\\\/image\\\/\",\"url\":\"https:\\\/\\\/ultrasource.com.mx\\\/wp-content\\\/uploads\\\/2023\\\/02\\\/ultrasource-logo-vertical.svg\",\"contentUrl\":\"https:\\\/\\\/ultrasource.com.mx\\\/wp-content\\\/uploads\\\/2023\\\/02\\\/ultrasource-logo-vertical.svg\",\"width\":100,\"height\":100,\"caption\":\"UltraSource\"},\"image\":{\"@id\":\"https:\\\/\\\/ultrasource.com.mx\\\/#\\\/schema\\\/logo\\\/image\\\/\"},\"sameAs\":[\"https:\\\/\\\/www.facebook.com\\\/UltraSourceUSA\\\/\",\"https:\\\/\\\/x.com\\\/UltraSourceUSA\",\"http:\\\/\\\/www.linkedin.com\\\/company\\\/ultrasource-llc\",\"https:\\\/\\\/www.youtube.com\\\/channel\\\/UCNHEJAkgGhh_JOoO4DcBFmQ\"]}]}<\/script>\n<!-- \/ Yoast SEO plugin. -->","yoast_head_json":{"title":"Inject Star\u00ae IS-290 - UltraSource","robots":{"index":"index","follow":"follow","max-snippet":"max-snippet:-1","max-image-preview":"max-image-preview:large","max-video-preview":"max-video-preview:-1"},"canonical":"https:\/\/ultrasource.com.mx\/en\/product\/injectamatic\/","og_locale":"en_US","og_type":"article","og_title":"Inject Star\u00ae IS-290 - UltraSource","og_description":"Bomba de Salmuera de Acero Inoxidable  Caracter\u00edsticas \u25a0 Una arteria y una aguja de pulverizaci\u00f3n \u25a0 Motor de 1\/3 hp \u25a0 Lavado NEMA 4 \u25a0 Controles f\u00e1ciles de usar \u25a0 V\u00e1lvula de alivio de presi\u00f3n f\u00e1cilmente ajustable \u25a0 Man\u00f3metro de acero inoxidable \u25a0 Base de montaje de acero inoxidable \u25a0 Mango de agarre completo \u25a0 Se puede montar en un carrito de bomba de acero inoxidable opcional, montado en la superficie o montado debajo de la mesa \u25a0 Mangueras transparentes de alta resistencia \u25a0 Garant\u00eda de un a\u00f1o Especificaciones T\u00e9cnicas \u25a0 Dimensiones de la base: 10-1\/4\" \u00d7 19-1\/4\" \u25a0 El\u00e9ctrico: 110 voltios \u25a0 Peso neto: 57 libras","og_url":"https:\/\/ultrasource.com.mx\/en\/product\/injectamatic\/","og_site_name":"UltraSource","article_publisher":"https:\/\/www.facebook.com\/UltraSourceUSA\/","article_modified_time":"2025-08-26T12:45:14+00:00","og_image":[{"width":296,"height":476,"url":"https:\/\/ultrasource.com.mx\/wp-content\/uploads\/2023\/12\/IS-290.jpg","type":"image\/jpeg"}],"twitter_card":"summary_large_image","twitter_site":"@UltraSourceUSA","twitter_misc":{"Est. reading time":"1 minute"},"schema":{"@context":"https:\/\/schema.org","@graph":[{"@type":"WebPage","@id":"https:\/\/ultrasource.com.mx\/producto\/injectamatic\/","url":"https:\/\/ultrasource.com.mx\/producto\/injectamatic\/","name":"Inject Star\u00ae IS-290 - UltraSource","isPartOf":{"@id":"https:\/\/ultrasource.com.mx\/#website"},"primaryImageOfPage":{"@id":"https:\/\/ultrasource.com.mx\/producto\/injectamatic\/#primaryimage"},"image":{"@id":"https:\/\/ultrasource.com.mx\/producto\/injectamatic\/#primaryimage"},"thumbnailUrl":"https:\/\/ultrasource.com.mx\/wp-content\/uploads\/2023\/12\/IS-290.jpg","datePublished":"2023-12-31T07:30:24+00:00","dateModified":"2025-08-26T12:45:14+00:00","breadcrumb":{"@id":"https:\/\/ultrasource.com.mx\/producto\/injectamatic\/#breadcrumb"},"inLanguage":"en-US","potentialAction":[{"@type":"ReadAction","target":["https:\/\/ultrasource.com.mx\/producto\/injectamatic\/"]}]},{"@type":"ImageObject","inLanguage":"en-US","@id":"https:\/\/ultrasource.com.mx\/producto\/injectamatic\/#primaryimage","url":"https:\/\/ultrasource.com.mx\/wp-content\/uploads\/2023\/12\/IS-290.jpg","contentUrl":"https:\/\/ultrasource.com.mx\/wp-content\/uploads\/2023\/12\/IS-290.jpg","width":296,"height":476},{"@type":"BreadcrumbList","@id":"https:\/\/ultrasource.com.mx\/producto\/injectamatic\/#breadcrumb","itemListElement":[{"@type":"ListItem","position":1,"name":"Portada","item":"https:\/\/ultrasource.com.mx\/"},{"@type":"ListItem","position":2,"name":"Catalog","item":"https:\/\/ultrasource.com.mx\/catalog\/"},{"@type":"ListItem","position":3,"name":"Inject Star\u00ae IS-290"}]},{"@type":"WebSite","@id":"https:\/\/ultrasource.com.mx\/#website","url":"https:\/\/ultrasource.com.mx\/","name":"UltraSource","description":"","publisher":{"@id":"https:\/\/ultrasource.com.mx\/#organization"},"potentialAction":[{"@type":"SearchAction","target":{"@type":"EntryPoint","urlTemplate":"https:\/\/ultrasource.com.mx\/?s={search_term_string}"},"query-input":{"@type":"PropertyValueSpecification","valueRequired":true,"valueName":"search_term_string"}}],"inLanguage":"en-US"},{"@type":"Organization","@id":"https:\/\/ultrasource.com.mx\/#organization","name":"UltraSource","url":"https:\/\/ultrasource.com.mx\/","logo":{"@type":"ImageObject","inLanguage":"en-US","@id":"https:\/\/ultrasource.com.mx\/#\/schema\/logo\/image\/","url":"https:\/\/ultrasource.com.mx\/wp-content\/uploads\/2023\/02\/ultrasource-logo-vertical.svg","contentUrl":"https:\/\/ultrasource.com.mx\/wp-content\/uploads\/2023\/02\/ultrasource-logo-vertical.svg","width":100,"height":100,"caption":"UltraSource"},"image":{"@id":"https:\/\/ultrasource.com.mx\/#\/schema\/logo\/image\/"},"sameAs":["https:\/\/www.facebook.com\/UltraSourceUSA\/","https:\/\/x.com\/UltraSourceUSA","http:\/\/www.linkedin.com\/company\/ultrasource-llc","https:\/\/www.youtube.com\/channel\/UCNHEJAkgGhh_JOoO4DcBFmQ"]}]}},"_links":{"self":[{"href":"https:\/\/ultrasource.com.mx\/en\/wp-json\/wp\/v2\/product\/892","targetHints":{"allow":["GET"]}}],"collection":[{"href":"https:\/\/ultrasource.com.mx\/en\/wp-json\/wp\/v2\/product"}],"about":[{"href":"https:\/\/ultrasource.com.mx\/en\/wp-json\/wp\/v2\/types\/product"}],"replies":[{"embeddable":true,"href":"https:\/\/ultrasource.com.mx\/en\/wp-json\/wp\/v2\/comments?post=892"}],"wp:featuredmedia":[{"embeddable":true,"href":"https:\/\/ultrasource.com.mx\/en\/wp-json\/wp\/v2\/media\/869"}],"wp:attachment":[{"href":"https:\/\/ultrasource.com.mx\/en\/wp-json\/wp\/v2\/media?parent=892"}],"wp:term":[{"taxonomy":"product_brand","embeddable":true,"href":"https:\/\/ultrasource.com.mx\/en\/wp-json\/wp\/v2\/product_brand?post=892"},{"taxonomy":"product_cat","embeddable":true,"href":"https:\/\/ultrasource.com.mx\/en\/wp-json\/wp\/v2\/product_cat?post=892"},{"taxonomy":"product_tag","embeddable":true,"href":"https:\/\/ultrasource.com.mx\/en\/wp-json\/wp\/v2\/product_tag?post=892"}],"curies":[{"name":"wp","href":"https:\/\/api.w.org\/{rel}","templated":true}]}}