{"id":858,"date":"2023-12-31T06:51:06","date_gmt":"2023-12-31T06:51:06","guid":{"rendered":"https:\/\/ultrasource.com.mx\/?post_type=product&#038;p=858"},"modified":"2024-09-03T00:00:21","modified_gmt":"2024-09-03T00:00:21","slug":"frey-ws-420","status":"publish","type":"product","link":"https:\/\/ultrasource.com.mx\/en\/product\/frey-ws-420\/","title":{"rendered":"Frey WS 420"},"content":{"rendered":"<p>Separador de salchichas totalmente electr\u00f3nico y programable para el corte de eslabones individuales.<\/p>\n<p>Caracter\u00edsticas:<\/p>\n<ul>\n<li>Capacidad de comunicaci\u00f3n Ethernet y USB.<\/li>\n<li>Panel de control t\u00e1ctil industrial f\u00e1cil de usar de 5.7&#8243; con pantalla a color (800 \u00d7 600) y memoria para 99 programas.<\/li>\n<li>Velocidad de la correa ajustable infinitamente.<\/li>\n<li>Huella peque\u00f1a: (440 \u00d7 550 \u00d7 1,322\/1472 mm) (17.32&#8243; \u00d7 21.65&#8243; \u00d7 52.05\/57.95&#8243;).<\/li>\n<li>Requiere aire comprimido.<\/li>\n<li>Puede funcionar de manera independiente o integrarse con BAS para la producci\u00f3n de salchichas frescas.<\/li>\n<\/ul>","protected":false},"excerpt":{"rendered":"<p>Separador de salchichas totalmente electr\u00f3nico y programable para el corte de eslabones individuales.<\/p>\n<p>Caracter\u00edsticas:<\/p>\n<ul>\n<li>Capacidad de comunicaci\u00f3n Ethernet y USB.<\/li>\n<li>Panel de control t\u00e1ctil industrial f\u00e1cil de usar de 5.7&#8243; con pantalla a color (800 \u00d7 600) y memoria para 99 programas.<\/li>\n<li>Velocidad de la correa ajustable infinitamente.<\/li>\n<li>Huella peque\u00f1a: (440 \u00d7 550 \u00d7 1,322\/1472 mm) (17.32&#8243; \u00d7 21.65&#8243; \u00d7 52.05\/57.95&#8243;).<\/li>\n<li>Requiere aire comprimido.<\/li>\n<li>Puede funcionar de manera independiente o integrarse con BAS para la producci\u00f3n de salchichas frescas.<\/li>\n<\/ul>","protected":false},"featured_media":831,"comment_status":"open","ping_status":"closed","template":"","meta":{"_coblocks_attr":"","_coblocks_dimensions":"","_coblocks_responsive_height":"","_coblocks_accordion_ie_support":"","_joinchat":[]},"product_brand":[],"product_cat":[87],"product_tag":[],"class_list":{"0":"post-858","1":"product","2":"type-product","3":"status-publish","4":"has-post-thumbnail","6":"product_cat-accesorios-embutidoras","7":"ts_product_brand-frey","9":"first","10":"instock","11":"shipping-taxable","12":"product-type-simple","13":"add-to-wishlist-after_add_to_cart"},"yoast_head":"<!-- This site is optimized with the Yoast SEO plugin v27.4 - https:\/\/yoast.com\/product\/yoast-seo-wordpress\/ -->\n<title>Frey WS 420 - UltraSource<\/title>\n<meta name=\"robots\" content=\"index, follow, max-snippet:-1, max-image-preview:large, max-video-preview:-1\" \/>\n<link rel=\"canonical\" href=\"https:\/\/ultrasource.com.mx\/en\/product\/frey-ws-420\/\" \/>\n<meta property=\"og:locale\" content=\"en_US\" \/>\n<meta property=\"og:type\" content=\"article\" \/>\n<meta property=\"og:title\" content=\"Frey WS 420 - UltraSource\" \/>\n<meta property=\"og:description\" content=\"Separador de salchichas totalmente electr\u00f3nico y programable para el corte de eslabones individuales.  Caracter\u00edsticas:   Capacidad de comunicaci\u00f3n Ethernet y USB.  Panel de control t\u00e1ctil industrial f\u00e1cil de usar de 5.7&quot; con pantalla a color (800 \u00d7 600) y memoria para 99 programas.  Velocidad de la correa ajustable infinitamente.  Huella peque\u00f1a: (440 \u00d7 550 \u00d7 1,322\/1472 mm) (17.32&quot; \u00d7 21.65&quot; \u00d7 52.05\/57.95&quot;).  Requiere aire comprimido.  Puede funcionar de manera independiente o integrarse con BAS para la producci\u00f3n de salchichas frescas.\" \/>\n<meta property=\"og:url\" content=\"https:\/\/ultrasource.com.mx\/en\/product\/frey-ws-420\/\" \/>\n<meta property=\"og:site_name\" content=\"UltraSource\" \/>\n<meta property=\"article:publisher\" content=\"https:\/\/www.facebook.com\/UltraSourceUSA\/\" \/>\n<meta property=\"article:modified_time\" content=\"2024-09-03T00:00:21+00:00\" \/>\n<meta property=\"og:image\" content=\"https:\/\/ultrasource.com.mx\/wp-content\/uploads\/2023\/12\/ws420.png\" \/>\n\t<meta property=\"og:image:width\" content=\"646\" \/>\n\t<meta property=\"og:image:height\" content=\"906\" \/>\n\t<meta property=\"og:image:type\" content=\"image\/png\" \/>\n<meta name=\"twitter:card\" content=\"summary_large_image\" \/>\n<meta name=\"twitter:site\" content=\"@UltraSourceUSA\" \/>\n<meta name=\"twitter:label1\" content=\"Est. reading time\" \/>\n\t<meta name=\"twitter:data1\" content=\"1 minute\" \/>\n<script type=\"application\/ld+json\" class=\"yoast-schema-graph\">{\"@context\":\"https:\\\/\\\/schema.org\",\"@graph\":[{\"@type\":\"WebPage\",\"@id\":\"https:\\\/\\\/ultrasource.com.mx\\\/producto\\\/frey-ws-420\\\/\",\"url\":\"https:\\\/\\\/ultrasource.com.mx\\\/producto\\\/frey-ws-420\\\/\",\"name\":\"Frey WS 420 - UltraSource\",\"isPartOf\":{\"@id\":\"https:\\\/\\\/ultrasource.com.mx\\\/#website\"},\"primaryImageOfPage\":{\"@id\":\"https:\\\/\\\/ultrasource.com.mx\\\/producto\\\/frey-ws-420\\\/#primaryimage\"},\"image\":{\"@id\":\"https:\\\/\\\/ultrasource.com.mx\\\/producto\\\/frey-ws-420\\\/#primaryimage\"},\"thumbnailUrl\":\"https:\\\/\\\/ultrasource.com.mx\\\/wp-content\\\/uploads\\\/2023\\\/12\\\/ws420.png\",\"datePublished\":\"2023-12-31T06:51:06+00:00\",\"dateModified\":\"2024-09-03T00:00:21+00:00\",\"breadcrumb\":{\"@id\":\"https:\\\/\\\/ultrasource.com.mx\\\/producto\\\/frey-ws-420\\\/#breadcrumb\"},\"inLanguage\":\"en-US\",\"potentialAction\":[{\"@type\":\"ReadAction\",\"target\":[\"https:\\\/\\\/ultrasource.com.mx\\\/producto\\\/frey-ws-420\\\/\"]}]},{\"@type\":\"ImageObject\",\"inLanguage\":\"en-US\",\"@id\":\"https:\\\/\\\/ultrasource.com.mx\\\/producto\\\/frey-ws-420\\\/#primaryimage\",\"url\":\"https:\\\/\\\/ultrasource.com.mx\\\/wp-content\\\/uploads\\\/2023\\\/12\\\/ws420.png\",\"contentUrl\":\"https:\\\/\\\/ultrasource.com.mx\\\/wp-content\\\/uploads\\\/2023\\\/12\\\/ws420.png\",\"width\":646,\"height\":906},{\"@type\":\"BreadcrumbList\",\"@id\":\"https:\\\/\\\/ultrasource.com.mx\\\/producto\\\/frey-ws-420\\\/#breadcrumb\",\"itemListElement\":[{\"@type\":\"ListItem\",\"position\":1,\"name\":\"Portada\",\"item\":\"https:\\\/\\\/ultrasource.com.mx\\\/\"},{\"@type\":\"ListItem\",\"position\":2,\"name\":\"Catalog\",\"item\":\"https:\\\/\\\/ultrasource.com.mx\\\/catalog\\\/\"},{\"@type\":\"ListItem\",\"position\":3,\"name\":\"Frey WS 420\"}]},{\"@type\":\"WebSite\",\"@id\":\"https:\\\/\\\/ultrasource.com.mx\\\/#website\",\"url\":\"https:\\\/\\\/ultrasource.com.mx\\\/\",\"name\":\"UltraSource\",\"description\":\"\",\"publisher\":{\"@id\":\"https:\\\/\\\/ultrasource.com.mx\\\/#organization\"},\"potentialAction\":[{\"@type\":\"SearchAction\",\"target\":{\"@type\":\"EntryPoint\",\"urlTemplate\":\"https:\\\/\\\/ultrasource.com.mx\\\/?s={search_term_string}\"},\"query-input\":{\"@type\":\"PropertyValueSpecification\",\"valueRequired\":true,\"valueName\":\"search_term_string\"}}],\"inLanguage\":\"en-US\"},{\"@type\":\"Organization\",\"@id\":\"https:\\\/\\\/ultrasource.com.mx\\\/#organization\",\"name\":\"UltraSource\",\"url\":\"https:\\\/\\\/ultrasource.com.mx\\\/\",\"logo\":{\"@type\":\"ImageObject\",\"inLanguage\":\"en-US\",\"@id\":\"https:\\\/\\\/ultrasource.com.mx\\\/#\\\/schema\\\/logo\\\/image\\\/\",\"url\":\"https:\\\/\\\/ultrasource.com.mx\\\/wp-content\\\/uploads\\\/2023\\\/02\\\/ultrasource-logo-vertical.svg\",\"contentUrl\":\"https:\\\/\\\/ultrasource.com.mx\\\/wp-content\\\/uploads\\\/2023\\\/02\\\/ultrasource-logo-vertical.svg\",\"width\":100,\"height\":100,\"caption\":\"UltraSource\"},\"image\":{\"@id\":\"https:\\\/\\\/ultrasource.com.mx\\\/#\\\/schema\\\/logo\\\/image\\\/\"},\"sameAs\":[\"https:\\\/\\\/www.facebook.com\\\/UltraSourceUSA\\\/\",\"https:\\\/\\\/x.com\\\/UltraSourceUSA\",\"http:\\\/\\\/www.linkedin.com\\\/company\\\/ultrasource-llc\",\"https:\\\/\\\/www.youtube.com\\\/channel\\\/UCNHEJAkgGhh_JOoO4DcBFmQ\"]}]}<\/script>\n<!-- \/ Yoast SEO plugin. -->","yoast_head_json":{"title":"Frey WS 420 - UltraSource","robots":{"index":"index","follow":"follow","max-snippet":"max-snippet:-1","max-image-preview":"max-image-preview:large","max-video-preview":"max-video-preview:-1"},"canonical":"https:\/\/ultrasource.com.mx\/en\/product\/frey-ws-420\/","og_locale":"en_US","og_type":"article","og_title":"Frey WS 420 - UltraSource","og_description":"Separador de salchichas totalmente electr\u00f3nico y programable para el corte de eslabones individuales.  Caracter\u00edsticas:   Capacidad de comunicaci\u00f3n Ethernet y USB.  Panel de control t\u00e1ctil industrial f\u00e1cil de usar de 5.7\" con pantalla a color (800 \u00d7 600) y memoria para 99 programas.  Velocidad de la correa ajustable infinitamente.  Huella peque\u00f1a: (440 \u00d7 550 \u00d7 1,322\/1472 mm) (17.32\" \u00d7 21.65\" \u00d7 52.05\/57.95\").  Requiere aire comprimido.  Puede funcionar de manera independiente o integrarse con BAS para la producci\u00f3n de salchichas frescas.","og_url":"https:\/\/ultrasource.com.mx\/en\/product\/frey-ws-420\/","og_site_name":"UltraSource","article_publisher":"https:\/\/www.facebook.com\/UltraSourceUSA\/","article_modified_time":"2024-09-03T00:00:21+00:00","og_image":[{"width":646,"height":906,"url":"https:\/\/ultrasource.com.mx\/wp-content\/uploads\/2023\/12\/ws420.png","type":"image\/png"}],"twitter_card":"summary_large_image","twitter_site":"@UltraSourceUSA","twitter_misc":{"Est. reading time":"1 minute"},"schema":{"@context":"https:\/\/schema.org","@graph":[{"@type":"WebPage","@id":"https:\/\/ultrasource.com.mx\/producto\/frey-ws-420\/","url":"https:\/\/ultrasource.com.mx\/producto\/frey-ws-420\/","name":"Frey WS 420 - UltraSource","isPartOf":{"@id":"https:\/\/ultrasource.com.mx\/#website"},"primaryImageOfPage":{"@id":"https:\/\/ultrasource.com.mx\/producto\/frey-ws-420\/#primaryimage"},"image":{"@id":"https:\/\/ultrasource.com.mx\/producto\/frey-ws-420\/#primaryimage"},"thumbnailUrl":"https:\/\/ultrasource.com.mx\/wp-content\/uploads\/2023\/12\/ws420.png","datePublished":"2023-12-31T06:51:06+00:00","dateModified":"2024-09-03T00:00:21+00:00","breadcrumb":{"@id":"https:\/\/ultrasource.com.mx\/producto\/frey-ws-420\/#breadcrumb"},"inLanguage":"en-US","potentialAction":[{"@type":"ReadAction","target":["https:\/\/ultrasource.com.mx\/producto\/frey-ws-420\/"]}]},{"@type":"ImageObject","inLanguage":"en-US","@id":"https:\/\/ultrasource.com.mx\/producto\/frey-ws-420\/#primaryimage","url":"https:\/\/ultrasource.com.mx\/wp-content\/uploads\/2023\/12\/ws420.png","contentUrl":"https:\/\/ultrasource.com.mx\/wp-content\/uploads\/2023\/12\/ws420.png","width":646,"height":906},{"@type":"BreadcrumbList","@id":"https:\/\/ultrasource.com.mx\/producto\/frey-ws-420\/#breadcrumb","itemListElement":[{"@type":"ListItem","position":1,"name":"Portada","item":"https:\/\/ultrasource.com.mx\/"},{"@type":"ListItem","position":2,"name":"Catalog","item":"https:\/\/ultrasource.com.mx\/catalog\/"},{"@type":"ListItem","position":3,"name":"Frey WS 420"}]},{"@type":"WebSite","@id":"https:\/\/ultrasource.com.mx\/#website","url":"https:\/\/ultrasource.com.mx\/","name":"UltraSource","description":"","publisher":{"@id":"https:\/\/ultrasource.com.mx\/#organization"},"potentialAction":[{"@type":"SearchAction","target":{"@type":"EntryPoint","urlTemplate":"https:\/\/ultrasource.com.mx\/?s={search_term_string}"},"query-input":{"@type":"PropertyValueSpecification","valueRequired":true,"valueName":"search_term_string"}}],"inLanguage":"en-US"},{"@type":"Organization","@id":"https:\/\/ultrasource.com.mx\/#organization","name":"UltraSource","url":"https:\/\/ultrasource.com.mx\/","logo":{"@type":"ImageObject","inLanguage":"en-US","@id":"https:\/\/ultrasource.com.mx\/#\/schema\/logo\/image\/","url":"https:\/\/ultrasource.com.mx\/wp-content\/uploads\/2023\/02\/ultrasource-logo-vertical.svg","contentUrl":"https:\/\/ultrasource.com.mx\/wp-content\/uploads\/2023\/02\/ultrasource-logo-vertical.svg","width":100,"height":100,"caption":"UltraSource"},"image":{"@id":"https:\/\/ultrasource.com.mx\/#\/schema\/logo\/image\/"},"sameAs":["https:\/\/www.facebook.com\/UltraSourceUSA\/","https:\/\/x.com\/UltraSourceUSA","http:\/\/www.linkedin.com\/company\/ultrasource-llc","https:\/\/www.youtube.com\/channel\/UCNHEJAkgGhh_JOoO4DcBFmQ"]}]}},"_links":{"self":[{"href":"https:\/\/ultrasource.com.mx\/en\/wp-json\/wp\/v2\/product\/858","targetHints":{"allow":["GET"]}}],"collection":[{"href":"https:\/\/ultrasource.com.mx\/en\/wp-json\/wp\/v2\/product"}],"about":[{"href":"https:\/\/ultrasource.com.mx\/en\/wp-json\/wp\/v2\/types\/product"}],"replies":[{"embeddable":true,"href":"https:\/\/ultrasource.com.mx\/en\/wp-json\/wp\/v2\/comments?post=858"}],"wp:featuredmedia":[{"embeddable":true,"href":"https:\/\/ultrasource.com.mx\/en\/wp-json\/wp\/v2\/media\/831"}],"wp:attachment":[{"href":"https:\/\/ultrasource.com.mx\/en\/wp-json\/wp\/v2\/media?parent=858"}],"wp:term":[{"taxonomy":"product_brand","embeddable":true,"href":"https:\/\/ultrasource.com.mx\/en\/wp-json\/wp\/v2\/product_brand?post=858"},{"taxonomy":"product_cat","embeddable":true,"href":"https:\/\/ultrasource.com.mx\/en\/wp-json\/wp\/v2\/product_cat?post=858"},{"taxonomy":"product_tag","embeddable":true,"href":"https:\/\/ultrasource.com.mx\/en\/wp-json\/wp\/v2\/product_tag?post=858"}],"curies":[{"name":"wp","href":"https:\/\/api.w.org\/{rel}","templated":true}]}}