{"id":857,"date":"2023-12-31T06:49:14","date_gmt":"2023-12-31T06:49:14","guid":{"rendered":"https:\/\/ultrasource.com.mx\/?post_type=product&#038;p=857"},"modified":"2024-09-03T00:00:21","modified_gmt":"2024-09-03T00:00:21","slug":"bas-02-sa-ahl-02","status":"publish","type":"product","link":"https:\/\/ultrasource.com.mx\/en\/product\/bas-02-sa-ahl-02\/","title":{"rendered":"BAS 02\/SA"},"content":{"rendered":"<ul>\n<li>L\u00ednea colgante totalmente electr\u00f3nica.<\/li>\n<li>Controlada a trav\u00e9s de TC733\/TC1000, unidad de accionamiento Frey Top Line.<\/li>\n<li>Elementos de control integrados en BAS 02 \/ SA.<\/li>\n<li>Dise\u00f1o m\u00f3vil hecho completamente de acero inoxidable.<\/li>\n<li>Incluye 120 ganchos flexibles que se pueden colocar en diferentes posiciones.<\/li>\n<li>Con 5 grupos de ganchos y conexi\u00f3n a BAS 02 \/ SA.<\/li>\n<\/ul>","protected":false},"excerpt":{"rendered":"<p><strong>L\u00ednea de Colgado Autom\u00e1tico con Sistema de Enlace<\/strong><\/p>\n<p>En combinaci\u00f3n con el soporte de la envoltura DHGA, el BAS 02\/SA ofrece m\u00e1xima eficiencia, precisi\u00f3n y confiabilidad del proceso con un enlazador servo integrado. Gracias a la ruta recta y corta que sigue la carne, incluso productos cr\u00edticos como las salchichas crudas se pueden procesar de manera r\u00e1pida y confiable.<\/p>\n<ul>\n<li>Sistema de enlace de correa totalmente electr\u00f3nico y semiautom\u00e1tico para porcionar y enlazar envolturas naturales, de col\u00e1geno y artificiales.<\/li>\n<li>Rango de calibre de 13 a 38 mm y longitud m\u00ednima de porcionamiento de 30 mm.<\/li>\n<li>Alta velocidad de porcionamiento de aproximadamente 800 porciones por minuto.<\/li>\n<li>Servodrive con control de posicionamiento.<\/li>\n<li>Enlazador servo de alta velocidad integrado.<\/li>\n<li>DHGA integrado, accionado neum\u00e1ticamente, longitud de 380 mm.<\/li>\n<li>Accesorios incluyen red y cable de conexi\u00f3n para la rellenadora Frey, suministro de agua, 1 juego de correas y canal de la mesa de relleno.<\/li>\n<\/ul>","protected":false},"featured_media":832,"comment_status":"open","ping_status":"closed","template":"","meta":{"_coblocks_attr":"","_coblocks_dimensions":"","_coblocks_responsive_height":"","_coblocks_accordion_ie_support":"","_joinchat":[]},"product_brand":[],"product_cat":[87],"product_tag":[],"class_list":{"0":"post-857","1":"product","2":"type-product","3":"status-publish","4":"has-post-thumbnail","6":"product_cat-accesorios-embutidoras","7":"ts_product_brand-frey","9":"first","10":"instock","11":"shipping-taxable","12":"product-type-simple","13":"add-to-wishlist-after_add_to_cart"},"yoast_head":"<!-- This site is optimized with the Yoast SEO plugin v27.4 - https:\/\/yoast.com\/product\/yoast-seo-wordpress\/ -->\n<title>BAS 02\/SA - UltraSource<\/title>\n<meta name=\"robots\" content=\"index, follow, max-snippet:-1, max-image-preview:large, max-video-preview:-1\" \/>\n<link rel=\"canonical\" href=\"https:\/\/ultrasource.com.mx\/en\/product\/bas-02-sa-ahl-02\/\" \/>\n<meta property=\"og:locale\" content=\"en_US\" \/>\n<meta property=\"og:type\" content=\"article\" \/>\n<meta property=\"og:title\" content=\"BAS 02\/SA - UltraSource\" \/>\n<meta property=\"og:description\" content=\"L\u00ednea de Colgado Autom\u00e1tico con Sistema de Enlace  En combinaci\u00f3n con el soporte de la envoltura DHGA, el BAS 02\/SA ofrece m\u00e1xima eficiencia, precisi\u00f3n y confiabilidad del proceso con un enlazador servo integrado. Gracias a la ruta recta y corta que sigue la carne, incluso productos cr\u00edticos como las salchichas crudas se pueden procesar de manera r\u00e1pida y confiable.   Sistema de enlace de correa totalmente electr\u00f3nico y semiautom\u00e1tico para porcionar y enlazar envolturas naturales, de col\u00e1geno y artificiales.  Rango de calibre de 13 a 38 mm y longitud m\u00ednima de porcionamiento de 30 mm.  Alta velocidad de porcionamiento de aproximadamente 800 porciones por minuto.  Servodrive con control de posicionamiento.  Enlazador servo de alta velocidad integrado.  DHGA integrado, accionado neum\u00e1ticamente, longitud de 380 mm.  Accesorios incluyen red y cable de conexi\u00f3n para la rellenadora Frey, suministro de agua, 1 juego de correas y canal de la mesa de relleno.\" \/>\n<meta property=\"og:url\" content=\"https:\/\/ultrasource.com.mx\/en\/product\/bas-02-sa-ahl-02\/\" \/>\n<meta property=\"og:site_name\" content=\"UltraSource\" \/>\n<meta property=\"article:publisher\" content=\"https:\/\/www.facebook.com\/UltraSourceUSA\/\" \/>\n<meta property=\"article:modified_time\" content=\"2024-09-03T00:00:21+00:00\" \/>\n<meta property=\"og:image\" content=\"https:\/\/ultrasource.com.mx\/wp-content\/uploads\/2023\/12\/bas-02.png\" \/>\n\t<meta property=\"og:image:width\" content=\"703\" \/>\n\t<meta property=\"og:image:height\" content=\"591\" \/>\n\t<meta property=\"og:image:type\" content=\"image\/png\" \/>\n<meta name=\"twitter:card\" content=\"summary_large_image\" \/>\n<meta name=\"twitter:site\" content=\"@UltraSourceUSA\" \/>\n<meta name=\"twitter:label1\" content=\"Est. reading time\" \/>\n\t<meta name=\"twitter:data1\" content=\"1 minute\" \/>\n<script type=\"application\/ld+json\" class=\"yoast-schema-graph\">{\"@context\":\"https:\\\/\\\/schema.org\",\"@graph\":[{\"@type\":\"WebPage\",\"@id\":\"https:\\\/\\\/ultrasource.com.mx\\\/producto\\\/bas-02-sa-ahl-02\\\/\",\"url\":\"https:\\\/\\\/ultrasource.com.mx\\\/producto\\\/bas-02-sa-ahl-02\\\/\",\"name\":\"BAS 02\\\/SA - UltraSource\",\"isPartOf\":{\"@id\":\"https:\\\/\\\/ultrasource.com.mx\\\/#website\"},\"primaryImageOfPage\":{\"@id\":\"https:\\\/\\\/ultrasource.com.mx\\\/producto\\\/bas-02-sa-ahl-02\\\/#primaryimage\"},\"image\":{\"@id\":\"https:\\\/\\\/ultrasource.com.mx\\\/producto\\\/bas-02-sa-ahl-02\\\/#primaryimage\"},\"thumbnailUrl\":\"https:\\\/\\\/ultrasource.com.mx\\\/wp-content\\\/uploads\\\/2023\\\/12\\\/bas-02.png\",\"datePublished\":\"2023-12-31T06:49:14+00:00\",\"dateModified\":\"2024-09-03T00:00:21+00:00\",\"breadcrumb\":{\"@id\":\"https:\\\/\\\/ultrasource.com.mx\\\/producto\\\/bas-02-sa-ahl-02\\\/#breadcrumb\"},\"inLanguage\":\"en-US\",\"potentialAction\":[{\"@type\":\"ReadAction\",\"target\":[\"https:\\\/\\\/ultrasource.com.mx\\\/producto\\\/bas-02-sa-ahl-02\\\/\"]}]},{\"@type\":\"ImageObject\",\"inLanguage\":\"en-US\",\"@id\":\"https:\\\/\\\/ultrasource.com.mx\\\/producto\\\/bas-02-sa-ahl-02\\\/#primaryimage\",\"url\":\"https:\\\/\\\/ultrasource.com.mx\\\/wp-content\\\/uploads\\\/2023\\\/12\\\/bas-02.png\",\"contentUrl\":\"https:\\\/\\\/ultrasource.com.mx\\\/wp-content\\\/uploads\\\/2023\\\/12\\\/bas-02.png\",\"width\":703,\"height\":591},{\"@type\":\"BreadcrumbList\",\"@id\":\"https:\\\/\\\/ultrasource.com.mx\\\/producto\\\/bas-02-sa-ahl-02\\\/#breadcrumb\",\"itemListElement\":[{\"@type\":\"ListItem\",\"position\":1,\"name\":\"Portada\",\"item\":\"https:\\\/\\\/ultrasource.com.mx\\\/\"},{\"@type\":\"ListItem\",\"position\":2,\"name\":\"Catalog\",\"item\":\"https:\\\/\\\/ultrasource.com.mx\\\/catalog\\\/\"},{\"@type\":\"ListItem\",\"position\":3,\"name\":\"BAS 02\\\/SA\"}]},{\"@type\":\"WebSite\",\"@id\":\"https:\\\/\\\/ultrasource.com.mx\\\/#website\",\"url\":\"https:\\\/\\\/ultrasource.com.mx\\\/\",\"name\":\"UltraSource\",\"description\":\"\",\"publisher\":{\"@id\":\"https:\\\/\\\/ultrasource.com.mx\\\/#organization\"},\"potentialAction\":[{\"@type\":\"SearchAction\",\"target\":{\"@type\":\"EntryPoint\",\"urlTemplate\":\"https:\\\/\\\/ultrasource.com.mx\\\/?s={search_term_string}\"},\"query-input\":{\"@type\":\"PropertyValueSpecification\",\"valueRequired\":true,\"valueName\":\"search_term_string\"}}],\"inLanguage\":\"en-US\"},{\"@type\":\"Organization\",\"@id\":\"https:\\\/\\\/ultrasource.com.mx\\\/#organization\",\"name\":\"UltraSource\",\"url\":\"https:\\\/\\\/ultrasource.com.mx\\\/\",\"logo\":{\"@type\":\"ImageObject\",\"inLanguage\":\"en-US\",\"@id\":\"https:\\\/\\\/ultrasource.com.mx\\\/#\\\/schema\\\/logo\\\/image\\\/\",\"url\":\"https:\\\/\\\/ultrasource.com.mx\\\/wp-content\\\/uploads\\\/2023\\\/02\\\/ultrasource-logo-vertical.svg\",\"contentUrl\":\"https:\\\/\\\/ultrasource.com.mx\\\/wp-content\\\/uploads\\\/2023\\\/02\\\/ultrasource-logo-vertical.svg\",\"width\":100,\"height\":100,\"caption\":\"UltraSource\"},\"image\":{\"@id\":\"https:\\\/\\\/ultrasource.com.mx\\\/#\\\/schema\\\/logo\\\/image\\\/\"},\"sameAs\":[\"https:\\\/\\\/www.facebook.com\\\/UltraSourceUSA\\\/\",\"https:\\\/\\\/x.com\\\/UltraSourceUSA\",\"http:\\\/\\\/www.linkedin.com\\\/company\\\/ultrasource-llc\",\"https:\\\/\\\/www.youtube.com\\\/channel\\\/UCNHEJAkgGhh_JOoO4DcBFmQ\"]}]}<\/script>\n<!-- \/ Yoast SEO plugin. -->","yoast_head_json":{"title":"BAS 02\/SA - UltraSource","robots":{"index":"index","follow":"follow","max-snippet":"max-snippet:-1","max-image-preview":"max-image-preview:large","max-video-preview":"max-video-preview:-1"},"canonical":"https:\/\/ultrasource.com.mx\/en\/product\/bas-02-sa-ahl-02\/","og_locale":"en_US","og_type":"article","og_title":"BAS 02\/SA - UltraSource","og_description":"L\u00ednea de Colgado Autom\u00e1tico con Sistema de Enlace  En combinaci\u00f3n con el soporte de la envoltura DHGA, el BAS 02\/SA ofrece m\u00e1xima eficiencia, precisi\u00f3n y confiabilidad del proceso con un enlazador servo integrado. Gracias a la ruta recta y corta que sigue la carne, incluso productos cr\u00edticos como las salchichas crudas se pueden procesar de manera r\u00e1pida y confiable.   Sistema de enlace de correa totalmente electr\u00f3nico y semiautom\u00e1tico para porcionar y enlazar envolturas naturales, de col\u00e1geno y artificiales.  Rango de calibre de 13 a 38 mm y longitud m\u00ednima de porcionamiento de 30 mm.  Alta velocidad de porcionamiento de aproximadamente 800 porciones por minuto.  Servodrive con control de posicionamiento.  Enlazador servo de alta velocidad integrado.  DHGA integrado, accionado neum\u00e1ticamente, longitud de 380 mm.  Accesorios incluyen red y cable de conexi\u00f3n para la rellenadora Frey, suministro de agua, 1 juego de correas y canal de la mesa de relleno.","og_url":"https:\/\/ultrasource.com.mx\/en\/product\/bas-02-sa-ahl-02\/","og_site_name":"UltraSource","article_publisher":"https:\/\/www.facebook.com\/UltraSourceUSA\/","article_modified_time":"2024-09-03T00:00:21+00:00","og_image":[{"width":703,"height":591,"url":"https:\/\/ultrasource.com.mx\/wp-content\/uploads\/2023\/12\/bas-02.png","type":"image\/png"}],"twitter_card":"summary_large_image","twitter_site":"@UltraSourceUSA","twitter_misc":{"Est. reading time":"1 minute"},"schema":{"@context":"https:\/\/schema.org","@graph":[{"@type":"WebPage","@id":"https:\/\/ultrasource.com.mx\/producto\/bas-02-sa-ahl-02\/","url":"https:\/\/ultrasource.com.mx\/producto\/bas-02-sa-ahl-02\/","name":"BAS 02\/SA - UltraSource","isPartOf":{"@id":"https:\/\/ultrasource.com.mx\/#website"},"primaryImageOfPage":{"@id":"https:\/\/ultrasource.com.mx\/producto\/bas-02-sa-ahl-02\/#primaryimage"},"image":{"@id":"https:\/\/ultrasource.com.mx\/producto\/bas-02-sa-ahl-02\/#primaryimage"},"thumbnailUrl":"https:\/\/ultrasource.com.mx\/wp-content\/uploads\/2023\/12\/bas-02.png","datePublished":"2023-12-31T06:49:14+00:00","dateModified":"2024-09-03T00:00:21+00:00","breadcrumb":{"@id":"https:\/\/ultrasource.com.mx\/producto\/bas-02-sa-ahl-02\/#breadcrumb"},"inLanguage":"en-US","potentialAction":[{"@type":"ReadAction","target":["https:\/\/ultrasource.com.mx\/producto\/bas-02-sa-ahl-02\/"]}]},{"@type":"ImageObject","inLanguage":"en-US","@id":"https:\/\/ultrasource.com.mx\/producto\/bas-02-sa-ahl-02\/#primaryimage","url":"https:\/\/ultrasource.com.mx\/wp-content\/uploads\/2023\/12\/bas-02.png","contentUrl":"https:\/\/ultrasource.com.mx\/wp-content\/uploads\/2023\/12\/bas-02.png","width":703,"height":591},{"@type":"BreadcrumbList","@id":"https:\/\/ultrasource.com.mx\/producto\/bas-02-sa-ahl-02\/#breadcrumb","itemListElement":[{"@type":"ListItem","position":1,"name":"Portada","item":"https:\/\/ultrasource.com.mx\/"},{"@type":"ListItem","position":2,"name":"Catalog","item":"https:\/\/ultrasource.com.mx\/catalog\/"},{"@type":"ListItem","position":3,"name":"BAS 02\/SA"}]},{"@type":"WebSite","@id":"https:\/\/ultrasource.com.mx\/#website","url":"https:\/\/ultrasource.com.mx\/","name":"UltraSource","description":"","publisher":{"@id":"https:\/\/ultrasource.com.mx\/#organization"},"potentialAction":[{"@type":"SearchAction","target":{"@type":"EntryPoint","urlTemplate":"https:\/\/ultrasource.com.mx\/?s={search_term_string}"},"query-input":{"@type":"PropertyValueSpecification","valueRequired":true,"valueName":"search_term_string"}}],"inLanguage":"en-US"},{"@type":"Organization","@id":"https:\/\/ultrasource.com.mx\/#organization","name":"UltraSource","url":"https:\/\/ultrasource.com.mx\/","logo":{"@type":"ImageObject","inLanguage":"en-US","@id":"https:\/\/ultrasource.com.mx\/#\/schema\/logo\/image\/","url":"https:\/\/ultrasource.com.mx\/wp-content\/uploads\/2023\/02\/ultrasource-logo-vertical.svg","contentUrl":"https:\/\/ultrasource.com.mx\/wp-content\/uploads\/2023\/02\/ultrasource-logo-vertical.svg","width":100,"height":100,"caption":"UltraSource"},"image":{"@id":"https:\/\/ultrasource.com.mx\/#\/schema\/logo\/image\/"},"sameAs":["https:\/\/www.facebook.com\/UltraSourceUSA\/","https:\/\/x.com\/UltraSourceUSA","http:\/\/www.linkedin.com\/company\/ultrasource-llc","https:\/\/www.youtube.com\/channel\/UCNHEJAkgGhh_JOoO4DcBFmQ"]}]}},"_links":{"self":[{"href":"https:\/\/ultrasource.com.mx\/en\/wp-json\/wp\/v2\/product\/857","targetHints":{"allow":["GET"]}}],"collection":[{"href":"https:\/\/ultrasource.com.mx\/en\/wp-json\/wp\/v2\/product"}],"about":[{"href":"https:\/\/ultrasource.com.mx\/en\/wp-json\/wp\/v2\/types\/product"}],"replies":[{"embeddable":true,"href":"https:\/\/ultrasource.com.mx\/en\/wp-json\/wp\/v2\/comments?post=857"}],"wp:featuredmedia":[{"embeddable":true,"href":"https:\/\/ultrasource.com.mx\/en\/wp-json\/wp\/v2\/media\/832"}],"wp:attachment":[{"href":"https:\/\/ultrasource.com.mx\/en\/wp-json\/wp\/v2\/media?parent=857"}],"wp:term":[{"taxonomy":"product_brand","embeddable":true,"href":"https:\/\/ultrasource.com.mx\/en\/wp-json\/wp\/v2\/product_brand?post=857"},{"taxonomy":"product_cat","embeddable":true,"href":"https:\/\/ultrasource.com.mx\/en\/wp-json\/wp\/v2\/product_cat?post=857"},{"taxonomy":"product_tag","embeddable":true,"href":"https:\/\/ultrasource.com.mx\/en\/wp-json\/wp\/v2\/product_tag?post=857"}],"curies":[{"name":"wp","href":"https:\/\/api.w.org\/{rel}","templated":true}]}}