{"id":853,"date":"2023-12-31T06:43:48","date_gmt":"2023-12-31T06:43:48","guid":{"rendered":"https:\/\/ultrasource.com.mx\/?post_type=product&#038;p=853"},"modified":"2024-09-03T00:00:22","modified_gmt":"2024-09-03T00:00:22","slug":"frey-k-line-kk500","status":"publish","type":"product","link":"https:\/\/ultrasource.com.mx\/en\/product\/frey-k-line-kk500\/","title":{"rendered":"Frey K-LINE KK500"},"content":{"rendered":"<p>Con el K-LINE KK500, est\u00e1s bien preparado para el futuro. El sistema de pist\u00f3n rotativo Frey garantiza un cuidado especialmente alto para la carne de salchicha. Puedes llenar todo tipo de salchichas, independientemente de la carne de salchicha, como salchichas de h\u00edgado tibias y l\u00edquidas, salchichas con grandes trozos de carne, carne de salchicha cruda y resistente a temperaturas bajo cero, etc. Siempre obtienes la m\u00e1s alta calidad en tus productos. Una conversi\u00f3n f\u00e1cil para llenar salchichas con grandes trozos de carne siempre es posible.<\/p>\n<p>La zona de operaci\u00f3n ha sido dise\u00f1ada con comodidad. La ventana de vac\u00edo est\u00e1 situada en el campo de visi\u00f3n y en la zona de trabajo. Tambi\u00e9n hay una indicaci\u00f3n digital del nivel de llenado en la c\u00e1mara de vac\u00edo.<\/p>","protected":false},"excerpt":{"rendered":"<p><strong>Tecnolog\u00eda de Transporte con Pistones Rotativos<\/strong><br \/>\nK-Line utiliza un sistema \u00fanico de pistones rotativos. Despu\u00e9s de cargar los pistones, seis pistones giratorios transportan el producto hasta la salida de la tapa de gran tama\u00f1o. El sistema de pist\u00f3n rotativo Frey es el sistema que m\u00e1s cuida el producto. Los efectos de arrastre se reducen al m\u00ednimo, por lo que incluso los productos cr\u00edticos se pueden producir de manera \u00f3ptima. El resultado es un acabado excelente.<br \/>\nCon un volumen variable desplazado, la precisi\u00f3n del porcionamiento se puede ajustar de manera \u00f3ptima para cada producto y peso de llenado.<br \/>\nLa l\u00ednea KK500 alcanza un rendimiento de llenado m\u00e1ximo de 7,000 kg\/h y una presi\u00f3n de llenado de hasta 20 bar.<\/p>\n<p>&nbsp;<\/p>\n<p>Todos los modelos cuentan con servodrives, que son un 20-30% m\u00e1s eficientes que los variadores vectoriales.<\/p>\n<p>Los servodrives ofrecen:<\/p>\n<ul>\n<li>Mayor velocidad<\/li>\n<li>Precisi\u00f3n instant\u00e1nea en paradas y arranques<\/li>\n<li>Porciones de peso exacto<\/li>\n<li>Productos consistentes de alta calidad Sistema patentado de transportador de c\u00e9lulas de paletas, el coraz\u00f3n de la m\u00e1quina: el dise\u00f1o y la ingenier\u00eda \u00fanicos de este conjunto de bombas de acero inoxidable endurecido minimizan la distancia de desplazamiento del producto desde la bomba hasta la envoltura para mantener la definici\u00f3n de part\u00edculas y reducir la fricci\u00f3n y el arrastre causados por el contacto prolongado con el equipo.<\/li>\n<\/ul>\n<p>&nbsp;<\/p>\n<p>CONTROL T\u00c1CTIL A COLOR COMPLETO<\/p>\n<p>Es simplemente inteligente. Operaci\u00f3n f\u00e1cil de usar, sistema CAN bus para comunicaci\u00f3n de alta velocidad con accesorios, almacenamiento de archivos PDF (por ejemplo, manual del propietario, lista de piezas, etc.), interfaz Ethernet y USB. La funci\u00f3n de control est\u00e1ndar para todas las rellenadoras Frey guarda hasta 100 programas de llenado, controla el llenado recto, porciones o torcido (controla el punto de torcido y el n\u00famero de torcidos), controla el peso de porcionamiento (de 5 a 100,000 gramos), controla la velocidad de porcionamiento (m\u00e1ximo de 1,200 porciones por minuto) y proporciona un control infinito de la velocidad y el tiempo de pausa entre enlaces. La pantalla muestra varios idiomas y cuenta con un controlador de PC industrial.<\/p>\n<p>&nbsp;<\/p>\n<p>APLICACIONES EXIGENTES<\/p>\n<p>Dise\u00f1ado espec\u00edficamente para aplicaciones m\u00e1s exigentes como palitos de aperitivo, salchichas secas y aplicaciones m\u00e1s firmes.<\/p>\n<p>&nbsp;<\/p>\n<p>ROTOR REVESTIDO DE PLASMA DE ACERO INOXIDABLE<\/p>\n<p>Proporciona protecci\u00f3n contra la corrosi\u00f3n, prolongando la vida \u00fatil del rotor.<\/p>\n<p>&nbsp;<\/p>\n<p>TAMA\u00d1OS DISPONIBLES<\/p>\n<p>Rellenadoras disponibles en tama\u00f1os que van desde tolvas de 40 litros hasta 300 litros.<\/p>\n<p>&nbsp;<\/p>\n<div class=\"w-full text-token-text-primary\" data-testid=\"conversation-turn-57\">\n<div class=\"px-4 py-2 justify-center text-base md:gap-6 m-auto\">\n<div class=\"flex flex-1 text-base mx-auto gap-3 md:px-5 lg:px-1 xl:px-5 md:max-w-3xl lg:max-w-[40rem] xl:max-w-[48rem] group\">\n<div class=\"relative flex w-full flex-col lg:w-[calc(100%-115px)] agent-turn\">\n<div class=\"flex-col gap-1 md:gap-3\">\n<div class=\"flex flex-grow flex-col max-w-full\">\n<div class=\"min-h-[20px] text-message flex flex-col items-start gap-3 whitespace-pre-wrap break-words [.text-message+&amp;]:mt-5 overflow-x-auto\" data-message-author-role=\"assistant\" data-message-id=\"86311b97-076c-4a8d-8143-00e388e89757\">\n<div class=\"markdown prose w-full break-words dark:prose-invert dark\">\n<p>CAPACIDADES<\/p>\n<p>Capacidades de 6,380 libras a 24,250 libras por hora.<\/p>\n<\/div>\n<p>&nbsp;<\/p>\n<p>DISE\u00d1O HIGI\u00c9NICO SUPERIOR<\/p>\n<p>Cuidadosamente ensamblado, piezas m\u00f3viles f\u00e1ciles de limpiar y, francamente, menos piezas en total. El desmontaje, la limpieza y el mantenimiento de las piezas nunca han sido tan sencillos, lo que se traduce en menos espacio para la acumulaci\u00f3n de microorganismos y menos riesgo de contaminaci\u00f3n del producto.<\/p>\n<\/div>\n<\/div>\n<div class=\"mt-1 flex justify-start gap-3 empty:hidden\">\n<div class=\"text-gray-400 flex self-end lg:self-center justify-center lg:justify-start mt-0 gap-1 visible\">\n<p>&nbsp;<\/p>\n<div class=\"flex gap-1\"><\/div>\n<\/div>\n<\/div>\n<\/div>\n<\/div>\n<\/div>\n<\/div>\n<\/div>\n<div class=\"w-full text-token-text-primary\" data-testid=\"conversation-turn-58\">\n<div class=\"px-4 py-2 justify-center text-base md:gap-6 m-auto\">\n<div class=\"flex flex-1 text-base mx-auto gap-3 md:px-5 lg:px-1 xl:px-5 md:max-w-3xl lg:max-w-[40rem] xl:max-w-[48rem] group\">\n<div class=\"flex-shrink-0 flex flex-col relative items-end\">\n<div>\n<div class=\"pt-0.5\">\n<div class=\"gizmo-shadow-stroke flex h-6 w-6 items-center justify-center overflow-hidden rounded-full\"><\/div>\n<\/div>\n<\/div>\n<\/div>\n<\/div>\n<\/div>\n<\/div>\n<p>&nbsp;<\/p>\n","protected":false},"featured_media":839,"comment_status":"open","ping_status":"closed","template":"","meta":{"_coblocks_attr":"","_coblocks_dimensions":"","_coblocks_responsive_height":"","_coblocks_accordion_ie_support":"","_joinchat":[]},"product_brand":[],"product_cat":[85],"product_tag":[86,26],"class_list":{"0":"post-853","1":"product","2":"type-product","3":"status-publish","4":"has-post-thumbnail","6":"product_cat-embutidoras-de-vacio","7":"product_tag-embutidoras","8":"product_tag-vacio","9":"ts_product_brand-frey","11":"first","12":"instock","13":"shipping-taxable","14":"product-type-simple","15":"add-to-wishlist-after_add_to_cart"},"yoast_head":"<!-- This site is optimized with the Yoast SEO plugin v27.4 - https:\/\/yoast.com\/product\/yoast-seo-wordpress\/ -->\n<title>Frey K-LINE KK500 - UltraSource<\/title>\n<meta name=\"robots\" content=\"index, follow, max-snippet:-1, max-image-preview:large, max-video-preview:-1\" \/>\n<link rel=\"canonical\" href=\"https:\/\/ultrasource.com.mx\/en\/product\/frey-k-line-kk500\/\" \/>\n<meta property=\"og:locale\" content=\"en_US\" \/>\n<meta property=\"og:type\" content=\"article\" \/>\n<meta property=\"og:title\" content=\"Frey K-LINE KK500 - UltraSource\" \/>\n<meta property=\"og:description\" content=\"Tecnolog\u00eda de Transporte con Pistones Rotativos K-Line utiliza un sistema \u00fanico de pistones rotativos. Despu\u00e9s de cargar los pistones, seis pistones giratorios transportan el producto hasta la salida de la tapa de gran tama\u00f1o. El sistema de pist\u00f3n rotativo Frey es el sistema que m\u00e1s cuida el producto. Los efectos de arrastre se reducen al m\u00ednimo, por lo que incluso los productos cr\u00edticos se pueden producir de manera \u00f3ptima. El resultado es un acabado excelente. Con un volumen variable desplazado, la precisi\u00f3n del porcionamiento se puede ajustar de manera \u00f3ptima para cada producto y peso de llenado. La l\u00ednea KK500 alcanza un rendimiento de llenado m\u00e1ximo de 7,000 kg\/h y una presi\u00f3n de llenado de hasta 20 bar.  &nbsp;  Todos los modelos cuentan con servodrives, que son un 20-30% m\u00e1s eficientes que los variadores vectoriales.  Los servodrives ofrecen:   Mayor velocidad  Precisi\u00f3n instant\u00e1nea en paradas y arranques  Porciones de peso exacto  Productos consistentes de alta calidad Sistema patentado de transportador de c\u00e9lulas de paletas, el coraz\u00f3n de la m\u00e1quina: el dise\u00f1o y la ingenier\u00eda \u00fanicos de este conjunto de bombas de acero inoxidable endurecido minimizan la distancia de desplazamiento del producto desde la bomba hasta la envoltura para mantener la definici\u00f3n de part\u00edculas y reducir la fricci\u00f3n y el arrastre causados por el contacto prolongado con el equipo.  &nbsp;  CONTROL T\u00c1CTIL A COLOR COMPLETO  Es simplemente inteligente. Operaci\u00f3n f\u00e1cil de usar, sistema CAN bus para comunicaci\u00f3n de alta velocidad con accesorios, almacenamiento de archivos PDF (por ejemplo, manual del propietario, lista de piezas, etc.), interfaz Ethernet y USB. La funci\u00f3n de control est\u00e1ndar para todas las rellenadoras Frey guarda hasta 100 programas de llenado, controla el llenado recto, porciones o torcido (controla el punto de torcido y el n\u00famero de torcidos), controla el peso de porcionamiento (de 5 a 100,000 gramos), controla la velocidad de porcionamiento (m\u00e1ximo de 1,200 porciones por minuto) y proporciona un control infinito de la velocidad y el tiempo de pausa entre enlaces. La pantalla muestra varios idiomas y cuenta con un controlador de PC industrial.  &nbsp;  APLICACIONES EXIGENTES  Dise\u00f1ado espec\u00edficamente para aplicaciones m\u00e1s exigentes como palitos de aperitivo, salchichas secas y aplicaciones m\u00e1s firmes.  &nbsp;  ROTOR REVESTIDO DE PLASMA DE ACERO INOXIDABLE  Proporciona protecci\u00f3n contra la corrosi\u00f3n, prolongando la vida \u00fatil del rotor.  &nbsp;  TAMA\u00d1OS DISPONIBLES  Rellenadoras disponibles en tama\u00f1os que van desde tolvas de 40 litros hasta 300 litros.  &nbsp;          CAPACIDADES  Capacidades de 6,380 libras a 24,250 libras por hora.   &nbsp;  DISE\u00d1O HIGI\u00c9NICO SUPERIOR  Cuidadosamente ensamblado, piezas m\u00f3viles f\u00e1ciles de limpiar y, francamente, menos piezas en total. El desmontaje, la limpieza y el mantenimiento de las piezas nunca han sido tan sencillos, lo que se traduce en menos espacio para la acumulaci\u00f3n de microorganismos y menos riesgo de contaminaci\u00f3n del producto.       &nbsp;                      &nbsp;\" \/>\n<meta property=\"og:url\" content=\"https:\/\/ultrasource.com.mx\/en\/product\/frey-k-line-kk500\/\" \/>\n<meta property=\"og:site_name\" content=\"UltraSource\" \/>\n<meta property=\"article:publisher\" content=\"https:\/\/www.facebook.com\/UltraSourceUSA\/\" \/>\n<meta property=\"article:modified_time\" content=\"2024-09-03T00:00:22+00:00\" \/>\n<meta property=\"og:image\" content=\"https:\/\/ultrasource.com.mx\/wp-content\/uploads\/2023\/12\/KK500.png\" \/>\n\t<meta property=\"og:image:width\" content=\"446\" \/>\n\t<meta property=\"og:image:height\" content=\"720\" \/>\n\t<meta property=\"og:image:type\" content=\"image\/png\" \/>\n<meta name=\"twitter:card\" content=\"summary_large_image\" \/>\n<meta name=\"twitter:site\" content=\"@UltraSourceUSA\" \/>\n<meta name=\"twitter:label1\" content=\"Est. reading time\" \/>\n\t<meta name=\"twitter:data1\" content=\"1 minute\" \/>\n<script type=\"application\/ld+json\" class=\"yoast-schema-graph\">{\"@context\":\"https:\\\/\\\/schema.org\",\"@graph\":[{\"@type\":\"WebPage\",\"@id\":\"https:\\\/\\\/ultrasource.com.mx\\\/producto\\\/frey-k-line-kk500\\\/\",\"url\":\"https:\\\/\\\/ultrasource.com.mx\\\/producto\\\/frey-k-line-kk500\\\/\",\"name\":\"Frey K-LINE KK500 - UltraSource\",\"isPartOf\":{\"@id\":\"https:\\\/\\\/ultrasource.com.mx\\\/#website\"},\"primaryImageOfPage\":{\"@id\":\"https:\\\/\\\/ultrasource.com.mx\\\/producto\\\/frey-k-line-kk500\\\/#primaryimage\"},\"image\":{\"@id\":\"https:\\\/\\\/ultrasource.com.mx\\\/producto\\\/frey-k-line-kk500\\\/#primaryimage\"},\"thumbnailUrl\":\"https:\\\/\\\/ultrasource.com.mx\\\/wp-content\\\/uploads\\\/2023\\\/12\\\/KK500.png\",\"datePublished\":\"2023-12-31T06:43:48+00:00\",\"dateModified\":\"2024-09-03T00:00:22+00:00\",\"breadcrumb\":{\"@id\":\"https:\\\/\\\/ultrasource.com.mx\\\/producto\\\/frey-k-line-kk500\\\/#breadcrumb\"},\"inLanguage\":\"en-US\",\"potentialAction\":[{\"@type\":\"ReadAction\",\"target\":[\"https:\\\/\\\/ultrasource.com.mx\\\/producto\\\/frey-k-line-kk500\\\/\"]}]},{\"@type\":\"ImageObject\",\"inLanguage\":\"en-US\",\"@id\":\"https:\\\/\\\/ultrasource.com.mx\\\/producto\\\/frey-k-line-kk500\\\/#primaryimage\",\"url\":\"https:\\\/\\\/ultrasource.com.mx\\\/wp-content\\\/uploads\\\/2023\\\/12\\\/KK500.png\",\"contentUrl\":\"https:\\\/\\\/ultrasource.com.mx\\\/wp-content\\\/uploads\\\/2023\\\/12\\\/KK500.png\",\"width\":446,\"height\":720},{\"@type\":\"BreadcrumbList\",\"@id\":\"https:\\\/\\\/ultrasource.com.mx\\\/producto\\\/frey-k-line-kk500\\\/#breadcrumb\",\"itemListElement\":[{\"@type\":\"ListItem\",\"position\":1,\"name\":\"Portada\",\"item\":\"https:\\\/\\\/ultrasource.com.mx\\\/\"},{\"@type\":\"ListItem\",\"position\":2,\"name\":\"Catalog\",\"item\":\"https:\\\/\\\/ultrasource.com.mx\\\/catalog\\\/\"},{\"@type\":\"ListItem\",\"position\":3,\"name\":\"Frey K-LINE KK500\"}]},{\"@type\":\"WebSite\",\"@id\":\"https:\\\/\\\/ultrasource.com.mx\\\/#website\",\"url\":\"https:\\\/\\\/ultrasource.com.mx\\\/\",\"name\":\"UltraSource\",\"description\":\"\",\"publisher\":{\"@id\":\"https:\\\/\\\/ultrasource.com.mx\\\/#organization\"},\"potentialAction\":[{\"@type\":\"SearchAction\",\"target\":{\"@type\":\"EntryPoint\",\"urlTemplate\":\"https:\\\/\\\/ultrasource.com.mx\\\/?s={search_term_string}\"},\"query-input\":{\"@type\":\"PropertyValueSpecification\",\"valueRequired\":true,\"valueName\":\"search_term_string\"}}],\"inLanguage\":\"en-US\"},{\"@type\":\"Organization\",\"@id\":\"https:\\\/\\\/ultrasource.com.mx\\\/#organization\",\"name\":\"UltraSource\",\"url\":\"https:\\\/\\\/ultrasource.com.mx\\\/\",\"logo\":{\"@type\":\"ImageObject\",\"inLanguage\":\"en-US\",\"@id\":\"https:\\\/\\\/ultrasource.com.mx\\\/#\\\/schema\\\/logo\\\/image\\\/\",\"url\":\"https:\\\/\\\/ultrasource.com.mx\\\/wp-content\\\/uploads\\\/2023\\\/02\\\/ultrasource-logo-vertical.svg\",\"contentUrl\":\"https:\\\/\\\/ultrasource.com.mx\\\/wp-content\\\/uploads\\\/2023\\\/02\\\/ultrasource-logo-vertical.svg\",\"width\":100,\"height\":100,\"caption\":\"UltraSource\"},\"image\":{\"@id\":\"https:\\\/\\\/ultrasource.com.mx\\\/#\\\/schema\\\/logo\\\/image\\\/\"},\"sameAs\":[\"https:\\\/\\\/www.facebook.com\\\/UltraSourceUSA\\\/\",\"https:\\\/\\\/x.com\\\/UltraSourceUSA\",\"http:\\\/\\\/www.linkedin.com\\\/company\\\/ultrasource-llc\",\"https:\\\/\\\/www.youtube.com\\\/channel\\\/UCNHEJAkgGhh_JOoO4DcBFmQ\"]}]}<\/script>\n<!-- \/ Yoast SEO plugin. -->","yoast_head_json":{"title":"Frey K-LINE KK500 - UltraSource","robots":{"index":"index","follow":"follow","max-snippet":"max-snippet:-1","max-image-preview":"max-image-preview:large","max-video-preview":"max-video-preview:-1"},"canonical":"https:\/\/ultrasource.com.mx\/en\/product\/frey-k-line-kk500\/","og_locale":"en_US","og_type":"article","og_title":"Frey K-LINE KK500 - UltraSource","og_description":"Tecnolog\u00eda de Transporte con Pistones Rotativos K-Line utiliza un sistema \u00fanico de pistones rotativos. Despu\u00e9s de cargar los pistones, seis pistones giratorios transportan el producto hasta la salida de la tapa de gran tama\u00f1o. El sistema de pist\u00f3n rotativo Frey es el sistema que m\u00e1s cuida el producto. Los efectos de arrastre se reducen al m\u00ednimo, por lo que incluso los productos cr\u00edticos se pueden producir de manera \u00f3ptima. El resultado es un acabado excelente. Con un volumen variable desplazado, la precisi\u00f3n del porcionamiento se puede ajustar de manera \u00f3ptima para cada producto y peso de llenado. La l\u00ednea KK500 alcanza un rendimiento de llenado m\u00e1ximo de 7,000 kg\/h y una presi\u00f3n de llenado de hasta 20 bar.  &nbsp;  Todos los modelos cuentan con servodrives, que son un 20-30% m\u00e1s eficientes que los variadores vectoriales.  Los servodrives ofrecen:   Mayor velocidad  Precisi\u00f3n instant\u00e1nea en paradas y arranques  Porciones de peso exacto  Productos consistentes de alta calidad Sistema patentado de transportador de c\u00e9lulas de paletas, el coraz\u00f3n de la m\u00e1quina: el dise\u00f1o y la ingenier\u00eda \u00fanicos de este conjunto de bombas de acero inoxidable endurecido minimizan la distancia de desplazamiento del producto desde la bomba hasta la envoltura para mantener la definici\u00f3n de part\u00edculas y reducir la fricci\u00f3n y el arrastre causados por el contacto prolongado con el equipo.  &nbsp;  CONTROL T\u00c1CTIL A COLOR COMPLETO  Es simplemente inteligente. Operaci\u00f3n f\u00e1cil de usar, sistema CAN bus para comunicaci\u00f3n de alta velocidad con accesorios, almacenamiento de archivos PDF (por ejemplo, manual del propietario, lista de piezas, etc.), interfaz Ethernet y USB. La funci\u00f3n de control est\u00e1ndar para todas las rellenadoras Frey guarda hasta 100 programas de llenado, controla el llenado recto, porciones o torcido (controla el punto de torcido y el n\u00famero de torcidos), controla el peso de porcionamiento (de 5 a 100,000 gramos), controla la velocidad de porcionamiento (m\u00e1ximo de 1,200 porciones por minuto) y proporciona un control infinito de la velocidad y el tiempo de pausa entre enlaces. La pantalla muestra varios idiomas y cuenta con un controlador de PC industrial.  &nbsp;  APLICACIONES EXIGENTES  Dise\u00f1ado espec\u00edficamente para aplicaciones m\u00e1s exigentes como palitos de aperitivo, salchichas secas y aplicaciones m\u00e1s firmes.  &nbsp;  ROTOR REVESTIDO DE PLASMA DE ACERO INOXIDABLE  Proporciona protecci\u00f3n contra la corrosi\u00f3n, prolongando la vida \u00fatil del rotor.  &nbsp;  TAMA\u00d1OS DISPONIBLES  Rellenadoras disponibles en tama\u00f1os que van desde tolvas de 40 litros hasta 300 litros.  &nbsp;          CAPACIDADES  Capacidades de 6,380 libras a 24,250 libras por hora.   &nbsp;  DISE\u00d1O HIGI\u00c9NICO SUPERIOR  Cuidadosamente ensamblado, piezas m\u00f3viles f\u00e1ciles de limpiar y, francamente, menos piezas en total. El desmontaje, la limpieza y el mantenimiento de las piezas nunca han sido tan sencillos, lo que se traduce en menos espacio para la acumulaci\u00f3n de microorganismos y menos riesgo de contaminaci\u00f3n del producto.       &nbsp;                      &nbsp;","og_url":"https:\/\/ultrasource.com.mx\/en\/product\/frey-k-line-kk500\/","og_site_name":"UltraSource","article_publisher":"https:\/\/www.facebook.com\/UltraSourceUSA\/","article_modified_time":"2024-09-03T00:00:22+00:00","og_image":[{"width":446,"height":720,"url":"https:\/\/ultrasource.com.mx\/wp-content\/uploads\/2023\/12\/KK500.png","type":"image\/png"}],"twitter_card":"summary_large_image","twitter_site":"@UltraSourceUSA","twitter_misc":{"Est. reading time":"1 minute"},"schema":{"@context":"https:\/\/schema.org","@graph":[{"@type":"WebPage","@id":"https:\/\/ultrasource.com.mx\/producto\/frey-k-line-kk500\/","url":"https:\/\/ultrasource.com.mx\/producto\/frey-k-line-kk500\/","name":"Frey K-LINE KK500 - UltraSource","isPartOf":{"@id":"https:\/\/ultrasource.com.mx\/#website"},"primaryImageOfPage":{"@id":"https:\/\/ultrasource.com.mx\/producto\/frey-k-line-kk500\/#primaryimage"},"image":{"@id":"https:\/\/ultrasource.com.mx\/producto\/frey-k-line-kk500\/#primaryimage"},"thumbnailUrl":"https:\/\/ultrasource.com.mx\/wp-content\/uploads\/2023\/12\/KK500.png","datePublished":"2023-12-31T06:43:48+00:00","dateModified":"2024-09-03T00:00:22+00:00","breadcrumb":{"@id":"https:\/\/ultrasource.com.mx\/producto\/frey-k-line-kk500\/#breadcrumb"},"inLanguage":"en-US","potentialAction":[{"@type":"ReadAction","target":["https:\/\/ultrasource.com.mx\/producto\/frey-k-line-kk500\/"]}]},{"@type":"ImageObject","inLanguage":"en-US","@id":"https:\/\/ultrasource.com.mx\/producto\/frey-k-line-kk500\/#primaryimage","url":"https:\/\/ultrasource.com.mx\/wp-content\/uploads\/2023\/12\/KK500.png","contentUrl":"https:\/\/ultrasource.com.mx\/wp-content\/uploads\/2023\/12\/KK500.png","width":446,"height":720},{"@type":"BreadcrumbList","@id":"https:\/\/ultrasource.com.mx\/producto\/frey-k-line-kk500\/#breadcrumb","itemListElement":[{"@type":"ListItem","position":1,"name":"Portada","item":"https:\/\/ultrasource.com.mx\/"},{"@type":"ListItem","position":2,"name":"Catalog","item":"https:\/\/ultrasource.com.mx\/catalog\/"},{"@type":"ListItem","position":3,"name":"Frey K-LINE KK500"}]},{"@type":"WebSite","@id":"https:\/\/ultrasource.com.mx\/#website","url":"https:\/\/ultrasource.com.mx\/","name":"UltraSource","description":"","publisher":{"@id":"https:\/\/ultrasource.com.mx\/#organization"},"potentialAction":[{"@type":"SearchAction","target":{"@type":"EntryPoint","urlTemplate":"https:\/\/ultrasource.com.mx\/?s={search_term_string}"},"query-input":{"@type":"PropertyValueSpecification","valueRequired":true,"valueName":"search_term_string"}}],"inLanguage":"en-US"},{"@type":"Organization","@id":"https:\/\/ultrasource.com.mx\/#organization","name":"UltraSource","url":"https:\/\/ultrasource.com.mx\/","logo":{"@type":"ImageObject","inLanguage":"en-US","@id":"https:\/\/ultrasource.com.mx\/#\/schema\/logo\/image\/","url":"https:\/\/ultrasource.com.mx\/wp-content\/uploads\/2023\/02\/ultrasource-logo-vertical.svg","contentUrl":"https:\/\/ultrasource.com.mx\/wp-content\/uploads\/2023\/02\/ultrasource-logo-vertical.svg","width":100,"height":100,"caption":"UltraSource"},"image":{"@id":"https:\/\/ultrasource.com.mx\/#\/schema\/logo\/image\/"},"sameAs":["https:\/\/www.facebook.com\/UltraSourceUSA\/","https:\/\/x.com\/UltraSourceUSA","http:\/\/www.linkedin.com\/company\/ultrasource-llc","https:\/\/www.youtube.com\/channel\/UCNHEJAkgGhh_JOoO4DcBFmQ"]}]}},"_links":{"self":[{"href":"https:\/\/ultrasource.com.mx\/en\/wp-json\/wp\/v2\/product\/853","targetHints":{"allow":["GET"]}}],"collection":[{"href":"https:\/\/ultrasource.com.mx\/en\/wp-json\/wp\/v2\/product"}],"about":[{"href":"https:\/\/ultrasource.com.mx\/en\/wp-json\/wp\/v2\/types\/product"}],"replies":[{"embeddable":true,"href":"https:\/\/ultrasource.com.mx\/en\/wp-json\/wp\/v2\/comments?post=853"}],"wp:featuredmedia":[{"embeddable":true,"href":"https:\/\/ultrasource.com.mx\/en\/wp-json\/wp\/v2\/media\/839"}],"wp:attachment":[{"href":"https:\/\/ultrasource.com.mx\/en\/wp-json\/wp\/v2\/media?parent=853"}],"wp:term":[{"taxonomy":"product_brand","embeddable":true,"href":"https:\/\/ultrasource.com.mx\/en\/wp-json\/wp\/v2\/product_brand?post=853"},{"taxonomy":"product_cat","embeddable":true,"href":"https:\/\/ultrasource.com.mx\/en\/wp-json\/wp\/v2\/product_cat?post=853"},{"taxonomy":"product_tag","embeddable":true,"href":"https:\/\/ultrasource.com.mx\/en\/wp-json\/wp\/v2\/product_tag?post=853"}],"curies":[{"name":"wp","href":"https:\/\/api.w.org\/{rel}","templated":true}]}}