{"id":823,"date":"2023-12-31T06:03:33","date_gmt":"2023-12-31T06:03:33","guid":{"rendered":"https:\/\/ultrasource.com.mx\/?post_type=product&#038;p=823"},"modified":"2024-09-03T00:00:48","modified_gmt":"2024-09-03T00:00:48","slug":"thompson-400-supercut-bandsaw","status":"publish","type":"product","link":"https:\/\/ultrasource.com.mx\/en\/product\/thompson-400-supercut-bandsaw\/","title":{"rendered":"Thompson 400 Supercut Bandsaw"},"content":{"rendered":"<p><em>Sierra de Cinta de Alta Velocidad para Uso Industrial Pesado<\/em><\/p>\n<p>La sierra de cinta Thompson 400 es la sierra de cinta de alta velocidad Supercut premium, una sierra de cinta de uso pesado utilizada en instalaciones de procesamiento industrial en toda Australia. La Thompson 400 Bandsaw ofrece accesorios y caracter\u00edsticas de seguridad que mejoran significativamente la seguridad del operador. La Thompson 400 Bandsaw es muy vers\u00e1til, con diferentes opciones disponibles, lo que la convierte en la mejor inversi\u00f3n a largo plazo con opciones de flexibilidad completa.<\/p>\n<p><strong>Caracter\u00edsticas<\/strong><\/p>\n<ul>\n<li>Sistema autom\u00e1tico de protecci\u00f3n de cuchillas que cubre completamente la cuchilla de la sierra de cinta en entre procesos de corte.<\/li>\n<li>Dispositivo de \u00faltima rebanada utilizado en conjunto con una mesa deslizante para reducir lesiones al operador.<\/li>\n<\/ul>\n<p>&nbsp;<\/p>\n<p><strong>Rendimiento<\/strong><\/p>\n<p>La alta velocidad de la cuchilla y el dise\u00f1o eficiente de la sierra de cinta Thompson 400 mejoran significativamente la acci\u00f3n de corte.<\/p>\n<ul>\n<li>1,960 m\/min (6,450 ft\/min). \u25a0 Cortes m\u00e1s limpios con reducci\u00f3n de polvo de hueso en el producto.<\/li>\n<li>El corte porcional es recto y preciso.<\/li>\n<li>La cuchilla no se desv\u00eda.<\/li>\n<li>Corta a trav\u00e9s de productos congelados (bloques) sin esfuerzo.<\/li>\n<li>Aumenta la eficiencia de corte y los rendimientos.<\/li>\n<\/ul>","protected":false},"excerpt":{"rendered":"<p><em>Sierra de Cinta de Alta Velocidad para Uso Industrial Pesado<\/em><\/p>\n<p>La sierra de cinta Thompson 400 es la sierra de cinta de alta velocidad Supercut premium, una sierra de cinta de uso pesado utilizada en instalaciones de procesamiento industrial en toda Australia. La Thompson 400 Bandsaw ofrece accesorios y caracter\u00edsticas de seguridad que mejoran significativamente la seguridad del operador. La Thompson 400 Bandsaw es muy vers\u00e1til, con diferentes opciones disponibles, lo que la convierte en la mejor inversi\u00f3n a largo plazo con opciones de flexibilidad completa.<\/p>\n<p><strong>Caracter\u00edsticas<\/strong><\/p>\n<ul>\n<li>Sistema autom\u00e1tico de protecci\u00f3n de cuchillas que cubre completamente la cuchilla de la sierra de cinta en entre procesos de corte.<\/li>\n<li>Dispositivo de \u00faltima rebanada utilizado en conjunto con una mesa deslizante para reducir lesiones al operador.<\/li>\n<\/ul>\n<p>&nbsp;<\/p>\n<p><strong>Rendimiento<\/strong><\/p>\n<p>La alta velocidad de la cuchilla y el dise\u00f1o eficiente de la sierra de cinta Thompson 400 mejoran significativamente la acci\u00f3n de corte.<\/p>\n<ul>\n<li>1,960 m\/min (6,450 ft\/min). \u25a0 Cortes m\u00e1s limpios con reducci\u00f3n de polvo de hueso en el producto.<\/li>\n<li>El corte porcional es recto y preciso.<\/li>\n<li>La cuchilla no se desv\u00eda.<\/li>\n<li>Corta a trav\u00e9s de productos congelados (bloques) sin esfuerzo.<\/li>\n<li>Aumenta la eficiencia de corte y los rendimientos.<\/li>\n<\/ul>","protected":false},"featured_media":825,"comment_status":"open","ping_status":"closed","template":"","meta":{"_coblocks_attr":"","_coblocks_dimensions":"","_coblocks_responsive_height":"","_coblocks_accordion_ie_support":"","_joinchat":[]},"product_brand":[],"product_cat":[76],"product_tag":[],"class_list":{"0":"post-823","1":"product","2":"type-product","3":"status-publish","4":"has-post-thumbnail","6":"product_cat-procesamiento","7":"ts_product_brand-thompson","9":"first","10":"instock","11":"shipping-taxable","12":"product-type-simple","13":"add-to-wishlist-after_add_to_cart"},"yoast_head":"<!-- This site is optimized with the Yoast SEO plugin v27.4 - https:\/\/yoast.com\/product\/yoast-seo-wordpress\/ -->\n<title>Thompson 400 Supercut Bandsaw - UltraSource<\/title>\n<meta name=\"robots\" content=\"index, follow, max-snippet:-1, max-image-preview:large, max-video-preview:-1\" \/>\n<link rel=\"canonical\" href=\"https:\/\/ultrasource.com.mx\/en\/product\/thompson-400-supercut-bandsaw\/\" \/>\n<meta property=\"og:locale\" content=\"en_US\" \/>\n<meta property=\"og:type\" content=\"article\" \/>\n<meta property=\"og:title\" content=\"Thompson 400 Supercut Bandsaw - UltraSource\" \/>\n<meta property=\"og:description\" content=\"Sierra de Cinta de Alta Velocidad para Uso Industrial Pesado  La sierra de cinta Thompson 400 es la sierra de cinta de alta velocidad Supercut premium, una sierra de cinta de uso pesado utilizada en instalaciones de procesamiento industrial en toda Australia. La Thompson 400 Bandsaw ofrece accesorios y caracter\u00edsticas de seguridad que mejoran significativamente la seguridad del operador. La Thompson 400 Bandsaw es muy vers\u00e1til, con diferentes opciones disponibles, lo que la convierte en la mejor inversi\u00f3n a largo plazo con opciones de flexibilidad completa.  Caracter\u00edsticas   Sistema autom\u00e1tico de protecci\u00f3n de cuchillas que cubre completamente la cuchilla de la sierra de cinta en entre procesos de corte.  Dispositivo de \u00faltima rebanada utilizado en conjunto con una mesa deslizante para reducir lesiones al operador.  &nbsp;  Rendimiento  La alta velocidad de la cuchilla y el dise\u00f1o eficiente de la sierra de cinta Thompson 400 mejoran significativamente la acci\u00f3n de corte.   1,960 m\/min (6,450 ft\/min). \u25a0 Cortes m\u00e1s limpios con reducci\u00f3n de polvo de hueso en el producto.  El corte porcional es recto y preciso.  La cuchilla no se desv\u00eda.  Corta a trav\u00e9s de productos congelados (bloques) sin esfuerzo.  Aumenta la eficiencia de corte y los rendimientos.\" \/>\n<meta property=\"og:url\" content=\"https:\/\/ultrasource.com.mx\/en\/product\/thompson-400-supercut-bandsaw\/\" \/>\n<meta property=\"og:site_name\" content=\"UltraSource\" \/>\n<meta property=\"article:publisher\" content=\"https:\/\/www.facebook.com\/UltraSourceUSA\/\" \/>\n<meta property=\"article:modified_time\" content=\"2024-09-03T00:00:48+00:00\" \/>\n<meta property=\"og:image\" content=\"https:\/\/ultrasource.com.mx\/wp-content\/uploads\/2023\/12\/IMG_4839.jpg\" \/>\n\t<meta property=\"og:image:width\" content=\"1280\" \/>\n\t<meta property=\"og:image:height\" content=\"1920\" \/>\n\t<meta property=\"og:image:type\" content=\"image\/jpeg\" \/>\n<meta name=\"twitter:card\" content=\"summary_large_image\" \/>\n<meta name=\"twitter:site\" content=\"@UltraSourceUSA\" \/>\n<meta name=\"twitter:label1\" content=\"Est. reading time\" \/>\n\t<meta name=\"twitter:data1\" content=\"2 minutes\" \/>\n<script type=\"application\/ld+json\" class=\"yoast-schema-graph\">{\"@context\":\"https:\\\/\\\/schema.org\",\"@graph\":[{\"@type\":\"WebPage\",\"@id\":\"https:\\\/\\\/ultrasource.com.mx\\\/producto\\\/thompson-400-supercut-bandsaw\\\/\",\"url\":\"https:\\\/\\\/ultrasource.com.mx\\\/producto\\\/thompson-400-supercut-bandsaw\\\/\",\"name\":\"Thompson 400 Supercut Bandsaw - UltraSource\",\"isPartOf\":{\"@id\":\"https:\\\/\\\/ultrasource.com.mx\\\/#website\"},\"primaryImageOfPage\":{\"@id\":\"https:\\\/\\\/ultrasource.com.mx\\\/producto\\\/thompson-400-supercut-bandsaw\\\/#primaryimage\"},\"image\":{\"@id\":\"https:\\\/\\\/ultrasource.com.mx\\\/producto\\\/thompson-400-supercut-bandsaw\\\/#primaryimage\"},\"thumbnailUrl\":\"https:\\\/\\\/ultrasource.com.mx\\\/wp-content\\\/uploads\\\/2023\\\/12\\\/IMG_4839.jpg\",\"datePublished\":\"2023-12-31T06:03:33+00:00\",\"dateModified\":\"2024-09-03T00:00:48+00:00\",\"breadcrumb\":{\"@id\":\"https:\\\/\\\/ultrasource.com.mx\\\/producto\\\/thompson-400-supercut-bandsaw\\\/#breadcrumb\"},\"inLanguage\":\"en-US\",\"potentialAction\":[{\"@type\":\"ReadAction\",\"target\":[\"https:\\\/\\\/ultrasource.com.mx\\\/producto\\\/thompson-400-supercut-bandsaw\\\/\"]}]},{\"@type\":\"ImageObject\",\"inLanguage\":\"en-US\",\"@id\":\"https:\\\/\\\/ultrasource.com.mx\\\/producto\\\/thompson-400-supercut-bandsaw\\\/#primaryimage\",\"url\":\"https:\\\/\\\/ultrasource.com.mx\\\/wp-content\\\/uploads\\\/2023\\\/12\\\/IMG_4839.jpg\",\"contentUrl\":\"https:\\\/\\\/ultrasource.com.mx\\\/wp-content\\\/uploads\\\/2023\\\/12\\\/IMG_4839.jpg\",\"width\":1280,\"height\":1920},{\"@type\":\"BreadcrumbList\",\"@id\":\"https:\\\/\\\/ultrasource.com.mx\\\/producto\\\/thompson-400-supercut-bandsaw\\\/#breadcrumb\",\"itemListElement\":[{\"@type\":\"ListItem\",\"position\":1,\"name\":\"Portada\",\"item\":\"https:\\\/\\\/ultrasource.com.mx\\\/\"},{\"@type\":\"ListItem\",\"position\":2,\"name\":\"Catalog\",\"item\":\"https:\\\/\\\/ultrasource.com.mx\\\/catalog\\\/\"},{\"@type\":\"ListItem\",\"position\":3,\"name\":\"Thompson 400 Supercut Bandsaw\"}]},{\"@type\":\"WebSite\",\"@id\":\"https:\\\/\\\/ultrasource.com.mx\\\/#website\",\"url\":\"https:\\\/\\\/ultrasource.com.mx\\\/\",\"name\":\"UltraSource\",\"description\":\"\",\"publisher\":{\"@id\":\"https:\\\/\\\/ultrasource.com.mx\\\/#organization\"},\"potentialAction\":[{\"@type\":\"SearchAction\",\"target\":{\"@type\":\"EntryPoint\",\"urlTemplate\":\"https:\\\/\\\/ultrasource.com.mx\\\/?s={search_term_string}\"},\"query-input\":{\"@type\":\"PropertyValueSpecification\",\"valueRequired\":true,\"valueName\":\"search_term_string\"}}],\"inLanguage\":\"en-US\"},{\"@type\":\"Organization\",\"@id\":\"https:\\\/\\\/ultrasource.com.mx\\\/#organization\",\"name\":\"UltraSource\",\"url\":\"https:\\\/\\\/ultrasource.com.mx\\\/\",\"logo\":{\"@type\":\"ImageObject\",\"inLanguage\":\"en-US\",\"@id\":\"https:\\\/\\\/ultrasource.com.mx\\\/#\\\/schema\\\/logo\\\/image\\\/\",\"url\":\"https:\\\/\\\/ultrasource.com.mx\\\/wp-content\\\/uploads\\\/2023\\\/02\\\/ultrasource-logo-vertical.svg\",\"contentUrl\":\"https:\\\/\\\/ultrasource.com.mx\\\/wp-content\\\/uploads\\\/2023\\\/02\\\/ultrasource-logo-vertical.svg\",\"width\":100,\"height\":100,\"caption\":\"UltraSource\"},\"image\":{\"@id\":\"https:\\\/\\\/ultrasource.com.mx\\\/#\\\/schema\\\/logo\\\/image\\\/\"},\"sameAs\":[\"https:\\\/\\\/www.facebook.com\\\/UltraSourceUSA\\\/\",\"https:\\\/\\\/x.com\\\/UltraSourceUSA\",\"http:\\\/\\\/www.linkedin.com\\\/company\\\/ultrasource-llc\",\"https:\\\/\\\/www.youtube.com\\\/channel\\\/UCNHEJAkgGhh_JOoO4DcBFmQ\"]}]}<\/script>\n<!-- \/ Yoast SEO plugin. -->","yoast_head_json":{"title":"Thompson 400 Supercut Bandsaw - UltraSource","robots":{"index":"index","follow":"follow","max-snippet":"max-snippet:-1","max-image-preview":"max-image-preview:large","max-video-preview":"max-video-preview:-1"},"canonical":"https:\/\/ultrasource.com.mx\/en\/product\/thompson-400-supercut-bandsaw\/","og_locale":"en_US","og_type":"article","og_title":"Thompson 400 Supercut Bandsaw - UltraSource","og_description":"Sierra de Cinta de Alta Velocidad para Uso Industrial Pesado  La sierra de cinta Thompson 400 es la sierra de cinta de alta velocidad Supercut premium, una sierra de cinta de uso pesado utilizada en instalaciones de procesamiento industrial en toda Australia. La Thompson 400 Bandsaw ofrece accesorios y caracter\u00edsticas de seguridad que mejoran significativamente la seguridad del operador. La Thompson 400 Bandsaw es muy vers\u00e1til, con diferentes opciones disponibles, lo que la convierte en la mejor inversi\u00f3n a largo plazo con opciones de flexibilidad completa.  Caracter\u00edsticas   Sistema autom\u00e1tico de protecci\u00f3n de cuchillas que cubre completamente la cuchilla de la sierra de cinta en entre procesos de corte.  Dispositivo de \u00faltima rebanada utilizado en conjunto con una mesa deslizante para reducir lesiones al operador.  &nbsp;  Rendimiento  La alta velocidad de la cuchilla y el dise\u00f1o eficiente de la sierra de cinta Thompson 400 mejoran significativamente la acci\u00f3n de corte.   1,960 m\/min (6,450 ft\/min). \u25a0 Cortes m\u00e1s limpios con reducci\u00f3n de polvo de hueso en el producto.  El corte porcional es recto y preciso.  La cuchilla no se desv\u00eda.  Corta a trav\u00e9s de productos congelados (bloques) sin esfuerzo.  Aumenta la eficiencia de corte y los rendimientos.","og_url":"https:\/\/ultrasource.com.mx\/en\/product\/thompson-400-supercut-bandsaw\/","og_site_name":"UltraSource","article_publisher":"https:\/\/www.facebook.com\/UltraSourceUSA\/","article_modified_time":"2024-09-03T00:00:48+00:00","og_image":[{"width":1280,"height":1920,"url":"https:\/\/ultrasource.com.mx\/wp-content\/uploads\/2023\/12\/IMG_4839.jpg","type":"image\/jpeg"}],"twitter_card":"summary_large_image","twitter_site":"@UltraSourceUSA","twitter_misc":{"Est. reading time":"2 minutes"},"schema":{"@context":"https:\/\/schema.org","@graph":[{"@type":"WebPage","@id":"https:\/\/ultrasource.com.mx\/producto\/thompson-400-supercut-bandsaw\/","url":"https:\/\/ultrasource.com.mx\/producto\/thompson-400-supercut-bandsaw\/","name":"Thompson 400 Supercut Bandsaw - UltraSource","isPartOf":{"@id":"https:\/\/ultrasource.com.mx\/#website"},"primaryImageOfPage":{"@id":"https:\/\/ultrasource.com.mx\/producto\/thompson-400-supercut-bandsaw\/#primaryimage"},"image":{"@id":"https:\/\/ultrasource.com.mx\/producto\/thompson-400-supercut-bandsaw\/#primaryimage"},"thumbnailUrl":"https:\/\/ultrasource.com.mx\/wp-content\/uploads\/2023\/12\/IMG_4839.jpg","datePublished":"2023-12-31T06:03:33+00:00","dateModified":"2024-09-03T00:00:48+00:00","breadcrumb":{"@id":"https:\/\/ultrasource.com.mx\/producto\/thompson-400-supercut-bandsaw\/#breadcrumb"},"inLanguage":"en-US","potentialAction":[{"@type":"ReadAction","target":["https:\/\/ultrasource.com.mx\/producto\/thompson-400-supercut-bandsaw\/"]}]},{"@type":"ImageObject","inLanguage":"en-US","@id":"https:\/\/ultrasource.com.mx\/producto\/thompson-400-supercut-bandsaw\/#primaryimage","url":"https:\/\/ultrasource.com.mx\/wp-content\/uploads\/2023\/12\/IMG_4839.jpg","contentUrl":"https:\/\/ultrasource.com.mx\/wp-content\/uploads\/2023\/12\/IMG_4839.jpg","width":1280,"height":1920},{"@type":"BreadcrumbList","@id":"https:\/\/ultrasource.com.mx\/producto\/thompson-400-supercut-bandsaw\/#breadcrumb","itemListElement":[{"@type":"ListItem","position":1,"name":"Portada","item":"https:\/\/ultrasource.com.mx\/"},{"@type":"ListItem","position":2,"name":"Catalog","item":"https:\/\/ultrasource.com.mx\/catalog\/"},{"@type":"ListItem","position":3,"name":"Thompson 400 Supercut Bandsaw"}]},{"@type":"WebSite","@id":"https:\/\/ultrasource.com.mx\/#website","url":"https:\/\/ultrasource.com.mx\/","name":"UltraSource","description":"","publisher":{"@id":"https:\/\/ultrasource.com.mx\/#organization"},"potentialAction":[{"@type":"SearchAction","target":{"@type":"EntryPoint","urlTemplate":"https:\/\/ultrasource.com.mx\/?s={search_term_string}"},"query-input":{"@type":"PropertyValueSpecification","valueRequired":true,"valueName":"search_term_string"}}],"inLanguage":"en-US"},{"@type":"Organization","@id":"https:\/\/ultrasource.com.mx\/#organization","name":"UltraSource","url":"https:\/\/ultrasource.com.mx\/","logo":{"@type":"ImageObject","inLanguage":"en-US","@id":"https:\/\/ultrasource.com.mx\/#\/schema\/logo\/image\/","url":"https:\/\/ultrasource.com.mx\/wp-content\/uploads\/2023\/02\/ultrasource-logo-vertical.svg","contentUrl":"https:\/\/ultrasource.com.mx\/wp-content\/uploads\/2023\/02\/ultrasource-logo-vertical.svg","width":100,"height":100,"caption":"UltraSource"},"image":{"@id":"https:\/\/ultrasource.com.mx\/#\/schema\/logo\/image\/"},"sameAs":["https:\/\/www.facebook.com\/UltraSourceUSA\/","https:\/\/x.com\/UltraSourceUSA","http:\/\/www.linkedin.com\/company\/ultrasource-llc","https:\/\/www.youtube.com\/channel\/UCNHEJAkgGhh_JOoO4DcBFmQ"]}]}},"_links":{"self":[{"href":"https:\/\/ultrasource.com.mx\/en\/wp-json\/wp\/v2\/product\/823","targetHints":{"allow":["GET"]}}],"collection":[{"href":"https:\/\/ultrasource.com.mx\/en\/wp-json\/wp\/v2\/product"}],"about":[{"href":"https:\/\/ultrasource.com.mx\/en\/wp-json\/wp\/v2\/types\/product"}],"replies":[{"embeddable":true,"href":"https:\/\/ultrasource.com.mx\/en\/wp-json\/wp\/v2\/comments?post=823"}],"wp:featuredmedia":[{"embeddable":true,"href":"https:\/\/ultrasource.com.mx\/en\/wp-json\/wp\/v2\/media\/825"}],"wp:attachment":[{"href":"https:\/\/ultrasource.com.mx\/en\/wp-json\/wp\/v2\/media?parent=823"}],"wp:term":[{"taxonomy":"product_brand","embeddable":true,"href":"https:\/\/ultrasource.com.mx\/en\/wp-json\/wp\/v2\/product_brand?post=823"},{"taxonomy":"product_cat","embeddable":true,"href":"https:\/\/ultrasource.com.mx\/en\/wp-json\/wp\/v2\/product_cat?post=823"},{"taxonomy":"product_tag","embeddable":true,"href":"https:\/\/ultrasource.com.mx\/en\/wp-json\/wp\/v2\/product_tag?post=823"}],"curies":[{"name":"wp","href":"https:\/\/api.w.org\/{rel}","templated":true}]}}