{"id":821,"date":"2023-12-31T06:00:41","date_gmt":"2023-12-31T06:00:41","guid":{"rendered":"https:\/\/ultrasource.com.mx\/?post_type=product&#038;p=821"},"modified":"2024-09-03T00:00:48","modified_gmt":"2024-09-03T00:00:48","slug":"thompson-frozen-block-flaker","status":"publish","type":"product","link":"https:\/\/ultrasource.com.mx\/en\/product\/thompson-frozen-block-flaker\/","title":{"rendered":"Thompson Frozen Block Flaker"},"content":{"rendered":"<p>Autom\u00e1ticamente desmenuza un bloque congelado de material en solo 15 segundos. El material desmenuzado luego se puede transferir a nuestra Mezcladora\/Trituradora de Bloques Congelados 4200.<\/p>\n<p><strong>Caracter\u00edsticas<\/strong><\/p>\n<ul>\n<li>Procesa un bloque congelado de 60 libras en aproximadamente 15 segundos; desmenuza hasta 11,023 libras (5,000 kg) por hora.<\/li>\n<li>Procesa bloques de hasta 24&#8243; \u00d7 16&#8243; \u00d7 11&#8243; de tama\u00f1o.<\/li>\n<li>Produce tama\u00f1os de desmenuzado de 5 a 10 mm de grosor (dependiendo de la temperatura del producto).<\/li>\n<li>Funciona mejor cuando los bloques tienen aproximadamente 10\u00b0F (-12\u00b0C).<\/li>\n<li>Descarga en un buggy de capacidad de 400 libras (200 litros) (no incluido).<\/li>\n<li>Tambor y cuerpo de acero inoxidable de servicio pesado.<\/li>\n<li>Cabezal de corte de acero inoxidable equilibrado con precisi\u00f3n con ocho cuchillas curvas extra\u00edbles.<\/li>\n<li>Alimentaci\u00f3n neum\u00e1tica con mecanismo de seguridad ant atasco.<\/li>\n<li>Protector y cubierta de interbloqueo de seguridad.<\/li>\n<\/ul>","protected":false},"excerpt":{"rendered":"<p>Autom\u00e1ticamente desmenuza un bloque congelado de material en solo 15 segundos. El material desmenuzado luego se puede transferir a nuestra Mezcladora\/Trituradora de Bloques Congelados 4200.<\/p>\n<p><strong>Caracter\u00edsticas<\/strong><\/p>\n<ul>\n<li>Procesa un bloque congelado de 60 libras en aproximadamente 15 segundos; desmenuza hasta 11,023 libras (5,000 kg) por hora.<\/li>\n<li>Procesa bloques de hasta 24&#8243; \u00d7 16&#8243; \u00d7 11&#8243; de tama\u00f1o.<\/li>\n<li>Produce tama\u00f1os de desmenuzado de 5 a 10 mm de grosor (dependiendo de la temperatura del producto).<\/li>\n<li>Funciona mejor cuando los bloques tienen aproximadamente 10\u00b0F (-12\u00b0C).<\/li>\n<li>Descarga en un buggy de capacidad de 400 libras (200 litros) (no incluido).<\/li>\n<li>Tambor y cuerpo de acero inoxidable de servicio pesado.<\/li>\n<li>Cabezal de corte de acero inoxidable equilibrado con precisi\u00f3n con ocho cuchillas curvas extra\u00edbles.<\/li>\n<li>Alimentaci\u00f3n neum\u00e1tica con mecanismo de seguridad ant atasco.<\/li>\n<li>Protector y cubierta de interbloqueo de seguridad.<\/li>\n<\/ul>","protected":false},"featured_media":822,"comment_status":"open","ping_status":"closed","template":"","meta":{"_coblocks_attr":"","_coblocks_dimensions":"","_coblocks_responsive_height":"","_coblocks_accordion_ie_support":"","_joinchat":[]},"product_brand":[],"product_cat":[76],"product_tag":[],"class_list":{"0":"post-821","1":"product","2":"type-product","3":"status-publish","4":"has-post-thumbnail","6":"product_cat-procesamiento","7":"ts_product_brand-thompson","9":"first","10":"instock","11":"shipping-taxable","12":"product-type-simple","13":"add-to-wishlist-after_add_to_cart"},"yoast_head":"<!-- This site is optimized with the Yoast SEO plugin v27.4 - https:\/\/yoast.com\/product\/yoast-seo-wordpress\/ -->\n<title>Thompson Frozen Block Flaker - UltraSource<\/title>\n<meta name=\"robots\" content=\"index, follow, max-snippet:-1, max-image-preview:large, max-video-preview:-1\" \/>\n<link rel=\"canonical\" href=\"https:\/\/ultrasource.com.mx\/en\/product\/thompson-frozen-block-flaker\/\" \/>\n<meta property=\"og:locale\" content=\"en_US\" \/>\n<meta property=\"og:type\" content=\"article\" \/>\n<meta property=\"og:title\" content=\"Thompson Frozen Block Flaker - UltraSource\" \/>\n<meta property=\"og:description\" content=\"Autom\u00e1ticamente desmenuza un bloque congelado de material en solo 15 segundos. El material desmenuzado luego se puede transferir a nuestra Mezcladora\/Trituradora de Bloques Congelados 4200.  Caracter\u00edsticas   Procesa un bloque congelado de 60 libras en aproximadamente 15 segundos; desmenuza hasta 11,023 libras (5,000 kg) por hora.  Procesa bloques de hasta 24&quot; \u00d7 16&quot; \u00d7 11&quot; de tama\u00f1o.  Produce tama\u00f1os de desmenuzado de 5 a 10 mm de grosor (dependiendo de la temperatura del producto).  Funciona mejor cuando los bloques tienen aproximadamente 10\u00b0F (-12\u00b0C).  Descarga en un buggy de capacidad de 400 libras (200 litros) (no incluido).  Tambor y cuerpo de acero inoxidable de servicio pesado.  Cabezal de corte de acero inoxidable equilibrado con precisi\u00f3n con ocho cuchillas curvas extra\u00edbles.  Alimentaci\u00f3n neum\u00e1tica con mecanismo de seguridad ant atasco.  Protector y cubierta de interbloqueo de seguridad.\" \/>\n<meta property=\"og:url\" content=\"https:\/\/ultrasource.com.mx\/en\/product\/thompson-frozen-block-flaker\/\" \/>\n<meta property=\"og:site_name\" content=\"UltraSource\" \/>\n<meta property=\"article:publisher\" content=\"https:\/\/www.facebook.com\/UltraSourceUSA\/\" \/>\n<meta property=\"article:modified_time\" content=\"2024-09-03T00:00:48+00:00\" \/>\n<meta property=\"og:image\" content=\"https:\/\/ultrasource.com.mx\/wp-content\/uploads\/2023\/12\/Captura-de-pantalla-2023-12-30-235915.png\" \/>\n\t<meta property=\"og:image:width\" content=\"935\" \/>\n\t<meta property=\"og:image:height\" content=\"647\" \/>\n\t<meta property=\"og:image:type\" content=\"image\/png\" \/>\n<meta name=\"twitter:card\" content=\"summary_large_image\" \/>\n<meta name=\"twitter:site\" content=\"@UltraSourceUSA\" \/>\n<meta name=\"twitter:label1\" content=\"Est. reading time\" \/>\n\t<meta name=\"twitter:data1\" content=\"1 minute\" \/>\n<script type=\"application\/ld+json\" class=\"yoast-schema-graph\">{\"@context\":\"https:\\\/\\\/schema.org\",\"@graph\":[{\"@type\":\"WebPage\",\"@id\":\"https:\\\/\\\/ultrasource.com.mx\\\/producto\\\/thompson-frozen-block-flaker\\\/\",\"url\":\"https:\\\/\\\/ultrasource.com.mx\\\/producto\\\/thompson-frozen-block-flaker\\\/\",\"name\":\"Thompson Frozen Block Flaker - UltraSource\",\"isPartOf\":{\"@id\":\"https:\\\/\\\/ultrasource.com.mx\\\/#website\"},\"primaryImageOfPage\":{\"@id\":\"https:\\\/\\\/ultrasource.com.mx\\\/producto\\\/thompson-frozen-block-flaker\\\/#primaryimage\"},\"image\":{\"@id\":\"https:\\\/\\\/ultrasource.com.mx\\\/producto\\\/thompson-frozen-block-flaker\\\/#primaryimage\"},\"thumbnailUrl\":\"https:\\\/\\\/ultrasource.com.mx\\\/wp-content\\\/uploads\\\/2023\\\/12\\\/Captura-de-pantalla-2023-12-30-235915.png\",\"datePublished\":\"2023-12-31T06:00:41+00:00\",\"dateModified\":\"2024-09-03T00:00:48+00:00\",\"breadcrumb\":{\"@id\":\"https:\\\/\\\/ultrasource.com.mx\\\/producto\\\/thompson-frozen-block-flaker\\\/#breadcrumb\"},\"inLanguage\":\"en-US\",\"potentialAction\":[{\"@type\":\"ReadAction\",\"target\":[\"https:\\\/\\\/ultrasource.com.mx\\\/producto\\\/thompson-frozen-block-flaker\\\/\"]}]},{\"@type\":\"ImageObject\",\"inLanguage\":\"en-US\",\"@id\":\"https:\\\/\\\/ultrasource.com.mx\\\/producto\\\/thompson-frozen-block-flaker\\\/#primaryimage\",\"url\":\"https:\\\/\\\/ultrasource.com.mx\\\/wp-content\\\/uploads\\\/2023\\\/12\\\/Captura-de-pantalla-2023-12-30-235915.png\",\"contentUrl\":\"https:\\\/\\\/ultrasource.com.mx\\\/wp-content\\\/uploads\\\/2023\\\/12\\\/Captura-de-pantalla-2023-12-30-235915.png\",\"width\":935,\"height\":647},{\"@type\":\"BreadcrumbList\",\"@id\":\"https:\\\/\\\/ultrasource.com.mx\\\/producto\\\/thompson-frozen-block-flaker\\\/#breadcrumb\",\"itemListElement\":[{\"@type\":\"ListItem\",\"position\":1,\"name\":\"Portada\",\"item\":\"https:\\\/\\\/ultrasource.com.mx\\\/\"},{\"@type\":\"ListItem\",\"position\":2,\"name\":\"Catalog\",\"item\":\"https:\\\/\\\/ultrasource.com.mx\\\/catalog\\\/\"},{\"@type\":\"ListItem\",\"position\":3,\"name\":\"Thompson Frozen Block Flaker\"}]},{\"@type\":\"WebSite\",\"@id\":\"https:\\\/\\\/ultrasource.com.mx\\\/#website\",\"url\":\"https:\\\/\\\/ultrasource.com.mx\\\/\",\"name\":\"UltraSource\",\"description\":\"\",\"publisher\":{\"@id\":\"https:\\\/\\\/ultrasource.com.mx\\\/#organization\"},\"potentialAction\":[{\"@type\":\"SearchAction\",\"target\":{\"@type\":\"EntryPoint\",\"urlTemplate\":\"https:\\\/\\\/ultrasource.com.mx\\\/?s={search_term_string}\"},\"query-input\":{\"@type\":\"PropertyValueSpecification\",\"valueRequired\":true,\"valueName\":\"search_term_string\"}}],\"inLanguage\":\"en-US\"},{\"@type\":\"Organization\",\"@id\":\"https:\\\/\\\/ultrasource.com.mx\\\/#organization\",\"name\":\"UltraSource\",\"url\":\"https:\\\/\\\/ultrasource.com.mx\\\/\",\"logo\":{\"@type\":\"ImageObject\",\"inLanguage\":\"en-US\",\"@id\":\"https:\\\/\\\/ultrasource.com.mx\\\/#\\\/schema\\\/logo\\\/image\\\/\",\"url\":\"https:\\\/\\\/ultrasource.com.mx\\\/wp-content\\\/uploads\\\/2023\\\/02\\\/ultrasource-logo-vertical.svg\",\"contentUrl\":\"https:\\\/\\\/ultrasource.com.mx\\\/wp-content\\\/uploads\\\/2023\\\/02\\\/ultrasource-logo-vertical.svg\",\"width\":100,\"height\":100,\"caption\":\"UltraSource\"},\"image\":{\"@id\":\"https:\\\/\\\/ultrasource.com.mx\\\/#\\\/schema\\\/logo\\\/image\\\/\"},\"sameAs\":[\"https:\\\/\\\/www.facebook.com\\\/UltraSourceUSA\\\/\",\"https:\\\/\\\/x.com\\\/UltraSourceUSA\",\"http:\\\/\\\/www.linkedin.com\\\/company\\\/ultrasource-llc\",\"https:\\\/\\\/www.youtube.com\\\/channel\\\/UCNHEJAkgGhh_JOoO4DcBFmQ\"]}]}<\/script>\n<!-- \/ Yoast SEO plugin. -->","yoast_head_json":{"title":"Thompson Frozen Block Flaker - UltraSource","robots":{"index":"index","follow":"follow","max-snippet":"max-snippet:-1","max-image-preview":"max-image-preview:large","max-video-preview":"max-video-preview:-1"},"canonical":"https:\/\/ultrasource.com.mx\/en\/product\/thompson-frozen-block-flaker\/","og_locale":"en_US","og_type":"article","og_title":"Thompson Frozen Block Flaker - UltraSource","og_description":"Autom\u00e1ticamente desmenuza un bloque congelado de material en solo 15 segundos. El material desmenuzado luego se puede transferir a nuestra Mezcladora\/Trituradora de Bloques Congelados 4200.  Caracter\u00edsticas   Procesa un bloque congelado de 60 libras en aproximadamente 15 segundos; desmenuza hasta 11,023 libras (5,000 kg) por hora.  Procesa bloques de hasta 24\" \u00d7 16\" \u00d7 11\" de tama\u00f1o.  Produce tama\u00f1os de desmenuzado de 5 a 10 mm de grosor (dependiendo de la temperatura del producto).  Funciona mejor cuando los bloques tienen aproximadamente 10\u00b0F (-12\u00b0C).  Descarga en un buggy de capacidad de 400 libras (200 litros) (no incluido).  Tambor y cuerpo de acero inoxidable de servicio pesado.  Cabezal de corte de acero inoxidable equilibrado con precisi\u00f3n con ocho cuchillas curvas extra\u00edbles.  Alimentaci\u00f3n neum\u00e1tica con mecanismo de seguridad ant atasco.  Protector y cubierta de interbloqueo de seguridad.","og_url":"https:\/\/ultrasource.com.mx\/en\/product\/thompson-frozen-block-flaker\/","og_site_name":"UltraSource","article_publisher":"https:\/\/www.facebook.com\/UltraSourceUSA\/","article_modified_time":"2024-09-03T00:00:48+00:00","og_image":[{"width":935,"height":647,"url":"https:\/\/ultrasource.com.mx\/wp-content\/uploads\/2023\/12\/Captura-de-pantalla-2023-12-30-235915.png","type":"image\/png"}],"twitter_card":"summary_large_image","twitter_site":"@UltraSourceUSA","twitter_misc":{"Est. reading time":"1 minute"},"schema":{"@context":"https:\/\/schema.org","@graph":[{"@type":"WebPage","@id":"https:\/\/ultrasource.com.mx\/producto\/thompson-frozen-block-flaker\/","url":"https:\/\/ultrasource.com.mx\/producto\/thompson-frozen-block-flaker\/","name":"Thompson Frozen Block Flaker - UltraSource","isPartOf":{"@id":"https:\/\/ultrasource.com.mx\/#website"},"primaryImageOfPage":{"@id":"https:\/\/ultrasource.com.mx\/producto\/thompson-frozen-block-flaker\/#primaryimage"},"image":{"@id":"https:\/\/ultrasource.com.mx\/producto\/thompson-frozen-block-flaker\/#primaryimage"},"thumbnailUrl":"https:\/\/ultrasource.com.mx\/wp-content\/uploads\/2023\/12\/Captura-de-pantalla-2023-12-30-235915.png","datePublished":"2023-12-31T06:00:41+00:00","dateModified":"2024-09-03T00:00:48+00:00","breadcrumb":{"@id":"https:\/\/ultrasource.com.mx\/producto\/thompson-frozen-block-flaker\/#breadcrumb"},"inLanguage":"en-US","potentialAction":[{"@type":"ReadAction","target":["https:\/\/ultrasource.com.mx\/producto\/thompson-frozen-block-flaker\/"]}]},{"@type":"ImageObject","inLanguage":"en-US","@id":"https:\/\/ultrasource.com.mx\/producto\/thompson-frozen-block-flaker\/#primaryimage","url":"https:\/\/ultrasource.com.mx\/wp-content\/uploads\/2023\/12\/Captura-de-pantalla-2023-12-30-235915.png","contentUrl":"https:\/\/ultrasource.com.mx\/wp-content\/uploads\/2023\/12\/Captura-de-pantalla-2023-12-30-235915.png","width":935,"height":647},{"@type":"BreadcrumbList","@id":"https:\/\/ultrasource.com.mx\/producto\/thompson-frozen-block-flaker\/#breadcrumb","itemListElement":[{"@type":"ListItem","position":1,"name":"Portada","item":"https:\/\/ultrasource.com.mx\/"},{"@type":"ListItem","position":2,"name":"Catalog","item":"https:\/\/ultrasource.com.mx\/catalog\/"},{"@type":"ListItem","position":3,"name":"Thompson Frozen Block Flaker"}]},{"@type":"WebSite","@id":"https:\/\/ultrasource.com.mx\/#website","url":"https:\/\/ultrasource.com.mx\/","name":"UltraSource","description":"","publisher":{"@id":"https:\/\/ultrasource.com.mx\/#organization"},"potentialAction":[{"@type":"SearchAction","target":{"@type":"EntryPoint","urlTemplate":"https:\/\/ultrasource.com.mx\/?s={search_term_string}"},"query-input":{"@type":"PropertyValueSpecification","valueRequired":true,"valueName":"search_term_string"}}],"inLanguage":"en-US"},{"@type":"Organization","@id":"https:\/\/ultrasource.com.mx\/#organization","name":"UltraSource","url":"https:\/\/ultrasource.com.mx\/","logo":{"@type":"ImageObject","inLanguage":"en-US","@id":"https:\/\/ultrasource.com.mx\/#\/schema\/logo\/image\/","url":"https:\/\/ultrasource.com.mx\/wp-content\/uploads\/2023\/02\/ultrasource-logo-vertical.svg","contentUrl":"https:\/\/ultrasource.com.mx\/wp-content\/uploads\/2023\/02\/ultrasource-logo-vertical.svg","width":100,"height":100,"caption":"UltraSource"},"image":{"@id":"https:\/\/ultrasource.com.mx\/#\/schema\/logo\/image\/"},"sameAs":["https:\/\/www.facebook.com\/UltraSourceUSA\/","https:\/\/x.com\/UltraSourceUSA","http:\/\/www.linkedin.com\/company\/ultrasource-llc","https:\/\/www.youtube.com\/channel\/UCNHEJAkgGhh_JOoO4DcBFmQ"]}]}},"_links":{"self":[{"href":"https:\/\/ultrasource.com.mx\/en\/wp-json\/wp\/v2\/product\/821","targetHints":{"allow":["GET"]}}],"collection":[{"href":"https:\/\/ultrasource.com.mx\/en\/wp-json\/wp\/v2\/product"}],"about":[{"href":"https:\/\/ultrasource.com.mx\/en\/wp-json\/wp\/v2\/types\/product"}],"replies":[{"embeddable":true,"href":"https:\/\/ultrasource.com.mx\/en\/wp-json\/wp\/v2\/comments?post=821"}],"wp:featuredmedia":[{"embeddable":true,"href":"https:\/\/ultrasource.com.mx\/en\/wp-json\/wp\/v2\/media\/822"}],"wp:attachment":[{"href":"https:\/\/ultrasource.com.mx\/en\/wp-json\/wp\/v2\/media?parent=821"}],"wp:term":[{"taxonomy":"product_brand","embeddable":true,"href":"https:\/\/ultrasource.com.mx\/en\/wp-json\/wp\/v2\/product_brand?post=821"},{"taxonomy":"product_cat","embeddable":true,"href":"https:\/\/ultrasource.com.mx\/en\/wp-json\/wp\/v2\/product_cat?post=821"},{"taxonomy":"product_tag","embeddable":true,"href":"https:\/\/ultrasource.com.mx\/en\/wp-json\/wp\/v2\/product_tag?post=821"}],"curies":[{"name":"wp","href":"https:\/\/api.w.org\/{rel}","templated":true}]}}