{"id":819,"date":"2023-12-31T05:57:44","date_gmt":"2023-12-31T05:57:44","guid":{"rendered":"https:\/\/ultrasource.com.mx\/?post_type=product&#038;p=819"},"modified":"2024-09-03T00:00:48","modified_gmt":"2024-09-03T00:00:48","slug":"thompson-4200","status":"publish","type":"product","link":"https:\/\/ultrasource.com.mx\/en\/product\/thompson-4200\/","title":{"rendered":"Thompson 4200"},"content":{"rendered":"<p><strong>Mezcladora\/Trituradora de Bloques Congelados<\/strong><\/p>\n<p><strong>Caracter\u00edsticas<\/strong><\/p>\n<ul>\n<li>Hasta 3,968 libras (1,800 kg) de corte primario a 14\u00b0F (-10\u00b0C).<\/li>\n<li>Volumen de tolva de 350 litros.<\/li>\n<li>Cabezal de trituraci\u00f3n #56 (6&#8243;).<\/li>\n<li>Motores de dos velocidades de 20 hp.<\/li>\n<li>Acci\u00f3n de mezcla de dos velocidades.<\/li>\n<li>Motor mejorado de 5.4 hp en el brazo de mezcla.<\/li>\n<li>Paletas de mezcla reforzadas de servicio pesado para procesar bloques de carne templada.<\/li>\n<li>Avance de tornillo congelado dise\u00f1ado con un dise\u00f1o \u00fanico de vuelo, que corta el producto en trozos peque\u00f1os y alimenta el cabezal de trituraci\u00f3n grande GU160.<\/li>\n<li>Tolva de acero inoxidable reforzada con un grosor de 4 mm.<\/li>\n<\/ul>\n<p>&nbsp;<\/p>\n<p><strong>Opciones<\/strong><\/p>\n<ul>\n<li>Motor de velocidad variable.<\/li>\n<li>Soporte elevado.<\/li>\n<li>Pelda\u00f1o y pasamanos con interbloqueo de seguridad.<\/li>\n<li>Expulsor de avance de tornillo.<\/li>\n<li>Accionamientos directos independientes.<\/li>\n<li>Espejo de inspecci\u00f3n.<\/li>\n<\/ul>","protected":false},"excerpt":{"rendered":"<p><strong>Mezcladora\/Trituradora de Bloques Congelados<\/strong><\/p>\n<p><strong>Caracter\u00edsticas<\/strong><\/p>\n<ul>\n<li>Hasta 3,968 libras (1,800 kg) de corte primario a 14\u00b0F (-10\u00b0C).<\/li>\n<li>Volumen de tolva de 350 litros.<\/li>\n<li>Cabezal de trituraci\u00f3n #56 (6&#8243;).<\/li>\n<li>Motores de dos velocidades de 20 hp.<\/li>\n<li>Acci\u00f3n de mezcla de dos velocidades.<\/li>\n<li>Motor mejorado de 5.4 hp en el brazo de mezcla.<\/li>\n<li>Paletas de mezcla reforzadas de servicio pesado para procesar bloques de carne templada.<\/li>\n<li>Avance de tornillo congelado dise\u00f1ado con un dise\u00f1o \u00fanico de vuelo, que corta el producto en trozos peque\u00f1os y alimenta el cabezal de trituraci\u00f3n grande GU160.<\/li>\n<li>Tolva de acero inoxidable reforzada con un grosor de 4 mm.<\/li>\n<\/ul>\n<p>&nbsp;<\/p>\n<p><strong>Opciones<\/strong><\/p>\n<ul>\n<li>Motor de velocidad variable.<\/li>\n<li>Soporte elevado.<\/li>\n<li>Pelda\u00f1o y pasamanos con interbloqueo de seguridad.<\/li>\n<li>Expulsor de avance de tornillo.<\/li>\n<li>Accionamientos directos independientes.<\/li>\n<li>Espejo de inspecci\u00f3n.<\/li>\n<\/ul>","protected":false},"featured_media":820,"comment_status":"open","ping_status":"closed","template":"","meta":{"_coblocks_attr":"","_coblocks_dimensions":"","_coblocks_responsive_height":"","_coblocks_accordion_ie_support":"","_joinchat":[]},"product_brand":[],"product_cat":[76],"product_tag":[],"class_list":{"0":"post-819","1":"product","2":"type-product","3":"status-publish","4":"has-post-thumbnail","6":"product_cat-procesamiento","7":"ts_product_brand-thompson","9":"first","10":"instock","11":"shipping-taxable","12":"product-type-simple","13":"add-to-wishlist-after_add_to_cart"},"yoast_head":"<!-- This site is optimized with the Yoast SEO plugin v27.4 - https:\/\/yoast.com\/product\/yoast-seo-wordpress\/ -->\n<title>Thompson 4200 - UltraSource<\/title>\n<meta name=\"robots\" content=\"index, follow, max-snippet:-1, max-image-preview:large, max-video-preview:-1\" \/>\n<link rel=\"canonical\" href=\"https:\/\/ultrasource.com.mx\/en\/product\/thompson-4200\/\" \/>\n<meta property=\"og:locale\" content=\"en_US\" \/>\n<meta property=\"og:type\" content=\"article\" \/>\n<meta property=\"og:title\" content=\"Thompson 4200 - UltraSource\" \/>\n<meta property=\"og:description\" content=\"Mezcladora\/Trituradora de Bloques Congelados  Caracter\u00edsticas   Hasta 3,968 libras (1,800 kg) de corte primario a 14\u00b0F (-10\u00b0C).  Volumen de tolva de 350 litros.  Cabezal de trituraci\u00f3n #56 (6&quot;).  Motores de dos velocidades de 20 hp.  Acci\u00f3n de mezcla de dos velocidades.  Motor mejorado de 5.4 hp en el brazo de mezcla.  Paletas de mezcla reforzadas de servicio pesado para procesar bloques de carne templada.  Avance de tornillo congelado dise\u00f1ado con un dise\u00f1o \u00fanico de vuelo, que corta el producto en trozos peque\u00f1os y alimenta el cabezal de trituraci\u00f3n grande GU160.  Tolva de acero inoxidable reforzada con un grosor de 4 mm.  &nbsp;  Opciones   Motor de velocidad variable.  Soporte elevado.  Pelda\u00f1o y pasamanos con interbloqueo de seguridad.  Expulsor de avance de tornillo.  Accionamientos directos independientes.  Espejo de inspecci\u00f3n.\" \/>\n<meta property=\"og:url\" content=\"https:\/\/ultrasource.com.mx\/en\/product\/thompson-4200\/\" \/>\n<meta property=\"og:site_name\" content=\"UltraSource\" \/>\n<meta property=\"article:publisher\" content=\"https:\/\/www.facebook.com\/UltraSourceUSA\/\" \/>\n<meta property=\"article:modified_time\" content=\"2024-09-03T00:00:48+00:00\" \/>\n<meta property=\"og:image\" content=\"https:\/\/ultrasource.com.mx\/wp-content\/uploads\/2023\/12\/Thompson_4200_Frozen_Raised_ultra-100.jpg\" \/>\n\t<meta property=\"og:image:width\" content=\"1102\" \/>\n\t<meta property=\"og:image:height\" content=\"1972\" \/>\n\t<meta property=\"og:image:type\" content=\"image\/jpeg\" \/>\n<meta name=\"twitter:card\" content=\"summary_large_image\" \/>\n<meta name=\"twitter:site\" content=\"@UltraSourceUSA\" \/>\n<meta name=\"twitter:label1\" content=\"Est. reading time\" \/>\n\t<meta name=\"twitter:data1\" content=\"1 minute\" \/>\n<script type=\"application\/ld+json\" class=\"yoast-schema-graph\">{\"@context\":\"https:\\\/\\\/schema.org\",\"@graph\":[{\"@type\":\"WebPage\",\"@id\":\"https:\\\/\\\/ultrasource.com.mx\\\/producto\\\/thompson-4200\\\/\",\"url\":\"https:\\\/\\\/ultrasource.com.mx\\\/producto\\\/thompson-4200\\\/\",\"name\":\"Thompson 4200 - UltraSource\",\"isPartOf\":{\"@id\":\"https:\\\/\\\/ultrasource.com.mx\\\/#website\"},\"primaryImageOfPage\":{\"@id\":\"https:\\\/\\\/ultrasource.com.mx\\\/producto\\\/thompson-4200\\\/#primaryimage\"},\"image\":{\"@id\":\"https:\\\/\\\/ultrasource.com.mx\\\/producto\\\/thompson-4200\\\/#primaryimage\"},\"thumbnailUrl\":\"https:\\\/\\\/ultrasource.com.mx\\\/wp-content\\\/uploads\\\/2023\\\/12\\\/Thompson_4200_Frozen_Raised_ultra-100.jpg\",\"datePublished\":\"2023-12-31T05:57:44+00:00\",\"dateModified\":\"2024-09-03T00:00:48+00:00\",\"breadcrumb\":{\"@id\":\"https:\\\/\\\/ultrasource.com.mx\\\/producto\\\/thompson-4200\\\/#breadcrumb\"},\"inLanguage\":\"en-US\",\"potentialAction\":[{\"@type\":\"ReadAction\",\"target\":[\"https:\\\/\\\/ultrasource.com.mx\\\/producto\\\/thompson-4200\\\/\"]}]},{\"@type\":\"ImageObject\",\"inLanguage\":\"en-US\",\"@id\":\"https:\\\/\\\/ultrasource.com.mx\\\/producto\\\/thompson-4200\\\/#primaryimage\",\"url\":\"https:\\\/\\\/ultrasource.com.mx\\\/wp-content\\\/uploads\\\/2023\\\/12\\\/Thompson_4200_Frozen_Raised_ultra-100.jpg\",\"contentUrl\":\"https:\\\/\\\/ultrasource.com.mx\\\/wp-content\\\/uploads\\\/2023\\\/12\\\/Thompson_4200_Frozen_Raised_ultra-100.jpg\",\"width\":1102,\"height\":1972},{\"@type\":\"BreadcrumbList\",\"@id\":\"https:\\\/\\\/ultrasource.com.mx\\\/producto\\\/thompson-4200\\\/#breadcrumb\",\"itemListElement\":[{\"@type\":\"ListItem\",\"position\":1,\"name\":\"Portada\",\"item\":\"https:\\\/\\\/ultrasource.com.mx\\\/\"},{\"@type\":\"ListItem\",\"position\":2,\"name\":\"Catalog\",\"item\":\"https:\\\/\\\/ultrasource.com.mx\\\/catalog\\\/\"},{\"@type\":\"ListItem\",\"position\":3,\"name\":\"Thompson 4200\"}]},{\"@type\":\"WebSite\",\"@id\":\"https:\\\/\\\/ultrasource.com.mx\\\/#website\",\"url\":\"https:\\\/\\\/ultrasource.com.mx\\\/\",\"name\":\"UltraSource\",\"description\":\"\",\"publisher\":{\"@id\":\"https:\\\/\\\/ultrasource.com.mx\\\/#organization\"},\"potentialAction\":[{\"@type\":\"SearchAction\",\"target\":{\"@type\":\"EntryPoint\",\"urlTemplate\":\"https:\\\/\\\/ultrasource.com.mx\\\/?s={search_term_string}\"},\"query-input\":{\"@type\":\"PropertyValueSpecification\",\"valueRequired\":true,\"valueName\":\"search_term_string\"}}],\"inLanguage\":\"en-US\"},{\"@type\":\"Organization\",\"@id\":\"https:\\\/\\\/ultrasource.com.mx\\\/#organization\",\"name\":\"UltraSource\",\"url\":\"https:\\\/\\\/ultrasource.com.mx\\\/\",\"logo\":{\"@type\":\"ImageObject\",\"inLanguage\":\"en-US\",\"@id\":\"https:\\\/\\\/ultrasource.com.mx\\\/#\\\/schema\\\/logo\\\/image\\\/\",\"url\":\"https:\\\/\\\/ultrasource.com.mx\\\/wp-content\\\/uploads\\\/2023\\\/02\\\/ultrasource-logo-vertical.svg\",\"contentUrl\":\"https:\\\/\\\/ultrasource.com.mx\\\/wp-content\\\/uploads\\\/2023\\\/02\\\/ultrasource-logo-vertical.svg\",\"width\":100,\"height\":100,\"caption\":\"UltraSource\"},\"image\":{\"@id\":\"https:\\\/\\\/ultrasource.com.mx\\\/#\\\/schema\\\/logo\\\/image\\\/\"},\"sameAs\":[\"https:\\\/\\\/www.facebook.com\\\/UltraSourceUSA\\\/\",\"https:\\\/\\\/x.com\\\/UltraSourceUSA\",\"http:\\\/\\\/www.linkedin.com\\\/company\\\/ultrasource-llc\",\"https:\\\/\\\/www.youtube.com\\\/channel\\\/UCNHEJAkgGhh_JOoO4DcBFmQ\"]}]}<\/script>\n<!-- \/ Yoast SEO plugin. -->","yoast_head_json":{"title":"Thompson 4200 - UltraSource","robots":{"index":"index","follow":"follow","max-snippet":"max-snippet:-1","max-image-preview":"max-image-preview:large","max-video-preview":"max-video-preview:-1"},"canonical":"https:\/\/ultrasource.com.mx\/en\/product\/thompson-4200\/","og_locale":"en_US","og_type":"article","og_title":"Thompson 4200 - UltraSource","og_description":"Mezcladora\/Trituradora de Bloques Congelados  Caracter\u00edsticas   Hasta 3,968 libras (1,800 kg) de corte primario a 14\u00b0F (-10\u00b0C).  Volumen de tolva de 350 litros.  Cabezal de trituraci\u00f3n #56 (6\").  Motores de dos velocidades de 20 hp.  Acci\u00f3n de mezcla de dos velocidades.  Motor mejorado de 5.4 hp en el brazo de mezcla.  Paletas de mezcla reforzadas de servicio pesado para procesar bloques de carne templada.  Avance de tornillo congelado dise\u00f1ado con un dise\u00f1o \u00fanico de vuelo, que corta el producto en trozos peque\u00f1os y alimenta el cabezal de trituraci\u00f3n grande GU160.  Tolva de acero inoxidable reforzada con un grosor de 4 mm.  &nbsp;  Opciones   Motor de velocidad variable.  Soporte elevado.  Pelda\u00f1o y pasamanos con interbloqueo de seguridad.  Expulsor de avance de tornillo.  Accionamientos directos independientes.  Espejo de inspecci\u00f3n.","og_url":"https:\/\/ultrasource.com.mx\/en\/product\/thompson-4200\/","og_site_name":"UltraSource","article_publisher":"https:\/\/www.facebook.com\/UltraSourceUSA\/","article_modified_time":"2024-09-03T00:00:48+00:00","og_image":[{"width":1102,"height":1972,"url":"https:\/\/ultrasource.com.mx\/wp-content\/uploads\/2023\/12\/Thompson_4200_Frozen_Raised_ultra-100.jpg","type":"image\/jpeg"}],"twitter_card":"summary_large_image","twitter_site":"@UltraSourceUSA","twitter_misc":{"Est. reading time":"1 minute"},"schema":{"@context":"https:\/\/schema.org","@graph":[{"@type":"WebPage","@id":"https:\/\/ultrasource.com.mx\/producto\/thompson-4200\/","url":"https:\/\/ultrasource.com.mx\/producto\/thompson-4200\/","name":"Thompson 4200 - UltraSource","isPartOf":{"@id":"https:\/\/ultrasource.com.mx\/#website"},"primaryImageOfPage":{"@id":"https:\/\/ultrasource.com.mx\/producto\/thompson-4200\/#primaryimage"},"image":{"@id":"https:\/\/ultrasource.com.mx\/producto\/thompson-4200\/#primaryimage"},"thumbnailUrl":"https:\/\/ultrasource.com.mx\/wp-content\/uploads\/2023\/12\/Thompson_4200_Frozen_Raised_ultra-100.jpg","datePublished":"2023-12-31T05:57:44+00:00","dateModified":"2024-09-03T00:00:48+00:00","breadcrumb":{"@id":"https:\/\/ultrasource.com.mx\/producto\/thompson-4200\/#breadcrumb"},"inLanguage":"en-US","potentialAction":[{"@type":"ReadAction","target":["https:\/\/ultrasource.com.mx\/producto\/thompson-4200\/"]}]},{"@type":"ImageObject","inLanguage":"en-US","@id":"https:\/\/ultrasource.com.mx\/producto\/thompson-4200\/#primaryimage","url":"https:\/\/ultrasource.com.mx\/wp-content\/uploads\/2023\/12\/Thompson_4200_Frozen_Raised_ultra-100.jpg","contentUrl":"https:\/\/ultrasource.com.mx\/wp-content\/uploads\/2023\/12\/Thompson_4200_Frozen_Raised_ultra-100.jpg","width":1102,"height":1972},{"@type":"BreadcrumbList","@id":"https:\/\/ultrasource.com.mx\/producto\/thompson-4200\/#breadcrumb","itemListElement":[{"@type":"ListItem","position":1,"name":"Portada","item":"https:\/\/ultrasource.com.mx\/"},{"@type":"ListItem","position":2,"name":"Catalog","item":"https:\/\/ultrasource.com.mx\/catalog\/"},{"@type":"ListItem","position":3,"name":"Thompson 4200"}]},{"@type":"WebSite","@id":"https:\/\/ultrasource.com.mx\/#website","url":"https:\/\/ultrasource.com.mx\/","name":"UltraSource","description":"","publisher":{"@id":"https:\/\/ultrasource.com.mx\/#organization"},"potentialAction":[{"@type":"SearchAction","target":{"@type":"EntryPoint","urlTemplate":"https:\/\/ultrasource.com.mx\/?s={search_term_string}"},"query-input":{"@type":"PropertyValueSpecification","valueRequired":true,"valueName":"search_term_string"}}],"inLanguage":"en-US"},{"@type":"Organization","@id":"https:\/\/ultrasource.com.mx\/#organization","name":"UltraSource","url":"https:\/\/ultrasource.com.mx\/","logo":{"@type":"ImageObject","inLanguage":"en-US","@id":"https:\/\/ultrasource.com.mx\/#\/schema\/logo\/image\/","url":"https:\/\/ultrasource.com.mx\/wp-content\/uploads\/2023\/02\/ultrasource-logo-vertical.svg","contentUrl":"https:\/\/ultrasource.com.mx\/wp-content\/uploads\/2023\/02\/ultrasource-logo-vertical.svg","width":100,"height":100,"caption":"UltraSource"},"image":{"@id":"https:\/\/ultrasource.com.mx\/#\/schema\/logo\/image\/"},"sameAs":["https:\/\/www.facebook.com\/UltraSourceUSA\/","https:\/\/x.com\/UltraSourceUSA","http:\/\/www.linkedin.com\/company\/ultrasource-llc","https:\/\/www.youtube.com\/channel\/UCNHEJAkgGhh_JOoO4DcBFmQ"]}]}},"_links":{"self":[{"href":"https:\/\/ultrasource.com.mx\/en\/wp-json\/wp\/v2\/product\/819","targetHints":{"allow":["GET"]}}],"collection":[{"href":"https:\/\/ultrasource.com.mx\/en\/wp-json\/wp\/v2\/product"}],"about":[{"href":"https:\/\/ultrasource.com.mx\/en\/wp-json\/wp\/v2\/types\/product"}],"replies":[{"embeddable":true,"href":"https:\/\/ultrasource.com.mx\/en\/wp-json\/wp\/v2\/comments?post=819"}],"wp:featuredmedia":[{"embeddable":true,"href":"https:\/\/ultrasource.com.mx\/en\/wp-json\/wp\/v2\/media\/820"}],"wp:attachment":[{"href":"https:\/\/ultrasource.com.mx\/en\/wp-json\/wp\/v2\/media?parent=819"}],"wp:term":[{"taxonomy":"product_brand","embeddable":true,"href":"https:\/\/ultrasource.com.mx\/en\/wp-json\/wp\/v2\/product_brand?post=819"},{"taxonomy":"product_cat","embeddable":true,"href":"https:\/\/ultrasource.com.mx\/en\/wp-json\/wp\/v2\/product_cat?post=819"},{"taxonomy":"product_tag","embeddable":true,"href":"https:\/\/ultrasource.com.mx\/en\/wp-json\/wp\/v2\/product_tag?post=819"}],"curies":[{"name":"wp","href":"https:\/\/api.w.org\/{rel}","templated":true}]}}