{"id":817,"date":"2023-12-31T05:55:03","date_gmt":"2023-12-31T05:55:03","guid":{"rendered":"https:\/\/ultrasource.com.mx\/?post_type=product&#038;p=817"},"modified":"2024-09-03T00:00:49","modified_gmt":"2024-09-03T00:00:49","slug":"thompson-frozen-block-pre-breaker","status":"publish","type":"product","link":"https:\/\/ultrasource.com.mx\/en\/product\/thompson-frozen-block-pre-breaker\/","title":{"rendered":"Thompson Frozen Block Pre Breaker"},"content":{"rendered":"<p>El Thompson Frozen Block Pre Breaker est\u00e1 dise\u00f1ado para descomponer bloques de alimentos duros y congelados, incluidos productos c\u00e1rnicos y l\u00e1cteos, sin destruir la textura del producto, eliminando las part\u00edculas de tama\u00f1o inconsistente y la emulsificaci\u00f3n del producto.<\/p>\n<p>Los bloques de carne congelada son f\u00e1ciles de cargar en el \u00e1rea de corte, donde son transformados por cuchillas afiladas en rodajas o con cuchillas cruzadas en trozos m\u00e1s peque\u00f1os. Es simple y seguro de operar.<\/p>\n<p><strong>Caracter\u00edsticas<\/strong><\/p>\n<ul>\n<li>La alta producci\u00f3n est\u00e1 garantizada por la alta velocidad de corte del mecanismo de cuchilla del rotor.<\/li>\n<li>Mantenimiento f\u00e1cil, confiabilidad y bajos costos operativos.<\/li>\n<li>Operaci\u00f3n excepcionalmente silenciosa en comparaci\u00f3n con el Frozen Block Flaker.<\/li>\n<\/ul>","protected":false},"excerpt":{"rendered":"<p>El Thompson Frozen Block Pre Breaker est\u00e1 dise\u00f1ado para descomponer bloques de alimentos duros y congelados, incluidos productos c\u00e1rnicos y l\u00e1cteos, sin destruir la textura del producto, eliminando las part\u00edculas de tama\u00f1o inconsistente y la emulsificaci\u00f3n del producto.<\/p>\n<p>Los bloques de carne congelada son f\u00e1ciles de cargar en el \u00e1rea de corte, donde son transformados por cuchillas afiladas en rodajas o con cuchillas cruzadas en trozos m\u00e1s peque\u00f1os. Es simple y seguro de operar.<\/p>\n<p><strong>Caracter\u00edsticas<\/strong><\/p>\n<ul>\n<li>La alta producci\u00f3n est\u00e1 garantizada por la alta velocidad de corte del mecanismo de cuchilla del rotor.<\/li>\n<li>Mantenimiento f\u00e1cil, confiabilidad y bajos costos operativos.<\/li>\n<li>Operaci\u00f3n excepcionalmente silenciosa en comparaci\u00f3n con el Frozen Block Flaker.<\/li>\n<\/ul>","protected":false},"featured_media":818,"comment_status":"open","ping_status":"closed","template":"","meta":{"_coblocks_attr":"","_coblocks_dimensions":"","_coblocks_responsive_height":"","_coblocks_accordion_ie_support":"","_joinchat":[]},"product_brand":[],"product_cat":[76],"product_tag":[],"class_list":{"0":"post-817","1":"product","2":"type-product","3":"status-publish","4":"has-post-thumbnail","6":"product_cat-procesamiento","7":"ts_product_brand-thompson","9":"first","10":"instock","11":"shipping-taxable","12":"product-type-simple","13":"add-to-wishlist-after_add_to_cart"},"yoast_head":"<!-- This site is optimized with the Yoast SEO plugin v27.4 - https:\/\/yoast.com\/product\/yoast-seo-wordpress\/ -->\n<title>Thompson Frozen Block Pre Breaker - UltraSource<\/title>\n<meta name=\"robots\" content=\"index, follow, max-snippet:-1, max-image-preview:large, max-video-preview:-1\" \/>\n<link rel=\"canonical\" href=\"https:\/\/ultrasource.com.mx\/en\/product\/thompson-frozen-block-pre-breaker\/\" \/>\n<meta property=\"og:locale\" content=\"en_US\" \/>\n<meta property=\"og:type\" content=\"article\" \/>\n<meta property=\"og:title\" content=\"Thompson Frozen Block Pre Breaker - UltraSource\" \/>\n<meta property=\"og:description\" content=\"El Thompson Frozen Block Pre Breaker est\u00e1 dise\u00f1ado para descomponer bloques de alimentos duros y congelados, incluidos productos c\u00e1rnicos y l\u00e1cteos, sin destruir la textura del producto, eliminando las part\u00edculas de tama\u00f1o inconsistente y la emulsificaci\u00f3n del producto.  Los bloques de carne congelada son f\u00e1ciles de cargar en el \u00e1rea de corte, donde son transformados por cuchillas afiladas en rodajas o con cuchillas cruzadas en trozos m\u00e1s peque\u00f1os. Es simple y seguro de operar.  Caracter\u00edsticas   La alta producci\u00f3n est\u00e1 garantizada por la alta velocidad de corte del mecanismo de cuchilla del rotor.  Mantenimiento f\u00e1cil, confiabilidad y bajos costos operativos.  Operaci\u00f3n excepcionalmente silenciosa en comparaci\u00f3n con el Frozen Block Flaker.\" \/>\n<meta property=\"og:url\" content=\"https:\/\/ultrasource.com.mx\/en\/product\/thompson-frozen-block-pre-breaker\/\" \/>\n<meta property=\"og:site_name\" content=\"UltraSource\" \/>\n<meta property=\"article:publisher\" content=\"https:\/\/www.facebook.com\/UltraSourceUSA\/\" \/>\n<meta property=\"article:modified_time\" content=\"2024-09-03T00:00:49+00:00\" \/>\n<meta property=\"og:image\" content=\"https:\/\/ultrasource.com.mx\/wp-content\/uploads\/2023\/12\/Thompson-Frozen-Pre-Breaker.jpg\" \/>\n\t<meta property=\"og:image:width\" content=\"1376\" \/>\n\t<meta property=\"og:image:height\" content=\"1728\" \/>\n\t<meta property=\"og:image:type\" content=\"image\/jpeg\" \/>\n<meta name=\"twitter:card\" content=\"summary_large_image\" \/>\n<meta name=\"twitter:site\" content=\"@UltraSourceUSA\" \/>\n<meta name=\"twitter:label1\" content=\"Est. reading time\" \/>\n\t<meta name=\"twitter:data1\" content=\"1 minute\" \/>\n<script type=\"application\/ld+json\" class=\"yoast-schema-graph\">{\"@context\":\"https:\\\/\\\/schema.org\",\"@graph\":[{\"@type\":\"WebPage\",\"@id\":\"https:\\\/\\\/ultrasource.com.mx\\\/producto\\\/thompson-frozen-block-pre-breaker\\\/\",\"url\":\"https:\\\/\\\/ultrasource.com.mx\\\/producto\\\/thompson-frozen-block-pre-breaker\\\/\",\"name\":\"Thompson Frozen Block Pre Breaker - UltraSource\",\"isPartOf\":{\"@id\":\"https:\\\/\\\/ultrasource.com.mx\\\/#website\"},\"primaryImageOfPage\":{\"@id\":\"https:\\\/\\\/ultrasource.com.mx\\\/producto\\\/thompson-frozen-block-pre-breaker\\\/#primaryimage\"},\"image\":{\"@id\":\"https:\\\/\\\/ultrasource.com.mx\\\/producto\\\/thompson-frozen-block-pre-breaker\\\/#primaryimage\"},\"thumbnailUrl\":\"https:\\\/\\\/ultrasource.com.mx\\\/wp-content\\\/uploads\\\/2023\\\/12\\\/Thompson-Frozen-Pre-Breaker.jpg\",\"datePublished\":\"2023-12-31T05:55:03+00:00\",\"dateModified\":\"2024-09-03T00:00:49+00:00\",\"breadcrumb\":{\"@id\":\"https:\\\/\\\/ultrasource.com.mx\\\/producto\\\/thompson-frozen-block-pre-breaker\\\/#breadcrumb\"},\"inLanguage\":\"en-US\",\"potentialAction\":[{\"@type\":\"ReadAction\",\"target\":[\"https:\\\/\\\/ultrasource.com.mx\\\/producto\\\/thompson-frozen-block-pre-breaker\\\/\"]}]},{\"@type\":\"ImageObject\",\"inLanguage\":\"en-US\",\"@id\":\"https:\\\/\\\/ultrasource.com.mx\\\/producto\\\/thompson-frozen-block-pre-breaker\\\/#primaryimage\",\"url\":\"https:\\\/\\\/ultrasource.com.mx\\\/wp-content\\\/uploads\\\/2023\\\/12\\\/Thompson-Frozen-Pre-Breaker.jpg\",\"contentUrl\":\"https:\\\/\\\/ultrasource.com.mx\\\/wp-content\\\/uploads\\\/2023\\\/12\\\/Thompson-Frozen-Pre-Breaker.jpg\",\"width\":1376,\"height\":1728},{\"@type\":\"BreadcrumbList\",\"@id\":\"https:\\\/\\\/ultrasource.com.mx\\\/producto\\\/thompson-frozen-block-pre-breaker\\\/#breadcrumb\",\"itemListElement\":[{\"@type\":\"ListItem\",\"position\":1,\"name\":\"Portada\",\"item\":\"https:\\\/\\\/ultrasource.com.mx\\\/\"},{\"@type\":\"ListItem\",\"position\":2,\"name\":\"Catalog\",\"item\":\"https:\\\/\\\/ultrasource.com.mx\\\/catalog\\\/\"},{\"@type\":\"ListItem\",\"position\":3,\"name\":\"Thompson Frozen Block Pre Breaker\"}]},{\"@type\":\"WebSite\",\"@id\":\"https:\\\/\\\/ultrasource.com.mx\\\/#website\",\"url\":\"https:\\\/\\\/ultrasource.com.mx\\\/\",\"name\":\"UltraSource\",\"description\":\"\",\"publisher\":{\"@id\":\"https:\\\/\\\/ultrasource.com.mx\\\/#organization\"},\"potentialAction\":[{\"@type\":\"SearchAction\",\"target\":{\"@type\":\"EntryPoint\",\"urlTemplate\":\"https:\\\/\\\/ultrasource.com.mx\\\/?s={search_term_string}\"},\"query-input\":{\"@type\":\"PropertyValueSpecification\",\"valueRequired\":true,\"valueName\":\"search_term_string\"}}],\"inLanguage\":\"en-US\"},{\"@type\":\"Organization\",\"@id\":\"https:\\\/\\\/ultrasource.com.mx\\\/#organization\",\"name\":\"UltraSource\",\"url\":\"https:\\\/\\\/ultrasource.com.mx\\\/\",\"logo\":{\"@type\":\"ImageObject\",\"inLanguage\":\"en-US\",\"@id\":\"https:\\\/\\\/ultrasource.com.mx\\\/#\\\/schema\\\/logo\\\/image\\\/\",\"url\":\"https:\\\/\\\/ultrasource.com.mx\\\/wp-content\\\/uploads\\\/2023\\\/02\\\/ultrasource-logo-vertical.svg\",\"contentUrl\":\"https:\\\/\\\/ultrasource.com.mx\\\/wp-content\\\/uploads\\\/2023\\\/02\\\/ultrasource-logo-vertical.svg\",\"width\":100,\"height\":100,\"caption\":\"UltraSource\"},\"image\":{\"@id\":\"https:\\\/\\\/ultrasource.com.mx\\\/#\\\/schema\\\/logo\\\/image\\\/\"},\"sameAs\":[\"https:\\\/\\\/www.facebook.com\\\/UltraSourceUSA\\\/\",\"https:\\\/\\\/x.com\\\/UltraSourceUSA\",\"http:\\\/\\\/www.linkedin.com\\\/company\\\/ultrasource-llc\",\"https:\\\/\\\/www.youtube.com\\\/channel\\\/UCNHEJAkgGhh_JOoO4DcBFmQ\"]}]}<\/script>\n<!-- \/ Yoast SEO plugin. -->","yoast_head_json":{"title":"Thompson Frozen Block Pre Breaker - UltraSource","robots":{"index":"index","follow":"follow","max-snippet":"max-snippet:-1","max-image-preview":"max-image-preview:large","max-video-preview":"max-video-preview:-1"},"canonical":"https:\/\/ultrasource.com.mx\/en\/product\/thompson-frozen-block-pre-breaker\/","og_locale":"en_US","og_type":"article","og_title":"Thompson Frozen Block Pre Breaker - UltraSource","og_description":"El Thompson Frozen Block Pre Breaker est\u00e1 dise\u00f1ado para descomponer bloques de alimentos duros y congelados, incluidos productos c\u00e1rnicos y l\u00e1cteos, sin destruir la textura del producto, eliminando las part\u00edculas de tama\u00f1o inconsistente y la emulsificaci\u00f3n del producto.  Los bloques de carne congelada son f\u00e1ciles de cargar en el \u00e1rea de corte, donde son transformados por cuchillas afiladas en rodajas o con cuchillas cruzadas en trozos m\u00e1s peque\u00f1os. Es simple y seguro de operar.  Caracter\u00edsticas   La alta producci\u00f3n est\u00e1 garantizada por la alta velocidad de corte del mecanismo de cuchilla del rotor.  Mantenimiento f\u00e1cil, confiabilidad y bajos costos operativos.  Operaci\u00f3n excepcionalmente silenciosa en comparaci\u00f3n con el Frozen Block Flaker.","og_url":"https:\/\/ultrasource.com.mx\/en\/product\/thompson-frozen-block-pre-breaker\/","og_site_name":"UltraSource","article_publisher":"https:\/\/www.facebook.com\/UltraSourceUSA\/","article_modified_time":"2024-09-03T00:00:49+00:00","og_image":[{"width":1376,"height":1728,"url":"https:\/\/ultrasource.com.mx\/wp-content\/uploads\/2023\/12\/Thompson-Frozen-Pre-Breaker.jpg","type":"image\/jpeg"}],"twitter_card":"summary_large_image","twitter_site":"@UltraSourceUSA","twitter_misc":{"Est. reading time":"1 minute"},"schema":{"@context":"https:\/\/schema.org","@graph":[{"@type":"WebPage","@id":"https:\/\/ultrasource.com.mx\/producto\/thompson-frozen-block-pre-breaker\/","url":"https:\/\/ultrasource.com.mx\/producto\/thompson-frozen-block-pre-breaker\/","name":"Thompson Frozen Block Pre Breaker - UltraSource","isPartOf":{"@id":"https:\/\/ultrasource.com.mx\/#website"},"primaryImageOfPage":{"@id":"https:\/\/ultrasource.com.mx\/producto\/thompson-frozen-block-pre-breaker\/#primaryimage"},"image":{"@id":"https:\/\/ultrasource.com.mx\/producto\/thompson-frozen-block-pre-breaker\/#primaryimage"},"thumbnailUrl":"https:\/\/ultrasource.com.mx\/wp-content\/uploads\/2023\/12\/Thompson-Frozen-Pre-Breaker.jpg","datePublished":"2023-12-31T05:55:03+00:00","dateModified":"2024-09-03T00:00:49+00:00","breadcrumb":{"@id":"https:\/\/ultrasource.com.mx\/producto\/thompson-frozen-block-pre-breaker\/#breadcrumb"},"inLanguage":"en-US","potentialAction":[{"@type":"ReadAction","target":["https:\/\/ultrasource.com.mx\/producto\/thompson-frozen-block-pre-breaker\/"]}]},{"@type":"ImageObject","inLanguage":"en-US","@id":"https:\/\/ultrasource.com.mx\/producto\/thompson-frozen-block-pre-breaker\/#primaryimage","url":"https:\/\/ultrasource.com.mx\/wp-content\/uploads\/2023\/12\/Thompson-Frozen-Pre-Breaker.jpg","contentUrl":"https:\/\/ultrasource.com.mx\/wp-content\/uploads\/2023\/12\/Thompson-Frozen-Pre-Breaker.jpg","width":1376,"height":1728},{"@type":"BreadcrumbList","@id":"https:\/\/ultrasource.com.mx\/producto\/thompson-frozen-block-pre-breaker\/#breadcrumb","itemListElement":[{"@type":"ListItem","position":1,"name":"Portada","item":"https:\/\/ultrasource.com.mx\/"},{"@type":"ListItem","position":2,"name":"Catalog","item":"https:\/\/ultrasource.com.mx\/catalog\/"},{"@type":"ListItem","position":3,"name":"Thompson Frozen Block Pre Breaker"}]},{"@type":"WebSite","@id":"https:\/\/ultrasource.com.mx\/#website","url":"https:\/\/ultrasource.com.mx\/","name":"UltraSource","description":"","publisher":{"@id":"https:\/\/ultrasource.com.mx\/#organization"},"potentialAction":[{"@type":"SearchAction","target":{"@type":"EntryPoint","urlTemplate":"https:\/\/ultrasource.com.mx\/?s={search_term_string}"},"query-input":{"@type":"PropertyValueSpecification","valueRequired":true,"valueName":"search_term_string"}}],"inLanguage":"en-US"},{"@type":"Organization","@id":"https:\/\/ultrasource.com.mx\/#organization","name":"UltraSource","url":"https:\/\/ultrasource.com.mx\/","logo":{"@type":"ImageObject","inLanguage":"en-US","@id":"https:\/\/ultrasource.com.mx\/#\/schema\/logo\/image\/","url":"https:\/\/ultrasource.com.mx\/wp-content\/uploads\/2023\/02\/ultrasource-logo-vertical.svg","contentUrl":"https:\/\/ultrasource.com.mx\/wp-content\/uploads\/2023\/02\/ultrasource-logo-vertical.svg","width":100,"height":100,"caption":"UltraSource"},"image":{"@id":"https:\/\/ultrasource.com.mx\/#\/schema\/logo\/image\/"},"sameAs":["https:\/\/www.facebook.com\/UltraSourceUSA\/","https:\/\/x.com\/UltraSourceUSA","http:\/\/www.linkedin.com\/company\/ultrasource-llc","https:\/\/www.youtube.com\/channel\/UCNHEJAkgGhh_JOoO4DcBFmQ"]}]}},"_links":{"self":[{"href":"https:\/\/ultrasource.com.mx\/en\/wp-json\/wp\/v2\/product\/817","targetHints":{"allow":["GET"]}}],"collection":[{"href":"https:\/\/ultrasource.com.mx\/en\/wp-json\/wp\/v2\/product"}],"about":[{"href":"https:\/\/ultrasource.com.mx\/en\/wp-json\/wp\/v2\/types\/product"}],"replies":[{"embeddable":true,"href":"https:\/\/ultrasource.com.mx\/en\/wp-json\/wp\/v2\/comments?post=817"}],"wp:featuredmedia":[{"embeddable":true,"href":"https:\/\/ultrasource.com.mx\/en\/wp-json\/wp\/v2\/media\/818"}],"wp:attachment":[{"href":"https:\/\/ultrasource.com.mx\/en\/wp-json\/wp\/v2\/media?parent=817"}],"wp:term":[{"taxonomy":"product_brand","embeddable":true,"href":"https:\/\/ultrasource.com.mx\/en\/wp-json\/wp\/v2\/product_brand?post=817"},{"taxonomy":"product_cat","embeddable":true,"href":"https:\/\/ultrasource.com.mx\/en\/wp-json\/wp\/v2\/product_cat?post=817"},{"taxonomy":"product_tag","embeddable":true,"href":"https:\/\/ultrasource.com.mx\/en\/wp-json\/wp\/v2\/product_tag?post=817"}],"curies":[{"name":"wp","href":"https:\/\/api.w.org\/{rel}","templated":true}]}}