{"id":814,"date":"2023-12-31T05:41:43","date_gmt":"2023-12-31T05:41:43","guid":{"rendered":"https:\/\/ultrasource.com.mx\/?post_type=product&#038;p=814"},"modified":"2024-09-03T00:00:49","modified_gmt":"2024-09-03T00:00:49","slug":"thompson-serie-9000","status":"publish","type":"product","link":"https:\/\/ultrasource.com.mx\/en\/product\/thompson-serie-9000\/","title":{"rendered":"Thompson Serie 9000"},"content":{"rendered":"<p>La serie 9000 de mezcladoras\/trituradoras son mezcladoras en l\u00ednea, donde el avance de tornillo corre paralelo a las paletas de mezcla o son mezcladoras\/trituradoras de avance de tornillo que corre en \u00e1ngulo recto a las paletas, similar a la serie 5000.<\/p>\n<p>M\u00e1s all\u00e1 de la espectacular capacidad de producci\u00f3n, la serie 9000 de la unidad de accionamiento de la mezcladora\/trituradora ha experimentado importantes mejoras de ingenier\u00eda.<\/p>","protected":false},"excerpt":{"rendered":"<div class=\"w-full text-token-text-primary\" data-testid=\"conversation-turn-31\">\n<div class=\"px-4 py-2 justify-center text-base md:gap-6 m-auto\">\n<div class=\"flex flex-1 text-base mx-auto gap-3 md:px-5 lg:px-1 xl:px-5 md:max-w-3xl lg:max-w-[40rem] xl:max-w-[48rem] group\">\n<div class=\"relative flex w-full flex-col lg:w-[calc(100%-115px)] agent-turn\">\n<div class=\"flex-col gap-1 md:gap-3\">\n<div class=\"flex flex-grow flex-col max-w-full\">\n<div class=\"min-h-[20px] text-message flex flex-col items-start gap-3 whitespace-pre-wrap break-words [.text-message+&amp;]:mt-5 overflow-x-auto\" data-message-author-role=\"assistant\" data-message-id=\"b32243a5-c614-4376-b61f-293806abe700\">\n<div class=\"markdown prose w-full break-words dark:prose-invert dark\">\n<p>La serie 9000 de mezcladoras\/trituradoras son mezcladoras en l\u00ednea, donde el avance de tornillo corre paralelo a las paletas de mezcla o son mezcladoras\/trituradoras de avance de tornillo que corre en \u00e1ngulo recto a las paletas, similar a la serie 5000.<\/p>\n<p>M\u00e1s all\u00e1 de la espectacular capacidad de producci\u00f3n, la serie 9000 de la unidad de accionamiento de la mezcladora\/trituradora ha experimentado importantes mejoras de ingenier\u00eda.<\/p>\n<p><strong>Caracter\u00edsticas<\/strong><\/p>\n<ul>\n<li>460V, 50Hz, 3 fases (otras tensiones disponibles bajo pedido).<\/li>\n<li>Barril, avance de tornillo y anillo de bloqueo de acero inoxidable #66 est\u00e1ndar.<\/li>\n<li>Opci\u00f3n de sistema de molienda HECS de acero inoxidable de 11&#8243; (280 mm).<\/li>\n<li>Accionamiento directo helicoidal de 2 velocidades de 22 kW para picar y moler.<\/li>\n<li>Capacidad de 1180 litros hasta la parte superior de la paleta; capacidad de mezcla de 2200 libras.<\/li>\n<li>Capacidad de lote de 5 \u00d7 200 kg de recorte fresco.<\/li>\n<li>Sistema de mezcla de accionamiento directo helicoidal de 11 kW con doble paleta.<\/li>\n<li>Paletas gemelas de acero inoxidable reforzadas, contrarrotativas y superpuestas.<\/li>\n<li>Ciclo de mezcla rec\u00edproco programado.<\/li>\n<li>Protector de descarga con interbloqueo de seguridad y bloqueo de tiempo.<\/li>\n<li>Expulsor neum\u00e1tico del avance de tornillo.<\/li>\n<li>Construcci\u00f3n totalmente de acero inoxidable.<\/li>\n<li>Soporte de acero inoxidable con almohadillas niveladoras: descarga en recipientes de 200 litros.<\/li>\n<\/ul>\n<div class=\"flex-1 overflow-hidden\">\n<div class=\"react-scroll-to-bottom--css-bclhb-79elbk h-full\">\n<div class=\"react-scroll-to-bottom--css-bclhb-1n7m0yu\">\n<div class=\"flex flex-col pb-9 text-sm\">\n<div class=\"w-full text-token-text-primary\" data-testid=\"conversation-turn-33\">\n<div class=\"px-4 py-2 justify-center text-base md:gap-6 m-auto\">\n<div class=\"flex flex-1 text-base mx-auto gap-3 md:px-5 lg:px-1 xl:px-5 md:max-w-3xl lg:max-w-[40rem] xl:max-w-[48rem] group final-completion\">\n<div class=\"relative flex w-full flex-col lg:w-[calc(100%-115px)] agent-turn\">\n<div class=\"flex-col gap-1 md:gap-3\">\n<div class=\"flex flex-grow flex-col max-w-full\">\n<div class=\"min-h-[20px] text-message flex flex-col items-start gap-3 whitespace-pre-wrap break-words [.text-message+&amp;]:mt-5 overflow-x-auto\" data-message-author-role=\"assistant\" data-message-id=\"8bac63a8-e797-42ed-96eb-68b96a637d72\">\n<div class=\"markdown prose w-full break-words dark:prose-invert dark\">\n<p><strong>Opciones:<\/strong><\/p>\n<ul>\n<li>Motores de 30 kW, 37 kW.<\/li>\n<li>Mezcla\/trituraci\u00f3n de velocidad variable.<\/li>\n<li>Canal de descarga del producto con puertas controladas neum\u00e1ticamente, ya sea simple o doble.<\/li>\n<li>Cabezal de corte #66 (220 mm o 8-5\/8&#8243;).<\/li>\n<li>Sistema de corte de alta eficiencia (HECS).<\/li>\n<li>Cuchillo de avance y carro de placa.<\/li>\n<li>Sistema Gemini.<\/li>\n<li>Sistemas de corte para deshuesar\/desgrasar.<\/li>\n<li>Tapa corrediza de seguridad con interbloqueo.<\/li>\n<li>Canal para verter ingredientes o l\u00edquidos en la tapa.<\/li>\n<li>Espejo de inspecci\u00f3n.<\/li>\n<li>Pelda\u00f1o de inspecci\u00f3n.<\/li>\n<li>Escal\u00f3n y plataforma para limpieza y a\u00f1adir ingredientes.<\/li>\n<li>Avance de tornillo autom\u00e1tico con inversi\u00f3n.<\/li>\n<li>Soporte para balanza (4 celdas de carga\/indicador digital &#8211; control de peso del lote).<\/li>\n<li>Control l\u00f3gico programable (PLC) con interfaz hombre-m\u00e1quina.<\/li>\n<li>Recipiente y paletas pulidas.<\/li>\n<li>Expulsor neum\u00e1tico del avance de tornillo.<\/li>\n<li>Protector interbloqueado con cerradura de tiempo.<\/li>\n<li>Monitoreo del agua con sistema de control PLC.<\/li>\n<li>Avance de tornillo autom\u00e1tico con inversi\u00f3n.<\/li>\n<li>Protector de descarga con interbloqueo de seguridad y bloqueo de tiempo.<\/li>\n<li>Inyecci\u00f3n de CO2 en la parte inferior y por la parte superior a trav\u00e9s de conos de nieve.<\/li>\n<li>Lectura de temperatura (verificar detalles existentes).<\/li>\n<li>Tapa pesada operada hidr\u00e1ulicamente para CO2.<\/li>\n<\/ul>\n<\/div>\n<\/div>\n<\/div>\n<div class=\"mt-1 flex justify-start gap-3 empty:hidden\">\n<div class=\"text-gray-400 flex self-end lg:self-center justify-center lg:justify-start mt-0 gap-1 visible\">\n<p>&nbsp;<\/p>\n<div class=\"flex gap-1\"><\/div>\n<div class=\"flex items-center gap-1.5 text-xs\"><\/div>\n<\/div>\n<\/div>\n<\/div>\n<\/div>\n<\/div>\n<\/div>\n<\/div>\n<\/div>\n<\/div>\n<\/div>\n<\/div>\n<div class=\"w-full pt-2 md:pt-0 dark:border-white\/20 md:border-transparent md:dark:border-transparent md:w-[calc(100%-.5rem)]\">\n<form class=\"stretch mx-2 flex flex-row gap-3 last:mb-2 md:mx-4 md:last:mb-6 lg:mx-auto lg:max-w-2xl xl:max-w-3xl\">\n<div class=\"relative flex h-full flex-1 items-stretch md:flex-col\">\n<div class=\"flex w-full items-center\"><\/div>\n<\/div>\n<\/form>\n<\/div>\n<\/div>\n<\/div>\n<\/div>\n<div class=\"mt-1 flex justify-start gap-3 empty:hidden\">\n<div class=\"text-gray-400 flex self-end lg:self-center justify-center lg:justify-start mt-0 gap-1 visible\">\n<p>&nbsp;<\/p>\n<div class=\"flex gap-1\"><\/div>\n<\/div>\n<\/div>\n<\/div>\n<\/div>\n<\/div>\n<\/div>\n<\/div>\n<div class=\"w-full text-token-text-primary\" data-testid=\"conversation-turn-32\">\n<div class=\"px-4 py-2 justify-center text-base md:gap-6 m-auto\">\n<div class=\"flex flex-1 text-base mx-auto gap-3 md:px-5 lg:px-1 xl:px-5 md:max-w-3xl lg:max-w-[40rem] xl:max-w-[48rem] group\">\n<div class=\"flex-shrink-0 flex flex-col relative items-end\">\n<div>\n<div class=\"pt-0.5\">\n<div class=\"gizmo-shadow-stroke flex h-6 w-6 items-center justify-center overflow-hidden rounded-full\"><\/div>\n<\/div>\n<\/div>\n<\/div>\n<\/div>\n<\/div>\n<\/div>\n","protected":false},"featured_media":815,"comment_status":"open","ping_status":"closed","template":"","meta":{"_coblocks_attr":"","_coblocks_dimensions":"","_coblocks_responsive_height":"","_coblocks_accordion_ie_support":"","_joinchat":[]},"product_brand":[],"product_cat":[77,76],"product_tag":[],"class_list":{"0":"post-814","1":"product","2":"type-product","3":"status-publish","4":"has-post-thumbnail","6":"product_cat-molinos-procesamiento","7":"product_cat-procesamiento","8":"ts_product_brand-thompson","10":"first","11":"instock","12":"shipping-taxable","13":"product-type-simple","14":"add-to-wishlist-after_add_to_cart"},"yoast_head":"<!-- This site is optimized with the Yoast SEO plugin v27.4 - https:\/\/yoast.com\/product\/yoast-seo-wordpress\/ -->\n<title>Thompson Serie 9000 - UltraSource<\/title>\n<meta name=\"robots\" content=\"index, follow, max-snippet:-1, max-image-preview:large, max-video-preview:-1\" \/>\n<link rel=\"canonical\" href=\"https:\/\/ultrasource.com.mx\/en\/product\/thompson-serie-9000\/\" \/>\n<meta property=\"og:locale\" content=\"en_US\" \/>\n<meta property=\"og:type\" content=\"article\" \/>\n<meta property=\"og:title\" content=\"Thompson Serie 9000 - UltraSource\" \/>\n<meta property=\"og:description\" content=\"La serie 9000 de mezcladoras\/trituradoras son mezcladoras en l\u00ednea, donde el avance de tornillo corre paralelo a las paletas de mezcla o son mezcladoras\/trituradoras de avance de tornillo que corre en \u00e1ngulo recto a las paletas, similar a la serie 5000.  M\u00e1s all\u00e1 de la espectacular capacidad de producci\u00f3n, la serie 9000 de la unidad de accionamiento de la mezcladora\/trituradora ha experimentado importantes mejoras de ingenier\u00eda.  Caracter\u00edsticas   460V, 50Hz, 3 fases (otras tensiones disponibles bajo pedido).  Barril, avance de tornillo y anillo de bloqueo de acero inoxidable #66 est\u00e1ndar.  Opci\u00f3n de sistema de molienda HECS de acero inoxidable de 11&quot; (280 mm).  Accionamiento directo helicoidal de 2 velocidades de 22 kW para picar y moler.  Capacidad de 1180 litros hasta la parte superior de la paleta; capacidad de mezcla de 2200 libras.  Capacidad de lote de 5 \u00d7 200 kg de recorte fresco.  Sistema de mezcla de accionamiento directo helicoidal de 11 kW con doble paleta.  Paletas gemelas de acero inoxidable reforzadas, contrarrotativas y superpuestas.  Ciclo de mezcla rec\u00edproco programado.  Protector de descarga con interbloqueo de seguridad y bloqueo de tiempo.  Expulsor neum\u00e1tico del avance de tornillo.  Construcci\u00f3n totalmente de acero inoxidable.  Soporte de acero inoxidable con almohadillas niveladoras: descarga en recipientes de 200 litros.               Opciones:   Motores de 30 kW, 37 kW.  Mezcla\/trituraci\u00f3n de velocidad variable.  Canal de descarga del producto con puertas controladas neum\u00e1ticamente, ya sea simple o doble.  Cabezal de corte #66 (220 mm o 8-5\/8&quot;).  Sistema de corte de alta eficiencia (HECS).  Cuchillo de avance y carro de placa.  Sistema Gemini.  Sistemas de corte para deshuesar\/desgrasar.  Tapa corrediza de seguridad con interbloqueo.  Canal para verter ingredientes o l\u00edquidos en la tapa.  Espejo de inspecci\u00f3n.  Pelda\u00f1o de inspecci\u00f3n.  Escal\u00f3n y plataforma para limpieza y a\u00f1adir ingredientes.  Avance de tornillo autom\u00e1tico con inversi\u00f3n.  Soporte para balanza (4 celdas de carga\/indicador digital - control de peso del lote).  Control l\u00f3gico programable (PLC) con interfaz hombre-m\u00e1quina.  Recipiente y paletas pulidas.  Expulsor neum\u00e1tico del avance de tornillo.  Protector interbloqueado con cerradura de tiempo.  Monitoreo del agua con sistema de control PLC.  Avance de tornillo autom\u00e1tico con inversi\u00f3n.  Protector de descarga con interbloqueo de seguridad y bloqueo de tiempo.  Inyecci\u00f3n de CO2 en la parte inferior y por la parte superior a trav\u00e9s de conos de nieve.  Lectura de temperatura (verificar detalles existentes).  Tapa pesada operada hidr\u00e1ulicamente para CO2.        &nbsp;                         &nbsp;\" \/>\n<meta property=\"og:url\" content=\"https:\/\/ultrasource.com.mx\/en\/product\/thompson-serie-9000\/\" \/>\n<meta property=\"og:site_name\" content=\"UltraSource\" \/>\n<meta property=\"article:publisher\" content=\"https:\/\/www.facebook.com\/UltraSourceUSA\/\" \/>\n<meta property=\"article:modified_time\" content=\"2024-09-03T00:00:49+00:00\" \/>\n<meta property=\"og:image\" content=\"https:\/\/ultrasource.com.mx\/wp-content\/uploads\/2023\/12\/Acr1571279139840-1048411.jpg\" \/>\n\t<meta property=\"og:image:width\" content=\"739\" \/>\n\t<meta property=\"og:image:height\" content=\"682\" \/>\n\t<meta property=\"og:image:type\" content=\"image\/jpeg\" \/>\n<meta name=\"twitter:card\" content=\"summary_large_image\" \/>\n<meta name=\"twitter:site\" content=\"@UltraSourceUSA\" \/>\n<meta name=\"twitter:label1\" content=\"Est. reading time\" \/>\n\t<meta name=\"twitter:data1\" content=\"1 minute\" \/>\n<script type=\"application\/ld+json\" class=\"yoast-schema-graph\">{\"@context\":\"https:\\\/\\\/schema.org\",\"@graph\":[{\"@type\":\"WebPage\",\"@id\":\"https:\\\/\\\/ultrasource.com.mx\\\/producto\\\/thompson-serie-9000\\\/\",\"url\":\"https:\\\/\\\/ultrasource.com.mx\\\/producto\\\/thompson-serie-9000\\\/\",\"name\":\"Thompson Serie 9000 - UltraSource\",\"isPartOf\":{\"@id\":\"https:\\\/\\\/ultrasource.com.mx\\\/#website\"},\"primaryImageOfPage\":{\"@id\":\"https:\\\/\\\/ultrasource.com.mx\\\/producto\\\/thompson-serie-9000\\\/#primaryimage\"},\"image\":{\"@id\":\"https:\\\/\\\/ultrasource.com.mx\\\/producto\\\/thompson-serie-9000\\\/#primaryimage\"},\"thumbnailUrl\":\"https:\\\/\\\/ultrasource.com.mx\\\/wp-content\\\/uploads\\\/2023\\\/12\\\/Acr1571279139840-1048411.jpg\",\"datePublished\":\"2023-12-31T05:41:43+00:00\",\"dateModified\":\"2024-09-03T00:00:49+00:00\",\"breadcrumb\":{\"@id\":\"https:\\\/\\\/ultrasource.com.mx\\\/producto\\\/thompson-serie-9000\\\/#breadcrumb\"},\"inLanguage\":\"en-US\",\"potentialAction\":[{\"@type\":\"ReadAction\",\"target\":[\"https:\\\/\\\/ultrasource.com.mx\\\/producto\\\/thompson-serie-9000\\\/\"]}]},{\"@type\":\"ImageObject\",\"inLanguage\":\"en-US\",\"@id\":\"https:\\\/\\\/ultrasource.com.mx\\\/producto\\\/thompson-serie-9000\\\/#primaryimage\",\"url\":\"https:\\\/\\\/ultrasource.com.mx\\\/wp-content\\\/uploads\\\/2023\\\/12\\\/Acr1571279139840-1048411.jpg\",\"contentUrl\":\"https:\\\/\\\/ultrasource.com.mx\\\/wp-content\\\/uploads\\\/2023\\\/12\\\/Acr1571279139840-1048411.jpg\",\"width\":739,\"height\":682},{\"@type\":\"BreadcrumbList\",\"@id\":\"https:\\\/\\\/ultrasource.com.mx\\\/producto\\\/thompson-serie-9000\\\/#breadcrumb\",\"itemListElement\":[{\"@type\":\"ListItem\",\"position\":1,\"name\":\"Portada\",\"item\":\"https:\\\/\\\/ultrasource.com.mx\\\/\"},{\"@type\":\"ListItem\",\"position\":2,\"name\":\"Catalog\",\"item\":\"https:\\\/\\\/ultrasource.com.mx\\\/catalog\\\/\"},{\"@type\":\"ListItem\",\"position\":3,\"name\":\"Thompson Serie 9000\"}]},{\"@type\":\"WebSite\",\"@id\":\"https:\\\/\\\/ultrasource.com.mx\\\/#website\",\"url\":\"https:\\\/\\\/ultrasource.com.mx\\\/\",\"name\":\"UltraSource\",\"description\":\"\",\"publisher\":{\"@id\":\"https:\\\/\\\/ultrasource.com.mx\\\/#organization\"},\"potentialAction\":[{\"@type\":\"SearchAction\",\"target\":{\"@type\":\"EntryPoint\",\"urlTemplate\":\"https:\\\/\\\/ultrasource.com.mx\\\/?s={search_term_string}\"},\"query-input\":{\"@type\":\"PropertyValueSpecification\",\"valueRequired\":true,\"valueName\":\"search_term_string\"}}],\"inLanguage\":\"en-US\"},{\"@type\":\"Organization\",\"@id\":\"https:\\\/\\\/ultrasource.com.mx\\\/#organization\",\"name\":\"UltraSource\",\"url\":\"https:\\\/\\\/ultrasource.com.mx\\\/\",\"logo\":{\"@type\":\"ImageObject\",\"inLanguage\":\"en-US\",\"@id\":\"https:\\\/\\\/ultrasource.com.mx\\\/#\\\/schema\\\/logo\\\/image\\\/\",\"url\":\"https:\\\/\\\/ultrasource.com.mx\\\/wp-content\\\/uploads\\\/2023\\\/02\\\/ultrasource-logo-vertical.svg\",\"contentUrl\":\"https:\\\/\\\/ultrasource.com.mx\\\/wp-content\\\/uploads\\\/2023\\\/02\\\/ultrasource-logo-vertical.svg\",\"width\":100,\"height\":100,\"caption\":\"UltraSource\"},\"image\":{\"@id\":\"https:\\\/\\\/ultrasource.com.mx\\\/#\\\/schema\\\/logo\\\/image\\\/\"},\"sameAs\":[\"https:\\\/\\\/www.facebook.com\\\/UltraSourceUSA\\\/\",\"https:\\\/\\\/x.com\\\/UltraSourceUSA\",\"http:\\\/\\\/www.linkedin.com\\\/company\\\/ultrasource-llc\",\"https:\\\/\\\/www.youtube.com\\\/channel\\\/UCNHEJAkgGhh_JOoO4DcBFmQ\"]}]}<\/script>\n<!-- \/ Yoast SEO plugin. -->","yoast_head_json":{"title":"Thompson Serie 9000 - UltraSource","robots":{"index":"index","follow":"follow","max-snippet":"max-snippet:-1","max-image-preview":"max-image-preview:large","max-video-preview":"max-video-preview:-1"},"canonical":"https:\/\/ultrasource.com.mx\/en\/product\/thompson-serie-9000\/","og_locale":"en_US","og_type":"article","og_title":"Thompson Serie 9000 - UltraSource","og_description":"La serie 9000 de mezcladoras\/trituradoras son mezcladoras en l\u00ednea, donde el avance de tornillo corre paralelo a las paletas de mezcla o son mezcladoras\/trituradoras de avance de tornillo que corre en \u00e1ngulo recto a las paletas, similar a la serie 5000.  M\u00e1s all\u00e1 de la espectacular capacidad de producci\u00f3n, la serie 9000 de la unidad de accionamiento de la mezcladora\/trituradora ha experimentado importantes mejoras de ingenier\u00eda.  Caracter\u00edsticas   460V, 50Hz, 3 fases (otras tensiones disponibles bajo pedido).  Barril, avance de tornillo y anillo de bloqueo de acero inoxidable #66 est\u00e1ndar.  Opci\u00f3n de sistema de molienda HECS de acero inoxidable de 11\" (280 mm).  Accionamiento directo helicoidal de 2 velocidades de 22 kW para picar y moler.  Capacidad de 1180 litros hasta la parte superior de la paleta; capacidad de mezcla de 2200 libras.  Capacidad de lote de 5 \u00d7 200 kg de recorte fresco.  Sistema de mezcla de accionamiento directo helicoidal de 11 kW con doble paleta.  Paletas gemelas de acero inoxidable reforzadas, contrarrotativas y superpuestas.  Ciclo de mezcla rec\u00edproco programado.  Protector de descarga con interbloqueo de seguridad y bloqueo de tiempo.  Expulsor neum\u00e1tico del avance de tornillo.  Construcci\u00f3n totalmente de acero inoxidable.  Soporte de acero inoxidable con almohadillas niveladoras: descarga en recipientes de 200 litros.               Opciones:   Motores de 30 kW, 37 kW.  Mezcla\/trituraci\u00f3n de velocidad variable.  Canal de descarga del producto con puertas controladas neum\u00e1ticamente, ya sea simple o doble.  Cabezal de corte #66 (220 mm o 8-5\/8\").  Sistema de corte de alta eficiencia (HECS).  Cuchillo de avance y carro de placa.  Sistema Gemini.  Sistemas de corte para deshuesar\/desgrasar.  Tapa corrediza de seguridad con interbloqueo.  Canal para verter ingredientes o l\u00edquidos en la tapa.  Espejo de inspecci\u00f3n.  Pelda\u00f1o de inspecci\u00f3n.  Escal\u00f3n y plataforma para limpieza y a\u00f1adir ingredientes.  Avance de tornillo autom\u00e1tico con inversi\u00f3n.  Soporte para balanza (4 celdas de carga\/indicador digital - control de peso del lote).  Control l\u00f3gico programable (PLC) con interfaz hombre-m\u00e1quina.  Recipiente y paletas pulidas.  Expulsor neum\u00e1tico del avance de tornillo.  Protector interbloqueado con cerradura de tiempo.  Monitoreo del agua con sistema de control PLC.  Avance de tornillo autom\u00e1tico con inversi\u00f3n.  Protector de descarga con interbloqueo de seguridad y bloqueo de tiempo.  Inyecci\u00f3n de CO2 en la parte inferior y por la parte superior a trav\u00e9s de conos de nieve.  Lectura de temperatura (verificar detalles existentes).  Tapa pesada operada hidr\u00e1ulicamente para CO2.        &nbsp;                         &nbsp;","og_url":"https:\/\/ultrasource.com.mx\/en\/product\/thompson-serie-9000\/","og_site_name":"UltraSource","article_publisher":"https:\/\/www.facebook.com\/UltraSourceUSA\/","article_modified_time":"2024-09-03T00:00:49+00:00","og_image":[{"width":739,"height":682,"url":"https:\/\/ultrasource.com.mx\/wp-content\/uploads\/2023\/12\/Acr1571279139840-1048411.jpg","type":"image\/jpeg"}],"twitter_card":"summary_large_image","twitter_site":"@UltraSourceUSA","twitter_misc":{"Est. reading time":"1 minute"},"schema":{"@context":"https:\/\/schema.org","@graph":[{"@type":"WebPage","@id":"https:\/\/ultrasource.com.mx\/producto\/thompson-serie-9000\/","url":"https:\/\/ultrasource.com.mx\/producto\/thompson-serie-9000\/","name":"Thompson Serie 9000 - UltraSource","isPartOf":{"@id":"https:\/\/ultrasource.com.mx\/#website"},"primaryImageOfPage":{"@id":"https:\/\/ultrasource.com.mx\/producto\/thompson-serie-9000\/#primaryimage"},"image":{"@id":"https:\/\/ultrasource.com.mx\/producto\/thompson-serie-9000\/#primaryimage"},"thumbnailUrl":"https:\/\/ultrasource.com.mx\/wp-content\/uploads\/2023\/12\/Acr1571279139840-1048411.jpg","datePublished":"2023-12-31T05:41:43+00:00","dateModified":"2024-09-03T00:00:49+00:00","breadcrumb":{"@id":"https:\/\/ultrasource.com.mx\/producto\/thompson-serie-9000\/#breadcrumb"},"inLanguage":"en-US","potentialAction":[{"@type":"ReadAction","target":["https:\/\/ultrasource.com.mx\/producto\/thompson-serie-9000\/"]}]},{"@type":"ImageObject","inLanguage":"en-US","@id":"https:\/\/ultrasource.com.mx\/producto\/thompson-serie-9000\/#primaryimage","url":"https:\/\/ultrasource.com.mx\/wp-content\/uploads\/2023\/12\/Acr1571279139840-1048411.jpg","contentUrl":"https:\/\/ultrasource.com.mx\/wp-content\/uploads\/2023\/12\/Acr1571279139840-1048411.jpg","width":739,"height":682},{"@type":"BreadcrumbList","@id":"https:\/\/ultrasource.com.mx\/producto\/thompson-serie-9000\/#breadcrumb","itemListElement":[{"@type":"ListItem","position":1,"name":"Portada","item":"https:\/\/ultrasource.com.mx\/"},{"@type":"ListItem","position":2,"name":"Catalog","item":"https:\/\/ultrasource.com.mx\/catalog\/"},{"@type":"ListItem","position":3,"name":"Thompson Serie 9000"}]},{"@type":"WebSite","@id":"https:\/\/ultrasource.com.mx\/#website","url":"https:\/\/ultrasource.com.mx\/","name":"UltraSource","description":"","publisher":{"@id":"https:\/\/ultrasource.com.mx\/#organization"},"potentialAction":[{"@type":"SearchAction","target":{"@type":"EntryPoint","urlTemplate":"https:\/\/ultrasource.com.mx\/?s={search_term_string}"},"query-input":{"@type":"PropertyValueSpecification","valueRequired":true,"valueName":"search_term_string"}}],"inLanguage":"en-US"},{"@type":"Organization","@id":"https:\/\/ultrasource.com.mx\/#organization","name":"UltraSource","url":"https:\/\/ultrasource.com.mx\/","logo":{"@type":"ImageObject","inLanguage":"en-US","@id":"https:\/\/ultrasource.com.mx\/#\/schema\/logo\/image\/","url":"https:\/\/ultrasource.com.mx\/wp-content\/uploads\/2023\/02\/ultrasource-logo-vertical.svg","contentUrl":"https:\/\/ultrasource.com.mx\/wp-content\/uploads\/2023\/02\/ultrasource-logo-vertical.svg","width":100,"height":100,"caption":"UltraSource"},"image":{"@id":"https:\/\/ultrasource.com.mx\/#\/schema\/logo\/image\/"},"sameAs":["https:\/\/www.facebook.com\/UltraSourceUSA\/","https:\/\/x.com\/UltraSourceUSA","http:\/\/www.linkedin.com\/company\/ultrasource-llc","https:\/\/www.youtube.com\/channel\/UCNHEJAkgGhh_JOoO4DcBFmQ"]}]}},"_links":{"self":[{"href":"https:\/\/ultrasource.com.mx\/en\/wp-json\/wp\/v2\/product\/814","targetHints":{"allow":["GET"]}}],"collection":[{"href":"https:\/\/ultrasource.com.mx\/en\/wp-json\/wp\/v2\/product"}],"about":[{"href":"https:\/\/ultrasource.com.mx\/en\/wp-json\/wp\/v2\/types\/product"}],"replies":[{"embeddable":true,"href":"https:\/\/ultrasource.com.mx\/en\/wp-json\/wp\/v2\/comments?post=814"}],"wp:featuredmedia":[{"embeddable":true,"href":"https:\/\/ultrasource.com.mx\/en\/wp-json\/wp\/v2\/media\/815"}],"wp:attachment":[{"href":"https:\/\/ultrasource.com.mx\/en\/wp-json\/wp\/v2\/media?parent=814"}],"wp:term":[{"taxonomy":"product_brand","embeddable":true,"href":"https:\/\/ultrasource.com.mx\/en\/wp-json\/wp\/v2\/product_brand?post=814"},{"taxonomy":"product_cat","embeddable":true,"href":"https:\/\/ultrasource.com.mx\/en\/wp-json\/wp\/v2\/product_cat?post=814"},{"taxonomy":"product_tag","embeddable":true,"href":"https:\/\/ultrasource.com.mx\/en\/wp-json\/wp\/v2\/product_tag?post=814"}],"curies":[{"name":"wp","href":"https:\/\/api.w.org\/{rel}","templated":true}]}}