{"id":811,"date":"2023-12-31T05:36:05","date_gmt":"2023-12-31T05:36:05","guid":{"rendered":"https:\/\/ultrasource.com.mx\/?post_type=product&#038;p=811"},"modified":"2024-09-03T00:00:49","modified_gmt":"2024-09-03T00:00:49","slug":"thompson-6600","status":"publish","type":"product","link":"https:\/\/ultrasource.com.mx\/en\/product\/thompson-6600\/","title":{"rendered":"Thompson 6600"},"content":{"rendered":"<p><strong>Caracter\u00edsticas<\/strong><\/p>\n<ul>\n<li>Cabezal de trituraci\u00f3n de tama\u00f1o #66 (220 mm).<\/li>\n<li>Volumen de tolva de 900 litros.<\/li>\n<li>Capacidad de mezcla de 600 kg (1,322 libras).<\/li>\n<li>Construcci\u00f3n de acero inoxidable s\u00f3lido, sin costuras, totalmente soldado, tanto por dentro como por fuera.<\/li>\n<li>Acci\u00f3n autom\u00e1tica de mezcla hacia adelante\/atr\u00e1s.<\/li>\n<li>Doble avance de tornillo s\u00f3lido de acero inoxidable, paleta de mezcla de acero inoxidable y cabezal de trituraci\u00f3n de acero inoxidable.<\/li>\n<li>Accionamientos independientes de engranajes helicoidales para mezcla y trituraci\u00f3n.<\/li>\n<li>Ruedas bloqueables de servicio pesado.<\/li>\n<li>Espejo de inspecci\u00f3n.<\/li>\n<\/ul>","protected":false},"excerpt":{"rendered":"<p>Dise\u00f1ada para entornos de producci\u00f3n de gran volumen, nuestra mezcladora\/trituradora industrial Thompson 6600 es capaz de moler carne fresca o congelada (piezas de 1-1\/2&#8243; o material desmenuzado a -10\u00b0C), produciendo hasta 6,400 kilogramos (14,110 libras) por hora (dependiendo del tama\u00f1o de la placa, la temperatura del producto y el producto en s\u00ed). Con una capacidad de tolva de 900 litros (1,200 libras), el rango de producci\u00f3n es ilimitado.<\/p>\n<p>La mezcla contrarrotativa multidireccional produce lotes completamente mezclados Para aumentar la eficiencia de mezcla requerida al combinar lotes tan grandes de producto, nuestro modelo 6600 cuenta con paletas de mezcla gemelas superpuestas que se mueven en direcciones opuestas, combinadas con el avance de tornillo de transferencia de acci\u00f3n inversa. Adem\u00e1s, el avance de tornillo de transferencia opera en reversa, desplazando el producto lejos del canal de avance de tornillo de transferencia, lo que resulta en lotes completamente mezclados.<\/p>\n<p>El resultado: Presi\u00f3n m\u00ednima. Corte limpio. Aumento m\u00ednimo de temperatura. M\u00e1xima definici\u00f3n de part\u00edculas.<\/p>\n<p>El cabezal de trituraci\u00f3n de tama\u00f1o #56 (152.4 mm) ofrece tasas de producci\u00f3n elevadas para una variedad de productos, incluyendo carne fresca y templada o congelada desmenuzada. Equipado con accionamientos de engranajes independientes confiables, nunca tendr\u00e1 que preocuparse por tiempos de inactividad debido a fallos de correas o cadenas.<\/p>\n<p>&nbsp;<\/p>\n<p><strong>Caracter\u00edsticas<\/strong><\/p>\n<ul>\n<li>Cabezal de trituraci\u00f3n de tama\u00f1o #66 (220 mm).<\/li>\n<li>Volumen de tolva de 900 litros.<\/li>\n<li>Capacidad de mezcla de 600 kg (1,322 libras).<\/li>\n<li>Construcci\u00f3n de acero inoxidable s\u00f3lido, sin costuras, totalmente soldado, tanto por dentro como por fuera.<\/li>\n<li>Acci\u00f3n autom\u00e1tica de mezcla hacia adelante\/atr\u00e1s.<\/li>\n<li>Doble avance de tornillo s\u00f3lido de acero inoxidable, paleta de mezcla de acero inoxidable y cabezal de trituraci\u00f3n de acero inoxidable.<\/li>\n<li>Accionamientos independientes de engranajes helicoidales para mezcla y trituraci\u00f3n.<\/li>\n<li>Ruedas bloqueables de servicio pesado.<\/li>\n<li>Espejo de inspecci\u00f3n.<\/li>\n<\/ul>\n<p>&nbsp;<\/p>\n<p><strong>Opciones<\/strong><\/p>\n<ul>\n<li>Accionamientos de velocidad variable.<\/li>\n<li>Controles programables mediante PLC.<\/li>\n<li>Term\u00f3metro digital.<\/li>\n<li>Cierre de descarga medible.<\/li>\n<li>Tapa neum\u00e1tica.<\/li>\n<li>Vac\u00edo.<\/li>\n<li>Enfriamiento con CO2.<\/li>\n<li>Sistema de eliminaci\u00f3n de huesos.<\/li>\n<li>Cuchillo de avance y carro de placa.<\/li>\n<li>Elevador autom\u00e1tico para buggy de capacidad de 400 libras (buggy no incluido).<\/li>\n<li>Pelda\u00f1o de inspecci\u00f3n con interbloqueo de seguridad (codificado magn\u00e9ticamente).<\/li>\n<li>Tapa de forma de domo con interbloqueo de servicio pesado y ranuras de visualizaci\u00f3n para agregar especias u otros ingredientes mientras se mezcla. La acci\u00f3n de mezcla se detiene cuando se libera el bloqueo de seguridad en la tapa.<\/li>\n<\/ul>","protected":false},"featured_media":812,"comment_status":"open","ping_status":"closed","template":"","meta":{"_coblocks_attr":"","_coblocks_dimensions":"","_coblocks_responsive_height":"","_coblocks_accordion_ie_support":"","_joinchat":[]},"product_brand":[],"product_cat":[77,76],"product_tag":[],"class_list":{"0":"post-811","1":"product","2":"type-product","3":"status-publish","4":"has-post-thumbnail","6":"product_cat-molinos-procesamiento","7":"product_cat-procesamiento","8":"ts_product_brand-thompson","10":"first","11":"instock","12":"shipping-taxable","13":"product-type-simple","14":"add-to-wishlist-after_add_to_cart"},"yoast_head":"<!-- This site is optimized with the Yoast SEO plugin v27.4 - https:\/\/yoast.com\/product\/yoast-seo-wordpress\/ -->\n<title>Thompson 6600 - UltraSource<\/title>\n<meta name=\"robots\" content=\"index, follow, max-snippet:-1, max-image-preview:large, max-video-preview:-1\" \/>\n<link rel=\"canonical\" href=\"https:\/\/ultrasource.com.mx\/en\/product\/thompson-6600\/\" \/>\n<meta property=\"og:locale\" content=\"en_US\" \/>\n<meta property=\"og:type\" content=\"article\" \/>\n<meta property=\"og:title\" content=\"Thompson 6600 - UltraSource\" \/>\n<meta property=\"og:description\" content=\"Dise\u00f1ada para entornos de producci\u00f3n de gran volumen, nuestra mezcladora\/trituradora industrial Thompson 6600 es capaz de moler carne fresca o congelada (piezas de 1-1\/2&quot; o material desmenuzado a -10\u00b0C), produciendo hasta 6,400 kilogramos (14,110 libras) por hora (dependiendo del tama\u00f1o de la placa, la temperatura del producto y el producto en s\u00ed). Con una capacidad de tolva de 900 litros (1,200 libras), el rango de producci\u00f3n es ilimitado.  La mezcla contrarrotativa multidireccional produce lotes completamente mezclados Para aumentar la eficiencia de mezcla requerida al combinar lotes tan grandes de producto, nuestro modelo 6600 cuenta con paletas de mezcla gemelas superpuestas que se mueven en direcciones opuestas, combinadas con el avance de tornillo de transferencia de acci\u00f3n inversa. Adem\u00e1s, el avance de tornillo de transferencia opera en reversa, desplazando el producto lejos del canal de avance de tornillo de transferencia, lo que resulta en lotes completamente mezclados.  El resultado: Presi\u00f3n m\u00ednima. Corte limpio. Aumento m\u00ednimo de temperatura. M\u00e1xima definici\u00f3n de part\u00edculas.  El cabezal de trituraci\u00f3n de tama\u00f1o #56 (152.4 mm) ofrece tasas de producci\u00f3n elevadas para una variedad de productos, incluyendo carne fresca y templada o congelada desmenuzada. Equipado con accionamientos de engranajes independientes confiables, nunca tendr\u00e1 que preocuparse por tiempos de inactividad debido a fallos de correas o cadenas.  &nbsp;  Caracter\u00edsticas   Cabezal de trituraci\u00f3n de tama\u00f1o #66 (220 mm).  Volumen de tolva de 900 litros.  Capacidad de mezcla de 600 kg (1,322 libras).  Construcci\u00f3n de acero inoxidable s\u00f3lido, sin costuras, totalmente soldado, tanto por dentro como por fuera.  Acci\u00f3n autom\u00e1tica de mezcla hacia adelante\/atr\u00e1s.  Doble avance de tornillo s\u00f3lido de acero inoxidable, paleta de mezcla de acero inoxidable y cabezal de trituraci\u00f3n de acero inoxidable.  Accionamientos independientes de engranajes helicoidales para mezcla y trituraci\u00f3n.  Ruedas bloqueables de servicio pesado.  Espejo de inspecci\u00f3n.  &nbsp;  Opciones   Accionamientos de velocidad variable.  Controles programables mediante PLC.  Term\u00f3metro digital.  Cierre de descarga medible.  Tapa neum\u00e1tica.  Vac\u00edo.  Enfriamiento con CO2.  Sistema de eliminaci\u00f3n de huesos.  Cuchillo de avance y carro de placa.  Elevador autom\u00e1tico para buggy de capacidad de 400 libras (buggy no incluido).  Pelda\u00f1o de inspecci\u00f3n con interbloqueo de seguridad (codificado magn\u00e9ticamente).  Tapa de forma de domo con interbloqueo de servicio pesado y ranuras de visualizaci\u00f3n para agregar especias u otros ingredientes mientras se mezcla. La acci\u00f3n de mezcla se detiene cuando se libera el bloqueo de seguridad en la tapa.\" \/>\n<meta property=\"og:url\" content=\"https:\/\/ultrasource.com.mx\/en\/product\/thompson-6600\/\" \/>\n<meta property=\"og:site_name\" content=\"UltraSource\" \/>\n<meta property=\"article:publisher\" content=\"https:\/\/www.facebook.com\/UltraSourceUSA\/\" \/>\n<meta property=\"article:modified_time\" content=\"2024-09-03T00:00:49+00:00\" \/>\n<meta property=\"og:image\" content=\"https:\/\/ultrasource.com.mx\/wp-content\/uploads\/2023\/12\/6600-MM-Lid-Open-Plate-Guard-Closed-Bin-Tipped-Up_IMG_2312-scaled.jpg\" \/>\n\t<meta property=\"og:image:width\" content=\"1707\" \/>\n\t<meta property=\"og:image:height\" content=\"2560\" \/>\n\t<meta property=\"og:image:type\" content=\"image\/jpeg\" \/>\n<meta name=\"twitter:card\" content=\"summary_large_image\" \/>\n<meta name=\"twitter:site\" content=\"@UltraSourceUSA\" \/>\n<meta name=\"twitter:label1\" content=\"Est. reading time\" \/>\n\t<meta name=\"twitter:data1\" content=\"1 minute\" \/>\n<script type=\"application\/ld+json\" class=\"yoast-schema-graph\">{\"@context\":\"https:\\\/\\\/schema.org\",\"@graph\":[{\"@type\":\"WebPage\",\"@id\":\"https:\\\/\\\/ultrasource.com.mx\\\/en\\\/product\\\/thompson-6600\\\/\",\"url\":\"https:\\\/\\\/ultrasource.com.mx\\\/en\\\/product\\\/thompson-6600\\\/\",\"name\":\"Thompson 6600 - UltraSource\",\"isPartOf\":{\"@id\":\"https:\\\/\\\/ultrasource.com.mx\\\/#website\"},\"primaryImageOfPage\":{\"@id\":\"https:\\\/\\\/ultrasource.com.mx\\\/en\\\/product\\\/thompson-6600\\\/#primaryimage\"},\"image\":{\"@id\":\"https:\\\/\\\/ultrasource.com.mx\\\/en\\\/product\\\/thompson-6600\\\/#primaryimage\"},\"thumbnailUrl\":\"https:\\\/\\\/ultrasource.com.mx\\\/wp-content\\\/uploads\\\/2023\\\/12\\\/6600-MM-Lid-Open-Plate-Guard-Closed-Bin-Tipped-Up_IMG_2312-scaled.jpg\",\"datePublished\":\"2023-12-31T05:36:05+00:00\",\"dateModified\":\"2024-09-03T00:00:49+00:00\",\"breadcrumb\":{\"@id\":\"https:\\\/\\\/ultrasource.com.mx\\\/en\\\/product\\\/thompson-6600\\\/#breadcrumb\"},\"inLanguage\":\"en-US\",\"potentialAction\":[{\"@type\":\"ReadAction\",\"target\":[\"https:\\\/\\\/ultrasource.com.mx\\\/en\\\/product\\\/thompson-6600\\\/\"]}]},{\"@type\":\"ImageObject\",\"inLanguage\":\"en-US\",\"@id\":\"https:\\\/\\\/ultrasource.com.mx\\\/en\\\/product\\\/thompson-6600\\\/#primaryimage\",\"url\":\"https:\\\/\\\/ultrasource.com.mx\\\/wp-content\\\/uploads\\\/2023\\\/12\\\/6600-MM-Lid-Open-Plate-Guard-Closed-Bin-Tipped-Up_IMG_2312-scaled.jpg\",\"contentUrl\":\"https:\\\/\\\/ultrasource.com.mx\\\/wp-content\\\/uploads\\\/2023\\\/12\\\/6600-MM-Lid-Open-Plate-Guard-Closed-Bin-Tipped-Up_IMG_2312-scaled.jpg\",\"width\":1707,\"height\":2560},{\"@type\":\"BreadcrumbList\",\"@id\":\"https:\\\/\\\/ultrasource.com.mx\\\/en\\\/product\\\/thompson-6600\\\/#breadcrumb\",\"itemListElement\":[{\"@type\":\"ListItem\",\"position\":1,\"name\":\"Portada\",\"item\":\"https:\\\/\\\/ultrasource.com.mx\\\/\"},{\"@type\":\"ListItem\",\"position\":2,\"name\":\"Catalog\",\"item\":\"https:\\\/\\\/ultrasource.com.mx\\\/catalog\\\/\"},{\"@type\":\"ListItem\",\"position\":3,\"name\":\"Thompson 6600\"}]},{\"@type\":\"WebSite\",\"@id\":\"https:\\\/\\\/ultrasource.com.mx\\\/#website\",\"url\":\"https:\\\/\\\/ultrasource.com.mx\\\/\",\"name\":\"UltraSource\",\"description\":\"\",\"publisher\":{\"@id\":\"https:\\\/\\\/ultrasource.com.mx\\\/#organization\"},\"potentialAction\":[{\"@type\":\"SearchAction\",\"target\":{\"@type\":\"EntryPoint\",\"urlTemplate\":\"https:\\\/\\\/ultrasource.com.mx\\\/?s={search_term_string}\"},\"query-input\":{\"@type\":\"PropertyValueSpecification\",\"valueRequired\":true,\"valueName\":\"search_term_string\"}}],\"inLanguage\":\"en-US\"},{\"@type\":\"Organization\",\"@id\":\"https:\\\/\\\/ultrasource.com.mx\\\/#organization\",\"name\":\"UltraSource\",\"url\":\"https:\\\/\\\/ultrasource.com.mx\\\/\",\"logo\":{\"@type\":\"ImageObject\",\"inLanguage\":\"en-US\",\"@id\":\"https:\\\/\\\/ultrasource.com.mx\\\/#\\\/schema\\\/logo\\\/image\\\/\",\"url\":\"https:\\\/\\\/ultrasource.com.mx\\\/wp-content\\\/uploads\\\/2023\\\/02\\\/ultrasource-logo-vertical.svg\",\"contentUrl\":\"https:\\\/\\\/ultrasource.com.mx\\\/wp-content\\\/uploads\\\/2023\\\/02\\\/ultrasource-logo-vertical.svg\",\"width\":100,\"height\":100,\"caption\":\"UltraSource\"},\"image\":{\"@id\":\"https:\\\/\\\/ultrasource.com.mx\\\/#\\\/schema\\\/logo\\\/image\\\/\"},\"sameAs\":[\"https:\\\/\\\/www.facebook.com\\\/UltraSourceUSA\\\/\",\"https:\\\/\\\/x.com\\\/UltraSourceUSA\",\"http:\\\/\\\/www.linkedin.com\\\/company\\\/ultrasource-llc\",\"https:\\\/\\\/www.youtube.com\\\/channel\\\/UCNHEJAkgGhh_JOoO4DcBFmQ\"]}]}<\/script>\n<!-- \/ Yoast SEO plugin. -->","yoast_head_json":{"title":"Thompson 6600 - UltraSource","robots":{"index":"index","follow":"follow","max-snippet":"max-snippet:-1","max-image-preview":"max-image-preview:large","max-video-preview":"max-video-preview:-1"},"canonical":"https:\/\/ultrasource.com.mx\/en\/product\/thompson-6600\/","og_locale":"en_US","og_type":"article","og_title":"Thompson 6600 - UltraSource","og_description":"Dise\u00f1ada para entornos de producci\u00f3n de gran volumen, nuestra mezcladora\/trituradora industrial Thompson 6600 es capaz de moler carne fresca o congelada (piezas de 1-1\/2\" o material desmenuzado a -10\u00b0C), produciendo hasta 6,400 kilogramos (14,110 libras) por hora (dependiendo del tama\u00f1o de la placa, la temperatura del producto y el producto en s\u00ed). Con una capacidad de tolva de 900 litros (1,200 libras), el rango de producci\u00f3n es ilimitado.  La mezcla contrarrotativa multidireccional produce lotes completamente mezclados Para aumentar la eficiencia de mezcla requerida al combinar lotes tan grandes de producto, nuestro modelo 6600 cuenta con paletas de mezcla gemelas superpuestas que se mueven en direcciones opuestas, combinadas con el avance de tornillo de transferencia de acci\u00f3n inversa. Adem\u00e1s, el avance de tornillo de transferencia opera en reversa, desplazando el producto lejos del canal de avance de tornillo de transferencia, lo que resulta en lotes completamente mezclados.  El resultado: Presi\u00f3n m\u00ednima. Corte limpio. Aumento m\u00ednimo de temperatura. M\u00e1xima definici\u00f3n de part\u00edculas.  El cabezal de trituraci\u00f3n de tama\u00f1o #56 (152.4 mm) ofrece tasas de producci\u00f3n elevadas para una variedad de productos, incluyendo carne fresca y templada o congelada desmenuzada. Equipado con accionamientos de engranajes independientes confiables, nunca tendr\u00e1 que preocuparse por tiempos de inactividad debido a fallos de correas o cadenas.  &nbsp;  Caracter\u00edsticas   Cabezal de trituraci\u00f3n de tama\u00f1o #66 (220 mm).  Volumen de tolva de 900 litros.  Capacidad de mezcla de 600 kg (1,322 libras).  Construcci\u00f3n de acero inoxidable s\u00f3lido, sin costuras, totalmente soldado, tanto por dentro como por fuera.  Acci\u00f3n autom\u00e1tica de mezcla hacia adelante\/atr\u00e1s.  Doble avance de tornillo s\u00f3lido de acero inoxidable, paleta de mezcla de acero inoxidable y cabezal de trituraci\u00f3n de acero inoxidable.  Accionamientos independientes de engranajes helicoidales para mezcla y trituraci\u00f3n.  Ruedas bloqueables de servicio pesado.  Espejo de inspecci\u00f3n.  &nbsp;  Opciones   Accionamientos de velocidad variable.  Controles programables mediante PLC.  Term\u00f3metro digital.  Cierre de descarga medible.  Tapa neum\u00e1tica.  Vac\u00edo.  Enfriamiento con CO2.  Sistema de eliminaci\u00f3n de huesos.  Cuchillo de avance y carro de placa.  Elevador autom\u00e1tico para buggy de capacidad de 400 libras (buggy no incluido).  Pelda\u00f1o de inspecci\u00f3n con interbloqueo de seguridad (codificado magn\u00e9ticamente).  Tapa de forma de domo con interbloqueo de servicio pesado y ranuras de visualizaci\u00f3n para agregar especias u otros ingredientes mientras se mezcla. La acci\u00f3n de mezcla se detiene cuando se libera el bloqueo de seguridad en la tapa.","og_url":"https:\/\/ultrasource.com.mx\/en\/product\/thompson-6600\/","og_site_name":"UltraSource","article_publisher":"https:\/\/www.facebook.com\/UltraSourceUSA\/","article_modified_time":"2024-09-03T00:00:49+00:00","og_image":[{"width":1707,"height":2560,"url":"https:\/\/ultrasource.com.mx\/wp-content\/uploads\/2023\/12\/6600-MM-Lid-Open-Plate-Guard-Closed-Bin-Tipped-Up_IMG_2312-scaled.jpg","type":"image\/jpeg"}],"twitter_card":"summary_large_image","twitter_site":"@UltraSourceUSA","twitter_misc":{"Est. reading time":"1 minute"},"schema":{"@context":"https:\/\/schema.org","@graph":[{"@type":"WebPage","@id":"https:\/\/ultrasource.com.mx\/en\/product\/thompson-6600\/","url":"https:\/\/ultrasource.com.mx\/en\/product\/thompson-6600\/","name":"Thompson 6600 - UltraSource","isPartOf":{"@id":"https:\/\/ultrasource.com.mx\/#website"},"primaryImageOfPage":{"@id":"https:\/\/ultrasource.com.mx\/en\/product\/thompson-6600\/#primaryimage"},"image":{"@id":"https:\/\/ultrasource.com.mx\/en\/product\/thompson-6600\/#primaryimage"},"thumbnailUrl":"https:\/\/ultrasource.com.mx\/wp-content\/uploads\/2023\/12\/6600-MM-Lid-Open-Plate-Guard-Closed-Bin-Tipped-Up_IMG_2312-scaled.jpg","datePublished":"2023-12-31T05:36:05+00:00","dateModified":"2024-09-03T00:00:49+00:00","breadcrumb":{"@id":"https:\/\/ultrasource.com.mx\/en\/product\/thompson-6600\/#breadcrumb"},"inLanguage":"en-US","potentialAction":[{"@type":"ReadAction","target":["https:\/\/ultrasource.com.mx\/en\/product\/thompson-6600\/"]}]},{"@type":"ImageObject","inLanguage":"en-US","@id":"https:\/\/ultrasource.com.mx\/en\/product\/thompson-6600\/#primaryimage","url":"https:\/\/ultrasource.com.mx\/wp-content\/uploads\/2023\/12\/6600-MM-Lid-Open-Plate-Guard-Closed-Bin-Tipped-Up_IMG_2312-scaled.jpg","contentUrl":"https:\/\/ultrasource.com.mx\/wp-content\/uploads\/2023\/12\/6600-MM-Lid-Open-Plate-Guard-Closed-Bin-Tipped-Up_IMG_2312-scaled.jpg","width":1707,"height":2560},{"@type":"BreadcrumbList","@id":"https:\/\/ultrasource.com.mx\/en\/product\/thompson-6600\/#breadcrumb","itemListElement":[{"@type":"ListItem","position":1,"name":"Portada","item":"https:\/\/ultrasource.com.mx\/"},{"@type":"ListItem","position":2,"name":"Catalog","item":"https:\/\/ultrasource.com.mx\/catalog\/"},{"@type":"ListItem","position":3,"name":"Thompson 6600"}]},{"@type":"WebSite","@id":"https:\/\/ultrasource.com.mx\/#website","url":"https:\/\/ultrasource.com.mx\/","name":"UltraSource","description":"","publisher":{"@id":"https:\/\/ultrasource.com.mx\/#organization"},"potentialAction":[{"@type":"SearchAction","target":{"@type":"EntryPoint","urlTemplate":"https:\/\/ultrasource.com.mx\/?s={search_term_string}"},"query-input":{"@type":"PropertyValueSpecification","valueRequired":true,"valueName":"search_term_string"}}],"inLanguage":"en-US"},{"@type":"Organization","@id":"https:\/\/ultrasource.com.mx\/#organization","name":"UltraSource","url":"https:\/\/ultrasource.com.mx\/","logo":{"@type":"ImageObject","inLanguage":"en-US","@id":"https:\/\/ultrasource.com.mx\/#\/schema\/logo\/image\/","url":"https:\/\/ultrasource.com.mx\/wp-content\/uploads\/2023\/02\/ultrasource-logo-vertical.svg","contentUrl":"https:\/\/ultrasource.com.mx\/wp-content\/uploads\/2023\/02\/ultrasource-logo-vertical.svg","width":100,"height":100,"caption":"UltraSource"},"image":{"@id":"https:\/\/ultrasource.com.mx\/#\/schema\/logo\/image\/"},"sameAs":["https:\/\/www.facebook.com\/UltraSourceUSA\/","https:\/\/x.com\/UltraSourceUSA","http:\/\/www.linkedin.com\/company\/ultrasource-llc","https:\/\/www.youtube.com\/channel\/UCNHEJAkgGhh_JOoO4DcBFmQ"]}]}},"_links":{"self":[{"href":"https:\/\/ultrasource.com.mx\/en\/wp-json\/wp\/v2\/product\/811","targetHints":{"allow":["GET"]}}],"collection":[{"href":"https:\/\/ultrasource.com.mx\/en\/wp-json\/wp\/v2\/product"}],"about":[{"href":"https:\/\/ultrasource.com.mx\/en\/wp-json\/wp\/v2\/types\/product"}],"replies":[{"embeddable":true,"href":"https:\/\/ultrasource.com.mx\/en\/wp-json\/wp\/v2\/comments?post=811"}],"wp:featuredmedia":[{"embeddable":true,"href":"https:\/\/ultrasource.com.mx\/en\/wp-json\/wp\/v2\/media\/812"}],"wp:attachment":[{"href":"https:\/\/ultrasource.com.mx\/en\/wp-json\/wp\/v2\/media?parent=811"}],"wp:term":[{"taxonomy":"product_brand","embeddable":true,"href":"https:\/\/ultrasource.com.mx\/en\/wp-json\/wp\/v2\/product_brand?post=811"},{"taxonomy":"product_cat","embeddable":true,"href":"https:\/\/ultrasource.com.mx\/en\/wp-json\/wp\/v2\/product_cat?post=811"},{"taxonomy":"product_tag","embeddable":true,"href":"https:\/\/ultrasource.com.mx\/en\/wp-json\/wp\/v2\/product_tag?post=811"}],"curies":[{"name":"wp","href":"https:\/\/api.w.org\/{rel}","templated":true}]}}