{"id":806,"date":"2023-12-31T05:28:43","date_gmt":"2023-12-31T05:28:43","guid":{"rendered":"https:\/\/ultrasource.com.mx\/?post_type=product&#038;p=806"},"modified":"2024-09-03T00:00:50","modified_gmt":"2024-09-03T00:00:50","slug":"thompson-serie-4300c","status":"publish","type":"product","link":"https:\/\/ultrasource.com.mx\/en\/product\/thompson-serie-4300c\/","title":{"rendered":"Thompson Serie 4300C"},"content":{"rendered":"<p>Caracter\u00edsticas<\/p>\n<ul>\n<li>Volumen de tolva de 400 litros.<\/li>\n<li>Capacidad de mezcla de 550 libras (250 kg).<\/li>\n<li>Accionamiento directo, sin cadenas ni correas.<\/li>\n<li>Motor de 20 hp (dos velocidades).<\/li>\n<li>Cabezal de trituraci\u00f3n de 6&#8243; (#56).<\/li>\n<li>Mezcla autom\u00e1tica hacia adelante y hacia atr\u00e1s.<\/li>\n<li>Peso de env\u00edo: 2,161 libras.<\/li>\n<\/ul>\n<p>&nbsp;<\/p>\n<p>Opciones<\/p>\n<ul>\n<li>Cabezal de trituraci\u00f3n de 8-5\/8&#8243; (#66).<\/li>\n<li>Accionamientos de velocidad variable.<\/li>\n<li>Controles programables mediante PLC.<\/li>\n<li>Conexiones para producci\u00f3n en t\u00e1ndem (Gemini).<\/li>\n<li>Sistema de eliminaci\u00f3n de huesos.<\/li>\n<li>Avance de tornillo, cuchillo y carro de placa.<\/li>\n<li>Chute de ingredientes.<\/li>\n<\/ul>","protected":false},"excerpt":{"rendered":"<p>Caracter\u00edsticas<\/p>\n<ul>\n<li>Volumen de tolva de 400 litros.<\/li>\n<li>Capacidad de mezcla de 550 libras (250 kg).<\/li>\n<li>Accionamiento directo, sin cadenas ni correas.<\/li>\n<li>Motor de 20 hp (dos velocidades).<\/li>\n<li>Cabezal de trituraci\u00f3n de 6&#8243; (#56).<\/li>\n<li>Mezcla autom\u00e1tica hacia adelante y hacia atr\u00e1s.<\/li>\n<li>Peso de env\u00edo: 2,161 libras.<\/li>\n<\/ul>\n<p>&nbsp;<\/p>\n<p>Opciones<\/p>\n<ul>\n<li>Cabezal de trituraci\u00f3n de 8-5\/8&#8243; (#66).<\/li>\n<li>Accionamientos de velocidad variable.<\/li>\n<li>Controles programables mediante PLC.<\/li>\n<li>Conexiones para producci\u00f3n en t\u00e1ndem (Gemini).<\/li>\n<li>Sistema de eliminaci\u00f3n de huesos.<\/li>\n<li>Avance de tornillo, cuchillo y carro de placa.<\/li>\n<li>Chute de ingredientes.<\/li>\n<\/ul>","protected":false},"featured_media":807,"comment_status":"open","ping_status":"closed","template":"","meta":{"_coblocks_attr":"","_coblocks_dimensions":"","_coblocks_responsive_height":"","_coblocks_accordion_ie_support":"","_joinchat":[]},"product_brand":[],"product_cat":[77,76],"product_tag":[],"class_list":{"0":"post-806","1":"product","2":"type-product","3":"status-publish","4":"has-post-thumbnail","6":"product_cat-molinos-procesamiento","7":"product_cat-procesamiento","8":"ts_product_brand-thompson","10":"first","11":"instock","12":"shipping-taxable","13":"product-type-simple","14":"add-to-wishlist-after_add_to_cart"},"yoast_head":"<!-- This site is optimized with the Yoast SEO plugin v27.4 - https:\/\/yoast.com\/product\/yoast-seo-wordpress\/ -->\n<title>Thompson Serie 4300C - UltraSource<\/title>\n<meta name=\"robots\" content=\"index, follow, max-snippet:-1, max-image-preview:large, max-video-preview:-1\" \/>\n<link rel=\"canonical\" href=\"https:\/\/ultrasource.com.mx\/en\/product\/thompson-serie-4300c\/\" \/>\n<meta property=\"og:locale\" content=\"en_US\" \/>\n<meta property=\"og:type\" content=\"article\" \/>\n<meta property=\"og:title\" content=\"Thompson Serie 4300C - UltraSource\" \/>\n<meta property=\"og:description\" content=\"Caracter\u00edsticas   Volumen de tolva de 400 litros.  Capacidad de mezcla de 550 libras (250 kg).  Accionamiento directo, sin cadenas ni correas.  Motor de 20 hp (dos velocidades).  Cabezal de trituraci\u00f3n de 6&quot; (#56).  Mezcla autom\u00e1tica hacia adelante y hacia atr\u00e1s.  Peso de env\u00edo: 2,161 libras.  &nbsp;  Opciones   Cabezal de trituraci\u00f3n de 8-5\/8&quot; (#66).  Accionamientos de velocidad variable.  Controles programables mediante PLC.  Conexiones para producci\u00f3n en t\u00e1ndem (Gemini).  Sistema de eliminaci\u00f3n de huesos.  Avance de tornillo, cuchillo y carro de placa.  Chute de ingredientes.\" \/>\n<meta property=\"og:url\" content=\"https:\/\/ultrasource.com.mx\/en\/product\/thompson-serie-4300c\/\" \/>\n<meta property=\"og:site_name\" content=\"UltraSource\" \/>\n<meta property=\"article:publisher\" content=\"https:\/\/www.facebook.com\/UltraSourceUSA\/\" \/>\n<meta property=\"article:modified_time\" content=\"2024-09-03T00:00:50+00:00\" \/>\n<meta property=\"og:image\" content=\"https:\/\/ultrasource.com.mx\/wp-content\/uploads\/2023\/12\/Thompson4300C-scaled.jpg\" \/>\n\t<meta property=\"og:image:width\" content=\"1920\" \/>\n\t<meta property=\"og:image:height\" content=\"2560\" \/>\n\t<meta property=\"og:image:type\" content=\"image\/jpeg\" \/>\n<meta name=\"twitter:card\" content=\"summary_large_image\" \/>\n<meta name=\"twitter:site\" content=\"@UltraSourceUSA\" \/>\n<meta name=\"twitter:label1\" content=\"Est. reading time\" \/>\n\t<meta name=\"twitter:data1\" content=\"1 minute\" \/>\n<script type=\"application\/ld+json\" class=\"yoast-schema-graph\">{\"@context\":\"https:\\\/\\\/schema.org\",\"@graph\":[{\"@type\":\"WebPage\",\"@id\":\"https:\\\/\\\/ultrasource.com.mx\\\/producto\\\/thompson-serie-4300c\\\/\",\"url\":\"https:\\\/\\\/ultrasource.com.mx\\\/producto\\\/thompson-serie-4300c\\\/\",\"name\":\"Thompson Serie 4300C - UltraSource\",\"isPartOf\":{\"@id\":\"https:\\\/\\\/ultrasource.com.mx\\\/#website\"},\"primaryImageOfPage\":{\"@id\":\"https:\\\/\\\/ultrasource.com.mx\\\/producto\\\/thompson-serie-4300c\\\/#primaryimage\"},\"image\":{\"@id\":\"https:\\\/\\\/ultrasource.com.mx\\\/producto\\\/thompson-serie-4300c\\\/#primaryimage\"},\"thumbnailUrl\":\"https:\\\/\\\/ultrasource.com.mx\\\/wp-content\\\/uploads\\\/2023\\\/12\\\/Thompson4300C-scaled.jpg\",\"datePublished\":\"2023-12-31T05:28:43+00:00\",\"dateModified\":\"2024-09-03T00:00:50+00:00\",\"breadcrumb\":{\"@id\":\"https:\\\/\\\/ultrasource.com.mx\\\/producto\\\/thompson-serie-4300c\\\/#breadcrumb\"},\"inLanguage\":\"en-US\",\"potentialAction\":[{\"@type\":\"ReadAction\",\"target\":[\"https:\\\/\\\/ultrasource.com.mx\\\/producto\\\/thompson-serie-4300c\\\/\"]}]},{\"@type\":\"ImageObject\",\"inLanguage\":\"en-US\",\"@id\":\"https:\\\/\\\/ultrasource.com.mx\\\/producto\\\/thompson-serie-4300c\\\/#primaryimage\",\"url\":\"https:\\\/\\\/ultrasource.com.mx\\\/wp-content\\\/uploads\\\/2023\\\/12\\\/Thompson4300C-scaled.jpg\",\"contentUrl\":\"https:\\\/\\\/ultrasource.com.mx\\\/wp-content\\\/uploads\\\/2023\\\/12\\\/Thompson4300C-scaled.jpg\",\"width\":1920,\"height\":2560,\"caption\":\"4300c\"},{\"@type\":\"BreadcrumbList\",\"@id\":\"https:\\\/\\\/ultrasource.com.mx\\\/producto\\\/thompson-serie-4300c\\\/#breadcrumb\",\"itemListElement\":[{\"@type\":\"ListItem\",\"position\":1,\"name\":\"Portada\",\"item\":\"https:\\\/\\\/ultrasource.com.mx\\\/\"},{\"@type\":\"ListItem\",\"position\":2,\"name\":\"Catalog\",\"item\":\"https:\\\/\\\/ultrasource.com.mx\\\/catalog\\\/\"},{\"@type\":\"ListItem\",\"position\":3,\"name\":\"Thompson Serie 4300C\"}]},{\"@type\":\"WebSite\",\"@id\":\"https:\\\/\\\/ultrasource.com.mx\\\/#website\",\"url\":\"https:\\\/\\\/ultrasource.com.mx\\\/\",\"name\":\"UltraSource\",\"description\":\"\",\"publisher\":{\"@id\":\"https:\\\/\\\/ultrasource.com.mx\\\/#organization\"},\"potentialAction\":[{\"@type\":\"SearchAction\",\"target\":{\"@type\":\"EntryPoint\",\"urlTemplate\":\"https:\\\/\\\/ultrasource.com.mx\\\/?s={search_term_string}\"},\"query-input\":{\"@type\":\"PropertyValueSpecification\",\"valueRequired\":true,\"valueName\":\"search_term_string\"}}],\"inLanguage\":\"en-US\"},{\"@type\":\"Organization\",\"@id\":\"https:\\\/\\\/ultrasource.com.mx\\\/#organization\",\"name\":\"UltraSource\",\"url\":\"https:\\\/\\\/ultrasource.com.mx\\\/\",\"logo\":{\"@type\":\"ImageObject\",\"inLanguage\":\"en-US\",\"@id\":\"https:\\\/\\\/ultrasource.com.mx\\\/#\\\/schema\\\/logo\\\/image\\\/\",\"url\":\"https:\\\/\\\/ultrasource.com.mx\\\/wp-content\\\/uploads\\\/2023\\\/02\\\/ultrasource-logo-vertical.svg\",\"contentUrl\":\"https:\\\/\\\/ultrasource.com.mx\\\/wp-content\\\/uploads\\\/2023\\\/02\\\/ultrasource-logo-vertical.svg\",\"width\":100,\"height\":100,\"caption\":\"UltraSource\"},\"image\":{\"@id\":\"https:\\\/\\\/ultrasource.com.mx\\\/#\\\/schema\\\/logo\\\/image\\\/\"},\"sameAs\":[\"https:\\\/\\\/www.facebook.com\\\/UltraSourceUSA\\\/\",\"https:\\\/\\\/x.com\\\/UltraSourceUSA\",\"http:\\\/\\\/www.linkedin.com\\\/company\\\/ultrasource-llc\",\"https:\\\/\\\/www.youtube.com\\\/channel\\\/UCNHEJAkgGhh_JOoO4DcBFmQ\"]}]}<\/script>\n<!-- \/ Yoast SEO plugin. -->","yoast_head_json":{"title":"Thompson Serie 4300C - UltraSource","robots":{"index":"index","follow":"follow","max-snippet":"max-snippet:-1","max-image-preview":"max-image-preview:large","max-video-preview":"max-video-preview:-1"},"canonical":"https:\/\/ultrasource.com.mx\/en\/product\/thompson-serie-4300c\/","og_locale":"en_US","og_type":"article","og_title":"Thompson Serie 4300C - UltraSource","og_description":"Caracter\u00edsticas   Volumen de tolva de 400 litros.  Capacidad de mezcla de 550 libras (250 kg).  Accionamiento directo, sin cadenas ni correas.  Motor de 20 hp (dos velocidades).  Cabezal de trituraci\u00f3n de 6\" (#56).  Mezcla autom\u00e1tica hacia adelante y hacia atr\u00e1s.  Peso de env\u00edo: 2,161 libras.  &nbsp;  Opciones   Cabezal de trituraci\u00f3n de 8-5\/8\" (#66).  Accionamientos de velocidad variable.  Controles programables mediante PLC.  Conexiones para producci\u00f3n en t\u00e1ndem (Gemini).  Sistema de eliminaci\u00f3n de huesos.  Avance de tornillo, cuchillo y carro de placa.  Chute de ingredientes.","og_url":"https:\/\/ultrasource.com.mx\/en\/product\/thompson-serie-4300c\/","og_site_name":"UltraSource","article_publisher":"https:\/\/www.facebook.com\/UltraSourceUSA\/","article_modified_time":"2024-09-03T00:00:50+00:00","og_image":[{"width":1920,"height":2560,"url":"https:\/\/ultrasource.com.mx\/wp-content\/uploads\/2023\/12\/Thompson4300C-scaled.jpg","type":"image\/jpeg"}],"twitter_card":"summary_large_image","twitter_site":"@UltraSourceUSA","twitter_misc":{"Est. reading time":"1 minute"},"schema":{"@context":"https:\/\/schema.org","@graph":[{"@type":"WebPage","@id":"https:\/\/ultrasource.com.mx\/producto\/thompson-serie-4300c\/","url":"https:\/\/ultrasource.com.mx\/producto\/thompson-serie-4300c\/","name":"Thompson Serie 4300C - UltraSource","isPartOf":{"@id":"https:\/\/ultrasource.com.mx\/#website"},"primaryImageOfPage":{"@id":"https:\/\/ultrasource.com.mx\/producto\/thompson-serie-4300c\/#primaryimage"},"image":{"@id":"https:\/\/ultrasource.com.mx\/producto\/thompson-serie-4300c\/#primaryimage"},"thumbnailUrl":"https:\/\/ultrasource.com.mx\/wp-content\/uploads\/2023\/12\/Thompson4300C-scaled.jpg","datePublished":"2023-12-31T05:28:43+00:00","dateModified":"2024-09-03T00:00:50+00:00","breadcrumb":{"@id":"https:\/\/ultrasource.com.mx\/producto\/thompson-serie-4300c\/#breadcrumb"},"inLanguage":"en-US","potentialAction":[{"@type":"ReadAction","target":["https:\/\/ultrasource.com.mx\/producto\/thompson-serie-4300c\/"]}]},{"@type":"ImageObject","inLanguage":"en-US","@id":"https:\/\/ultrasource.com.mx\/producto\/thompson-serie-4300c\/#primaryimage","url":"https:\/\/ultrasource.com.mx\/wp-content\/uploads\/2023\/12\/Thompson4300C-scaled.jpg","contentUrl":"https:\/\/ultrasource.com.mx\/wp-content\/uploads\/2023\/12\/Thompson4300C-scaled.jpg","width":1920,"height":2560,"caption":"4300c"},{"@type":"BreadcrumbList","@id":"https:\/\/ultrasource.com.mx\/producto\/thompson-serie-4300c\/#breadcrumb","itemListElement":[{"@type":"ListItem","position":1,"name":"Portada","item":"https:\/\/ultrasource.com.mx\/"},{"@type":"ListItem","position":2,"name":"Catalog","item":"https:\/\/ultrasource.com.mx\/catalog\/"},{"@type":"ListItem","position":3,"name":"Thompson Serie 4300C"}]},{"@type":"WebSite","@id":"https:\/\/ultrasource.com.mx\/#website","url":"https:\/\/ultrasource.com.mx\/","name":"UltraSource","description":"","publisher":{"@id":"https:\/\/ultrasource.com.mx\/#organization"},"potentialAction":[{"@type":"SearchAction","target":{"@type":"EntryPoint","urlTemplate":"https:\/\/ultrasource.com.mx\/?s={search_term_string}"},"query-input":{"@type":"PropertyValueSpecification","valueRequired":true,"valueName":"search_term_string"}}],"inLanguage":"en-US"},{"@type":"Organization","@id":"https:\/\/ultrasource.com.mx\/#organization","name":"UltraSource","url":"https:\/\/ultrasource.com.mx\/","logo":{"@type":"ImageObject","inLanguage":"en-US","@id":"https:\/\/ultrasource.com.mx\/#\/schema\/logo\/image\/","url":"https:\/\/ultrasource.com.mx\/wp-content\/uploads\/2023\/02\/ultrasource-logo-vertical.svg","contentUrl":"https:\/\/ultrasource.com.mx\/wp-content\/uploads\/2023\/02\/ultrasource-logo-vertical.svg","width":100,"height":100,"caption":"UltraSource"},"image":{"@id":"https:\/\/ultrasource.com.mx\/#\/schema\/logo\/image\/"},"sameAs":["https:\/\/www.facebook.com\/UltraSourceUSA\/","https:\/\/x.com\/UltraSourceUSA","http:\/\/www.linkedin.com\/company\/ultrasource-llc","https:\/\/www.youtube.com\/channel\/UCNHEJAkgGhh_JOoO4DcBFmQ"]}]}},"_links":{"self":[{"href":"https:\/\/ultrasource.com.mx\/en\/wp-json\/wp\/v2\/product\/806","targetHints":{"allow":["GET"]}}],"collection":[{"href":"https:\/\/ultrasource.com.mx\/en\/wp-json\/wp\/v2\/product"}],"about":[{"href":"https:\/\/ultrasource.com.mx\/en\/wp-json\/wp\/v2\/types\/product"}],"replies":[{"embeddable":true,"href":"https:\/\/ultrasource.com.mx\/en\/wp-json\/wp\/v2\/comments?post=806"}],"wp:featuredmedia":[{"embeddable":true,"href":"https:\/\/ultrasource.com.mx\/en\/wp-json\/wp\/v2\/media\/807"}],"wp:attachment":[{"href":"https:\/\/ultrasource.com.mx\/en\/wp-json\/wp\/v2\/media?parent=806"}],"wp:term":[{"taxonomy":"product_brand","embeddable":true,"href":"https:\/\/ultrasource.com.mx\/en\/wp-json\/wp\/v2\/product_brand?post=806"},{"taxonomy":"product_cat","embeddable":true,"href":"https:\/\/ultrasource.com.mx\/en\/wp-json\/wp\/v2\/product_cat?post=806"},{"taxonomy":"product_tag","embeddable":true,"href":"https:\/\/ultrasource.com.mx\/en\/wp-json\/wp\/v2\/product_tag?post=806"}],"curies":[{"name":"wp","href":"https:\/\/api.w.org\/{rel}","templated":true}]}}