{"id":798,"date":"2023-12-31T05:19:25","date_gmt":"2023-12-31T05:19:25","guid":{"rendered":"https:\/\/ultrasource.com.mx\/?post_type=product&#038;p=798"},"modified":"2024-09-03T00:01:18","modified_gmt":"2024-09-03T00:01:18","slug":"thompson-serie-2000","status":"publish","type":"product","link":"https:\/\/ultrasource.com.mx\/en\/product\/thompson-serie-2000\/","title":{"rendered":"Thompson Serie 2000"},"content":{"rendered":"<p>Caracter\u00edsticas<\/p>\n<ul>\n<li>Capacidad del recipiente de 190 litros y capacidad de lote fresco de 120 kg.<\/li>\n<li>Accionamiento de picado helicoidal de 5.5 kW.<\/li>\n<li>Paleta de mezcla de acero inoxidable removible.<\/li>\n<li>Tapa de domo con sistema de interbloqueo de seguridad y contrapeso completo con rejillas de visualizaci\u00f3n.<\/li>\n<li>Cabezal de trituraci\u00f3n #42.<\/li>\n<\/ul>","protected":false},"excerpt":{"rendered":"<p>Esta m\u00e1quina est\u00e1 alimentada por 2 unidades de reducci\u00f3n helicoidal independientes de accionamiento directo, brindando a\u00f1os de operaci\u00f3n silenciosa y confiable. Dise\u00f1o compacto con solo 4 pies \u00d7 2.3 pies de \u00e1rea de piso requerida.<\/p>\n<p>Caracter\u00edsticas<\/p>\n<ul>\n<li>Capacidad del recipiente de 190 litros y capacidad de lote fresco de 120 kg.<\/li>\n<li>Accionamiento de picado helicoidal de 5.5 kW.<\/li>\n<li>Paleta de mezcla de acero inoxidable removible.<\/li>\n<li>Tapa de domo con sistema de interbloqueo de seguridad y contrapeso completo con rejillas de visualizaci\u00f3n.<\/li>\n<li>Cabezal de trituraci\u00f3n #42.<\/li>\n<\/ul>\n<p>Opciones<\/p>\n<ul>\n<li>Motores de picado de 7.5 kW, 9.2 kW.<\/li>\n<li>Operaci\u00f3n con pedal de pie.<\/li>\n<li>Cuchilla de avance y carro de placa.<\/li>\n<li>Sistemas de corte para deshuesar\/desgrasar.<\/li>\n<li>Sistemas Gemini.<\/li>\n<li>Chute de ingredientes.<\/li>\n<li>Motores opcionales disponibles para triturar a 7.5 o 9.2.<\/li>\n<\/ul>","protected":false},"featured_media":799,"comment_status":"open","ping_status":"closed","template":"","meta":{"_coblocks_attr":"","_coblocks_dimensions":"","_coblocks_responsive_height":"","_coblocks_accordion_ie_support":"","_joinchat":[]},"product_brand":[],"product_cat":[77,76],"product_tag":[],"class_list":{"0":"post-798","1":"product","2":"type-product","3":"status-publish","4":"has-post-thumbnail","6":"product_cat-molinos-procesamiento","7":"product_cat-procesamiento","8":"ts_product_brand-thompson","10":"first","11":"instock","12":"shipping-taxable","13":"product-type-simple","14":"add-to-wishlist-after_add_to_cart"},"yoast_head":"<!-- This site is optimized with the Yoast SEO plugin v27.4 - https:\/\/yoast.com\/product\/yoast-seo-wordpress\/ -->\n<title>Thompson Serie 2000 - UltraSource<\/title>\n<meta name=\"robots\" content=\"index, follow, max-snippet:-1, max-image-preview:large, max-video-preview:-1\" \/>\n<link rel=\"canonical\" href=\"https:\/\/ultrasource.com.mx\/en\/product\/thompson-serie-2000\/\" \/>\n<meta property=\"og:locale\" content=\"en_US\" \/>\n<meta property=\"og:type\" content=\"article\" \/>\n<meta property=\"og:title\" content=\"Thompson Serie 2000 - UltraSource\" \/>\n<meta property=\"og:description\" content=\"Esta m\u00e1quina est\u00e1 alimentada por 2 unidades de reducci\u00f3n helicoidal independientes de accionamiento directo, brindando a\u00f1os de operaci\u00f3n silenciosa y confiable. Dise\u00f1o compacto con solo 4 pies \u00d7 2.3 pies de \u00e1rea de piso requerida.  Caracter\u00edsticas   Capacidad del recipiente de 190 litros y capacidad de lote fresco de 120 kg.  Accionamiento de picado helicoidal de 5.5 kW.  Paleta de mezcla de acero inoxidable removible.  Tapa de domo con sistema de interbloqueo de seguridad y contrapeso completo con rejillas de visualizaci\u00f3n.  Cabezal de trituraci\u00f3n #42.  Opciones   Motores de picado de 7.5 kW, 9.2 kW.  Operaci\u00f3n con pedal de pie.  Cuchilla de avance y carro de placa.  Sistemas de corte para deshuesar\/desgrasar.  Sistemas Gemini.  Chute de ingredientes.  Motores opcionales disponibles para triturar a 7.5 o 9.2.\" \/>\n<meta property=\"og:url\" content=\"https:\/\/ultrasource.com.mx\/en\/product\/thompson-serie-2000\/\" \/>\n<meta property=\"og:site_name\" content=\"UltraSource\" \/>\n<meta property=\"article:publisher\" content=\"https:\/\/www.facebook.com\/UltraSourceUSA\/\" \/>\n<meta property=\"article:modified_time\" content=\"2024-09-03T00:01:18+00:00\" \/>\n<meta property=\"og:image\" content=\"https:\/\/ultrasource.com.mx\/wp-content\/uploads\/2023\/12\/Thompson2000-gemini-attachment-scaled.jpg\" \/>\n\t<meta property=\"og:image:width\" content=\"2560\" \/>\n\t<meta property=\"og:image:height\" content=\"1707\" \/>\n\t<meta property=\"og:image:type\" content=\"image\/jpeg\" \/>\n<meta name=\"twitter:card\" content=\"summary_large_image\" \/>\n<meta name=\"twitter:site\" content=\"@UltraSourceUSA\" \/>\n<meta name=\"twitter:label1\" content=\"Est. reading time\" \/>\n\t<meta name=\"twitter:data1\" content=\"1 minute\" \/>\n<script type=\"application\/ld+json\" class=\"yoast-schema-graph\">{\"@context\":\"https:\\\/\\\/schema.org\",\"@graph\":[{\"@type\":\"WebPage\",\"@id\":\"https:\\\/\\\/ultrasource.com.mx\\\/producto\\\/thompson-serie-2000\\\/\",\"url\":\"https:\\\/\\\/ultrasource.com.mx\\\/producto\\\/thompson-serie-2000\\\/\",\"name\":\"Thompson Serie 2000 - UltraSource\",\"isPartOf\":{\"@id\":\"https:\\\/\\\/ultrasource.com.mx\\\/#website\"},\"primaryImageOfPage\":{\"@id\":\"https:\\\/\\\/ultrasource.com.mx\\\/producto\\\/thompson-serie-2000\\\/#primaryimage\"},\"image\":{\"@id\":\"https:\\\/\\\/ultrasource.com.mx\\\/producto\\\/thompson-serie-2000\\\/#primaryimage\"},\"thumbnailUrl\":\"https:\\\/\\\/ultrasource.com.mx\\\/wp-content\\\/uploads\\\/2023\\\/12\\\/Thompson2000-gemini-attachment-scaled.jpg\",\"datePublished\":\"2023-12-31T05:19:25+00:00\",\"dateModified\":\"2024-09-03T00:01:18+00:00\",\"breadcrumb\":{\"@id\":\"https:\\\/\\\/ultrasource.com.mx\\\/producto\\\/thompson-serie-2000\\\/#breadcrumb\"},\"inLanguage\":\"en-US\",\"potentialAction\":[{\"@type\":\"ReadAction\",\"target\":[\"https:\\\/\\\/ultrasource.com.mx\\\/producto\\\/thompson-serie-2000\\\/\"]}]},{\"@type\":\"ImageObject\",\"inLanguage\":\"en-US\",\"@id\":\"https:\\\/\\\/ultrasource.com.mx\\\/producto\\\/thompson-serie-2000\\\/#primaryimage\",\"url\":\"https:\\\/\\\/ultrasource.com.mx\\\/wp-content\\\/uploads\\\/2023\\\/12\\\/Thompson2000-gemini-attachment-scaled.jpg\",\"contentUrl\":\"https:\\\/\\\/ultrasource.com.mx\\\/wp-content\\\/uploads\\\/2023\\\/12\\\/Thompson2000-gemini-attachment-scaled.jpg\",\"width\":2560,\"height\":1707},{\"@type\":\"BreadcrumbList\",\"@id\":\"https:\\\/\\\/ultrasource.com.mx\\\/producto\\\/thompson-serie-2000\\\/#breadcrumb\",\"itemListElement\":[{\"@type\":\"ListItem\",\"position\":1,\"name\":\"Portada\",\"item\":\"https:\\\/\\\/ultrasource.com.mx\\\/\"},{\"@type\":\"ListItem\",\"position\":2,\"name\":\"Catalog\",\"item\":\"https:\\\/\\\/ultrasource.com.mx\\\/catalog\\\/\"},{\"@type\":\"ListItem\",\"position\":3,\"name\":\"Thompson Serie 2000\"}]},{\"@type\":\"WebSite\",\"@id\":\"https:\\\/\\\/ultrasource.com.mx\\\/#website\",\"url\":\"https:\\\/\\\/ultrasource.com.mx\\\/\",\"name\":\"UltraSource\",\"description\":\"\",\"publisher\":{\"@id\":\"https:\\\/\\\/ultrasource.com.mx\\\/#organization\"},\"potentialAction\":[{\"@type\":\"SearchAction\",\"target\":{\"@type\":\"EntryPoint\",\"urlTemplate\":\"https:\\\/\\\/ultrasource.com.mx\\\/?s={search_term_string}\"},\"query-input\":{\"@type\":\"PropertyValueSpecification\",\"valueRequired\":true,\"valueName\":\"search_term_string\"}}],\"inLanguage\":\"en-US\"},{\"@type\":\"Organization\",\"@id\":\"https:\\\/\\\/ultrasource.com.mx\\\/#organization\",\"name\":\"UltraSource\",\"url\":\"https:\\\/\\\/ultrasource.com.mx\\\/\",\"logo\":{\"@type\":\"ImageObject\",\"inLanguage\":\"en-US\",\"@id\":\"https:\\\/\\\/ultrasource.com.mx\\\/#\\\/schema\\\/logo\\\/image\\\/\",\"url\":\"https:\\\/\\\/ultrasource.com.mx\\\/wp-content\\\/uploads\\\/2023\\\/02\\\/ultrasource-logo-vertical.svg\",\"contentUrl\":\"https:\\\/\\\/ultrasource.com.mx\\\/wp-content\\\/uploads\\\/2023\\\/02\\\/ultrasource-logo-vertical.svg\",\"width\":100,\"height\":100,\"caption\":\"UltraSource\"},\"image\":{\"@id\":\"https:\\\/\\\/ultrasource.com.mx\\\/#\\\/schema\\\/logo\\\/image\\\/\"},\"sameAs\":[\"https:\\\/\\\/www.facebook.com\\\/UltraSourceUSA\\\/\",\"https:\\\/\\\/x.com\\\/UltraSourceUSA\",\"http:\\\/\\\/www.linkedin.com\\\/company\\\/ultrasource-llc\",\"https:\\\/\\\/www.youtube.com\\\/channel\\\/UCNHEJAkgGhh_JOoO4DcBFmQ\"]}]}<\/script>\n<!-- \/ Yoast SEO plugin. -->","yoast_head_json":{"title":"Thompson Serie 2000 - UltraSource","robots":{"index":"index","follow":"follow","max-snippet":"max-snippet:-1","max-image-preview":"max-image-preview:large","max-video-preview":"max-video-preview:-1"},"canonical":"https:\/\/ultrasource.com.mx\/en\/product\/thompson-serie-2000\/","og_locale":"en_US","og_type":"article","og_title":"Thompson Serie 2000 - UltraSource","og_description":"Esta m\u00e1quina est\u00e1 alimentada por 2 unidades de reducci\u00f3n helicoidal independientes de accionamiento directo, brindando a\u00f1os de operaci\u00f3n silenciosa y confiable. Dise\u00f1o compacto con solo 4 pies \u00d7 2.3 pies de \u00e1rea de piso requerida.  Caracter\u00edsticas   Capacidad del recipiente de 190 litros y capacidad de lote fresco de 120 kg.  Accionamiento de picado helicoidal de 5.5 kW.  Paleta de mezcla de acero inoxidable removible.  Tapa de domo con sistema de interbloqueo de seguridad y contrapeso completo con rejillas de visualizaci\u00f3n.  Cabezal de trituraci\u00f3n #42.  Opciones   Motores de picado de 7.5 kW, 9.2 kW.  Operaci\u00f3n con pedal de pie.  Cuchilla de avance y carro de placa.  Sistemas de corte para deshuesar\/desgrasar.  Sistemas Gemini.  Chute de ingredientes.  Motores opcionales disponibles para triturar a 7.5 o 9.2.","og_url":"https:\/\/ultrasource.com.mx\/en\/product\/thompson-serie-2000\/","og_site_name":"UltraSource","article_publisher":"https:\/\/www.facebook.com\/UltraSourceUSA\/","article_modified_time":"2024-09-03T00:01:18+00:00","og_image":[{"width":2560,"height":1707,"url":"https:\/\/ultrasource.com.mx\/wp-content\/uploads\/2023\/12\/Thompson2000-gemini-attachment-scaled.jpg","type":"image\/jpeg"}],"twitter_card":"summary_large_image","twitter_site":"@UltraSourceUSA","twitter_misc":{"Est. reading time":"1 minute"},"schema":{"@context":"https:\/\/schema.org","@graph":[{"@type":"WebPage","@id":"https:\/\/ultrasource.com.mx\/producto\/thompson-serie-2000\/","url":"https:\/\/ultrasource.com.mx\/producto\/thompson-serie-2000\/","name":"Thompson Serie 2000 - UltraSource","isPartOf":{"@id":"https:\/\/ultrasource.com.mx\/#website"},"primaryImageOfPage":{"@id":"https:\/\/ultrasource.com.mx\/producto\/thompson-serie-2000\/#primaryimage"},"image":{"@id":"https:\/\/ultrasource.com.mx\/producto\/thompson-serie-2000\/#primaryimage"},"thumbnailUrl":"https:\/\/ultrasource.com.mx\/wp-content\/uploads\/2023\/12\/Thompson2000-gemini-attachment-scaled.jpg","datePublished":"2023-12-31T05:19:25+00:00","dateModified":"2024-09-03T00:01:18+00:00","breadcrumb":{"@id":"https:\/\/ultrasource.com.mx\/producto\/thompson-serie-2000\/#breadcrumb"},"inLanguage":"en-US","potentialAction":[{"@type":"ReadAction","target":["https:\/\/ultrasource.com.mx\/producto\/thompson-serie-2000\/"]}]},{"@type":"ImageObject","inLanguage":"en-US","@id":"https:\/\/ultrasource.com.mx\/producto\/thompson-serie-2000\/#primaryimage","url":"https:\/\/ultrasource.com.mx\/wp-content\/uploads\/2023\/12\/Thompson2000-gemini-attachment-scaled.jpg","contentUrl":"https:\/\/ultrasource.com.mx\/wp-content\/uploads\/2023\/12\/Thompson2000-gemini-attachment-scaled.jpg","width":2560,"height":1707},{"@type":"BreadcrumbList","@id":"https:\/\/ultrasource.com.mx\/producto\/thompson-serie-2000\/#breadcrumb","itemListElement":[{"@type":"ListItem","position":1,"name":"Portada","item":"https:\/\/ultrasource.com.mx\/"},{"@type":"ListItem","position":2,"name":"Catalog","item":"https:\/\/ultrasource.com.mx\/catalog\/"},{"@type":"ListItem","position":3,"name":"Thompson Serie 2000"}]},{"@type":"WebSite","@id":"https:\/\/ultrasource.com.mx\/#website","url":"https:\/\/ultrasource.com.mx\/","name":"UltraSource","description":"","publisher":{"@id":"https:\/\/ultrasource.com.mx\/#organization"},"potentialAction":[{"@type":"SearchAction","target":{"@type":"EntryPoint","urlTemplate":"https:\/\/ultrasource.com.mx\/?s={search_term_string}"},"query-input":{"@type":"PropertyValueSpecification","valueRequired":true,"valueName":"search_term_string"}}],"inLanguage":"en-US"},{"@type":"Organization","@id":"https:\/\/ultrasource.com.mx\/#organization","name":"UltraSource","url":"https:\/\/ultrasource.com.mx\/","logo":{"@type":"ImageObject","inLanguage":"en-US","@id":"https:\/\/ultrasource.com.mx\/#\/schema\/logo\/image\/","url":"https:\/\/ultrasource.com.mx\/wp-content\/uploads\/2023\/02\/ultrasource-logo-vertical.svg","contentUrl":"https:\/\/ultrasource.com.mx\/wp-content\/uploads\/2023\/02\/ultrasource-logo-vertical.svg","width":100,"height":100,"caption":"UltraSource"},"image":{"@id":"https:\/\/ultrasource.com.mx\/#\/schema\/logo\/image\/"},"sameAs":["https:\/\/www.facebook.com\/UltraSourceUSA\/","https:\/\/x.com\/UltraSourceUSA","http:\/\/www.linkedin.com\/company\/ultrasource-llc","https:\/\/www.youtube.com\/channel\/UCNHEJAkgGhh_JOoO4DcBFmQ"]}]}},"_links":{"self":[{"href":"https:\/\/ultrasource.com.mx\/en\/wp-json\/wp\/v2\/product\/798","targetHints":{"allow":["GET"]}}],"collection":[{"href":"https:\/\/ultrasource.com.mx\/en\/wp-json\/wp\/v2\/product"}],"about":[{"href":"https:\/\/ultrasource.com.mx\/en\/wp-json\/wp\/v2\/types\/product"}],"replies":[{"embeddable":true,"href":"https:\/\/ultrasource.com.mx\/en\/wp-json\/wp\/v2\/comments?post=798"}],"wp:featuredmedia":[{"embeddable":true,"href":"https:\/\/ultrasource.com.mx\/en\/wp-json\/wp\/v2\/media\/799"}],"wp:attachment":[{"href":"https:\/\/ultrasource.com.mx\/en\/wp-json\/wp\/v2\/media?parent=798"}],"wp:term":[{"taxonomy":"product_brand","embeddable":true,"href":"https:\/\/ultrasource.com.mx\/en\/wp-json\/wp\/v2\/product_brand?post=798"},{"taxonomy":"product_cat","embeddable":true,"href":"https:\/\/ultrasource.com.mx\/en\/wp-json\/wp\/v2\/product_cat?post=798"},{"taxonomy":"product_tag","embeddable":true,"href":"https:\/\/ultrasource.com.mx\/en\/wp-json\/wp\/v2\/product_tag?post=798"}],"curies":[{"name":"wp","href":"https:\/\/api.w.org\/{rel}","templated":true}]}}