{"id":794,"date":"2023-12-31T05:05:15","date_gmt":"2023-12-31T05:05:15","guid":{"rendered":"https:\/\/ultrasource.com.mx\/?post_type=product&#038;p=794"},"modified":"2024-09-03T00:01:19","modified_gmt":"2024-09-03T00:01:19","slug":"thompson-900-omega","status":"publish","type":"product","link":"https:\/\/ultrasource.com.mx\/en\/product\/thompson-900-omega\/","title":{"rendered":"Thompson 900 Omega"},"content":{"rendered":"<p>Caracter\u00edsticas:<\/p>\n<ul>\n<li>Volumen de tolva de 100 litros.<\/li>\n<li>Equipada con accionamiento por engranaje sinf\u00edn.<\/li>\n<li>Peso de env\u00edo: 816 libras.<\/li>\n<li>220 V\/60 Hz\/trif\u00e1sico<\/li>\n<\/ul>\n<p>Caracter\u00edsticas adicionales:<\/p>\n<ul>\n<li>Capacidad de mezcla de 132 libras (60 kg).<\/li>\n<li>Cabezal de trituraci\u00f3n de 3-15\/16&#8243; (#32).<\/li>\n<li>Motor de trituraci\u00f3n de 5.4 hp.<\/li>\n<\/ul>","protected":false},"excerpt":{"rendered":"<p>Caracter\u00edsticas:<\/p>\n<ul>\n<li>Volumen de tolva de 100 litros.<\/li>\n<li>Equipada con accionamiento por engranaje sinf\u00edn.<\/li>\n<li>Peso de env\u00edo: 816 libras.<\/li>\n<li>220 V\/60 Hz\/trif\u00e1sico<\/li>\n<\/ul>\n<p>Caracter\u00edsticas adicionales:<\/p>\n<ul>\n<li>Capacidad de mezcla de 132 libras (60 kg).<\/li>\n<li>Cabezal de trituraci\u00f3n de 3-15\/16&#8243; (#32).<\/li>\n<li>Motor de trituraci\u00f3n de 5.4 hp.<\/li>\n<\/ul>","protected":false},"featured_media":795,"comment_status":"open","ping_status":"closed","template":"","meta":{"_coblocks_attr":"","_coblocks_dimensions":"","_coblocks_responsive_height":"","_coblocks_accordion_ie_support":"","_joinchat":[]},"product_brand":[],"product_cat":[77,76],"product_tag":[],"class_list":{"0":"post-794","1":"product","2":"type-product","3":"status-publish","4":"has-post-thumbnail","6":"product_cat-molinos-procesamiento","7":"product_cat-procesamiento","8":"ts_product_brand-thompson","10":"first","11":"instock","12":"shipping-taxable","13":"product-type-simple","14":"add-to-wishlist-after_add_to_cart"},"yoast_head":"<!-- This site is optimized with the Yoast SEO plugin v27.4 - https:\/\/yoast.com\/product\/yoast-seo-wordpress\/ -->\n<title>Thompson 900 Omega - UltraSource<\/title>\n<meta name=\"robots\" content=\"index, follow, max-snippet:-1, max-image-preview:large, max-video-preview:-1\" \/>\n<link rel=\"canonical\" href=\"https:\/\/ultrasource.com.mx\/en\/product\/thompson-900-omega\/\" \/>\n<meta property=\"og:locale\" content=\"en_US\" \/>\n<meta property=\"og:type\" content=\"article\" \/>\n<meta property=\"og:title\" content=\"Thompson 900 Omega - UltraSource\" \/>\n<meta property=\"og:description\" content=\"Caracter\u00edsticas:   Volumen de tolva de 100 litros.  Equipada con accionamiento por engranaje sinf\u00edn.  Peso de env\u00edo: 816 libras.  220 V\/60 Hz\/trif\u00e1sico  Caracter\u00edsticas adicionales:   Capacidad de mezcla de 132 libras (60 kg).  Cabezal de trituraci\u00f3n de 3-15\/16&quot; (#32).  Motor de trituraci\u00f3n de 5.4 hp.\" \/>\n<meta property=\"og:url\" content=\"https:\/\/ultrasource.com.mx\/en\/product\/thompson-900-omega\/\" \/>\n<meta property=\"og:site_name\" content=\"UltraSource\" \/>\n<meta property=\"article:publisher\" content=\"https:\/\/www.facebook.com\/UltraSourceUSA\/\" \/>\n<meta property=\"article:modified_time\" content=\"2024-09-03T00:01:19+00:00\" \/>\n<meta property=\"og:image\" content=\"https:\/\/ultrasource.com.mx\/wp-content\/uploads\/2023\/12\/Thompson_900_Omega_Lid_Open_ultra-100.jpg\" \/>\n\t<meta property=\"og:image:width\" content=\"574\" \/>\n\t<meta property=\"og:image:height\" content=\"881\" \/>\n\t<meta property=\"og:image:type\" content=\"image\/jpeg\" \/>\n<meta name=\"twitter:card\" content=\"summary_large_image\" \/>\n<meta name=\"twitter:site\" content=\"@UltraSourceUSA\" \/>\n<meta name=\"twitter:label1\" content=\"Est. reading time\" \/>\n\t<meta name=\"twitter:data1\" content=\"1 minute\" \/>\n<script type=\"application\/ld+json\" class=\"yoast-schema-graph\">{\"@context\":\"https:\\\/\\\/schema.org\",\"@graph\":[{\"@type\":\"WebPage\",\"@id\":\"https:\\\/\\\/ultrasource.com.mx\\\/producto\\\/thompson-900-omega\\\/\",\"url\":\"https:\\\/\\\/ultrasource.com.mx\\\/producto\\\/thompson-900-omega\\\/\",\"name\":\"Thompson 900 Omega - UltraSource\",\"isPartOf\":{\"@id\":\"https:\\\/\\\/ultrasource.com.mx\\\/#website\"},\"primaryImageOfPage\":{\"@id\":\"https:\\\/\\\/ultrasource.com.mx\\\/producto\\\/thompson-900-omega\\\/#primaryimage\"},\"image\":{\"@id\":\"https:\\\/\\\/ultrasource.com.mx\\\/producto\\\/thompson-900-omega\\\/#primaryimage\"},\"thumbnailUrl\":\"https:\\\/\\\/ultrasource.com.mx\\\/wp-content\\\/uploads\\\/2023\\\/12\\\/Thompson_900_Omega_Lid_Open_ultra-100.jpg\",\"datePublished\":\"2023-12-31T05:05:15+00:00\",\"dateModified\":\"2024-09-03T00:01:19+00:00\",\"breadcrumb\":{\"@id\":\"https:\\\/\\\/ultrasource.com.mx\\\/producto\\\/thompson-900-omega\\\/#breadcrumb\"},\"inLanguage\":\"en-US\",\"potentialAction\":[{\"@type\":\"ReadAction\",\"target\":[\"https:\\\/\\\/ultrasource.com.mx\\\/producto\\\/thompson-900-omega\\\/\"]}]},{\"@type\":\"ImageObject\",\"inLanguage\":\"en-US\",\"@id\":\"https:\\\/\\\/ultrasource.com.mx\\\/producto\\\/thompson-900-omega\\\/#primaryimage\",\"url\":\"https:\\\/\\\/ultrasource.com.mx\\\/wp-content\\\/uploads\\\/2023\\\/12\\\/Thompson_900_Omega_Lid_Open_ultra-100.jpg\",\"contentUrl\":\"https:\\\/\\\/ultrasource.com.mx\\\/wp-content\\\/uploads\\\/2023\\\/12\\\/Thompson_900_Omega_Lid_Open_ultra-100.jpg\",\"width\":574,\"height\":881},{\"@type\":\"BreadcrumbList\",\"@id\":\"https:\\\/\\\/ultrasource.com.mx\\\/producto\\\/thompson-900-omega\\\/#breadcrumb\",\"itemListElement\":[{\"@type\":\"ListItem\",\"position\":1,\"name\":\"Portada\",\"item\":\"https:\\\/\\\/ultrasource.com.mx\\\/\"},{\"@type\":\"ListItem\",\"position\":2,\"name\":\"Catalog\",\"item\":\"https:\\\/\\\/ultrasource.com.mx\\\/catalog\\\/\"},{\"@type\":\"ListItem\",\"position\":3,\"name\":\"Thompson 900 Omega\"}]},{\"@type\":\"WebSite\",\"@id\":\"https:\\\/\\\/ultrasource.com.mx\\\/#website\",\"url\":\"https:\\\/\\\/ultrasource.com.mx\\\/\",\"name\":\"UltraSource\",\"description\":\"\",\"publisher\":{\"@id\":\"https:\\\/\\\/ultrasource.com.mx\\\/#organization\"},\"potentialAction\":[{\"@type\":\"SearchAction\",\"target\":{\"@type\":\"EntryPoint\",\"urlTemplate\":\"https:\\\/\\\/ultrasource.com.mx\\\/?s={search_term_string}\"},\"query-input\":{\"@type\":\"PropertyValueSpecification\",\"valueRequired\":true,\"valueName\":\"search_term_string\"}}],\"inLanguage\":\"en-US\"},{\"@type\":\"Organization\",\"@id\":\"https:\\\/\\\/ultrasource.com.mx\\\/#organization\",\"name\":\"UltraSource\",\"url\":\"https:\\\/\\\/ultrasource.com.mx\\\/\",\"logo\":{\"@type\":\"ImageObject\",\"inLanguage\":\"en-US\",\"@id\":\"https:\\\/\\\/ultrasource.com.mx\\\/#\\\/schema\\\/logo\\\/image\\\/\",\"url\":\"https:\\\/\\\/ultrasource.com.mx\\\/wp-content\\\/uploads\\\/2023\\\/02\\\/ultrasource-logo-vertical.svg\",\"contentUrl\":\"https:\\\/\\\/ultrasource.com.mx\\\/wp-content\\\/uploads\\\/2023\\\/02\\\/ultrasource-logo-vertical.svg\",\"width\":100,\"height\":100,\"caption\":\"UltraSource\"},\"image\":{\"@id\":\"https:\\\/\\\/ultrasource.com.mx\\\/#\\\/schema\\\/logo\\\/image\\\/\"},\"sameAs\":[\"https:\\\/\\\/www.facebook.com\\\/UltraSourceUSA\\\/\",\"https:\\\/\\\/x.com\\\/UltraSourceUSA\",\"http:\\\/\\\/www.linkedin.com\\\/company\\\/ultrasource-llc\",\"https:\\\/\\\/www.youtube.com\\\/channel\\\/UCNHEJAkgGhh_JOoO4DcBFmQ\"]}]}<\/script>\n<!-- \/ Yoast SEO plugin. -->","yoast_head_json":{"title":"Thompson 900 Omega - UltraSource","robots":{"index":"index","follow":"follow","max-snippet":"max-snippet:-1","max-image-preview":"max-image-preview:large","max-video-preview":"max-video-preview:-1"},"canonical":"https:\/\/ultrasource.com.mx\/en\/product\/thompson-900-omega\/","og_locale":"en_US","og_type":"article","og_title":"Thompson 900 Omega - UltraSource","og_description":"Caracter\u00edsticas:   Volumen de tolva de 100 litros.  Equipada con accionamiento por engranaje sinf\u00edn.  Peso de env\u00edo: 816 libras.  220 V\/60 Hz\/trif\u00e1sico  Caracter\u00edsticas adicionales:   Capacidad de mezcla de 132 libras (60 kg).  Cabezal de trituraci\u00f3n de 3-15\/16\" (#32).  Motor de trituraci\u00f3n de 5.4 hp.","og_url":"https:\/\/ultrasource.com.mx\/en\/product\/thompson-900-omega\/","og_site_name":"UltraSource","article_publisher":"https:\/\/www.facebook.com\/UltraSourceUSA\/","article_modified_time":"2024-09-03T00:01:19+00:00","og_image":[{"width":574,"height":881,"url":"https:\/\/ultrasource.com.mx\/wp-content\/uploads\/2023\/12\/Thompson_900_Omega_Lid_Open_ultra-100.jpg","type":"image\/jpeg"}],"twitter_card":"summary_large_image","twitter_site":"@UltraSourceUSA","twitter_misc":{"Est. reading time":"1 minute"},"schema":{"@context":"https:\/\/schema.org","@graph":[{"@type":"WebPage","@id":"https:\/\/ultrasource.com.mx\/producto\/thompson-900-omega\/","url":"https:\/\/ultrasource.com.mx\/producto\/thompson-900-omega\/","name":"Thompson 900 Omega - UltraSource","isPartOf":{"@id":"https:\/\/ultrasource.com.mx\/#website"},"primaryImageOfPage":{"@id":"https:\/\/ultrasource.com.mx\/producto\/thompson-900-omega\/#primaryimage"},"image":{"@id":"https:\/\/ultrasource.com.mx\/producto\/thompson-900-omega\/#primaryimage"},"thumbnailUrl":"https:\/\/ultrasource.com.mx\/wp-content\/uploads\/2023\/12\/Thompson_900_Omega_Lid_Open_ultra-100.jpg","datePublished":"2023-12-31T05:05:15+00:00","dateModified":"2024-09-03T00:01:19+00:00","breadcrumb":{"@id":"https:\/\/ultrasource.com.mx\/producto\/thompson-900-omega\/#breadcrumb"},"inLanguage":"en-US","potentialAction":[{"@type":"ReadAction","target":["https:\/\/ultrasource.com.mx\/producto\/thompson-900-omega\/"]}]},{"@type":"ImageObject","inLanguage":"en-US","@id":"https:\/\/ultrasource.com.mx\/producto\/thompson-900-omega\/#primaryimage","url":"https:\/\/ultrasource.com.mx\/wp-content\/uploads\/2023\/12\/Thompson_900_Omega_Lid_Open_ultra-100.jpg","contentUrl":"https:\/\/ultrasource.com.mx\/wp-content\/uploads\/2023\/12\/Thompson_900_Omega_Lid_Open_ultra-100.jpg","width":574,"height":881},{"@type":"BreadcrumbList","@id":"https:\/\/ultrasource.com.mx\/producto\/thompson-900-omega\/#breadcrumb","itemListElement":[{"@type":"ListItem","position":1,"name":"Portada","item":"https:\/\/ultrasource.com.mx\/"},{"@type":"ListItem","position":2,"name":"Catalog","item":"https:\/\/ultrasource.com.mx\/catalog\/"},{"@type":"ListItem","position":3,"name":"Thompson 900 Omega"}]},{"@type":"WebSite","@id":"https:\/\/ultrasource.com.mx\/#website","url":"https:\/\/ultrasource.com.mx\/","name":"UltraSource","description":"","publisher":{"@id":"https:\/\/ultrasource.com.mx\/#organization"},"potentialAction":[{"@type":"SearchAction","target":{"@type":"EntryPoint","urlTemplate":"https:\/\/ultrasource.com.mx\/?s={search_term_string}"},"query-input":{"@type":"PropertyValueSpecification","valueRequired":true,"valueName":"search_term_string"}}],"inLanguage":"en-US"},{"@type":"Organization","@id":"https:\/\/ultrasource.com.mx\/#organization","name":"UltraSource","url":"https:\/\/ultrasource.com.mx\/","logo":{"@type":"ImageObject","inLanguage":"en-US","@id":"https:\/\/ultrasource.com.mx\/#\/schema\/logo\/image\/","url":"https:\/\/ultrasource.com.mx\/wp-content\/uploads\/2023\/02\/ultrasource-logo-vertical.svg","contentUrl":"https:\/\/ultrasource.com.mx\/wp-content\/uploads\/2023\/02\/ultrasource-logo-vertical.svg","width":100,"height":100,"caption":"UltraSource"},"image":{"@id":"https:\/\/ultrasource.com.mx\/#\/schema\/logo\/image\/"},"sameAs":["https:\/\/www.facebook.com\/UltraSourceUSA\/","https:\/\/x.com\/UltraSourceUSA","http:\/\/www.linkedin.com\/company\/ultrasource-llc","https:\/\/www.youtube.com\/channel\/UCNHEJAkgGhh_JOoO4DcBFmQ"]}]}},"_links":{"self":[{"href":"https:\/\/ultrasource.com.mx\/en\/wp-json\/wp\/v2\/product\/794","targetHints":{"allow":["GET"]}}],"collection":[{"href":"https:\/\/ultrasource.com.mx\/en\/wp-json\/wp\/v2\/product"}],"about":[{"href":"https:\/\/ultrasource.com.mx\/en\/wp-json\/wp\/v2\/types\/product"}],"replies":[{"embeddable":true,"href":"https:\/\/ultrasource.com.mx\/en\/wp-json\/wp\/v2\/comments?post=794"}],"wp:featuredmedia":[{"embeddable":true,"href":"https:\/\/ultrasource.com.mx\/en\/wp-json\/wp\/v2\/media\/795"}],"wp:attachment":[{"href":"https:\/\/ultrasource.com.mx\/en\/wp-json\/wp\/v2\/media?parent=794"}],"wp:term":[{"taxonomy":"product_brand","embeddable":true,"href":"https:\/\/ultrasource.com.mx\/en\/wp-json\/wp\/v2\/product_brand?post=794"},{"taxonomy":"product_cat","embeddable":true,"href":"https:\/\/ultrasource.com.mx\/en\/wp-json\/wp\/v2\/product_cat?post=794"},{"taxonomy":"product_tag","embeddable":true,"href":"https:\/\/ultrasource.com.mx\/en\/wp-json\/wp\/v2\/product_tag?post=794"}],"curies":[{"name":"wp","href":"https:\/\/api.w.org\/{rel}","templated":true}]}}