{"id":791,"date":"2023-12-31T05:02:03","date_gmt":"2023-12-31T05:02:03","guid":{"rendered":"https:\/\/ultrasource.com.mx\/?post_type=product&#038;p=791"},"modified":"2024-09-03T00:01:20","modified_gmt":"2024-09-03T00:01:20","slug":"thompson-840-series","status":"publish","type":"product","link":"https:\/\/ultrasource.com.mx\/en\/product\/thompson-840-series\/","title":{"rendered":"Thompson 840 Series"},"content":{"rendered":"<p>Caracter\u00edsticas est\u00e1ndar de las mezcladoras\/trituradoras Thompson:<\/p>\n<p>Caracter\u00edsticas:<\/p>\n<ul>\n<li>Acci\u00f3n de mezcla autom\u00e1tica hacia adelante\/atr\u00e1s.<\/li>\n<li>Volumen de tolva de 60 litros.<\/li>\n<li>Capacidad de mezcla de 88 libras (40 kg).<\/li>\n<li>Cabezal de trituraci\u00f3n de 3-15\/16&#8243; (#32).<\/li>\n<li>Motor de 4 hp, monof\u00e1sico o trif\u00e1sico.<\/li>\n<li>Capacidad de m\u00e1s de 5,200 libras por hora.<\/li>\n<li>Peso de env\u00edo: 550 libras.<\/li>\n<\/ul>","protected":false},"excerpt":{"rendered":"<p>Caracter\u00edsticas est\u00e1ndar de las mezcladoras\/trituradoras Thompson:<\/p>\n<p>Caracter\u00edsticas:<\/p>\n<ul>\n<li>Acci\u00f3n de mezcla autom\u00e1tica hacia adelante\/atr\u00e1s.<\/li>\n<li>Volumen de tolva de 60 litros.<\/li>\n<li>Capacidad de mezcla de 88 libras (40 kg).<\/li>\n<li>Cabezal de trituraci\u00f3n de 3-15\/16&#8243; (#32).<\/li>\n<li>Motor de 4 hp, monof\u00e1sico o trif\u00e1sico.<\/li>\n<li>Capacidad de m\u00e1s de 5,200 libras por hora.<\/li>\n<li>Peso de env\u00edo: 550 libras.<\/li>\n<\/ul>","protected":false},"featured_media":0,"comment_status":"open","ping_status":"closed","template":"","meta":{"_coblocks_attr":"","_coblocks_dimensions":"","_coblocks_responsive_height":"","_coblocks_accordion_ie_support":"","_joinchat":[]},"product_brand":[],"product_cat":[77,76],"product_tag":[84,80,82,83,78,79,81],"class_list":{"0":"post-791","1":"product","2":"type-product","3":"status-publish","5":"product_cat-molinos-procesamiento","6":"product_cat-procesamiento","7":"product_tag-carne-molida","8":"product_tag-mixer-grinder","9":"product_tag-molida","10":"product_tag-molida-de-res","11":"product_tag-molinos","12":"product_tag-procesamiento","13":"product_tag-thompson","14":"ts_product_brand-thompson","16":"first","17":"instock","18":"shipping-taxable","19":"product-type-simple","20":"add-to-wishlist-after_add_to_cart"},"yoast_head":"<!-- This site is optimized with the Yoast SEO plugin v27.4 - https:\/\/yoast.com\/product\/yoast-seo-wordpress\/ -->\n<title>Thompson 840 Series - UltraSource<\/title>\n<meta name=\"robots\" content=\"index, follow, max-snippet:-1, max-image-preview:large, max-video-preview:-1\" \/>\n<link rel=\"canonical\" href=\"https:\/\/ultrasource.com.mx\/en\/product\/thompson-840-series\/\" \/>\n<meta property=\"og:locale\" content=\"en_US\" \/>\n<meta property=\"og:type\" content=\"article\" \/>\n<meta property=\"og:title\" content=\"Thompson 840 Series - UltraSource\" \/>\n<meta property=\"og:description\" content=\"Caracter\u00edsticas est\u00e1ndar de las mezcladoras\/trituradoras Thompson:  Caracter\u00edsticas:   Acci\u00f3n de mezcla autom\u00e1tica hacia adelante\/atr\u00e1s.  Volumen de tolva de 60 litros.  Capacidad de mezcla de 88 libras (40 kg).  Cabezal de trituraci\u00f3n de 3-15\/16&quot; (#32).  Motor de 4 hp, monof\u00e1sico o trif\u00e1sico.  Capacidad de m\u00e1s de 5,200 libras por hora.  Peso de env\u00edo: 550 libras.\" \/>\n<meta property=\"og:url\" content=\"https:\/\/ultrasource.com.mx\/en\/product\/thompson-840-series\/\" \/>\n<meta property=\"og:site_name\" content=\"UltraSource\" \/>\n<meta property=\"article:publisher\" content=\"https:\/\/www.facebook.com\/UltraSourceUSA\/\" \/>\n<meta property=\"article:modified_time\" content=\"2024-09-03T00:01:20+00:00\" \/>\n<meta name=\"twitter:card\" content=\"summary_large_image\" \/>\n<meta name=\"twitter:site\" content=\"@UltraSourceUSA\" \/>\n<meta name=\"twitter:label1\" content=\"Est. reading time\" \/>\n\t<meta name=\"twitter:data1\" content=\"1 minute\" \/>\n<script type=\"application\/ld+json\" class=\"yoast-schema-graph\">{\"@context\":\"https:\\\/\\\/schema.org\",\"@graph\":[{\"@type\":\"WebPage\",\"@id\":\"https:\\\/\\\/ultrasource.com.mx\\\/producto\\\/thompson-840-series\\\/\",\"url\":\"https:\\\/\\\/ultrasource.com.mx\\\/producto\\\/thompson-840-series\\\/\",\"name\":\"Thompson 840 Series - UltraSource\",\"isPartOf\":{\"@id\":\"https:\\\/\\\/ultrasource.com.mx\\\/#website\"},\"datePublished\":\"2023-12-31T05:02:03+00:00\",\"dateModified\":\"2024-09-03T00:01:20+00:00\",\"breadcrumb\":{\"@id\":\"https:\\\/\\\/ultrasource.com.mx\\\/producto\\\/thompson-840-series\\\/#breadcrumb\"},\"inLanguage\":\"en-US\",\"potentialAction\":[{\"@type\":\"ReadAction\",\"target\":[\"https:\\\/\\\/ultrasource.com.mx\\\/producto\\\/thompson-840-series\\\/\"]}]},{\"@type\":\"BreadcrumbList\",\"@id\":\"https:\\\/\\\/ultrasource.com.mx\\\/producto\\\/thompson-840-series\\\/#breadcrumb\",\"itemListElement\":[{\"@type\":\"ListItem\",\"position\":1,\"name\":\"Portada\",\"item\":\"https:\\\/\\\/ultrasource.com.mx\\\/\"},{\"@type\":\"ListItem\",\"position\":2,\"name\":\"Catalog\",\"item\":\"https:\\\/\\\/ultrasource.com.mx\\\/catalog\\\/\"},{\"@type\":\"ListItem\",\"position\":3,\"name\":\"Thompson 840 Series\"}]},{\"@type\":\"WebSite\",\"@id\":\"https:\\\/\\\/ultrasource.com.mx\\\/#website\",\"url\":\"https:\\\/\\\/ultrasource.com.mx\\\/\",\"name\":\"UltraSource\",\"description\":\"\",\"publisher\":{\"@id\":\"https:\\\/\\\/ultrasource.com.mx\\\/#organization\"},\"potentialAction\":[{\"@type\":\"SearchAction\",\"target\":{\"@type\":\"EntryPoint\",\"urlTemplate\":\"https:\\\/\\\/ultrasource.com.mx\\\/?s={search_term_string}\"},\"query-input\":{\"@type\":\"PropertyValueSpecification\",\"valueRequired\":true,\"valueName\":\"search_term_string\"}}],\"inLanguage\":\"en-US\"},{\"@type\":\"Organization\",\"@id\":\"https:\\\/\\\/ultrasource.com.mx\\\/#organization\",\"name\":\"UltraSource\",\"url\":\"https:\\\/\\\/ultrasource.com.mx\\\/\",\"logo\":{\"@type\":\"ImageObject\",\"inLanguage\":\"en-US\",\"@id\":\"https:\\\/\\\/ultrasource.com.mx\\\/#\\\/schema\\\/logo\\\/image\\\/\",\"url\":\"https:\\\/\\\/ultrasource.com.mx\\\/wp-content\\\/uploads\\\/2023\\\/02\\\/ultrasource-logo-vertical.svg\",\"contentUrl\":\"https:\\\/\\\/ultrasource.com.mx\\\/wp-content\\\/uploads\\\/2023\\\/02\\\/ultrasource-logo-vertical.svg\",\"width\":100,\"height\":100,\"caption\":\"UltraSource\"},\"image\":{\"@id\":\"https:\\\/\\\/ultrasource.com.mx\\\/#\\\/schema\\\/logo\\\/image\\\/\"},\"sameAs\":[\"https:\\\/\\\/www.facebook.com\\\/UltraSourceUSA\\\/\",\"https:\\\/\\\/x.com\\\/UltraSourceUSA\",\"http:\\\/\\\/www.linkedin.com\\\/company\\\/ultrasource-llc\",\"https:\\\/\\\/www.youtube.com\\\/channel\\\/UCNHEJAkgGhh_JOoO4DcBFmQ\"]}]}<\/script>\n<!-- \/ Yoast SEO plugin. -->","yoast_head_json":{"title":"Thompson 840 Series - UltraSource","robots":{"index":"index","follow":"follow","max-snippet":"max-snippet:-1","max-image-preview":"max-image-preview:large","max-video-preview":"max-video-preview:-1"},"canonical":"https:\/\/ultrasource.com.mx\/en\/product\/thompson-840-series\/","og_locale":"en_US","og_type":"article","og_title":"Thompson 840 Series - UltraSource","og_description":"Caracter\u00edsticas est\u00e1ndar de las mezcladoras\/trituradoras Thompson:  Caracter\u00edsticas:   Acci\u00f3n de mezcla autom\u00e1tica hacia adelante\/atr\u00e1s.  Volumen de tolva de 60 litros.  Capacidad de mezcla de 88 libras (40 kg).  Cabezal de trituraci\u00f3n de 3-15\/16\" (#32).  Motor de 4 hp, monof\u00e1sico o trif\u00e1sico.  Capacidad de m\u00e1s de 5,200 libras por hora.  Peso de env\u00edo: 550 libras.","og_url":"https:\/\/ultrasource.com.mx\/en\/product\/thompson-840-series\/","og_site_name":"UltraSource","article_publisher":"https:\/\/www.facebook.com\/UltraSourceUSA\/","article_modified_time":"2024-09-03T00:01:20+00:00","twitter_card":"summary_large_image","twitter_site":"@UltraSourceUSA","twitter_misc":{"Est. reading time":"1 minute"},"schema":{"@context":"https:\/\/schema.org","@graph":[{"@type":"WebPage","@id":"https:\/\/ultrasource.com.mx\/producto\/thompson-840-series\/","url":"https:\/\/ultrasource.com.mx\/producto\/thompson-840-series\/","name":"Thompson 840 Series - UltraSource","isPartOf":{"@id":"https:\/\/ultrasource.com.mx\/#website"},"datePublished":"2023-12-31T05:02:03+00:00","dateModified":"2024-09-03T00:01:20+00:00","breadcrumb":{"@id":"https:\/\/ultrasource.com.mx\/producto\/thompson-840-series\/#breadcrumb"},"inLanguage":"en-US","potentialAction":[{"@type":"ReadAction","target":["https:\/\/ultrasource.com.mx\/producto\/thompson-840-series\/"]}]},{"@type":"BreadcrumbList","@id":"https:\/\/ultrasource.com.mx\/producto\/thompson-840-series\/#breadcrumb","itemListElement":[{"@type":"ListItem","position":1,"name":"Portada","item":"https:\/\/ultrasource.com.mx\/"},{"@type":"ListItem","position":2,"name":"Catalog","item":"https:\/\/ultrasource.com.mx\/catalog\/"},{"@type":"ListItem","position":3,"name":"Thompson 840 Series"}]},{"@type":"WebSite","@id":"https:\/\/ultrasource.com.mx\/#website","url":"https:\/\/ultrasource.com.mx\/","name":"UltraSource","description":"","publisher":{"@id":"https:\/\/ultrasource.com.mx\/#organization"},"potentialAction":[{"@type":"SearchAction","target":{"@type":"EntryPoint","urlTemplate":"https:\/\/ultrasource.com.mx\/?s={search_term_string}"},"query-input":{"@type":"PropertyValueSpecification","valueRequired":true,"valueName":"search_term_string"}}],"inLanguage":"en-US"},{"@type":"Organization","@id":"https:\/\/ultrasource.com.mx\/#organization","name":"UltraSource","url":"https:\/\/ultrasource.com.mx\/","logo":{"@type":"ImageObject","inLanguage":"en-US","@id":"https:\/\/ultrasource.com.mx\/#\/schema\/logo\/image\/","url":"https:\/\/ultrasource.com.mx\/wp-content\/uploads\/2023\/02\/ultrasource-logo-vertical.svg","contentUrl":"https:\/\/ultrasource.com.mx\/wp-content\/uploads\/2023\/02\/ultrasource-logo-vertical.svg","width":100,"height":100,"caption":"UltraSource"},"image":{"@id":"https:\/\/ultrasource.com.mx\/#\/schema\/logo\/image\/"},"sameAs":["https:\/\/www.facebook.com\/UltraSourceUSA\/","https:\/\/x.com\/UltraSourceUSA","http:\/\/www.linkedin.com\/company\/ultrasource-llc","https:\/\/www.youtube.com\/channel\/UCNHEJAkgGhh_JOoO4DcBFmQ"]}]}},"_links":{"self":[{"href":"https:\/\/ultrasource.com.mx\/en\/wp-json\/wp\/v2\/product\/791","targetHints":{"allow":["GET"]}}],"collection":[{"href":"https:\/\/ultrasource.com.mx\/en\/wp-json\/wp\/v2\/product"}],"about":[{"href":"https:\/\/ultrasource.com.mx\/en\/wp-json\/wp\/v2\/types\/product"}],"replies":[{"embeddable":true,"href":"https:\/\/ultrasource.com.mx\/en\/wp-json\/wp\/v2\/comments?post=791"}],"wp:attachment":[{"href":"https:\/\/ultrasource.com.mx\/en\/wp-json\/wp\/v2\/media?parent=791"}],"wp:term":[{"taxonomy":"product_brand","embeddable":true,"href":"https:\/\/ultrasource.com.mx\/en\/wp-json\/wp\/v2\/product_brand?post=791"},{"taxonomy":"product_cat","embeddable":true,"href":"https:\/\/ultrasource.com.mx\/en\/wp-json\/wp\/v2\/product_cat?post=791"},{"taxonomy":"product_tag","embeddable":true,"href":"https:\/\/ultrasource.com.mx\/en\/wp-json\/wp\/v2\/product_tag?post=791"}],"curies":[{"name":"wp","href":"https:\/\/api.w.org\/{rel}","templated":true}]}}