{"id":585,"date":"2023-10-31T00:26:56","date_gmt":"2023-10-31T00:26:56","guid":{"rendered":"https:\/\/ultrasource.com.mx\/?post_type=product&#038;p=585"},"modified":"2024-09-03T00:03:49","modified_gmt":"2024-09-03T00:03:49","slug":"posi-200","status":"publish","type":"product","link":"https:\/\/ultrasource.com.mx\/en\/product\/posi-200\/","title":{"rendered":"POSI 200"},"content":{"rendered":"<p><strong>Sistema de Etiquetado Autom\u00e1tico Posi 200 para Etiquetas Superiores e Inferiores en el Envase<\/strong><\/p>\n<p>&nbsp;<\/p>\n<p><strong>Rendimiento<\/strong><\/p>\n<ul>\n<li>La cabeza del etiquetador inferior est\u00e1 equipada con una funci\u00f3n de extracci\u00f3n para facilitar el enhebrado de etiquetas.<\/li>\n<li>Precisi\u00f3n en el etiquetado con una tolerancia de \u00b11.0 mm.<\/li>\n<\/ul>\n<p>&nbsp;<\/p>\n<p><strong>Mantenimiento Sencillo<\/strong><\/p>\n<ul>\n<li>Las correas transportadoras de liberaci\u00f3n r\u00e1pida se pueden limpiar f\u00e1cilmente para una limpieza exhaustiva y una inspecci\u00f3n minuciosa.<\/li>\n<\/ul>\n<p>&nbsp;<\/p>\n<p><strong>Compacto y Duradero<\/strong><\/p>\n<ul>\n<li>Construido principalmente de acero inoxidable y material Delrin, y construido seg\u00fan las especificaciones NEMA 4.<br \/>\nHuella peque\u00f1a.<\/li>\n<\/ul>","protected":false},"excerpt":{"rendered":"<p><strong>Sistema de Etiquetado Autom\u00e1tico Posi 200 para Etiquetas Superiores e Inferiores en el Envase<\/strong><\/p>\n<p>&nbsp;<\/p>\n<p><strong>Rendimiento<\/strong><\/p>\n<ul>\n<li>La cabeza del etiquetador inferior est\u00e1 equipada con una funci\u00f3n de extracci\u00f3n para facilitar el enhebrado de etiquetas.<\/li>\n<li>Precisi\u00f3n en el etiquetado con una tolerancia de \u00b11.0 mm.<\/li>\n<\/ul>\n<p>&nbsp;<\/p>\n<p><strong>Mantenimiento Sencillo<\/strong><\/p>\n<ul>\n<li>Las correas transportadoras de liberaci\u00f3n r\u00e1pida se pueden limpiar f\u00e1cilmente para una limpieza exhaustiva y una inspecci\u00f3n minuciosa.<\/li>\n<\/ul>\n<p>&nbsp;<\/p>\n<p><strong>Compacto y Duradero<\/strong><\/p>\n<ul>\n<li>Construido principalmente de acero inoxidable y material Delrin, y construido seg\u00fan las especificaciones NEMA 4.<br \/>\nHuella peque\u00f1a.<\/li>\n<\/ul>","protected":false},"featured_media":586,"comment_status":"open","ping_status":"closed","template":"","meta":{"_coblocks_attr":"","_coblocks_dimensions":"","_coblocks_responsive_height":"","_coblocks_accordion_ie_support":"","_joinchat":[]},"product_brand":[],"product_cat":[47,66,19],"product_tag":[69,68,72,24,67,70,74,73,71,64],"class_list":{"0":"post-585","1":"product","2":"type-product","3":"status-publish","4":"has-post-thumbnail","6":"product_cat-empaque","7":"product_cat-etiquetadoras","8":"product_cat-todos","9":"product_tag-branding","10":"product_tag-comida","11":"product_tag-diseno-de-empaque","12":"product_tag-empaque","13":"product_tag-etiquetadora","14":"product_tag-etiquetas","15":"product_tag-label","16":"product_tag-labeler","17":"product_tag-packaging","18":"product_tag-rollstock","19":"ts_product_brand-ultrasource","21":"first","22":"instock","23":"shipping-taxable","24":"product-type-simple","25":"add-to-wishlist-after_add_to_cart"},"yoast_head":"<!-- This site is optimized with the Yoast SEO plugin v27.4 - https:\/\/yoast.com\/product\/yoast-seo-wordpress\/ -->\n<title>POSI 200 - UltraSource<\/title>\n<meta name=\"description\" content=\"Sistema de Etiquetado Autom\u00e1tico Posi 200 para Etiquetas Superiores e Inferiores en el envase de carnes, quesos, mariscos, etc.\" \/>\n<meta name=\"robots\" content=\"index, follow, max-snippet:-1, max-image-preview:large, max-video-preview:-1\" \/>\n<link rel=\"canonical\" href=\"https:\/\/ultrasource.com.mx\/en\/product\/posi-200\/\" \/>\n<meta property=\"og:locale\" content=\"en_US\" \/>\n<meta property=\"og:type\" content=\"article\" \/>\n<meta property=\"og:title\" content=\"POSI 200 - UltraSource\" \/>\n<meta property=\"og:description\" content=\"Sistema de Etiquetado Autom\u00e1tico Posi 200 para Etiquetas Superiores e Inferiores en el envase de carnes, quesos, mariscos, etc.\" \/>\n<meta property=\"og:url\" content=\"https:\/\/ultrasource.com.mx\/en\/product\/posi-200\/\" \/>\n<meta property=\"og:site_name\" content=\"UltraSource\" \/>\n<meta property=\"article:publisher\" content=\"https:\/\/www.facebook.com\/UltraSourceUSA\/\" \/>\n<meta property=\"article:modified_time\" content=\"2024-09-03T00:03:49+00:00\" \/>\n<meta property=\"og:image\" content=\"https:\/\/ultrasource.com.mx\/wp-content\/uploads\/2023\/10\/Matrix_Ultra_Film_Labeler_Bison_UltraSource-2.png\" \/>\n\t<meta property=\"og:image:width\" content=\"742\" \/>\n\t<meta property=\"og:image:height\" content=\"742\" \/>\n\t<meta property=\"og:image:type\" content=\"image\/png\" \/>\n<meta name=\"twitter:card\" content=\"summary_large_image\" \/>\n<meta name=\"twitter:site\" content=\"@UltraSourceUSA\" \/>\n<meta name=\"twitter:label1\" content=\"Est. reading time\" \/>\n\t<meta name=\"twitter:data1\" content=\"1 minute\" \/>\n<script type=\"application\/ld+json\" class=\"yoast-schema-graph\">{\"@context\":\"https:\\\/\\\/schema.org\",\"@graph\":[{\"@type\":\"WebPage\",\"@id\":\"https:\\\/\\\/ultrasource.com.mx\\\/producto\\\/posi-200\\\/\",\"url\":\"https:\\\/\\\/ultrasource.com.mx\\\/producto\\\/posi-200\\\/\",\"name\":\"POSI 200 - UltraSource\",\"isPartOf\":{\"@id\":\"https:\\\/\\\/ultrasource.com.mx\\\/#website\"},\"primaryImageOfPage\":{\"@id\":\"https:\\\/\\\/ultrasource.com.mx\\\/producto\\\/posi-200\\\/#primaryimage\"},\"image\":{\"@id\":\"https:\\\/\\\/ultrasource.com.mx\\\/producto\\\/posi-200\\\/#primaryimage\"},\"thumbnailUrl\":\"https:\\\/\\\/ultrasource.com.mx\\\/wp-content\\\/uploads\\\/2023\\\/10\\\/Matrix_Ultra_Film_Labeler_Bison_UltraSource-2.png\",\"datePublished\":\"2023-10-31T00:26:56+00:00\",\"dateModified\":\"2024-09-03T00:03:49+00:00\",\"description\":\"Sistema de Etiquetado Autom\u00e1tico Posi 200 para Etiquetas Superiores e Inferiores en el envase de carnes, quesos, mariscos, etc.\",\"breadcrumb\":{\"@id\":\"https:\\\/\\\/ultrasource.com.mx\\\/producto\\\/posi-200\\\/#breadcrumb\"},\"inLanguage\":\"en-US\",\"potentialAction\":[{\"@type\":\"ReadAction\",\"target\":[\"https:\\\/\\\/ultrasource.com.mx\\\/producto\\\/posi-200\\\/\"]}]},{\"@type\":\"ImageObject\",\"inLanguage\":\"en-US\",\"@id\":\"https:\\\/\\\/ultrasource.com.mx\\\/producto\\\/posi-200\\\/#primaryimage\",\"url\":\"https:\\\/\\\/ultrasource.com.mx\\\/wp-content\\\/uploads\\\/2023\\\/10\\\/Matrix_Ultra_Film_Labeler_Bison_UltraSource-2.png\",\"contentUrl\":\"https:\\\/\\\/ultrasource.com.mx\\\/wp-content\\\/uploads\\\/2023\\\/10\\\/Matrix_Ultra_Film_Labeler_Bison_UltraSource-2.png\",\"width\":742,\"height\":742,\"caption\":\"posi 200 etiquetadora\"},{\"@type\":\"BreadcrumbList\",\"@id\":\"https:\\\/\\\/ultrasource.com.mx\\\/producto\\\/posi-200\\\/#breadcrumb\",\"itemListElement\":[{\"@type\":\"ListItem\",\"position\":1,\"name\":\"Portada\",\"item\":\"https:\\\/\\\/ultrasource.com.mx\\\/\"},{\"@type\":\"ListItem\",\"position\":2,\"name\":\"Catalog\",\"item\":\"https:\\\/\\\/ultrasource.com.mx\\\/catalog\\\/\"},{\"@type\":\"ListItem\",\"position\":3,\"name\":\"POSI 200\"}]},{\"@type\":\"WebSite\",\"@id\":\"https:\\\/\\\/ultrasource.com.mx\\\/#website\",\"url\":\"https:\\\/\\\/ultrasource.com.mx\\\/\",\"name\":\"UltraSource\",\"description\":\"\",\"publisher\":{\"@id\":\"https:\\\/\\\/ultrasource.com.mx\\\/#organization\"},\"potentialAction\":[{\"@type\":\"SearchAction\",\"target\":{\"@type\":\"EntryPoint\",\"urlTemplate\":\"https:\\\/\\\/ultrasource.com.mx\\\/?s={search_term_string}\"},\"query-input\":{\"@type\":\"PropertyValueSpecification\",\"valueRequired\":true,\"valueName\":\"search_term_string\"}}],\"inLanguage\":\"en-US\"},{\"@type\":\"Organization\",\"@id\":\"https:\\\/\\\/ultrasource.com.mx\\\/#organization\",\"name\":\"UltraSource\",\"url\":\"https:\\\/\\\/ultrasource.com.mx\\\/\",\"logo\":{\"@type\":\"ImageObject\",\"inLanguage\":\"en-US\",\"@id\":\"https:\\\/\\\/ultrasource.com.mx\\\/#\\\/schema\\\/logo\\\/image\\\/\",\"url\":\"https:\\\/\\\/ultrasource.com.mx\\\/wp-content\\\/uploads\\\/2023\\\/02\\\/ultrasource-logo-vertical.svg\",\"contentUrl\":\"https:\\\/\\\/ultrasource.com.mx\\\/wp-content\\\/uploads\\\/2023\\\/02\\\/ultrasource-logo-vertical.svg\",\"width\":100,\"height\":100,\"caption\":\"UltraSource\"},\"image\":{\"@id\":\"https:\\\/\\\/ultrasource.com.mx\\\/#\\\/schema\\\/logo\\\/image\\\/\"},\"sameAs\":[\"https:\\\/\\\/www.facebook.com\\\/UltraSourceUSA\\\/\",\"https:\\\/\\\/x.com\\\/UltraSourceUSA\",\"http:\\\/\\\/www.linkedin.com\\\/company\\\/ultrasource-llc\",\"https:\\\/\\\/www.youtube.com\\\/channel\\\/UCNHEJAkgGhh_JOoO4DcBFmQ\"]}]}<\/script>\n<!-- \/ Yoast SEO plugin. -->","yoast_head_json":{"title":"POSI 200 - UltraSource","description":"Sistema de Etiquetado Autom\u00e1tico Posi 200 para Etiquetas Superiores e Inferiores en el envase de carnes, quesos, mariscos, etc.","robots":{"index":"index","follow":"follow","max-snippet":"max-snippet:-1","max-image-preview":"max-image-preview:large","max-video-preview":"max-video-preview:-1"},"canonical":"https:\/\/ultrasource.com.mx\/en\/product\/posi-200\/","og_locale":"en_US","og_type":"article","og_title":"POSI 200 - UltraSource","og_description":"Sistema de Etiquetado Autom\u00e1tico Posi 200 para Etiquetas Superiores e Inferiores en el envase de carnes, quesos, mariscos, etc.","og_url":"https:\/\/ultrasource.com.mx\/en\/product\/posi-200\/","og_site_name":"UltraSource","article_publisher":"https:\/\/www.facebook.com\/UltraSourceUSA\/","article_modified_time":"2024-09-03T00:03:49+00:00","og_image":[{"width":742,"height":742,"url":"https:\/\/ultrasource.com.mx\/wp-content\/uploads\/2023\/10\/Matrix_Ultra_Film_Labeler_Bison_UltraSource-2.png","type":"image\/png"}],"twitter_card":"summary_large_image","twitter_site":"@UltraSourceUSA","twitter_misc":{"Est. reading time":"1 minute"},"schema":{"@context":"https:\/\/schema.org","@graph":[{"@type":"WebPage","@id":"https:\/\/ultrasource.com.mx\/producto\/posi-200\/","url":"https:\/\/ultrasource.com.mx\/producto\/posi-200\/","name":"POSI 200 - UltraSource","isPartOf":{"@id":"https:\/\/ultrasource.com.mx\/#website"},"primaryImageOfPage":{"@id":"https:\/\/ultrasource.com.mx\/producto\/posi-200\/#primaryimage"},"image":{"@id":"https:\/\/ultrasource.com.mx\/producto\/posi-200\/#primaryimage"},"thumbnailUrl":"https:\/\/ultrasource.com.mx\/wp-content\/uploads\/2023\/10\/Matrix_Ultra_Film_Labeler_Bison_UltraSource-2.png","datePublished":"2023-10-31T00:26:56+00:00","dateModified":"2024-09-03T00:03:49+00:00","description":"Sistema de Etiquetado Autom\u00e1tico Posi 200 para Etiquetas Superiores e Inferiores en el envase de carnes, quesos, mariscos, etc.","breadcrumb":{"@id":"https:\/\/ultrasource.com.mx\/producto\/posi-200\/#breadcrumb"},"inLanguage":"en-US","potentialAction":[{"@type":"ReadAction","target":["https:\/\/ultrasource.com.mx\/producto\/posi-200\/"]}]},{"@type":"ImageObject","inLanguage":"en-US","@id":"https:\/\/ultrasource.com.mx\/producto\/posi-200\/#primaryimage","url":"https:\/\/ultrasource.com.mx\/wp-content\/uploads\/2023\/10\/Matrix_Ultra_Film_Labeler_Bison_UltraSource-2.png","contentUrl":"https:\/\/ultrasource.com.mx\/wp-content\/uploads\/2023\/10\/Matrix_Ultra_Film_Labeler_Bison_UltraSource-2.png","width":742,"height":742,"caption":"posi 200 etiquetadora"},{"@type":"BreadcrumbList","@id":"https:\/\/ultrasource.com.mx\/producto\/posi-200\/#breadcrumb","itemListElement":[{"@type":"ListItem","position":1,"name":"Portada","item":"https:\/\/ultrasource.com.mx\/"},{"@type":"ListItem","position":2,"name":"Catalog","item":"https:\/\/ultrasource.com.mx\/catalog\/"},{"@type":"ListItem","position":3,"name":"POSI 200"}]},{"@type":"WebSite","@id":"https:\/\/ultrasource.com.mx\/#website","url":"https:\/\/ultrasource.com.mx\/","name":"UltraSource","description":"","publisher":{"@id":"https:\/\/ultrasource.com.mx\/#organization"},"potentialAction":[{"@type":"SearchAction","target":{"@type":"EntryPoint","urlTemplate":"https:\/\/ultrasource.com.mx\/?s={search_term_string}"},"query-input":{"@type":"PropertyValueSpecification","valueRequired":true,"valueName":"search_term_string"}}],"inLanguage":"en-US"},{"@type":"Organization","@id":"https:\/\/ultrasource.com.mx\/#organization","name":"UltraSource","url":"https:\/\/ultrasource.com.mx\/","logo":{"@type":"ImageObject","inLanguage":"en-US","@id":"https:\/\/ultrasource.com.mx\/#\/schema\/logo\/image\/","url":"https:\/\/ultrasource.com.mx\/wp-content\/uploads\/2023\/02\/ultrasource-logo-vertical.svg","contentUrl":"https:\/\/ultrasource.com.mx\/wp-content\/uploads\/2023\/02\/ultrasource-logo-vertical.svg","width":100,"height":100,"caption":"UltraSource"},"image":{"@id":"https:\/\/ultrasource.com.mx\/#\/schema\/logo\/image\/"},"sameAs":["https:\/\/www.facebook.com\/UltraSourceUSA\/","https:\/\/x.com\/UltraSourceUSA","http:\/\/www.linkedin.com\/company\/ultrasource-llc","https:\/\/www.youtube.com\/channel\/UCNHEJAkgGhh_JOoO4DcBFmQ"]}]}},"_links":{"self":[{"href":"https:\/\/ultrasource.com.mx\/en\/wp-json\/wp\/v2\/product\/585","targetHints":{"allow":["GET"]}}],"collection":[{"href":"https:\/\/ultrasource.com.mx\/en\/wp-json\/wp\/v2\/product"}],"about":[{"href":"https:\/\/ultrasource.com.mx\/en\/wp-json\/wp\/v2\/types\/product"}],"replies":[{"embeddable":true,"href":"https:\/\/ultrasource.com.mx\/en\/wp-json\/wp\/v2\/comments?post=585"}],"wp:featuredmedia":[{"embeddable":true,"href":"https:\/\/ultrasource.com.mx\/en\/wp-json\/wp\/v2\/media\/586"}],"wp:attachment":[{"href":"https:\/\/ultrasource.com.mx\/en\/wp-json\/wp\/v2\/media?parent=585"}],"wp:term":[{"taxonomy":"product_brand","embeddable":true,"href":"https:\/\/ultrasource.com.mx\/en\/wp-json\/wp\/v2\/product_brand?post=585"},{"taxonomy":"product_cat","embeddable":true,"href":"https:\/\/ultrasource.com.mx\/en\/wp-json\/wp\/v2\/product_cat?post=585"},{"taxonomy":"product_tag","embeddable":true,"href":"https:\/\/ultrasource.com.mx\/en\/wp-json\/wp\/v2\/product_tag?post=585"}],"curies":[{"name":"wp","href":"https:\/\/api.w.org\/{rel}","templated":true}]}}