{"id":574,"date":"2023-10-30T23:55:39","date_gmt":"2023-10-30T23:55:39","guid":{"rendered":"https:\/\/ultrasource.com.mx\/?post_type=product&#038;p=574"},"modified":"2024-09-03T00:03:50","modified_gmt":"2024-09-03T00:03:50","slug":"matrix-etiquetadora-superior","status":"publish","type":"product","link":"https:\/\/ultrasource.com.mx\/en\/product\/matrix-etiquetadora-superior\/","title":{"rendered":"Matrix\u2122 PT Etiquetadora Superior de Paquete"},"content":{"rendered":"<p>El etiquetador de la parte superior del paquete Matrix PT est\u00e1 dise\u00f1ado y construido s\u00f3lidamente, y su software y controles son programados y probados por UltraSource en Kansas City, Missouri. Est\u00e1 dise\u00f1ado para montarse en pr\u00e1cticamente cualquier m\u00e1quina de envasado de rollos OEM.<\/p>\n<p>&nbsp;<\/p>\n<p><strong>Reducci\u00f3n de Costos<\/strong><\/p>\n<ul>\n<li>R\u00e1pido retorno de la inversi\u00f3n.<\/li>\n<li>Reduce los costos de mano de obra.<\/li>\n<li>Minimiza los costos de inspecci\u00f3n y mantenimiento.<\/li>\n<\/ul>\n<p>&nbsp;<\/p>\n<p><strong>Mejora del Mantenimiento<\/strong><\/p>\n<ul>\n<li>Clasificaci\u00f3n NEMA 4.<\/li>\n<li>Superficies inclinadas y esquinas redondeadas para un mejor drenaje de agua.<\/li>\n<\/ul>\n<p>&nbsp;<\/p>\n<p><strong>Mejora de la Calidad y la Producci\u00f3n<\/strong><\/p>\n<ul>\n<li>Mejora la precisi\u00f3n del etiquetado en \u00b10.5 mm.<\/li>\n<li>Las etiquetas se ajustan a la mayor\u00eda de los contornos de los productos.<\/li>\n<li>Supera los requisitos de higiene y saneamiento.<\/li>\n<li>La unidad de estampado ajustable en altura patentada reduce el tiempo de estampado y mejora la precisi\u00f3n en la colocaci\u00f3n de etiquetas.<\/li>\n<li>Motores servo opcionales para aplicaciones de alta velocidad.<\/li>\n<\/ul>","protected":false},"excerpt":{"rendered":"<p>El etiquetador de la parte superior del paquete Matrix PT est\u00e1 dise\u00f1ado y construido s\u00f3lidamente, y su software y controles son programados y probados por UltraSource en Kansas City, Missouri. Est\u00e1 dise\u00f1ado para montarse en pr\u00e1cticamente cualquier m\u00e1quina de envasado de rollos OEM.<\/p>\n<p>&nbsp;<\/p>\n<p><strong>Mejora de la Calidad y la Producci\u00f3n<\/strong><\/p>\n<ul>\n<li>Mejora la precisi\u00f3n del etiquetado en \u00b10.5 mm.<\/li>\n<li>Las etiquetas se ajustan a la mayor\u00eda de los contornos de los productos.<\/li>\n<li>Supera los requisitos de higiene y saneamiento.<\/li>\n<li>La unidad de estampado ajustable en altura patentada reduce el tiempo de estampado y mejora la precisi\u00f3n en la colocaci\u00f3n de etiquetas.<\/li>\n<li>Motores servo opcionales para aplicaciones de alta velocidad.<\/li>\n<\/ul>","protected":false},"featured_media":575,"comment_status":"open","ping_status":"closed","template":"","meta":{"_coblocks_attr":"","_coblocks_dimensions":"","_coblocks_responsive_height":"","_coblocks_accordion_ie_support":"","_joinchat":[]},"product_brand":[],"product_cat":[47,66,19],"product_tag":[69,68,72,24,67,70,71,64],"class_list":{"0":"post-574","1":"product","2":"type-product","3":"status-publish","4":"has-post-thumbnail","6":"product_cat-empaque","7":"product_cat-etiquetadoras","8":"product_cat-todos","9":"product_tag-branding","10":"product_tag-comida","11":"product_tag-diseno-de-empaque","12":"product_tag-empaque","13":"product_tag-etiquetadora","14":"product_tag-etiquetas","15":"product_tag-packaging","16":"product_tag-rollstock","17":"ts_product_brand-ultrasource","19":"first","20":"instock","21":"shipping-taxable","22":"product-type-simple","23":"add-to-wishlist-after_add_to_cart"},"yoast_head":"<!-- This site is optimized with the Yoast SEO plugin v27.4 - https:\/\/yoast.com\/product\/yoast-seo-wordpress\/ -->\n<title>Matrix\u2122 PT Etiquetadora Superior de Paquete - UltraSource<\/title>\n<meta name=\"description\" content=\"Nuestra etiquetadora Matrix PT tiene un dise\u00f1o innovador y m\u00f3vil para etiquetar la pel\u00edcula superior en una m\u00e1quina de envasado de rollos.\" \/>\n<meta name=\"robots\" content=\"index, follow, max-snippet:-1, max-image-preview:large, max-video-preview:-1\" \/>\n<link rel=\"canonical\" href=\"https:\/\/ultrasource.com.mx\/en\/product\/matrix-etiquetadora-superior\/\" \/>\n<meta property=\"og:locale\" content=\"en_US\" \/>\n<meta property=\"og:type\" content=\"article\" \/>\n<meta property=\"og:title\" content=\"Matrix\u2122 PT Etiquetadora Superior de Paquete - UltraSource\" \/>\n<meta property=\"og:description\" content=\"Nuestra etiquetadora Matrix PT tiene un dise\u00f1o innovador y m\u00f3vil para etiquetar la pel\u00edcula superior en una m\u00e1quina de envasado de rollos.\" \/>\n<meta property=\"og:url\" content=\"https:\/\/ultrasource.com.mx\/en\/product\/matrix-etiquetadora-superior\/\" \/>\n<meta property=\"og:site_name\" content=\"UltraSource\" \/>\n<meta property=\"article:publisher\" content=\"https:\/\/www.facebook.com\/UltraSourceUSA\/\" \/>\n<meta property=\"article:modified_time\" content=\"2024-09-03T00:03:50+00:00\" \/>\n<meta property=\"og:image\" content=\"https:\/\/ultrasource.com.mx\/wp-content\/uploads\/2023\/10\/Matrix_Ultra_Film_Labeler_Bison_UltraSource.png\" \/>\n\t<meta property=\"og:image:width\" content=\"742\" \/>\n\t<meta property=\"og:image:height\" content=\"742\" \/>\n\t<meta property=\"og:image:type\" content=\"image\/png\" \/>\n<meta name=\"twitter:card\" content=\"summary_large_image\" \/>\n<meta name=\"twitter:site\" content=\"@UltraSourceUSA\" \/>\n<meta name=\"twitter:label1\" content=\"Est. reading time\" \/>\n\t<meta name=\"twitter:data1\" content=\"1 minute\" \/>\n<script type=\"application\/ld+json\" class=\"yoast-schema-graph\">{\"@context\":\"https:\\\/\\\/schema.org\",\"@graph\":[{\"@type\":\"WebPage\",\"@id\":\"https:\\\/\\\/ultrasource.com.mx\\\/producto\\\/matrix-etiquetadora-superior\\\/\",\"url\":\"https:\\\/\\\/ultrasource.com.mx\\\/producto\\\/matrix-etiquetadora-superior\\\/\",\"name\":\"Matrix\u2122 PT Etiquetadora Superior de Paquete - UltraSource\",\"isPartOf\":{\"@id\":\"https:\\\/\\\/ultrasource.com.mx\\\/#website\"},\"primaryImageOfPage\":{\"@id\":\"https:\\\/\\\/ultrasource.com.mx\\\/producto\\\/matrix-etiquetadora-superior\\\/#primaryimage\"},\"image\":{\"@id\":\"https:\\\/\\\/ultrasource.com.mx\\\/producto\\\/matrix-etiquetadora-superior\\\/#primaryimage\"},\"thumbnailUrl\":\"https:\\\/\\\/ultrasource.com.mx\\\/wp-content\\\/uploads\\\/2023\\\/10\\\/Matrix_Ultra_Film_Labeler_Bison_UltraSource.png\",\"datePublished\":\"2023-10-30T23:55:39+00:00\",\"dateModified\":\"2024-09-03T00:03:50+00:00\",\"description\":\"Nuestra etiquetadora Matrix PT tiene un dise\u00f1o innovador y m\u00f3vil para etiquetar la pel\u00edcula superior en una m\u00e1quina de envasado de rollos.\",\"breadcrumb\":{\"@id\":\"https:\\\/\\\/ultrasource.com.mx\\\/producto\\\/matrix-etiquetadora-superior\\\/#breadcrumb\"},\"inLanguage\":\"en-US\",\"potentialAction\":[{\"@type\":\"ReadAction\",\"target\":[\"https:\\\/\\\/ultrasource.com.mx\\\/producto\\\/matrix-etiquetadora-superior\\\/\"]}]},{\"@type\":\"ImageObject\",\"inLanguage\":\"en-US\",\"@id\":\"https:\\\/\\\/ultrasource.com.mx\\\/producto\\\/matrix-etiquetadora-superior\\\/#primaryimage\",\"url\":\"https:\\\/\\\/ultrasource.com.mx\\\/wp-content\\\/uploads\\\/2023\\\/10\\\/Matrix_Ultra_Film_Labeler_Bison_UltraSource.png\",\"contentUrl\":\"https:\\\/\\\/ultrasource.com.mx\\\/wp-content\\\/uploads\\\/2023\\\/10\\\/Matrix_Ultra_Film_Labeler_Bison_UltraSource.png\",\"width\":742,\"height\":742,\"caption\":\"Matrix PT Package Top Labeler\"},{\"@type\":\"BreadcrumbList\",\"@id\":\"https:\\\/\\\/ultrasource.com.mx\\\/producto\\\/matrix-etiquetadora-superior\\\/#breadcrumb\",\"itemListElement\":[{\"@type\":\"ListItem\",\"position\":1,\"name\":\"Portada\",\"item\":\"https:\\\/\\\/ultrasource.com.mx\\\/\"},{\"@type\":\"ListItem\",\"position\":2,\"name\":\"Catalog\",\"item\":\"https:\\\/\\\/ultrasource.com.mx\\\/catalog\\\/\"},{\"@type\":\"ListItem\",\"position\":3,\"name\":\"Matrix\u2122 PT Etiquetadora Superior de Paquete\"}]},{\"@type\":\"WebSite\",\"@id\":\"https:\\\/\\\/ultrasource.com.mx\\\/#website\",\"url\":\"https:\\\/\\\/ultrasource.com.mx\\\/\",\"name\":\"UltraSource\",\"description\":\"\",\"publisher\":{\"@id\":\"https:\\\/\\\/ultrasource.com.mx\\\/#organization\"},\"potentialAction\":[{\"@type\":\"SearchAction\",\"target\":{\"@type\":\"EntryPoint\",\"urlTemplate\":\"https:\\\/\\\/ultrasource.com.mx\\\/?s={search_term_string}\"},\"query-input\":{\"@type\":\"PropertyValueSpecification\",\"valueRequired\":true,\"valueName\":\"search_term_string\"}}],\"inLanguage\":\"en-US\"},{\"@type\":\"Organization\",\"@id\":\"https:\\\/\\\/ultrasource.com.mx\\\/#organization\",\"name\":\"UltraSource\",\"url\":\"https:\\\/\\\/ultrasource.com.mx\\\/\",\"logo\":{\"@type\":\"ImageObject\",\"inLanguage\":\"en-US\",\"@id\":\"https:\\\/\\\/ultrasource.com.mx\\\/#\\\/schema\\\/logo\\\/image\\\/\",\"url\":\"https:\\\/\\\/ultrasource.com.mx\\\/wp-content\\\/uploads\\\/2023\\\/02\\\/ultrasource-logo-vertical.svg\",\"contentUrl\":\"https:\\\/\\\/ultrasource.com.mx\\\/wp-content\\\/uploads\\\/2023\\\/02\\\/ultrasource-logo-vertical.svg\",\"width\":100,\"height\":100,\"caption\":\"UltraSource\"},\"image\":{\"@id\":\"https:\\\/\\\/ultrasource.com.mx\\\/#\\\/schema\\\/logo\\\/image\\\/\"},\"sameAs\":[\"https:\\\/\\\/www.facebook.com\\\/UltraSourceUSA\\\/\",\"https:\\\/\\\/x.com\\\/UltraSourceUSA\",\"http:\\\/\\\/www.linkedin.com\\\/company\\\/ultrasource-llc\",\"https:\\\/\\\/www.youtube.com\\\/channel\\\/UCNHEJAkgGhh_JOoO4DcBFmQ\"]}]}<\/script>\n<!-- \/ Yoast SEO plugin. -->","yoast_head_json":{"title":"Matrix\u2122 PT Etiquetadora Superior de Paquete - UltraSource","description":"Nuestra etiquetadora Matrix PT tiene un dise\u00f1o innovador y m\u00f3vil para etiquetar la pel\u00edcula superior en una m\u00e1quina de envasado de rollos.","robots":{"index":"index","follow":"follow","max-snippet":"max-snippet:-1","max-image-preview":"max-image-preview:large","max-video-preview":"max-video-preview:-1"},"canonical":"https:\/\/ultrasource.com.mx\/en\/product\/matrix-etiquetadora-superior\/","og_locale":"en_US","og_type":"article","og_title":"Matrix\u2122 PT Etiquetadora Superior de Paquete - UltraSource","og_description":"Nuestra etiquetadora Matrix PT tiene un dise\u00f1o innovador y m\u00f3vil para etiquetar la pel\u00edcula superior en una m\u00e1quina de envasado de rollos.","og_url":"https:\/\/ultrasource.com.mx\/en\/product\/matrix-etiquetadora-superior\/","og_site_name":"UltraSource","article_publisher":"https:\/\/www.facebook.com\/UltraSourceUSA\/","article_modified_time":"2024-09-03T00:03:50+00:00","og_image":[{"width":742,"height":742,"url":"https:\/\/ultrasource.com.mx\/wp-content\/uploads\/2023\/10\/Matrix_Ultra_Film_Labeler_Bison_UltraSource.png","type":"image\/png"}],"twitter_card":"summary_large_image","twitter_site":"@UltraSourceUSA","twitter_misc":{"Est. reading time":"1 minute"},"schema":{"@context":"https:\/\/schema.org","@graph":[{"@type":"WebPage","@id":"https:\/\/ultrasource.com.mx\/producto\/matrix-etiquetadora-superior\/","url":"https:\/\/ultrasource.com.mx\/producto\/matrix-etiquetadora-superior\/","name":"Matrix\u2122 PT Etiquetadora Superior de Paquete - UltraSource","isPartOf":{"@id":"https:\/\/ultrasource.com.mx\/#website"},"primaryImageOfPage":{"@id":"https:\/\/ultrasource.com.mx\/producto\/matrix-etiquetadora-superior\/#primaryimage"},"image":{"@id":"https:\/\/ultrasource.com.mx\/producto\/matrix-etiquetadora-superior\/#primaryimage"},"thumbnailUrl":"https:\/\/ultrasource.com.mx\/wp-content\/uploads\/2023\/10\/Matrix_Ultra_Film_Labeler_Bison_UltraSource.png","datePublished":"2023-10-30T23:55:39+00:00","dateModified":"2024-09-03T00:03:50+00:00","description":"Nuestra etiquetadora Matrix PT tiene un dise\u00f1o innovador y m\u00f3vil para etiquetar la pel\u00edcula superior en una m\u00e1quina de envasado de rollos.","breadcrumb":{"@id":"https:\/\/ultrasource.com.mx\/producto\/matrix-etiquetadora-superior\/#breadcrumb"},"inLanguage":"en-US","potentialAction":[{"@type":"ReadAction","target":["https:\/\/ultrasource.com.mx\/producto\/matrix-etiquetadora-superior\/"]}]},{"@type":"ImageObject","inLanguage":"en-US","@id":"https:\/\/ultrasource.com.mx\/producto\/matrix-etiquetadora-superior\/#primaryimage","url":"https:\/\/ultrasource.com.mx\/wp-content\/uploads\/2023\/10\/Matrix_Ultra_Film_Labeler_Bison_UltraSource.png","contentUrl":"https:\/\/ultrasource.com.mx\/wp-content\/uploads\/2023\/10\/Matrix_Ultra_Film_Labeler_Bison_UltraSource.png","width":742,"height":742,"caption":"Matrix PT Package Top Labeler"},{"@type":"BreadcrumbList","@id":"https:\/\/ultrasource.com.mx\/producto\/matrix-etiquetadora-superior\/#breadcrumb","itemListElement":[{"@type":"ListItem","position":1,"name":"Portada","item":"https:\/\/ultrasource.com.mx\/"},{"@type":"ListItem","position":2,"name":"Catalog","item":"https:\/\/ultrasource.com.mx\/catalog\/"},{"@type":"ListItem","position":3,"name":"Matrix\u2122 PT Etiquetadora Superior de Paquete"}]},{"@type":"WebSite","@id":"https:\/\/ultrasource.com.mx\/#website","url":"https:\/\/ultrasource.com.mx\/","name":"UltraSource","description":"","publisher":{"@id":"https:\/\/ultrasource.com.mx\/#organization"},"potentialAction":[{"@type":"SearchAction","target":{"@type":"EntryPoint","urlTemplate":"https:\/\/ultrasource.com.mx\/?s={search_term_string}"},"query-input":{"@type":"PropertyValueSpecification","valueRequired":true,"valueName":"search_term_string"}}],"inLanguage":"en-US"},{"@type":"Organization","@id":"https:\/\/ultrasource.com.mx\/#organization","name":"UltraSource","url":"https:\/\/ultrasource.com.mx\/","logo":{"@type":"ImageObject","inLanguage":"en-US","@id":"https:\/\/ultrasource.com.mx\/#\/schema\/logo\/image\/","url":"https:\/\/ultrasource.com.mx\/wp-content\/uploads\/2023\/02\/ultrasource-logo-vertical.svg","contentUrl":"https:\/\/ultrasource.com.mx\/wp-content\/uploads\/2023\/02\/ultrasource-logo-vertical.svg","width":100,"height":100,"caption":"UltraSource"},"image":{"@id":"https:\/\/ultrasource.com.mx\/#\/schema\/logo\/image\/"},"sameAs":["https:\/\/www.facebook.com\/UltraSourceUSA\/","https:\/\/x.com\/UltraSourceUSA","http:\/\/www.linkedin.com\/company\/ultrasource-llc","https:\/\/www.youtube.com\/channel\/UCNHEJAkgGhh_JOoO4DcBFmQ"]}]}},"_links":{"self":[{"href":"https:\/\/ultrasource.com.mx\/en\/wp-json\/wp\/v2\/product\/574","targetHints":{"allow":["GET"]}}],"collection":[{"href":"https:\/\/ultrasource.com.mx\/en\/wp-json\/wp\/v2\/product"}],"about":[{"href":"https:\/\/ultrasource.com.mx\/en\/wp-json\/wp\/v2\/types\/product"}],"replies":[{"embeddable":true,"href":"https:\/\/ultrasource.com.mx\/en\/wp-json\/wp\/v2\/comments?post=574"}],"wp:featuredmedia":[{"embeddable":true,"href":"https:\/\/ultrasource.com.mx\/en\/wp-json\/wp\/v2\/media\/575"}],"wp:attachment":[{"href":"https:\/\/ultrasource.com.mx\/en\/wp-json\/wp\/v2\/media?parent=574"}],"wp:term":[{"taxonomy":"product_brand","embeddable":true,"href":"https:\/\/ultrasource.com.mx\/en\/wp-json\/wp\/v2\/product_brand?post=574"},{"taxonomy":"product_cat","embeddable":true,"href":"https:\/\/ultrasource.com.mx\/en\/wp-json\/wp\/v2\/product_cat?post=574"},{"taxonomy":"product_tag","embeddable":true,"href":"https:\/\/ultrasource.com.mx\/en\/wp-json\/wp\/v2\/product_tag?post=574"}],"curies":[{"name":"wp","href":"https:\/\/api.w.org\/{rel}","templated":true}]}}