{"id":571,"date":"2023-10-30T23:55:28","date_gmt":"2023-10-30T23:55:28","guid":{"rendered":"https:\/\/ultrasource.com.mx\/?post_type=product&#038;p=571"},"modified":"2024-09-03T00:03:51","modified_gmt":"2024-09-03T00:03:51","slug":"matrix-ultra-etiquetadora","status":"publish","type":"product","link":"https:\/\/ultrasource.com.mx\/en\/product\/matrix-ultra-etiquetadora\/","title":{"rendered":"Matrix\u2122 Ultra Etiquetadora"},"content":{"rendered":"<p>Nuestra etiquetadora <strong>Matrix Ultra<\/strong> tiene un dise\u00f1o innovador y m\u00f3vil para etiquetar la pel\u00edcula superior en una m\u00e1quina de envasado de rollos.<\/p>\n<p>La etiquetadora Matrix\u2122 Ultra permite a los usuarios aplicar etiquetas f\u00e1cilmente al mover el sistema port\u00e1til justo antes de la matriz de sellado. Aumenta la producci\u00f3n y la precisi\u00f3n al tiempo que reduce los costos con nuestro etiquetador m\u00e1s flexible y asequible.<\/p>\n<p>&nbsp;<\/p>\n<p><strong>Ventajas del etiquetador Matrix\u2122 Ultra:<\/strong><\/p>\n<ul>\n<li>Ahorro del 40 al 60% en comparaci\u00f3n con los sistemas de etiquetado convencionales montados.<\/li>\n<li>Portabilidad para su uso en m\u00faltiples m\u00e1quinas y aplicaciones.<\/li>\n<li>Un peque\u00f1o espacio proporciona funcionalidad en entornos limitados y con espacio reducido.<\/li>\n<li>Patentado.<\/li>\n<\/ul>\n<p>&nbsp;<\/p>\n<p><strong>Caracter\u00edsticas adicionales:<\/strong><\/p>\n<ul>\n<li>Controles de pantalla t\u00e1ctil f\u00e1ciles de usar.<\/li>\n<li>Dise\u00f1ado y fabricado por UltraSource en los Estados Unidos.<\/li>\n<li>Clasificaci\u00f3n de lavado NEMA 4 para fiabilidad e higiene.<\/li>\n<li>Dise\u00f1ado para montarse en pr\u00e1cticamente cualquier m\u00e1quina de envasado de rollos OEM.<\/li>\n<\/ul>\n<p>&nbsp;<\/p>\n<p><strong>Especificaci\u00f3nes:<\/strong><\/p>\n<ul>\n<li>Datos El\u00e9ctricos:\n<ul>\n<li>110V &#8211; 15 amperios<\/li>\n<li>220V &#8211; 5 amperios<\/li>\n<\/ul>\n<\/li>\n<li>Di\u00e1metro M\u00e1ximo del Rollo de Etiquetas: 14.5&#8243;<\/li>\n<li>Ancho M\u00e1ximo de Etiqueta: 150 mm<\/li>\n<li>Ancho M\u00e1ximo de la Pel\u00edcula: 460 mm<\/li>\n<li>Altura: 80.5&#8243; (con la caja de control en la posici\u00f3n m\u00e1s alta, tan baja como 75&#8243; cuando el panel de control est\u00e1 m\u00e1s bajo que la barra en la que se encuentra)<\/li>\n<li>Longitud: 53&#8243;<\/li>\n<li>Profundidad: 35&#8243;<\/li>\n<li>Peso Embalado: 656 libras<\/li>\n<li>Altura M\u00ednima de la Fila 1: 50.5&#8243; (borde superior de la correa de etiquetas blancas)<\/li>\n<li>Altura M\u00e1xima de la Fila 1: 70.0&#8243;<\/li>\n<li>Longitud de Carrera del Cilindro de la Fila 2: 200 mm<\/li>\n<li>Altura de la Fila 2: Totalmente ajustable utilizando el collar de tope del cilindro proporcionado.<\/li>\n<\/ul>","protected":false},"excerpt":{"rendered":"<p>Nuestra etiquetadora <strong>Matrix Ultra<\/strong> tiene un dise\u00f1o innovador y m\u00f3vil para etiquetar la pel\u00edcula superior en una m\u00e1quina de envasado de rollos.<\/p>\n<p>La etiquetadora Matrix\u2122 Ultra permite a los usuarios aplicar etiquetas f\u00e1cilmente al mover el sistema port\u00e1til justo antes de la matriz de sellado. Aumenta la producci\u00f3n y la precisi\u00f3n al tiempo que reduce los costos con nuestro etiquetador m\u00e1s flexible y asequible.<\/p>\n<p>&nbsp;<\/p>\n<p><strong>Ventajas del etiquetador Matrix\u2122 Ultra:<\/strong><\/p>\n<ul>\n<li>Ahorro del 40 al 60% en comparaci\u00f3n con los sistemas de etiquetado convencionales montados.<\/li>\n<li>Portabilidad para su uso en m\u00faltiples m\u00e1quinas y aplicaciones.<\/li>\n<li>Un peque\u00f1o espacio proporciona funcionalidad en entornos limitados y con espacio reducido.<\/li>\n<li>Patentado.<\/li>\n<\/ul>","protected":false},"featured_media":572,"comment_status":"open","ping_status":"closed","template":"","meta":{"_coblocks_attr":"","_coblocks_dimensions":"","_coblocks_responsive_height":"","_coblocks_accordion_ie_support":"","_joinchat":[]},"product_brand":[],"product_cat":[47,66,19],"product_tag":[69,68,72,24,67,70,71,64],"class_list":{"0":"post-571","1":"product","2":"type-product","3":"status-publish","4":"has-post-thumbnail","6":"product_cat-empaque","7":"product_cat-etiquetadoras","8":"product_cat-todos","9":"product_tag-branding","10":"product_tag-comida","11":"product_tag-diseno-de-empaque","12":"product_tag-empaque","13":"product_tag-etiquetadora","14":"product_tag-etiquetas","15":"product_tag-packaging","16":"product_tag-rollstock","17":"ts_product_brand-ultrasource","19":"first","20":"instock","21":"shipping-taxable","22":"product-type-simple","23":"add-to-wishlist-after_add_to_cart"},"yoast_head":"<!-- This site is optimized with the Yoast SEO plugin v27.4 - https:\/\/yoast.com\/product\/yoast-seo-wordpress\/ -->\n<title>Matrix\u2122 Ultra Etiquetadora - UltraSource<\/title>\n<meta name=\"description\" content=\"Nuestra etiquetadora Matrix Ultra tiene un dise\u00f1o innovador y m\u00f3vil para etiquetar la pel\u00edcula superior en una m\u00e1quina de envasado de rollos.\" \/>\n<meta name=\"robots\" content=\"index, follow, max-snippet:-1, max-image-preview:large, max-video-preview:-1\" \/>\n<link rel=\"canonical\" href=\"https:\/\/ultrasource.com.mx\/en\/product\/matrix-ultra-etiquetadora\/\" \/>\n<meta property=\"og:locale\" content=\"en_US\" \/>\n<meta property=\"og:type\" content=\"article\" \/>\n<meta property=\"og:title\" content=\"Matrix\u2122 Ultra Etiquetadora - UltraSource\" \/>\n<meta property=\"og:description\" content=\"Nuestra etiquetadora Matrix Ultra tiene un dise\u00f1o innovador y m\u00f3vil para etiquetar la pel\u00edcula superior en una m\u00e1quina de envasado de rollos.\" \/>\n<meta property=\"og:url\" content=\"https:\/\/ultrasource.com.mx\/en\/product\/matrix-ultra-etiquetadora\/\" \/>\n<meta property=\"og:site_name\" content=\"UltraSource\" \/>\n<meta property=\"article:publisher\" content=\"https:\/\/www.facebook.com\/UltraSourceUSA\/\" \/>\n<meta property=\"article:modified_time\" content=\"2024-09-03T00:03:51+00:00\" \/>\n<meta property=\"og:image\" content=\"https:\/\/ultrasource.com.mx\/wp-content\/uploads\/2023\/10\/matrix-ultra-labeler.png\" \/>\n\t<meta property=\"og:image:width\" content=\"810\" \/>\n\t<meta property=\"og:image:height\" content=\"810\" \/>\n\t<meta property=\"og:image:type\" content=\"image\/png\" \/>\n<meta name=\"twitter:card\" content=\"summary_large_image\" \/>\n<meta name=\"twitter:site\" content=\"@UltraSourceUSA\" \/>\n<meta name=\"twitter:label1\" content=\"Est. reading time\" \/>\n\t<meta name=\"twitter:data1\" content=\"2 minutes\" \/>\n<script type=\"application\/ld+json\" class=\"yoast-schema-graph\">{\"@context\":\"https:\\\/\\\/schema.org\",\"@graph\":[{\"@type\":\"WebPage\",\"@id\":\"https:\\\/\\\/ultrasource.com.mx\\\/producto\\\/matrix-ultra-etiquetadora\\\/\",\"url\":\"https:\\\/\\\/ultrasource.com.mx\\\/producto\\\/matrix-ultra-etiquetadora\\\/\",\"name\":\"Matrix\u2122 Ultra Etiquetadora - UltraSource\",\"isPartOf\":{\"@id\":\"https:\\\/\\\/ultrasource.com.mx\\\/#website\"},\"primaryImageOfPage\":{\"@id\":\"https:\\\/\\\/ultrasource.com.mx\\\/producto\\\/matrix-ultra-etiquetadora\\\/#primaryimage\"},\"image\":{\"@id\":\"https:\\\/\\\/ultrasource.com.mx\\\/producto\\\/matrix-ultra-etiquetadora\\\/#primaryimage\"},\"thumbnailUrl\":\"https:\\\/\\\/ultrasource.com.mx\\\/wp-content\\\/uploads\\\/2023\\\/10\\\/matrix-ultra-labeler.png\",\"datePublished\":\"2023-10-30T23:55:28+00:00\",\"dateModified\":\"2024-09-03T00:03:51+00:00\",\"description\":\"Nuestra etiquetadora Matrix Ultra tiene un dise\u00f1o innovador y m\u00f3vil para etiquetar la pel\u00edcula superior en una m\u00e1quina de envasado de rollos.\",\"breadcrumb\":{\"@id\":\"https:\\\/\\\/ultrasource.com.mx\\\/producto\\\/matrix-ultra-etiquetadora\\\/#breadcrumb\"},\"inLanguage\":\"en-US\",\"potentialAction\":[{\"@type\":\"ReadAction\",\"target\":[\"https:\\\/\\\/ultrasource.com.mx\\\/producto\\\/matrix-ultra-etiquetadora\\\/\"]}]},{\"@type\":\"ImageObject\",\"inLanguage\":\"en-US\",\"@id\":\"https:\\\/\\\/ultrasource.com.mx\\\/producto\\\/matrix-ultra-etiquetadora\\\/#primaryimage\",\"url\":\"https:\\\/\\\/ultrasource.com.mx\\\/wp-content\\\/uploads\\\/2023\\\/10\\\/matrix-ultra-labeler.png\",\"contentUrl\":\"https:\\\/\\\/ultrasource.com.mx\\\/wp-content\\\/uploads\\\/2023\\\/10\\\/matrix-ultra-labeler.png\",\"width\":810,\"height\":810,\"caption\":\"matrix ultra labeler\"},{\"@type\":\"BreadcrumbList\",\"@id\":\"https:\\\/\\\/ultrasource.com.mx\\\/producto\\\/matrix-ultra-etiquetadora\\\/#breadcrumb\",\"itemListElement\":[{\"@type\":\"ListItem\",\"position\":1,\"name\":\"Portada\",\"item\":\"https:\\\/\\\/ultrasource.com.mx\\\/\"},{\"@type\":\"ListItem\",\"position\":2,\"name\":\"Catalog\",\"item\":\"https:\\\/\\\/ultrasource.com.mx\\\/catalog\\\/\"},{\"@type\":\"ListItem\",\"position\":3,\"name\":\"Matrix\u2122 Ultra Etiquetadora\"}]},{\"@type\":\"WebSite\",\"@id\":\"https:\\\/\\\/ultrasource.com.mx\\\/#website\",\"url\":\"https:\\\/\\\/ultrasource.com.mx\\\/\",\"name\":\"UltraSource\",\"description\":\"\",\"publisher\":{\"@id\":\"https:\\\/\\\/ultrasource.com.mx\\\/#organization\"},\"potentialAction\":[{\"@type\":\"SearchAction\",\"target\":{\"@type\":\"EntryPoint\",\"urlTemplate\":\"https:\\\/\\\/ultrasource.com.mx\\\/?s={search_term_string}\"},\"query-input\":{\"@type\":\"PropertyValueSpecification\",\"valueRequired\":true,\"valueName\":\"search_term_string\"}}],\"inLanguage\":\"en-US\"},{\"@type\":\"Organization\",\"@id\":\"https:\\\/\\\/ultrasource.com.mx\\\/#organization\",\"name\":\"UltraSource\",\"url\":\"https:\\\/\\\/ultrasource.com.mx\\\/\",\"logo\":{\"@type\":\"ImageObject\",\"inLanguage\":\"en-US\",\"@id\":\"https:\\\/\\\/ultrasource.com.mx\\\/#\\\/schema\\\/logo\\\/image\\\/\",\"url\":\"https:\\\/\\\/ultrasource.com.mx\\\/wp-content\\\/uploads\\\/2023\\\/02\\\/ultrasource-logo-vertical.svg\",\"contentUrl\":\"https:\\\/\\\/ultrasource.com.mx\\\/wp-content\\\/uploads\\\/2023\\\/02\\\/ultrasource-logo-vertical.svg\",\"width\":100,\"height\":100,\"caption\":\"UltraSource\"},\"image\":{\"@id\":\"https:\\\/\\\/ultrasource.com.mx\\\/#\\\/schema\\\/logo\\\/image\\\/\"},\"sameAs\":[\"https:\\\/\\\/www.facebook.com\\\/UltraSourceUSA\\\/\",\"https:\\\/\\\/x.com\\\/UltraSourceUSA\",\"http:\\\/\\\/www.linkedin.com\\\/company\\\/ultrasource-llc\",\"https:\\\/\\\/www.youtube.com\\\/channel\\\/UCNHEJAkgGhh_JOoO4DcBFmQ\"]}]}<\/script>\n<!-- \/ Yoast SEO plugin. -->","yoast_head_json":{"title":"Matrix\u2122 Ultra Etiquetadora - UltraSource","description":"Nuestra etiquetadora Matrix Ultra tiene un dise\u00f1o innovador y m\u00f3vil para etiquetar la pel\u00edcula superior en una m\u00e1quina de envasado de rollos.","robots":{"index":"index","follow":"follow","max-snippet":"max-snippet:-1","max-image-preview":"max-image-preview:large","max-video-preview":"max-video-preview:-1"},"canonical":"https:\/\/ultrasource.com.mx\/en\/product\/matrix-ultra-etiquetadora\/","og_locale":"en_US","og_type":"article","og_title":"Matrix\u2122 Ultra Etiquetadora - UltraSource","og_description":"Nuestra etiquetadora Matrix Ultra tiene un dise\u00f1o innovador y m\u00f3vil para etiquetar la pel\u00edcula superior en una m\u00e1quina de envasado de rollos.","og_url":"https:\/\/ultrasource.com.mx\/en\/product\/matrix-ultra-etiquetadora\/","og_site_name":"UltraSource","article_publisher":"https:\/\/www.facebook.com\/UltraSourceUSA\/","article_modified_time":"2024-09-03T00:03:51+00:00","og_image":[{"width":810,"height":810,"url":"https:\/\/ultrasource.com.mx\/wp-content\/uploads\/2023\/10\/matrix-ultra-labeler.png","type":"image\/png"}],"twitter_card":"summary_large_image","twitter_site":"@UltraSourceUSA","twitter_misc":{"Est. reading time":"2 minutes"},"schema":{"@context":"https:\/\/schema.org","@graph":[{"@type":"WebPage","@id":"https:\/\/ultrasource.com.mx\/producto\/matrix-ultra-etiquetadora\/","url":"https:\/\/ultrasource.com.mx\/producto\/matrix-ultra-etiquetadora\/","name":"Matrix\u2122 Ultra Etiquetadora - UltraSource","isPartOf":{"@id":"https:\/\/ultrasource.com.mx\/#website"},"primaryImageOfPage":{"@id":"https:\/\/ultrasource.com.mx\/producto\/matrix-ultra-etiquetadora\/#primaryimage"},"image":{"@id":"https:\/\/ultrasource.com.mx\/producto\/matrix-ultra-etiquetadora\/#primaryimage"},"thumbnailUrl":"https:\/\/ultrasource.com.mx\/wp-content\/uploads\/2023\/10\/matrix-ultra-labeler.png","datePublished":"2023-10-30T23:55:28+00:00","dateModified":"2024-09-03T00:03:51+00:00","description":"Nuestra etiquetadora Matrix Ultra tiene un dise\u00f1o innovador y m\u00f3vil para etiquetar la pel\u00edcula superior en una m\u00e1quina de envasado de rollos.","breadcrumb":{"@id":"https:\/\/ultrasource.com.mx\/producto\/matrix-ultra-etiquetadora\/#breadcrumb"},"inLanguage":"en-US","potentialAction":[{"@type":"ReadAction","target":["https:\/\/ultrasource.com.mx\/producto\/matrix-ultra-etiquetadora\/"]}]},{"@type":"ImageObject","inLanguage":"en-US","@id":"https:\/\/ultrasource.com.mx\/producto\/matrix-ultra-etiquetadora\/#primaryimage","url":"https:\/\/ultrasource.com.mx\/wp-content\/uploads\/2023\/10\/matrix-ultra-labeler.png","contentUrl":"https:\/\/ultrasource.com.mx\/wp-content\/uploads\/2023\/10\/matrix-ultra-labeler.png","width":810,"height":810,"caption":"matrix ultra labeler"},{"@type":"BreadcrumbList","@id":"https:\/\/ultrasource.com.mx\/producto\/matrix-ultra-etiquetadora\/#breadcrumb","itemListElement":[{"@type":"ListItem","position":1,"name":"Portada","item":"https:\/\/ultrasource.com.mx\/"},{"@type":"ListItem","position":2,"name":"Catalog","item":"https:\/\/ultrasource.com.mx\/catalog\/"},{"@type":"ListItem","position":3,"name":"Matrix\u2122 Ultra Etiquetadora"}]},{"@type":"WebSite","@id":"https:\/\/ultrasource.com.mx\/#website","url":"https:\/\/ultrasource.com.mx\/","name":"UltraSource","description":"","publisher":{"@id":"https:\/\/ultrasource.com.mx\/#organization"},"potentialAction":[{"@type":"SearchAction","target":{"@type":"EntryPoint","urlTemplate":"https:\/\/ultrasource.com.mx\/?s={search_term_string}"},"query-input":{"@type":"PropertyValueSpecification","valueRequired":true,"valueName":"search_term_string"}}],"inLanguage":"en-US"},{"@type":"Organization","@id":"https:\/\/ultrasource.com.mx\/#organization","name":"UltraSource","url":"https:\/\/ultrasource.com.mx\/","logo":{"@type":"ImageObject","inLanguage":"en-US","@id":"https:\/\/ultrasource.com.mx\/#\/schema\/logo\/image\/","url":"https:\/\/ultrasource.com.mx\/wp-content\/uploads\/2023\/02\/ultrasource-logo-vertical.svg","contentUrl":"https:\/\/ultrasource.com.mx\/wp-content\/uploads\/2023\/02\/ultrasource-logo-vertical.svg","width":100,"height":100,"caption":"UltraSource"},"image":{"@id":"https:\/\/ultrasource.com.mx\/#\/schema\/logo\/image\/"},"sameAs":["https:\/\/www.facebook.com\/UltraSourceUSA\/","https:\/\/x.com\/UltraSourceUSA","http:\/\/www.linkedin.com\/company\/ultrasource-llc","https:\/\/www.youtube.com\/channel\/UCNHEJAkgGhh_JOoO4DcBFmQ"]}]}},"_links":{"self":[{"href":"https:\/\/ultrasource.com.mx\/en\/wp-json\/wp\/v2\/product\/571","targetHints":{"allow":["GET"]}}],"collection":[{"href":"https:\/\/ultrasource.com.mx\/en\/wp-json\/wp\/v2\/product"}],"about":[{"href":"https:\/\/ultrasource.com.mx\/en\/wp-json\/wp\/v2\/types\/product"}],"replies":[{"embeddable":true,"href":"https:\/\/ultrasource.com.mx\/en\/wp-json\/wp\/v2\/comments?post=571"}],"wp:featuredmedia":[{"embeddable":true,"href":"https:\/\/ultrasource.com.mx\/en\/wp-json\/wp\/v2\/media\/572"}],"wp:attachment":[{"href":"https:\/\/ultrasource.com.mx\/en\/wp-json\/wp\/v2\/media?parent=571"}],"wp:term":[{"taxonomy":"product_brand","embeddable":true,"href":"https:\/\/ultrasource.com.mx\/en\/wp-json\/wp\/v2\/product_brand?post=571"},{"taxonomy":"product_cat","embeddable":true,"href":"https:\/\/ultrasource.com.mx\/en\/wp-json\/wp\/v2\/product_cat?post=571"},{"taxonomy":"product_tag","embeddable":true,"href":"https:\/\/ultrasource.com.mx\/en\/wp-json\/wp\/v2\/product_tag?post=571"}],"curies":[{"name":"wp","href":"https:\/\/api.w.org\/{rel}","templated":true}]}}