{"id":565,"date":"2023-10-30T23:19:44","date_gmt":"2023-10-30T23:19:44","guid":{"rendered":"https:\/\/ultrasource.com.mx\/?post_type=product&#038;p=565"},"modified":"2024-09-03T00:03:51","modified_gmt":"2024-09-03T00:03:51","slug":"bulldog-empacadora-de-rollo","status":"publish","type":"product","link":"https:\/\/ultrasource.com.mx\/en\/product\/bulldog-empacadora-de-rollo\/","title":{"rendered":"Bulldog\u00ae Empacadora de Rollo"},"content":{"rendered":"<p><strong>Mucho Rendimiento en un Paquete M\u00e1s Peque\u00f1o<\/strong><\/p>\n<p>El BullDog presenta muchas de las tecnolog\u00edas incorporadas en nuestras m\u00e1quinas de gama alta, a un precio atractivo y con una huella m\u00e1s peque\u00f1a. Tambi\u00e9n es fiable, con el marco m\u00e1s resistente de la industria. El BullDog\u00ae est\u00e1 construido con componentes de alta calidad, de marca reconocida y f\u00e1cilmente disponibles, que incluyen cables Turck\u2122, controles de Maple Systems\u2122 y bombas Busch\u00ae. Junto con los 130 a\u00f1os de experiencia en envasado de UltraSource, puede estar seguro de que la m\u00e1quina de envasado de rollos BullDog es la elecci\u00f3n adecuada para su negocio. \u00a1Actualice a una m\u00e1quina de envasado de rollos y haga crecer su negocio!<\/p>\n<p>La m\u00e1quina de envasado de rollos BullDog es simple de operar, compacta, fiable y r\u00e1pida. Pasar del envasado en c\u00e1mara de vac\u00edo al envasado de rollos puede aumentar significativamente su tasa de producci\u00f3n y mejorar la calidad de su envasado sin aumentar los costos de mano de obra. Los paquetes de rollos ofrecen una presentaci\u00f3n de producto terminado m\u00e1s consistente que las bolsas de vac\u00edo. Adem\u00e1s, con la profundidad de bolsillo ajustable, la capacidad de personalizar herramientas y el corte y recorte autom\u00e1ticos, se necesita menos manipulaci\u00f3n y conjeturas que con las bolsas de vac\u00edo.<\/p>\n<blockquote><p>&nbsp;<\/p>\n<p>&#8220;El BullDog es fiable. Hacemos funcionar el BullDog casi 8 horas al d\u00eda, 5 d\u00edas a la semana. Hemos recomendado el BullDog a varias empresas de nuestra \u00e1rea. El BullDog ha simplificado las cosas para nosotros. Es f\u00e1cil, r\u00e1pido y los paquetes son mucho m\u00e1s presentables que los que ten\u00edamos en el pasado.&#8221;<\/p>\n<p>Joe Roggenkamp<br \/>\nGerente de Envasado de Rollos<\/p><\/blockquote>\n<p>&nbsp;<\/p>\n<p><strong>Confiable y Eficiente<\/strong><\/p>\n<ul>\n<li>Las funciones de operaci\u00f3n y seguridad se supervisan y controlan a trav\u00e9s de la pantalla t\u00e1ctil.<\/li>\n<li>La pantalla t\u00e1ctil de mantenimiento cuenta con informaci\u00f3n de tutoriales incorporada para facilitar el uso y la capacitaci\u00f3n.<\/li>\n<li>Cambio r\u00e1pido de herramientas y cuchillas y cambio de programas de recetas.<\/li>\n<li>Actualizaciones de software proporcionadas a trav\u00e9s de la conexi\u00f3n a Internet y alertas de mantenimiento automatizadas enviadas por correo electr\u00f3nico.<\/li>\n<li>Cadena de sujeci\u00f3n de pel\u00edcula de 5\/8 de pulgada controlada por motor servo y bomba Busch\u00ae de 3 hp.<\/li>\n<li>Capacidad de personalizar herramientas para crear paquetes en anchos de pel\u00edcula de 285, 320, 355 y 420 mm.<\/li>\n<li>Dise\u00f1ado para facilitar la adici\u00f3n de etiquetadoras UltraSource\u00ae y otros dispositivos perif\u00e9ricos.<\/li>\n<\/ul>\n<p>&nbsp;<\/p>\n<p><strong>El BullDog es sencillo de usar y compacto, pero personalizable con:<\/strong><\/p>\n<ul>\n<li>Monitoreo de video y resoluci\u00f3n de problemas: EWON.<\/li>\n<li>Impresi\u00f3n t\u00e9rmica por transferencia de calor e inyecci\u00f3n de tinta.<\/li>\n<li>M\u00faltiples opciones de sistemas de corte: cuchillo volante, cuchillo de perforaci\u00f3n, cuchillo de vejiga y perforadora.<\/li>\n<li>Registro de pel\u00edcula para pel\u00edcula impresa.<\/li>\n<li>Sistema de engrase de cadena autom\u00e1tico de 5 litros con funci\u00f3n de secado de aire de cadena despu\u00e9s de la limpieza.<\/li>\n<li>\u00a1Y mucho m\u00e1s!<\/li>\n<\/ul>\n<p>&nbsp;<\/p>\n<p><strong><a href=\"https:\/\/ultrasource.com.mx\/wp-content\/uploads\/2023\/10\/RollstockPamphlet_5.23.23_esp.pdf\" target=\"_blank\" rel=\"noopener\">DESCARGAR CAT\u00c1LOGO<\/a><\/strong><\/p>","protected":false},"excerpt":{"rendered":"<p><strong>Mucho Rendimiento en un Paquete M\u00e1s Peque\u00f1o<\/strong><\/p>\n<p>El BullDog presenta muchas de las tecnolog\u00edas incorporadas en nuestras m\u00e1quinas de gama alta, a un precio atractivo y con una huella m\u00e1s peque\u00f1a. Tambi\u00e9n es fiable, con el marco m\u00e1s resistente de la industria. El BullDog\u00ae est\u00e1 construido con componentes de alta calidad, de marca reconocida y f\u00e1cilmente disponibles, que incluyen cables Turck\u2122, controles de Maple Systems\u2122 y bombas Busch\u00ae. Junto con los 130 a\u00f1os de experiencia en envasado de UltraSource, puede estar seguro de que la m\u00e1quina de envasado de rollos BullDog es la elecci\u00f3n adecuada para su negocio. \u00a1Actualice a una m\u00e1quina de envasado de rollos y haga crecer su negocio!<\/p>\n<p>&nbsp;<\/p>\n<p><strong>Confiable y Eficiente<\/strong><\/p>\n<ul>\n<li>Las funciones de operaci\u00f3n y seguridad se supervisan y controlan a trav\u00e9s de la pantalla t\u00e1ctil.<\/li>\n<li>La pantalla t\u00e1ctil de mantenimiento cuenta con informaci\u00f3n de tutoriales incorporada para facilitar el uso y la capacitaci\u00f3n.<\/li>\n<li>Cambio r\u00e1pido de herramientas y cuchillas y cambio de programas de recetas.<\/li>\n<li>Actualizaciones de software proporcionadas a trav\u00e9s de la conexi\u00f3n a Internet y alertas de mantenimiento automatizadas enviadas por correo electr\u00f3nico.<\/li>\n<li>Cadena de sujeci\u00f3n de pel\u00edcula de 5\/8 de pulgada controlada por motor servo y bomba Busch\u00ae de 3 hp.<\/li>\n<li>Capacidad de personalizar herramientas para crear paquetes en anchos de pel\u00edcula de 285, 320, 355 y 420 mm.<\/li>\n<li>Dise\u00f1ado para facilitar la adici\u00f3n de etiquetadoras UltraSource\u00ae y otros dispositivos perif\u00e9ricos.<\/li>\n<\/ul>","protected":false},"featured_media":566,"comment_status":"open","ping_status":"closed","template":"","meta":{"_coblocks_attr":"","_coblocks_dimensions":"","_coblocks_responsive_height":"","_coblocks_accordion_ie_support":"","_joinchat":[]},"product_brand":[],"product_cat":[63,47,19],"product_tag":[28,27,24,65,64],"class_list":{"0":"post-565","1":"product","2":"type-product","3":"status-publish","4":"has-post-thumbnail","6":"product_cat-empacadoras-de-rollo","7":"product_cat-empaque","8":"product_cat-todos","9":"product_tag-alimentos","10":"product_tag-carne","11":"product_tag-empaque","12":"product_tag-rollo","13":"product_tag-rollstock","14":"ts_product_brand-ultrasource","16":"first","17":"instock","18":"shipping-taxable","19":"product-type-simple","20":"add-to-wishlist-after_add_to_cart"},"yoast_head":"<!-- This site is optimized with the Yoast SEO plugin v27.4 - https:\/\/yoast.com\/product\/yoast-seo-wordpress\/ -->\n<title>Bulldog\u00ae Empacadora de Rollo - UltraSource<\/title>\n<meta name=\"description\" content=\"La m\u00e1quina Bulldog de formado, llenado y sellado horizontal est\u00e1 dise\u00f1ada para expandirse y personalizarse. Para producci\u00f3n de capacidad mediana a grande.\" \/>\n<meta name=\"robots\" content=\"index, follow, max-snippet:-1, max-image-preview:large, max-video-preview:-1\" \/>\n<link rel=\"canonical\" href=\"https:\/\/ultrasource.com.mx\/en\/product\/bulldog-empacadora-de-rollo\/\" \/>\n<meta property=\"og:locale\" content=\"en_US\" \/>\n<meta property=\"og:type\" content=\"article\" \/>\n<meta property=\"og:title\" content=\"Bulldog\u00ae Empacadora de Rollo - UltraSource\" \/>\n<meta property=\"og:description\" content=\"La m\u00e1quina Bulldog de formado, llenado y sellado horizontal est\u00e1 dise\u00f1ada para expandirse y personalizarse. Para producci\u00f3n de capacidad mediana a grande.\" \/>\n<meta property=\"og:url\" content=\"https:\/\/ultrasource.com.mx\/en\/product\/bulldog-empacadora-de-rollo\/\" \/>\n<meta property=\"og:site_name\" content=\"UltraSource\" \/>\n<meta property=\"article:publisher\" content=\"https:\/\/www.facebook.com\/UltraSourceUSA\/\" \/>\n<meta property=\"article:modified_time\" content=\"2024-09-03T00:03:51+00:00\" \/>\n<meta property=\"og:image\" content=\"https:\/\/ultrasource.com.mx\/wp-content\/uploads\/2023\/10\/bulldog-main.png\" \/>\n\t<meta property=\"og:image:width\" content=\"803\" \/>\n\t<meta property=\"og:image:height\" content=\"803\" \/>\n\t<meta property=\"og:image:type\" content=\"image\/png\" \/>\n<meta name=\"twitter:card\" content=\"summary_large_image\" \/>\n<meta name=\"twitter:site\" content=\"@UltraSourceUSA\" \/>\n<meta name=\"twitter:label1\" content=\"Est. reading time\" \/>\n\t<meta name=\"twitter:data1\" content=\"3 minutes\" \/>\n<script type=\"application\/ld+json\" class=\"yoast-schema-graph\">{\"@context\":\"https:\\\/\\\/schema.org\",\"@graph\":[{\"@type\":\"WebPage\",\"@id\":\"https:\\\/\\\/ultrasource.com.mx\\\/producto\\\/bulldog-empacadora-de-rollo\\\/\",\"url\":\"https:\\\/\\\/ultrasource.com.mx\\\/producto\\\/bulldog-empacadora-de-rollo\\\/\",\"name\":\"Bulldog\u00ae Empacadora de Rollo - UltraSource\",\"isPartOf\":{\"@id\":\"https:\\\/\\\/ultrasource.com.mx\\\/#website\"},\"primaryImageOfPage\":{\"@id\":\"https:\\\/\\\/ultrasource.com.mx\\\/producto\\\/bulldog-empacadora-de-rollo\\\/#primaryimage\"},\"image\":{\"@id\":\"https:\\\/\\\/ultrasource.com.mx\\\/producto\\\/bulldog-empacadora-de-rollo\\\/#primaryimage\"},\"thumbnailUrl\":\"https:\\\/\\\/ultrasource.com.mx\\\/wp-content\\\/uploads\\\/2023\\\/10\\\/bulldog-main.png\",\"datePublished\":\"2023-10-30T23:19:44+00:00\",\"dateModified\":\"2024-09-03T00:03:51+00:00\",\"description\":\"La m\u00e1quina Bulldog de formado, llenado y sellado horizontal est\u00e1 dise\u00f1ada para expandirse y personalizarse. Para producci\u00f3n de capacidad mediana a grande.\",\"breadcrumb\":{\"@id\":\"https:\\\/\\\/ultrasource.com.mx\\\/producto\\\/bulldog-empacadora-de-rollo\\\/#breadcrumb\"},\"inLanguage\":\"en-US\",\"potentialAction\":[{\"@type\":\"ReadAction\",\"target\":[\"https:\\\/\\\/ultrasource.com.mx\\\/producto\\\/bulldog-empacadora-de-rollo\\\/\"]}]},{\"@type\":\"ImageObject\",\"inLanguage\":\"en-US\",\"@id\":\"https:\\\/\\\/ultrasource.com.mx\\\/producto\\\/bulldog-empacadora-de-rollo\\\/#primaryimage\",\"url\":\"https:\\\/\\\/ultrasource.com.mx\\\/wp-content\\\/uploads\\\/2023\\\/10\\\/bulldog-main.png\",\"contentUrl\":\"https:\\\/\\\/ultrasource.com.mx\\\/wp-content\\\/uploads\\\/2023\\\/10\\\/bulldog-main.png\",\"width\":803,\"height\":803,\"caption\":\"bulldog empacadora de rollo rollstock\"},{\"@type\":\"BreadcrumbList\",\"@id\":\"https:\\\/\\\/ultrasource.com.mx\\\/producto\\\/bulldog-empacadora-de-rollo\\\/#breadcrumb\",\"itemListElement\":[{\"@type\":\"ListItem\",\"position\":1,\"name\":\"Portada\",\"item\":\"https:\\\/\\\/ultrasource.com.mx\\\/\"},{\"@type\":\"ListItem\",\"position\":2,\"name\":\"Catalog\",\"item\":\"https:\\\/\\\/ultrasource.com.mx\\\/catalog\\\/\"},{\"@type\":\"ListItem\",\"position\":3,\"name\":\"Bulldog\u00ae Empacadora de Rollo\"}]},{\"@type\":\"WebSite\",\"@id\":\"https:\\\/\\\/ultrasource.com.mx\\\/#website\",\"url\":\"https:\\\/\\\/ultrasource.com.mx\\\/\",\"name\":\"UltraSource\",\"description\":\"\",\"publisher\":{\"@id\":\"https:\\\/\\\/ultrasource.com.mx\\\/#organization\"},\"potentialAction\":[{\"@type\":\"SearchAction\",\"target\":{\"@type\":\"EntryPoint\",\"urlTemplate\":\"https:\\\/\\\/ultrasource.com.mx\\\/?s={search_term_string}\"},\"query-input\":{\"@type\":\"PropertyValueSpecification\",\"valueRequired\":true,\"valueName\":\"search_term_string\"}}],\"inLanguage\":\"en-US\"},{\"@type\":\"Organization\",\"@id\":\"https:\\\/\\\/ultrasource.com.mx\\\/#organization\",\"name\":\"UltraSource\",\"url\":\"https:\\\/\\\/ultrasource.com.mx\\\/\",\"logo\":{\"@type\":\"ImageObject\",\"inLanguage\":\"en-US\",\"@id\":\"https:\\\/\\\/ultrasource.com.mx\\\/#\\\/schema\\\/logo\\\/image\\\/\",\"url\":\"https:\\\/\\\/ultrasource.com.mx\\\/wp-content\\\/uploads\\\/2023\\\/02\\\/ultrasource-logo-vertical.svg\",\"contentUrl\":\"https:\\\/\\\/ultrasource.com.mx\\\/wp-content\\\/uploads\\\/2023\\\/02\\\/ultrasource-logo-vertical.svg\",\"width\":100,\"height\":100,\"caption\":\"UltraSource\"},\"image\":{\"@id\":\"https:\\\/\\\/ultrasource.com.mx\\\/#\\\/schema\\\/logo\\\/image\\\/\"},\"sameAs\":[\"https:\\\/\\\/www.facebook.com\\\/UltraSourceUSA\\\/\",\"https:\\\/\\\/x.com\\\/UltraSourceUSA\",\"http:\\\/\\\/www.linkedin.com\\\/company\\\/ultrasource-llc\",\"https:\\\/\\\/www.youtube.com\\\/channel\\\/UCNHEJAkgGhh_JOoO4DcBFmQ\"]}]}<\/script>\n<!-- \/ Yoast SEO plugin. -->","yoast_head_json":{"title":"Bulldog\u00ae Empacadora de Rollo - UltraSource","description":"La m\u00e1quina Bulldog de formado, llenado y sellado horizontal est\u00e1 dise\u00f1ada para expandirse y personalizarse. Para producci\u00f3n de capacidad mediana a grande.","robots":{"index":"index","follow":"follow","max-snippet":"max-snippet:-1","max-image-preview":"max-image-preview:large","max-video-preview":"max-video-preview:-1"},"canonical":"https:\/\/ultrasource.com.mx\/en\/product\/bulldog-empacadora-de-rollo\/","og_locale":"en_US","og_type":"article","og_title":"Bulldog\u00ae Empacadora de Rollo - UltraSource","og_description":"La m\u00e1quina Bulldog de formado, llenado y sellado horizontal est\u00e1 dise\u00f1ada para expandirse y personalizarse. Para producci\u00f3n de capacidad mediana a grande.","og_url":"https:\/\/ultrasource.com.mx\/en\/product\/bulldog-empacadora-de-rollo\/","og_site_name":"UltraSource","article_publisher":"https:\/\/www.facebook.com\/UltraSourceUSA\/","article_modified_time":"2024-09-03T00:03:51+00:00","og_image":[{"width":803,"height":803,"url":"https:\/\/ultrasource.com.mx\/wp-content\/uploads\/2023\/10\/bulldog-main.png","type":"image\/png"}],"twitter_card":"summary_large_image","twitter_site":"@UltraSourceUSA","twitter_misc":{"Est. reading time":"3 minutes"},"schema":{"@context":"https:\/\/schema.org","@graph":[{"@type":"WebPage","@id":"https:\/\/ultrasource.com.mx\/producto\/bulldog-empacadora-de-rollo\/","url":"https:\/\/ultrasource.com.mx\/producto\/bulldog-empacadora-de-rollo\/","name":"Bulldog\u00ae Empacadora de Rollo - UltraSource","isPartOf":{"@id":"https:\/\/ultrasource.com.mx\/#website"},"primaryImageOfPage":{"@id":"https:\/\/ultrasource.com.mx\/producto\/bulldog-empacadora-de-rollo\/#primaryimage"},"image":{"@id":"https:\/\/ultrasource.com.mx\/producto\/bulldog-empacadora-de-rollo\/#primaryimage"},"thumbnailUrl":"https:\/\/ultrasource.com.mx\/wp-content\/uploads\/2023\/10\/bulldog-main.png","datePublished":"2023-10-30T23:19:44+00:00","dateModified":"2024-09-03T00:03:51+00:00","description":"La m\u00e1quina Bulldog de formado, llenado y sellado horizontal est\u00e1 dise\u00f1ada para expandirse y personalizarse. Para producci\u00f3n de capacidad mediana a grande.","breadcrumb":{"@id":"https:\/\/ultrasource.com.mx\/producto\/bulldog-empacadora-de-rollo\/#breadcrumb"},"inLanguage":"en-US","potentialAction":[{"@type":"ReadAction","target":["https:\/\/ultrasource.com.mx\/producto\/bulldog-empacadora-de-rollo\/"]}]},{"@type":"ImageObject","inLanguage":"en-US","@id":"https:\/\/ultrasource.com.mx\/producto\/bulldog-empacadora-de-rollo\/#primaryimage","url":"https:\/\/ultrasource.com.mx\/wp-content\/uploads\/2023\/10\/bulldog-main.png","contentUrl":"https:\/\/ultrasource.com.mx\/wp-content\/uploads\/2023\/10\/bulldog-main.png","width":803,"height":803,"caption":"bulldog empacadora de rollo rollstock"},{"@type":"BreadcrumbList","@id":"https:\/\/ultrasource.com.mx\/producto\/bulldog-empacadora-de-rollo\/#breadcrumb","itemListElement":[{"@type":"ListItem","position":1,"name":"Portada","item":"https:\/\/ultrasource.com.mx\/"},{"@type":"ListItem","position":2,"name":"Catalog","item":"https:\/\/ultrasource.com.mx\/catalog\/"},{"@type":"ListItem","position":3,"name":"Bulldog\u00ae Empacadora de Rollo"}]},{"@type":"WebSite","@id":"https:\/\/ultrasource.com.mx\/#website","url":"https:\/\/ultrasource.com.mx\/","name":"UltraSource","description":"","publisher":{"@id":"https:\/\/ultrasource.com.mx\/#organization"},"potentialAction":[{"@type":"SearchAction","target":{"@type":"EntryPoint","urlTemplate":"https:\/\/ultrasource.com.mx\/?s={search_term_string}"},"query-input":{"@type":"PropertyValueSpecification","valueRequired":true,"valueName":"search_term_string"}}],"inLanguage":"en-US"},{"@type":"Organization","@id":"https:\/\/ultrasource.com.mx\/#organization","name":"UltraSource","url":"https:\/\/ultrasource.com.mx\/","logo":{"@type":"ImageObject","inLanguage":"en-US","@id":"https:\/\/ultrasource.com.mx\/#\/schema\/logo\/image\/","url":"https:\/\/ultrasource.com.mx\/wp-content\/uploads\/2023\/02\/ultrasource-logo-vertical.svg","contentUrl":"https:\/\/ultrasource.com.mx\/wp-content\/uploads\/2023\/02\/ultrasource-logo-vertical.svg","width":100,"height":100,"caption":"UltraSource"},"image":{"@id":"https:\/\/ultrasource.com.mx\/#\/schema\/logo\/image\/"},"sameAs":["https:\/\/www.facebook.com\/UltraSourceUSA\/","https:\/\/x.com\/UltraSourceUSA","http:\/\/www.linkedin.com\/company\/ultrasource-llc","https:\/\/www.youtube.com\/channel\/UCNHEJAkgGhh_JOoO4DcBFmQ"]}]}},"_links":{"self":[{"href":"https:\/\/ultrasource.com.mx\/en\/wp-json\/wp\/v2\/product\/565","targetHints":{"allow":["GET"]}}],"collection":[{"href":"https:\/\/ultrasource.com.mx\/en\/wp-json\/wp\/v2\/product"}],"about":[{"href":"https:\/\/ultrasource.com.mx\/en\/wp-json\/wp\/v2\/types\/product"}],"replies":[{"embeddable":true,"href":"https:\/\/ultrasource.com.mx\/en\/wp-json\/wp\/v2\/comments?post=565"}],"wp:featuredmedia":[{"embeddable":true,"href":"https:\/\/ultrasource.com.mx\/en\/wp-json\/wp\/v2\/media\/566"}],"wp:attachment":[{"href":"https:\/\/ultrasource.com.mx\/en\/wp-json\/wp\/v2\/media?parent=565"}],"wp:term":[{"taxonomy":"product_brand","embeddable":true,"href":"https:\/\/ultrasource.com.mx\/en\/wp-json\/wp\/v2\/product_brand?post=565"},{"taxonomy":"product_cat","embeddable":true,"href":"https:\/\/ultrasource.com.mx\/en\/wp-json\/wp\/v2\/product_cat?post=565"},{"taxonomy":"product_tag","embeddable":true,"href":"https:\/\/ultrasource.com.mx\/en\/wp-json\/wp\/v2\/product_tag?post=565"}],"curies":[{"name":"wp","href":"https:\/\/api.w.org\/{rel}","templated":true}]}}