{"id":561,"date":"2023-10-30T23:07:30","date_gmt":"2023-10-30T23:07:30","guid":{"rendered":"https:\/\/ultrasource.com.mx\/?post_type=product&#038;p=561"},"modified":"2024-09-03T00:03:52","modified_gmt":"2024-09-03T00:03:52","slug":"mammoth-empacadora-de-rollo-copia","status":"publish","type":"product","link":"https:\/\/ultrasource.com.mx\/en\/product\/mammoth-empacadora-de-rollo-copia\/","title":{"rendered":"Mammoth\u00ae Empacadora de Rollo"},"content":{"rendered":"<p><strong>Gran Producci\u00f3n. Alta Capacidad. Versatilidad.<\/strong><\/p>\n<p>UltraSource contin\u00faa expandiendo sus innovadoras tecnolog\u00edas de m\u00e1quinas de envasado.<\/p>\n<p>El Mammoth\u00ae ofrece a los clientes de gran producci\u00f3n una m\u00e1quina de alta capacidad y vers\u00e1til.\u00a0 Altamente expansible y proporciona un ancho de pel\u00edcula m\u00e1ximo muy amplio de 620 mm, 160 mm m\u00e1s ancho que los modelos Bison\u00ae y Kodiak\u00ae.<\/p>\n<p>&nbsp;<\/p>\n<p><strong>Caracter\u00edsticas Innovadoras<\/strong><\/p>\n<ul>\n<li>Expansi\u00f3n virtualmente infinita en secciones de 4 o 8 pies.<\/li>\n<li>Ancho de pel\u00edcula m\u00ednimo de 460 mm y ancho de pel\u00edcula m\u00e1ximo de 620 mm.<\/li>\n<li>Disponible con el Mammoth\u00ae hay un innovador deslizador de herramientas neum\u00e1ticas que permite cambios de herramientas m\u00e1s r\u00e1pidos, f\u00e1ciles y seguros.<\/li>\n<li>Controles avanzados de PLC Ethernet con pantalla t\u00e1ctil HD e instrucciones integradas para facilitar el uso adecuado y la capacitaci\u00f3n.<\/li>\n<li>Construcci\u00f3n resistente que incluye elevadores de matriz de cuatro postes y una caja de cambios con clasificaci\u00f3n de 3 HP.<\/li>\n<li>Desbobinadores de la pel\u00edcula en vivo superior e inferior para facilitar el seguimiento de la pel\u00edcula y optimizar el rendimiento de la m\u00e1quina.<\/li>\n<\/ul>\n<p>&nbsp;<\/p>\n<p><strong><a href=\"https:\/\/ultrasource.com.mx\/wp-content\/uploads\/2023\/10\/RollstockPamphlet_5.23.23_esp.pdf\" target=\"_blank\" rel=\"noopener\">DESCARGAR CAT\u00c1LOGO<\/a><\/strong><\/p>","protected":false},"excerpt":{"rendered":"<p><strong>Gran Producci\u00f3n. Alta Capacidad. Versatilidad.<\/strong><\/p>\n<p>UltraSource contin\u00faa expandiendo sus innovadoras tecnolog\u00edas de m\u00e1quinas de envasado.<\/p>\n<p>El Mammoth\u00ae ofrece a los clientes de gran producci\u00f3n una m\u00e1quina de alta capacidad y vers\u00e1til.\u00a0 Altamente expansible y proporciona un ancho de pel\u00edcula m\u00e1ximo muy amplio de 620 mm, 160 mm m\u00e1s ancho que los modelos Bison\u00ae y Kodiak\u00ae.<\/p>\n<p>&nbsp;<\/p>\n<p><strong>Caracter\u00edsticas Innovadoras<\/strong><\/p>\n<ul>\n<li>Expansi\u00f3n virtualmente infinita en secciones de 4 o 8 pies.<\/li>\n<li>Ancho de pel\u00edcula m\u00ednimo de 460 mm y ancho de pel\u00edcula m\u00e1ximo de 620 mm.<\/li>\n<li>Disponible con el Mammoth\u00ae hay un innovador deslizador de herramientas neum\u00e1ticas que permite cambios de herramientas m\u00e1s r\u00e1pidos, f\u00e1ciles y seguros.<\/li>\n<li>Controles avanzados de PLC Ethernet con pantalla t\u00e1ctil HD e instrucciones integradas para facilitar el uso adecuado y la capacitaci\u00f3n.<\/li>\n<li>Construcci\u00f3n resistente que incluye elevadores de matriz de cuatro postes y una caja de cambios con clasificaci\u00f3n de 3 HP.<\/li>\n<li>Desbobinadores de pel\u00edcula en vivo superior e inferior para facilitar el seguimiento de la pel\u00edcula y optimizar el rendimiento de la m\u00e1quina.<\/li>\n<\/ul>","protected":false},"featured_media":618,"comment_status":"open","ping_status":"closed","template":"","meta":{"_coblocks_attr":"","_coblocks_dimensions":"","_coblocks_responsive_height":"","_coblocks_accordion_ie_support":"","_joinchat":[]},"product_brand":[],"product_cat":[63,47,19],"product_tag":[28,27,24,65,64],"class_list":{"0":"post-561","1":"product","2":"type-product","3":"status-publish","4":"has-post-thumbnail","6":"product_cat-empacadoras-de-rollo","7":"product_cat-empaque","8":"product_cat-todos","9":"product_tag-alimentos","10":"product_tag-carne","11":"product_tag-empaque","12":"product_tag-rollo","13":"product_tag-rollstock","14":"ts_product_brand-ultrasource","16":"first","17":"instock","18":"shipping-taxable","19":"product-type-simple","20":"add-to-wishlist-after_add_to_cart"},"yoast_head":"<!-- This site is optimized with the Yoast SEO plugin v27.4 - https:\/\/yoast.com\/product\/yoast-seo-wordpress\/ -->\n<title>Mammoth\u00ae Empacadora de Rollo - UltraSource<\/title>\n<meta name=\"description\" content=\"La m\u00e1quina mammoth de formado, llenado y sellado horizontal est\u00e1 dise\u00f1ada para expandirse y personalizarse. Para producci\u00f3n de capacidad mediana a grande.\" \/>\n<meta name=\"robots\" content=\"index, follow, max-snippet:-1, max-image-preview:large, max-video-preview:-1\" \/>\n<link rel=\"canonical\" href=\"https:\/\/ultrasource.com.mx\/en\/product\/mammoth-empacadora-de-rollo-copia\/\" \/>\n<meta property=\"og:locale\" content=\"en_US\" \/>\n<meta property=\"og:type\" content=\"article\" \/>\n<meta property=\"og:title\" content=\"Mammoth\u00ae Empacadora de Rollo - UltraSource\" \/>\n<meta property=\"og:description\" content=\"La m\u00e1quina mammoth de formado, llenado y sellado horizontal est\u00e1 dise\u00f1ada para expandirse y personalizarse. Para producci\u00f3n de capacidad mediana a grande.\" \/>\n<meta property=\"og:url\" content=\"https:\/\/ultrasource.com.mx\/en\/product\/mammoth-empacadora-de-rollo-copia\/\" \/>\n<meta property=\"og:site_name\" content=\"UltraSource\" \/>\n<meta property=\"article:publisher\" content=\"https:\/\/www.facebook.com\/UltraSourceUSA\/\" \/>\n<meta property=\"article:modified_time\" content=\"2024-09-03T00:03:52+00:00\" \/>\n<meta property=\"og:image\" content=\"https:\/\/ultrasource.com.mx\/wp-content\/uploads\/2023\/10\/mammoth-main.png\" \/>\n\t<meta property=\"og:image:width\" content=\"803\" \/>\n\t<meta property=\"og:image:height\" content=\"803\" \/>\n\t<meta property=\"og:image:type\" content=\"image\/png\" \/>\n<meta name=\"twitter:card\" content=\"summary_large_image\" \/>\n<meta name=\"twitter:site\" content=\"@UltraSourceUSA\" \/>\n<meta name=\"twitter:label1\" content=\"Est. reading time\" \/>\n\t<meta name=\"twitter:data1\" content=\"1 minute\" \/>\n<script type=\"application\/ld+json\" class=\"yoast-schema-graph\">{\"@context\":\"https:\\\/\\\/schema.org\",\"@graph\":[{\"@type\":\"WebPage\",\"@id\":\"https:\\\/\\\/ultrasource.com.mx\\\/producto\\\/mammoth-empacadora-de-rollo-copia\\\/\",\"url\":\"https:\\\/\\\/ultrasource.com.mx\\\/producto\\\/mammoth-empacadora-de-rollo-copia\\\/\",\"name\":\"Mammoth\u00ae Empacadora de Rollo - UltraSource\",\"isPartOf\":{\"@id\":\"https:\\\/\\\/ultrasource.com.mx\\\/#website\"},\"primaryImageOfPage\":{\"@id\":\"https:\\\/\\\/ultrasource.com.mx\\\/producto\\\/mammoth-empacadora-de-rollo-copia\\\/#primaryimage\"},\"image\":{\"@id\":\"https:\\\/\\\/ultrasource.com.mx\\\/producto\\\/mammoth-empacadora-de-rollo-copia\\\/#primaryimage\"},\"thumbnailUrl\":\"https:\\\/\\\/ultrasource.com.mx\\\/wp-content\\\/uploads\\\/2023\\\/10\\\/mammoth-main.png\",\"datePublished\":\"2023-10-30T23:07:30+00:00\",\"dateModified\":\"2024-09-03T00:03:52+00:00\",\"description\":\"La m\u00e1quina mammoth de formado, llenado y sellado horizontal est\u00e1 dise\u00f1ada para expandirse y personalizarse. Para producci\u00f3n de capacidad mediana a grande.\",\"breadcrumb\":{\"@id\":\"https:\\\/\\\/ultrasource.com.mx\\\/producto\\\/mammoth-empacadora-de-rollo-copia\\\/#breadcrumb\"},\"inLanguage\":\"en-US\",\"potentialAction\":[{\"@type\":\"ReadAction\",\"target\":[\"https:\\\/\\\/ultrasource.com.mx\\\/producto\\\/mammoth-empacadora-de-rollo-copia\\\/\"]}]},{\"@type\":\"ImageObject\",\"inLanguage\":\"en-US\",\"@id\":\"https:\\\/\\\/ultrasource.com.mx\\\/producto\\\/mammoth-empacadora-de-rollo-copia\\\/#primaryimage\",\"url\":\"https:\\\/\\\/ultrasource.com.mx\\\/wp-content\\\/uploads\\\/2023\\\/10\\\/mammoth-main.png\",\"contentUrl\":\"https:\\\/\\\/ultrasource.com.mx\\\/wp-content\\\/uploads\\\/2023\\\/10\\\/mammoth-main.png\",\"width\":803,\"height\":803},{\"@type\":\"BreadcrumbList\",\"@id\":\"https:\\\/\\\/ultrasource.com.mx\\\/producto\\\/mammoth-empacadora-de-rollo-copia\\\/#breadcrumb\",\"itemListElement\":[{\"@type\":\"ListItem\",\"position\":1,\"name\":\"Portada\",\"item\":\"https:\\\/\\\/ultrasource.com.mx\\\/\"},{\"@type\":\"ListItem\",\"position\":2,\"name\":\"Catalog\",\"item\":\"https:\\\/\\\/ultrasource.com.mx\\\/catalog\\\/\"},{\"@type\":\"ListItem\",\"position\":3,\"name\":\"Mammoth\u00ae Empacadora de Rollo\"}]},{\"@type\":\"WebSite\",\"@id\":\"https:\\\/\\\/ultrasource.com.mx\\\/#website\",\"url\":\"https:\\\/\\\/ultrasource.com.mx\\\/\",\"name\":\"UltraSource\",\"description\":\"\",\"publisher\":{\"@id\":\"https:\\\/\\\/ultrasource.com.mx\\\/#organization\"},\"potentialAction\":[{\"@type\":\"SearchAction\",\"target\":{\"@type\":\"EntryPoint\",\"urlTemplate\":\"https:\\\/\\\/ultrasource.com.mx\\\/?s={search_term_string}\"},\"query-input\":{\"@type\":\"PropertyValueSpecification\",\"valueRequired\":true,\"valueName\":\"search_term_string\"}}],\"inLanguage\":\"en-US\"},{\"@type\":\"Organization\",\"@id\":\"https:\\\/\\\/ultrasource.com.mx\\\/#organization\",\"name\":\"UltraSource\",\"url\":\"https:\\\/\\\/ultrasource.com.mx\\\/\",\"logo\":{\"@type\":\"ImageObject\",\"inLanguage\":\"en-US\",\"@id\":\"https:\\\/\\\/ultrasource.com.mx\\\/#\\\/schema\\\/logo\\\/image\\\/\",\"url\":\"https:\\\/\\\/ultrasource.com.mx\\\/wp-content\\\/uploads\\\/2023\\\/02\\\/ultrasource-logo-vertical.svg\",\"contentUrl\":\"https:\\\/\\\/ultrasource.com.mx\\\/wp-content\\\/uploads\\\/2023\\\/02\\\/ultrasource-logo-vertical.svg\",\"width\":100,\"height\":100,\"caption\":\"UltraSource\"},\"image\":{\"@id\":\"https:\\\/\\\/ultrasource.com.mx\\\/#\\\/schema\\\/logo\\\/image\\\/\"},\"sameAs\":[\"https:\\\/\\\/www.facebook.com\\\/UltraSourceUSA\\\/\",\"https:\\\/\\\/x.com\\\/UltraSourceUSA\",\"http:\\\/\\\/www.linkedin.com\\\/company\\\/ultrasource-llc\",\"https:\\\/\\\/www.youtube.com\\\/channel\\\/UCNHEJAkgGhh_JOoO4DcBFmQ\"]}]}<\/script>\n<!-- \/ Yoast SEO plugin. -->","yoast_head_json":{"title":"Mammoth\u00ae Empacadora de Rollo - UltraSource","description":"La m\u00e1quina mammoth de formado, llenado y sellado horizontal est\u00e1 dise\u00f1ada para expandirse y personalizarse. Para producci\u00f3n de capacidad mediana a grande.","robots":{"index":"index","follow":"follow","max-snippet":"max-snippet:-1","max-image-preview":"max-image-preview:large","max-video-preview":"max-video-preview:-1"},"canonical":"https:\/\/ultrasource.com.mx\/en\/product\/mammoth-empacadora-de-rollo-copia\/","og_locale":"en_US","og_type":"article","og_title":"Mammoth\u00ae Empacadora de Rollo - UltraSource","og_description":"La m\u00e1quina mammoth de formado, llenado y sellado horizontal est\u00e1 dise\u00f1ada para expandirse y personalizarse. Para producci\u00f3n de capacidad mediana a grande.","og_url":"https:\/\/ultrasource.com.mx\/en\/product\/mammoth-empacadora-de-rollo-copia\/","og_site_name":"UltraSource","article_publisher":"https:\/\/www.facebook.com\/UltraSourceUSA\/","article_modified_time":"2024-09-03T00:03:52+00:00","og_image":[{"width":803,"height":803,"url":"https:\/\/ultrasource.com.mx\/wp-content\/uploads\/2023\/10\/mammoth-main.png","type":"image\/png"}],"twitter_card":"summary_large_image","twitter_site":"@UltraSourceUSA","twitter_misc":{"Est. reading time":"1 minute"},"schema":{"@context":"https:\/\/schema.org","@graph":[{"@type":"WebPage","@id":"https:\/\/ultrasource.com.mx\/producto\/mammoth-empacadora-de-rollo-copia\/","url":"https:\/\/ultrasource.com.mx\/producto\/mammoth-empacadora-de-rollo-copia\/","name":"Mammoth\u00ae Empacadora de Rollo - UltraSource","isPartOf":{"@id":"https:\/\/ultrasource.com.mx\/#website"},"primaryImageOfPage":{"@id":"https:\/\/ultrasource.com.mx\/producto\/mammoth-empacadora-de-rollo-copia\/#primaryimage"},"image":{"@id":"https:\/\/ultrasource.com.mx\/producto\/mammoth-empacadora-de-rollo-copia\/#primaryimage"},"thumbnailUrl":"https:\/\/ultrasource.com.mx\/wp-content\/uploads\/2023\/10\/mammoth-main.png","datePublished":"2023-10-30T23:07:30+00:00","dateModified":"2024-09-03T00:03:52+00:00","description":"La m\u00e1quina mammoth de formado, llenado y sellado horizontal est\u00e1 dise\u00f1ada para expandirse y personalizarse. Para producci\u00f3n de capacidad mediana a grande.","breadcrumb":{"@id":"https:\/\/ultrasource.com.mx\/producto\/mammoth-empacadora-de-rollo-copia\/#breadcrumb"},"inLanguage":"en-US","potentialAction":[{"@type":"ReadAction","target":["https:\/\/ultrasource.com.mx\/producto\/mammoth-empacadora-de-rollo-copia\/"]}]},{"@type":"ImageObject","inLanguage":"en-US","@id":"https:\/\/ultrasource.com.mx\/producto\/mammoth-empacadora-de-rollo-copia\/#primaryimage","url":"https:\/\/ultrasource.com.mx\/wp-content\/uploads\/2023\/10\/mammoth-main.png","contentUrl":"https:\/\/ultrasource.com.mx\/wp-content\/uploads\/2023\/10\/mammoth-main.png","width":803,"height":803},{"@type":"BreadcrumbList","@id":"https:\/\/ultrasource.com.mx\/producto\/mammoth-empacadora-de-rollo-copia\/#breadcrumb","itemListElement":[{"@type":"ListItem","position":1,"name":"Portada","item":"https:\/\/ultrasource.com.mx\/"},{"@type":"ListItem","position":2,"name":"Catalog","item":"https:\/\/ultrasource.com.mx\/catalog\/"},{"@type":"ListItem","position":3,"name":"Mammoth\u00ae Empacadora de Rollo"}]},{"@type":"WebSite","@id":"https:\/\/ultrasource.com.mx\/#website","url":"https:\/\/ultrasource.com.mx\/","name":"UltraSource","description":"","publisher":{"@id":"https:\/\/ultrasource.com.mx\/#organization"},"potentialAction":[{"@type":"SearchAction","target":{"@type":"EntryPoint","urlTemplate":"https:\/\/ultrasource.com.mx\/?s={search_term_string}"},"query-input":{"@type":"PropertyValueSpecification","valueRequired":true,"valueName":"search_term_string"}}],"inLanguage":"en-US"},{"@type":"Organization","@id":"https:\/\/ultrasource.com.mx\/#organization","name":"UltraSource","url":"https:\/\/ultrasource.com.mx\/","logo":{"@type":"ImageObject","inLanguage":"en-US","@id":"https:\/\/ultrasource.com.mx\/#\/schema\/logo\/image\/","url":"https:\/\/ultrasource.com.mx\/wp-content\/uploads\/2023\/02\/ultrasource-logo-vertical.svg","contentUrl":"https:\/\/ultrasource.com.mx\/wp-content\/uploads\/2023\/02\/ultrasource-logo-vertical.svg","width":100,"height":100,"caption":"UltraSource"},"image":{"@id":"https:\/\/ultrasource.com.mx\/#\/schema\/logo\/image\/"},"sameAs":["https:\/\/www.facebook.com\/UltraSourceUSA\/","https:\/\/x.com\/UltraSourceUSA","http:\/\/www.linkedin.com\/company\/ultrasource-llc","https:\/\/www.youtube.com\/channel\/UCNHEJAkgGhh_JOoO4DcBFmQ"]}]}},"_links":{"self":[{"href":"https:\/\/ultrasource.com.mx\/en\/wp-json\/wp\/v2\/product\/561","targetHints":{"allow":["GET"]}}],"collection":[{"href":"https:\/\/ultrasource.com.mx\/en\/wp-json\/wp\/v2\/product"}],"about":[{"href":"https:\/\/ultrasource.com.mx\/en\/wp-json\/wp\/v2\/types\/product"}],"replies":[{"embeddable":true,"href":"https:\/\/ultrasource.com.mx\/en\/wp-json\/wp\/v2\/comments?post=561"}],"wp:featuredmedia":[{"embeddable":true,"href":"https:\/\/ultrasource.com.mx\/en\/wp-json\/wp\/v2\/media\/618"}],"wp:attachment":[{"href":"https:\/\/ultrasource.com.mx\/en\/wp-json\/wp\/v2\/media?parent=561"}],"wp:term":[{"taxonomy":"product_brand","embeddable":true,"href":"https:\/\/ultrasource.com.mx\/en\/wp-json\/wp\/v2\/product_brand?post=561"},{"taxonomy":"product_cat","embeddable":true,"href":"https:\/\/ultrasource.com.mx\/en\/wp-json\/wp\/v2\/product_cat?post=561"},{"taxonomy":"product_tag","embeddable":true,"href":"https:\/\/ultrasource.com.mx\/en\/wp-json\/wp\/v2\/product_tag?post=561"}],"curies":[{"name":"wp","href":"https:\/\/api.w.org\/{rel}","templated":true}]}}