{"id":527,"date":"2023-10-30T17:10:12","date_gmt":"2023-10-30T17:10:12","guid":{"rendered":"https:\/\/ultrasource.com.mx\/?post_type=product&#038;p=527"},"modified":"2024-09-03T00:03:53","modified_gmt":"2024-09-03T00:03:53","slug":"selladora-de-bandejas-rhino-12","status":"publish","type":"product","link":"https:\/\/ultrasource.com.mx\/en\/product\/selladora-de-bandejas-rhino-12\/","title":{"rendered":"Selladora de Bandejas Rhino\u00ae 12"},"content":{"rendered":"<p><strong>Selladora de bandejas en l\u00ednea autom\u00e1tica Rhino\u00ae 12 con capacidad de envasado en atm\u00f3sfera modificada<\/strong><\/p>\n<p>Nuestra selladora de bandejas en l\u00ednea autom\u00e1tica Rhino\u00ae 12 est\u00e1 disponible en versiones de sellado \u00fanicamente o con capacidad de envasado en atm\u00f3sfera modificada. Dise\u00f1ada para reducir los costos de envasado mientras mejora la apariencia del producto, la vida \u00fatil y la durabilidad del envase, nuestra Rhino\u00ae 12 es ideal para entornos de producci\u00f3n comercial de tama\u00f1o mediano a grande. Construida de manera similar a la Rhino\u00ae 10, permite una mayor capacidad de producci\u00f3n con su \u00e1rea de sellado extra ancha.<\/p>\n<p>Esto le da a la Rhino\u00ae 12 mayor capacidad que la Rhino\u00ae 10. Por ejemplo, puede acomodar cuatro filas de bandejas de tama\u00f1o #3 y sella hasta diez ciclos por minuto en la versi\u00f3n de sellado \u00fanicamente o siete ciclos con atm\u00f3sfera modificada por minuto.<\/p>\n<p>El panel de control t\u00e1ctil multiling\u00fce con clasificaci\u00f3n IP-65\/NEMA 4 (en ingl\u00e9s, alem\u00e1n, franc\u00e9s y espa\u00f1ol) es f\u00e1cil de usar y regula el tiempo y la temperatura de sellado, el gas inerte, el nivel de vac\u00edo y la velocidad de l\u00ednea para diversos productos.<\/p>\n<p>&nbsp;<\/p>\n<p><strong>Los beneficios incluyen:<\/strong><\/p>\n<ul>\n<li>Aumento de la productividad.<\/li>\n<li>Mayor vida \u00fatil del producto.<\/li>\n<li>Alcance de distribuci\u00f3n extendido.<\/li>\n<li>Aumento de los beneficios.<\/li>\n<li>Huella compacta.<\/li>\n<li>Hecho en Kansas City, lo que garantiza soporte completo de piezas y servicio.<\/li>\n<\/ul>\n<p>&nbsp;<\/p>\n<p><strong>Caracter\u00edsticas est\u00e1ndar:<\/strong><\/p>\n<ul>\n<li>Sistema de rebobinado dise\u00f1ado de manera \u00fanica que elimina la rotura de la pel\u00edcula.<\/li>\n<li>Preservaci\u00f3n de la frescura.<\/li>\n<li>Mejora de la apariencia del producto.<\/li>\n<li>Extensi\u00f3n de la vida \u00fatil en estante.<\/li>\n<li>Reducci\u00f3n de la merma.<\/li>\n<li>Sistema de sujeci\u00f3n de pel\u00edcula Seal Tight\u2122 (patente pendiente).<\/li>\n<li>Controles de PLC con pantalla t\u00e1ctil en alta definici\u00f3n a color de 7&#8243; (Multiling\u00fce: ingl\u00e9s, alem\u00e1n, franc\u00e9s y espa\u00f1ol).<\/li>\n<li>Sistema de tensi\u00f3n de pel\u00edcula totalmente electr\u00f3nico controlado a trav\u00e9s de la pantalla t\u00e1ctil.<\/li>\n<li>Avance de pel\u00edcula controlado por motor paso a paso (\u00b10.5 mm) que elimina la rotura de la pel\u00edcula y controla con precisi\u00f3n la distancia de avance desde el lado no cortado.<\/li>\n<li>Placas de sellado recubiertas de Tefl\u00f3n\u00ae.<\/li>\n<li>Mecanismo de relajaci\u00f3n de pel\u00edcula Film Relax\u2122.<\/li>\n<li>Parte superior inclinada en el recinto el\u00e9ctrico y en la parte superior de la m\u00e1quina para el drenaje de agua.<\/li>\n<li>Cinta transportadora de descarga por gravedad ajustable (de 5 a 25 grados) para ajustar la altura de descarga y que coincida con la cinta transportadora de recogida.<\/li>\n<li>Cinta transportadora de descarga pivotante.<\/li>\n<\/ul>\n<p>&nbsp;<\/p>\n<p><strong>Caracter\u00edsticas opcionales:<\/strong><\/p>\n<ul>\n<li>Cinta transportadora de eyecci\u00f3n motorizada con canalizador.<\/li>\n<li>Cinta transportadora de eyecci\u00f3n motorizada.<\/li>\n<li>Kit de alto contenido de ox\u00edgeno (High O2).<\/li>\n<li>Sistemas de codificaci\u00f3n.<\/li>\n<li>Registro de pel\u00edcula impresa.<\/li>\n<li>Etiquetadora de pel\u00edcula integrada.<\/li>\n<li>Bomba de vac\u00edo de 10 hp.<\/li>\n<li>Configuraciones de carril adicionales.<\/li>\n<\/ul>","protected":false},"excerpt":{"rendered":"<p>Nuestra selladora de bandejas en l\u00ednea autom\u00e1tica Rhino\u00ae 12 est\u00e1 disponible en versiones de sellado \u00fanicamente o con capacidad de envasado en atm\u00f3sfera modificada. Dise\u00f1ada para reducir los costos de envasado mientras mejora la apariencia del producto, la vida \u00fatil y la durabilidad del envase, nuestra Rhino\u00ae 12 es ideal para entornos de producci\u00f3n comercial de tama\u00f1o mediano a grande. Construida de manera similar a la Rhino\u00ae 10, permite una mayor capacidad de producci\u00f3n con su \u00e1rea de sellado extra ancha.<\/p>\n<ul>\n<li>Sistema de rebobinado dise\u00f1ado de manera \u00fanica que elimina la rotura de la pel\u00edcula.<\/li>\n<li>Preservaci\u00f3n de la frescura.<\/li>\n<li>Mejora de la apariencia del producto.<\/li>\n<li>Extensi\u00f3n de la vida \u00fatil en estante.<\/li>\n<li>Reducci\u00f3n de la merma.<\/li>\n<li>Sistema de sujeci\u00f3n de pel\u00edcula Seal Tight\u2122 (patente pendiente).<\/li>\n<li>Controles de PLC con pantalla t\u00e1ctil en alta definici\u00f3n a color de 7&#8243; (Multiling\u00fce: ingl\u00e9s, alem\u00e1n, franc\u00e9s y espa\u00f1ol).<\/li>\n<li>Sistema de tensi\u00f3n de pel\u00edcula totalmente electr\u00f3nico controlado a trav\u00e9s de la pantalla t\u00e1ctil.<\/li>\n<li>Avance de pel\u00edcula controlado por motor paso a paso (\u00b10.5 mm) que elimina la rotura de la pel\u00edcula y controla con precisi\u00f3n la distancia de avance desde el lado no cortado.<\/li>\n<li>Placas de sellado recubiertas de Tefl\u00f3n\u00ae.<\/li>\n<li>Mecanismo de relajaci\u00f3n de pel\u00edcula Film Relax\u2122.<\/li>\n<li>Parte superior inclinada en el recinto el\u00e9ctrico y en la parte superior de la m\u00e1quina para el drenaje de agua.<\/li>\n<li>Cinta transportadora de descarga por gravedad ajustable (de 5 a 25 grados) para ajustar la altura de descarga y que coincida con la cinta transportadora de recogida.<\/li>\n<li>Cinta transportadora de descarga pivotante.<\/li>\n<\/ul>","protected":false},"featured_media":529,"comment_status":"open","ping_status":"closed","template":"","meta":{"_coblocks_attr":"","_coblocks_dimensions":"","_coblocks_responsive_height":"","_coblocks_accordion_ie_support":"","_joinchat":[]},"product_brand":[],"product_cat":[47,59,19],"product_tag":[28,60,27,24,62,61],"class_list":{"0":"post-527","1":"product","2":"type-product","3":"status-publish","4":"has-post-thumbnail","6":"product_cat-empaque","7":"product_cat-selladoras-de-bandeja","8":"product_cat-todos","9":"product_tag-alimentos","10":"product_tag-bandeja","11":"product_tag-carne","12":"product_tag-empaque","13":"product_tag-rhino","14":"product_tag-selladoras","15":"ts_product_brand-ultrasource","17":"first","18":"instock","19":"shipping-taxable","20":"product-type-simple","21":"add-to-wishlist-after_add_to_cart"},"yoast_head":"<!-- This site is optimized with the Yoast SEO plugin v27.4 - https:\/\/yoast.com\/product\/yoast-seo-wordpress\/ -->\n<title>Selladora de Bandejas Rhino\u00ae 12 - UltraSource<\/title>\n<meta name=\"description\" content=\"Selladora de bandejas en l\u00ednea autom\u00e1tica Rhino\u00ae 12 con capacidad de envasado en atm\u00f3sfera modificada dise\u00f1ada para reducir los costos de envasado.\" \/>\n<meta name=\"robots\" content=\"index, follow, max-snippet:-1, max-image-preview:large, max-video-preview:-1\" \/>\n<link rel=\"canonical\" href=\"https:\/\/ultrasource.com.mx\/en\/product\/selladora-de-bandejas-rhino-12\/\" \/>\n<meta property=\"og:locale\" content=\"en_US\" \/>\n<meta property=\"og:type\" content=\"article\" \/>\n<meta property=\"og:title\" content=\"Selladora de Bandejas Rhino\u00ae 12 - UltraSource\" \/>\n<meta property=\"og:description\" content=\"Selladora de bandejas en l\u00ednea autom\u00e1tica Rhino\u00ae 12 con capacidad de envasado en atm\u00f3sfera modificada dise\u00f1ada para reducir los costos de envasado.\" \/>\n<meta property=\"og:url\" content=\"https:\/\/ultrasource.com.mx\/en\/product\/selladora-de-bandejas-rhino-12\/\" \/>\n<meta property=\"og:site_name\" content=\"UltraSource\" \/>\n<meta property=\"article:publisher\" content=\"https:\/\/www.facebook.com\/UltraSourceUSA\/\" \/>\n<meta property=\"article:modified_time\" content=\"2024-09-03T00:03:53+00:00\" \/>\n<meta property=\"og:image\" content=\"https:\/\/ultrasource.com.mx\/wp-content\/uploads\/2023\/10\/Rhino_12_main.png\" \/>\n\t<meta property=\"og:image:width\" content=\"683\" \/>\n\t<meta property=\"og:image:height\" content=\"683\" \/>\n\t<meta property=\"og:image:type\" content=\"image\/png\" \/>\n<meta name=\"twitter:card\" content=\"summary_large_image\" \/>\n<meta name=\"twitter:site\" content=\"@UltraSourceUSA\" \/>\n<meta name=\"twitter:label1\" content=\"Est. reading time\" \/>\n\t<meta name=\"twitter:data1\" content=\"3 minutes\" \/>\n<script type=\"application\/ld+json\" class=\"yoast-schema-graph\">{\"@context\":\"https:\\\/\\\/schema.org\",\"@graph\":[{\"@type\":\"WebPage\",\"@id\":\"https:\\\/\\\/ultrasource.com.mx\\\/producto\\\/selladora-de-bandejas-rhino-12\\\/\",\"url\":\"https:\\\/\\\/ultrasource.com.mx\\\/producto\\\/selladora-de-bandejas-rhino-12\\\/\",\"name\":\"Selladora de Bandejas Rhino\u00ae 12 - UltraSource\",\"isPartOf\":{\"@id\":\"https:\\\/\\\/ultrasource.com.mx\\\/#website\"},\"primaryImageOfPage\":{\"@id\":\"https:\\\/\\\/ultrasource.com.mx\\\/producto\\\/selladora-de-bandejas-rhino-12\\\/#primaryimage\"},\"image\":{\"@id\":\"https:\\\/\\\/ultrasource.com.mx\\\/producto\\\/selladora-de-bandejas-rhino-12\\\/#primaryimage\"},\"thumbnailUrl\":\"https:\\\/\\\/ultrasource.com.mx\\\/wp-content\\\/uploads\\\/2023\\\/10\\\/Rhino_12_main.png\",\"datePublished\":\"2023-10-30T17:10:12+00:00\",\"dateModified\":\"2024-09-03T00:03:53+00:00\",\"description\":\"Selladora de bandejas en l\u00ednea autom\u00e1tica Rhino\u00ae 12 con capacidad de envasado en atm\u00f3sfera modificada dise\u00f1ada para reducir los costos de envasado.\",\"breadcrumb\":{\"@id\":\"https:\\\/\\\/ultrasource.com.mx\\\/producto\\\/selladora-de-bandejas-rhino-12\\\/#breadcrumb\"},\"inLanguage\":\"en-US\",\"potentialAction\":[{\"@type\":\"ReadAction\",\"target\":[\"https:\\\/\\\/ultrasource.com.mx\\\/producto\\\/selladora-de-bandejas-rhino-12\\\/\"]}]},{\"@type\":\"ImageObject\",\"inLanguage\":\"en-US\",\"@id\":\"https:\\\/\\\/ultrasource.com.mx\\\/producto\\\/selladora-de-bandejas-rhino-12\\\/#primaryimage\",\"url\":\"https:\\\/\\\/ultrasource.com.mx\\\/wp-content\\\/uploads\\\/2023\\\/10\\\/Rhino_12_main.png\",\"contentUrl\":\"https:\\\/\\\/ultrasource.com.mx\\\/wp-content\\\/uploads\\\/2023\\\/10\\\/Rhino_12_main.png\",\"width\":683,\"height\":683,\"caption\":\"rhino12 selladora de bandeja\"},{\"@type\":\"BreadcrumbList\",\"@id\":\"https:\\\/\\\/ultrasource.com.mx\\\/producto\\\/selladora-de-bandejas-rhino-12\\\/#breadcrumb\",\"itemListElement\":[{\"@type\":\"ListItem\",\"position\":1,\"name\":\"Portada\",\"item\":\"https:\\\/\\\/ultrasource.com.mx\\\/\"},{\"@type\":\"ListItem\",\"position\":2,\"name\":\"Catalog\",\"item\":\"https:\\\/\\\/ultrasource.com.mx\\\/catalog\\\/\"},{\"@type\":\"ListItem\",\"position\":3,\"name\":\"Selladora de Bandejas Rhino\u00ae 12\"}]},{\"@type\":\"WebSite\",\"@id\":\"https:\\\/\\\/ultrasource.com.mx\\\/#website\",\"url\":\"https:\\\/\\\/ultrasource.com.mx\\\/\",\"name\":\"UltraSource\",\"description\":\"\",\"publisher\":{\"@id\":\"https:\\\/\\\/ultrasource.com.mx\\\/#organization\"},\"potentialAction\":[{\"@type\":\"SearchAction\",\"target\":{\"@type\":\"EntryPoint\",\"urlTemplate\":\"https:\\\/\\\/ultrasource.com.mx\\\/?s={search_term_string}\"},\"query-input\":{\"@type\":\"PropertyValueSpecification\",\"valueRequired\":true,\"valueName\":\"search_term_string\"}}],\"inLanguage\":\"en-US\"},{\"@type\":\"Organization\",\"@id\":\"https:\\\/\\\/ultrasource.com.mx\\\/#organization\",\"name\":\"UltraSource\",\"url\":\"https:\\\/\\\/ultrasource.com.mx\\\/\",\"logo\":{\"@type\":\"ImageObject\",\"inLanguage\":\"en-US\",\"@id\":\"https:\\\/\\\/ultrasource.com.mx\\\/#\\\/schema\\\/logo\\\/image\\\/\",\"url\":\"https:\\\/\\\/ultrasource.com.mx\\\/wp-content\\\/uploads\\\/2023\\\/02\\\/ultrasource-logo-vertical.svg\",\"contentUrl\":\"https:\\\/\\\/ultrasource.com.mx\\\/wp-content\\\/uploads\\\/2023\\\/02\\\/ultrasource-logo-vertical.svg\",\"width\":100,\"height\":100,\"caption\":\"UltraSource\"},\"image\":{\"@id\":\"https:\\\/\\\/ultrasource.com.mx\\\/#\\\/schema\\\/logo\\\/image\\\/\"},\"sameAs\":[\"https:\\\/\\\/www.facebook.com\\\/UltraSourceUSA\\\/\",\"https:\\\/\\\/x.com\\\/UltraSourceUSA\",\"http:\\\/\\\/www.linkedin.com\\\/company\\\/ultrasource-llc\",\"https:\\\/\\\/www.youtube.com\\\/channel\\\/UCNHEJAkgGhh_JOoO4DcBFmQ\"]}]}<\/script>\n<!-- \/ Yoast SEO plugin. -->","yoast_head_json":{"title":"Selladora de Bandejas Rhino\u00ae 12 - UltraSource","description":"Selladora de bandejas en l\u00ednea autom\u00e1tica Rhino\u00ae 12 con capacidad de envasado en atm\u00f3sfera modificada dise\u00f1ada para reducir los costos de envasado.","robots":{"index":"index","follow":"follow","max-snippet":"max-snippet:-1","max-image-preview":"max-image-preview:large","max-video-preview":"max-video-preview:-1"},"canonical":"https:\/\/ultrasource.com.mx\/en\/product\/selladora-de-bandejas-rhino-12\/","og_locale":"en_US","og_type":"article","og_title":"Selladora de Bandejas Rhino\u00ae 12 - UltraSource","og_description":"Selladora de bandejas en l\u00ednea autom\u00e1tica Rhino\u00ae 12 con capacidad de envasado en atm\u00f3sfera modificada dise\u00f1ada para reducir los costos de envasado.","og_url":"https:\/\/ultrasource.com.mx\/en\/product\/selladora-de-bandejas-rhino-12\/","og_site_name":"UltraSource","article_publisher":"https:\/\/www.facebook.com\/UltraSourceUSA\/","article_modified_time":"2024-09-03T00:03:53+00:00","og_image":[{"width":683,"height":683,"url":"https:\/\/ultrasource.com.mx\/wp-content\/uploads\/2023\/10\/Rhino_12_main.png","type":"image\/png"}],"twitter_card":"summary_large_image","twitter_site":"@UltraSourceUSA","twitter_misc":{"Est. reading time":"3 minutes"},"schema":{"@context":"https:\/\/schema.org","@graph":[{"@type":"WebPage","@id":"https:\/\/ultrasource.com.mx\/producto\/selladora-de-bandejas-rhino-12\/","url":"https:\/\/ultrasource.com.mx\/producto\/selladora-de-bandejas-rhino-12\/","name":"Selladora de Bandejas Rhino\u00ae 12 - UltraSource","isPartOf":{"@id":"https:\/\/ultrasource.com.mx\/#website"},"primaryImageOfPage":{"@id":"https:\/\/ultrasource.com.mx\/producto\/selladora-de-bandejas-rhino-12\/#primaryimage"},"image":{"@id":"https:\/\/ultrasource.com.mx\/producto\/selladora-de-bandejas-rhino-12\/#primaryimage"},"thumbnailUrl":"https:\/\/ultrasource.com.mx\/wp-content\/uploads\/2023\/10\/Rhino_12_main.png","datePublished":"2023-10-30T17:10:12+00:00","dateModified":"2024-09-03T00:03:53+00:00","description":"Selladora de bandejas en l\u00ednea autom\u00e1tica Rhino\u00ae 12 con capacidad de envasado en atm\u00f3sfera modificada dise\u00f1ada para reducir los costos de envasado.","breadcrumb":{"@id":"https:\/\/ultrasource.com.mx\/producto\/selladora-de-bandejas-rhino-12\/#breadcrumb"},"inLanguage":"en-US","potentialAction":[{"@type":"ReadAction","target":["https:\/\/ultrasource.com.mx\/producto\/selladora-de-bandejas-rhino-12\/"]}]},{"@type":"ImageObject","inLanguage":"en-US","@id":"https:\/\/ultrasource.com.mx\/producto\/selladora-de-bandejas-rhino-12\/#primaryimage","url":"https:\/\/ultrasource.com.mx\/wp-content\/uploads\/2023\/10\/Rhino_12_main.png","contentUrl":"https:\/\/ultrasource.com.mx\/wp-content\/uploads\/2023\/10\/Rhino_12_main.png","width":683,"height":683,"caption":"rhino12 selladora de bandeja"},{"@type":"BreadcrumbList","@id":"https:\/\/ultrasource.com.mx\/producto\/selladora-de-bandejas-rhino-12\/#breadcrumb","itemListElement":[{"@type":"ListItem","position":1,"name":"Portada","item":"https:\/\/ultrasource.com.mx\/"},{"@type":"ListItem","position":2,"name":"Catalog","item":"https:\/\/ultrasource.com.mx\/catalog\/"},{"@type":"ListItem","position":3,"name":"Selladora de Bandejas Rhino\u00ae 12"}]},{"@type":"WebSite","@id":"https:\/\/ultrasource.com.mx\/#website","url":"https:\/\/ultrasource.com.mx\/","name":"UltraSource","description":"","publisher":{"@id":"https:\/\/ultrasource.com.mx\/#organization"},"potentialAction":[{"@type":"SearchAction","target":{"@type":"EntryPoint","urlTemplate":"https:\/\/ultrasource.com.mx\/?s={search_term_string}"},"query-input":{"@type":"PropertyValueSpecification","valueRequired":true,"valueName":"search_term_string"}}],"inLanguage":"en-US"},{"@type":"Organization","@id":"https:\/\/ultrasource.com.mx\/#organization","name":"UltraSource","url":"https:\/\/ultrasource.com.mx\/","logo":{"@type":"ImageObject","inLanguage":"en-US","@id":"https:\/\/ultrasource.com.mx\/#\/schema\/logo\/image\/","url":"https:\/\/ultrasource.com.mx\/wp-content\/uploads\/2023\/02\/ultrasource-logo-vertical.svg","contentUrl":"https:\/\/ultrasource.com.mx\/wp-content\/uploads\/2023\/02\/ultrasource-logo-vertical.svg","width":100,"height":100,"caption":"UltraSource"},"image":{"@id":"https:\/\/ultrasource.com.mx\/#\/schema\/logo\/image\/"},"sameAs":["https:\/\/www.facebook.com\/UltraSourceUSA\/","https:\/\/x.com\/UltraSourceUSA","http:\/\/www.linkedin.com\/company\/ultrasource-llc","https:\/\/www.youtube.com\/channel\/UCNHEJAkgGhh_JOoO4DcBFmQ"]}]}},"_links":{"self":[{"href":"https:\/\/ultrasource.com.mx\/en\/wp-json\/wp\/v2\/product\/527","targetHints":{"allow":["GET"]}}],"collection":[{"href":"https:\/\/ultrasource.com.mx\/en\/wp-json\/wp\/v2\/product"}],"about":[{"href":"https:\/\/ultrasource.com.mx\/en\/wp-json\/wp\/v2\/types\/product"}],"replies":[{"embeddable":true,"href":"https:\/\/ultrasource.com.mx\/en\/wp-json\/wp\/v2\/comments?post=527"}],"wp:featuredmedia":[{"embeddable":true,"href":"https:\/\/ultrasource.com.mx\/en\/wp-json\/wp\/v2\/media\/529"}],"wp:attachment":[{"href":"https:\/\/ultrasource.com.mx\/en\/wp-json\/wp\/v2\/media?parent=527"}],"wp:term":[{"taxonomy":"product_brand","embeddable":true,"href":"https:\/\/ultrasource.com.mx\/en\/wp-json\/wp\/v2\/product_brand?post=527"},{"taxonomy":"product_cat","embeddable":true,"href":"https:\/\/ultrasource.com.mx\/en\/wp-json\/wp\/v2\/product_cat?post=527"},{"taxonomy":"product_tag","embeddable":true,"href":"https:\/\/ultrasource.com.mx\/en\/wp-json\/wp\/v2\/product_tag?post=527"}],"curies":[{"name":"wp","href":"https:\/\/api.w.org\/{rel}","templated":true}]}}