{"id":497,"date":"2023-10-30T15:59:02","date_gmt":"2023-10-30T15:59:02","guid":{"rendered":"https:\/\/ultrasource.com.mx\/?post_type=product&#038;p=497"},"modified":"2024-09-03T00:04:32","modified_gmt":"2024-09-03T00:04:32","slug":"ultrashrink-3012","status":"publish","type":"product","link":"https:\/\/ultrasource.com.mx\/en\/product\/ultrashrink-3012\/","title":{"rendered":"UltraShrink\u2122 3012 T\u00fanel de Encogimiento Autom\u00e1tico"},"content":{"rendered":"<p>El T\u00fanel de Encogimiento UltraShrink 3012 proporciona un excelente contorneado de bolsas de vac\u00edo.<\/p>\n<p>UltraSource fabrica t\u00faneles de encogimiento y tanques de inmersi\u00f3n de alta calidad y eficiencia dise\u00f1ados para ofrecer envases minoristas de alta calidad y contorneados para carne, aves, queso y otros productos alimenticios perecederos.<\/p>\n<ul>\n<li>Construcci\u00f3n completamente de acero inoxidable<\/li>\n<li>F\u00e1cil limpieza, cinta transportadora desmontable<\/li>\n<li>Interruptores de parada de emergencia<\/li>\n<li>Calefacci\u00f3n el\u00e9ctrica o de vapor<\/li>\n<li>Control autom\u00e1tico del nivel de agua<\/li>\n<li>Control digital de la temperatura del agua<\/li>\n<li>Salida de drenaje de f\u00e1cil acceso<\/li>\n<li>Cumple con las normas UL 963 y CSA 22.2<\/li>\n<li>Velocidad m\u00e1xima de la cinta: 37 pies por minuto<\/li>\n<li>Dimensiones m\u00e1ximas: 64.5&#8243; de ancho x 70&#8243; de alto x 52.26&#8243; de largo.<\/li>\n<\/ul>","protected":false},"excerpt":{"rendered":"<p><strong>T\u00fanel de Encogimiento Autom\u00e1tico<\/strong><\/p>\n<ul>\n<li>Construcci\u00f3n completamente de acero inoxidable<\/li>\n<li>F\u00e1cil de limpiar, cinta transportadora desmontable<\/li>\n<li>Calefacci\u00f3n el\u00e9ctrica o de vapor<\/li>\n<li>Control autom\u00e1tico del nivel de agua<\/li>\n<li>Control digital de la temperatura del agua<\/li>\n<li>Salida de drenaje de f\u00e1cil acceso<\/li>\n<\/ul>\n<p><em>Una abertura de <strong>30 pulgadas<\/strong> compatible con cualquier m\u00e1quina de c\u00e1mara o transportador.<\/em><\/p>","protected":false},"featured_media":499,"comment_status":"open","ping_status":"closed","template":"","meta":{"_coblocks_attr":"","_coblocks_dimensions":"","_coblocks_responsive_height":"","_coblocks_accordion_ie_support":"","_joinchat":{"view":"yes"}},"product_brand":[],"product_cat":[53,47,19],"product_tag":[28,25,52,51,27,44,55,54],"class_list":{"0":"post-497","1":"product","2":"type-product","3":"status-publish","4":"has-post-thumbnail","6":"product_cat-dip-tank","7":"product_cat-empaque","8":"product_cat-todos","9":"product_tag-alimentos","10":"product_tag-bolsas","11":"product_tag-bomba-de-vacio","12":"product_tag-camara","13":"product_tag-carne","14":"product_tag-corte","15":"product_tag-dip-tank","16":"product_tag-shrink","17":"ts_product_brand-ultrasource","19":"first","20":"instock","21":"shipping-taxable","22":"product-type-simple","23":"add-to-wishlist-after_add_to_cart"},"yoast_head":"<!-- This site is optimized with the Yoast SEO plugin v27.4 - https:\/\/yoast.com\/product\/yoast-seo-wordpress\/ -->\n<title>UltraShrink\u2122 3012 T\u00fanel de Encogimiento Autom\u00e1tico - UltraSource<\/title>\n<meta name=\"description\" content=\"Considera nuestro tunel de encogimiento autom\u00e1tico de acero inoxidable UltraShrink 3012 para el empaque de venta al por menor con formas contorneadas.\" \/>\n<meta name=\"robots\" content=\"index, follow, max-snippet:-1, max-image-preview:large, max-video-preview:-1\" \/>\n<link rel=\"canonical\" href=\"https:\/\/ultrasource.com.mx\/en\/product\/ultrashrink-3012\/\" \/>\n<meta property=\"og:locale\" content=\"en_US\" \/>\n<meta property=\"og:type\" content=\"article\" \/>\n<meta property=\"og:title\" content=\"UltraShrink\u2122 3012 T\u00fanel de Encogimiento Autom\u00e1tico - UltraSource\" \/>\n<meta property=\"og:description\" content=\"Considera nuestro tunel de encogimiento autom\u00e1tico de acero inoxidable UltraShrink 3012 para el empaque de venta al por menor con formas contorneadas.\" \/>\n<meta property=\"og:url\" content=\"https:\/\/ultrasource.com.mx\/en\/product\/ultrashrink-3012\/\" \/>\n<meta property=\"og:site_name\" content=\"UltraSource\" \/>\n<meta property=\"article:publisher\" content=\"https:\/\/www.facebook.com\/UltraSourceUSA\/\" \/>\n<meta property=\"article:modified_time\" content=\"2024-09-03T00:04:32+00:00\" \/>\n<meta property=\"og:image\" content=\"https:\/\/ultrasource.com.mx\/wp-content\/uploads\/2023\/10\/ultrashrink_3012.jpg\" \/>\n\t<meta property=\"og:image:width\" content=\"370\" \/>\n\t<meta property=\"og:image:height\" content=\"370\" \/>\n\t<meta property=\"og:image:type\" content=\"image\/jpeg\" \/>\n<meta name=\"twitter:card\" content=\"summary_large_image\" \/>\n<meta name=\"twitter:site\" content=\"@UltraSourceUSA\" \/>\n<meta name=\"twitter:label1\" content=\"Est. reading time\" \/>\n\t<meta name=\"twitter:data1\" content=\"1 minute\" \/>\n<script type=\"application\/ld+json\" class=\"yoast-schema-graph\">{\"@context\":\"https:\\\/\\\/schema.org\",\"@graph\":[{\"@type\":\"WebPage\",\"@id\":\"https:\\\/\\\/ultrasource.com.mx\\\/producto\\\/ultrashrink-3012\\\/\",\"url\":\"https:\\\/\\\/ultrasource.com.mx\\\/producto\\\/ultrashrink-3012\\\/\",\"name\":\"UltraShrink\u2122 3012 T\u00fanel de Encogimiento Autom\u00e1tico - UltraSource\",\"isPartOf\":{\"@id\":\"https:\\\/\\\/ultrasource.com.mx\\\/#website\"},\"primaryImageOfPage\":{\"@id\":\"https:\\\/\\\/ultrasource.com.mx\\\/producto\\\/ultrashrink-3012\\\/#primaryimage\"},\"image\":{\"@id\":\"https:\\\/\\\/ultrasource.com.mx\\\/producto\\\/ultrashrink-3012\\\/#primaryimage\"},\"thumbnailUrl\":\"https:\\\/\\\/ultrasource.com.mx\\\/wp-content\\\/uploads\\\/2023\\\/10\\\/ultrashrink_3012.jpg\",\"datePublished\":\"2023-10-30T15:59:02+00:00\",\"dateModified\":\"2024-09-03T00:04:32+00:00\",\"description\":\"Considera nuestro tunel de encogimiento autom\u00e1tico de acero inoxidable UltraShrink 3012 para el empaque de venta al por menor con formas contorneadas.\",\"breadcrumb\":{\"@id\":\"https:\\\/\\\/ultrasource.com.mx\\\/producto\\\/ultrashrink-3012\\\/#breadcrumb\"},\"inLanguage\":\"en-US\",\"potentialAction\":[{\"@type\":\"ReadAction\",\"target\":[\"https:\\\/\\\/ultrasource.com.mx\\\/producto\\\/ultrashrink-3012\\\/\"]}]},{\"@type\":\"ImageObject\",\"inLanguage\":\"en-US\",\"@id\":\"https:\\\/\\\/ultrasource.com.mx\\\/producto\\\/ultrashrink-3012\\\/#primaryimage\",\"url\":\"https:\\\/\\\/ultrasource.com.mx\\\/wp-content\\\/uploads\\\/2023\\\/10\\\/ultrashrink_3012.jpg\",\"contentUrl\":\"https:\\\/\\\/ultrasource.com.mx\\\/wp-content\\\/uploads\\\/2023\\\/10\\\/ultrashrink_3012.jpg\",\"width\":370,\"height\":370,\"caption\":\"ultra shrink 3012\"},{\"@type\":\"BreadcrumbList\",\"@id\":\"https:\\\/\\\/ultrasource.com.mx\\\/producto\\\/ultrashrink-3012\\\/#breadcrumb\",\"itemListElement\":[{\"@type\":\"ListItem\",\"position\":1,\"name\":\"Portada\",\"item\":\"https:\\\/\\\/ultrasource.com.mx\\\/\"},{\"@type\":\"ListItem\",\"position\":2,\"name\":\"Catalog\",\"item\":\"https:\\\/\\\/ultrasource.com.mx\\\/catalog\\\/\"},{\"@type\":\"ListItem\",\"position\":3,\"name\":\"UltraShrink\u2122 3012 T\u00fanel de Encogimiento Autom\u00e1tico\"}]},{\"@type\":\"WebSite\",\"@id\":\"https:\\\/\\\/ultrasource.com.mx\\\/#website\",\"url\":\"https:\\\/\\\/ultrasource.com.mx\\\/\",\"name\":\"UltraSource\",\"description\":\"\",\"publisher\":{\"@id\":\"https:\\\/\\\/ultrasource.com.mx\\\/#organization\"},\"potentialAction\":[{\"@type\":\"SearchAction\",\"target\":{\"@type\":\"EntryPoint\",\"urlTemplate\":\"https:\\\/\\\/ultrasource.com.mx\\\/?s={search_term_string}\"},\"query-input\":{\"@type\":\"PropertyValueSpecification\",\"valueRequired\":true,\"valueName\":\"search_term_string\"}}],\"inLanguage\":\"en-US\"},{\"@type\":\"Organization\",\"@id\":\"https:\\\/\\\/ultrasource.com.mx\\\/#organization\",\"name\":\"UltraSource\",\"url\":\"https:\\\/\\\/ultrasource.com.mx\\\/\",\"logo\":{\"@type\":\"ImageObject\",\"inLanguage\":\"en-US\",\"@id\":\"https:\\\/\\\/ultrasource.com.mx\\\/#\\\/schema\\\/logo\\\/image\\\/\",\"url\":\"https:\\\/\\\/ultrasource.com.mx\\\/wp-content\\\/uploads\\\/2023\\\/02\\\/ultrasource-logo-vertical.svg\",\"contentUrl\":\"https:\\\/\\\/ultrasource.com.mx\\\/wp-content\\\/uploads\\\/2023\\\/02\\\/ultrasource-logo-vertical.svg\",\"width\":100,\"height\":100,\"caption\":\"UltraSource\"},\"image\":{\"@id\":\"https:\\\/\\\/ultrasource.com.mx\\\/#\\\/schema\\\/logo\\\/image\\\/\"},\"sameAs\":[\"https:\\\/\\\/www.facebook.com\\\/UltraSourceUSA\\\/\",\"https:\\\/\\\/x.com\\\/UltraSourceUSA\",\"http:\\\/\\\/www.linkedin.com\\\/company\\\/ultrasource-llc\",\"https:\\\/\\\/www.youtube.com\\\/channel\\\/UCNHEJAkgGhh_JOoO4DcBFmQ\"]}]}<\/script>\n<!-- \/ Yoast SEO plugin. -->","yoast_head_json":{"title":"UltraShrink\u2122 3012 T\u00fanel de Encogimiento Autom\u00e1tico - UltraSource","description":"Considera nuestro tunel de encogimiento autom\u00e1tico de acero inoxidable UltraShrink 3012 para el empaque de venta al por menor con formas contorneadas.","robots":{"index":"index","follow":"follow","max-snippet":"max-snippet:-1","max-image-preview":"max-image-preview:large","max-video-preview":"max-video-preview:-1"},"canonical":"https:\/\/ultrasource.com.mx\/en\/product\/ultrashrink-3012\/","og_locale":"en_US","og_type":"article","og_title":"UltraShrink\u2122 3012 T\u00fanel de Encogimiento Autom\u00e1tico - UltraSource","og_description":"Considera nuestro tunel de encogimiento autom\u00e1tico de acero inoxidable UltraShrink 3012 para el empaque de venta al por menor con formas contorneadas.","og_url":"https:\/\/ultrasource.com.mx\/en\/product\/ultrashrink-3012\/","og_site_name":"UltraSource","article_publisher":"https:\/\/www.facebook.com\/UltraSourceUSA\/","article_modified_time":"2024-09-03T00:04:32+00:00","og_image":[{"width":370,"height":370,"url":"https:\/\/ultrasource.com.mx\/wp-content\/uploads\/2023\/10\/ultrashrink_3012.jpg","type":"image\/jpeg"}],"twitter_card":"summary_large_image","twitter_site":"@UltraSourceUSA","twitter_misc":{"Est. reading time":"1 minute"},"schema":{"@context":"https:\/\/schema.org","@graph":[{"@type":"WebPage","@id":"https:\/\/ultrasource.com.mx\/producto\/ultrashrink-3012\/","url":"https:\/\/ultrasource.com.mx\/producto\/ultrashrink-3012\/","name":"UltraShrink\u2122 3012 T\u00fanel de Encogimiento Autom\u00e1tico - UltraSource","isPartOf":{"@id":"https:\/\/ultrasource.com.mx\/#website"},"primaryImageOfPage":{"@id":"https:\/\/ultrasource.com.mx\/producto\/ultrashrink-3012\/#primaryimage"},"image":{"@id":"https:\/\/ultrasource.com.mx\/producto\/ultrashrink-3012\/#primaryimage"},"thumbnailUrl":"https:\/\/ultrasource.com.mx\/wp-content\/uploads\/2023\/10\/ultrashrink_3012.jpg","datePublished":"2023-10-30T15:59:02+00:00","dateModified":"2024-09-03T00:04:32+00:00","description":"Considera nuestro tunel de encogimiento autom\u00e1tico de acero inoxidable UltraShrink 3012 para el empaque de venta al por menor con formas contorneadas.","breadcrumb":{"@id":"https:\/\/ultrasource.com.mx\/producto\/ultrashrink-3012\/#breadcrumb"},"inLanguage":"en-US","potentialAction":[{"@type":"ReadAction","target":["https:\/\/ultrasource.com.mx\/producto\/ultrashrink-3012\/"]}]},{"@type":"ImageObject","inLanguage":"en-US","@id":"https:\/\/ultrasource.com.mx\/producto\/ultrashrink-3012\/#primaryimage","url":"https:\/\/ultrasource.com.mx\/wp-content\/uploads\/2023\/10\/ultrashrink_3012.jpg","contentUrl":"https:\/\/ultrasource.com.mx\/wp-content\/uploads\/2023\/10\/ultrashrink_3012.jpg","width":370,"height":370,"caption":"ultra shrink 3012"},{"@type":"BreadcrumbList","@id":"https:\/\/ultrasource.com.mx\/producto\/ultrashrink-3012\/#breadcrumb","itemListElement":[{"@type":"ListItem","position":1,"name":"Portada","item":"https:\/\/ultrasource.com.mx\/"},{"@type":"ListItem","position":2,"name":"Catalog","item":"https:\/\/ultrasource.com.mx\/catalog\/"},{"@type":"ListItem","position":3,"name":"UltraShrink\u2122 3012 T\u00fanel de Encogimiento Autom\u00e1tico"}]},{"@type":"WebSite","@id":"https:\/\/ultrasource.com.mx\/#website","url":"https:\/\/ultrasource.com.mx\/","name":"UltraSource","description":"","publisher":{"@id":"https:\/\/ultrasource.com.mx\/#organization"},"potentialAction":[{"@type":"SearchAction","target":{"@type":"EntryPoint","urlTemplate":"https:\/\/ultrasource.com.mx\/?s={search_term_string}"},"query-input":{"@type":"PropertyValueSpecification","valueRequired":true,"valueName":"search_term_string"}}],"inLanguage":"en-US"},{"@type":"Organization","@id":"https:\/\/ultrasource.com.mx\/#organization","name":"UltraSource","url":"https:\/\/ultrasource.com.mx\/","logo":{"@type":"ImageObject","inLanguage":"en-US","@id":"https:\/\/ultrasource.com.mx\/#\/schema\/logo\/image\/","url":"https:\/\/ultrasource.com.mx\/wp-content\/uploads\/2023\/02\/ultrasource-logo-vertical.svg","contentUrl":"https:\/\/ultrasource.com.mx\/wp-content\/uploads\/2023\/02\/ultrasource-logo-vertical.svg","width":100,"height":100,"caption":"UltraSource"},"image":{"@id":"https:\/\/ultrasource.com.mx\/#\/schema\/logo\/image\/"},"sameAs":["https:\/\/www.facebook.com\/UltraSourceUSA\/","https:\/\/x.com\/UltraSourceUSA","http:\/\/www.linkedin.com\/company\/ultrasource-llc","https:\/\/www.youtube.com\/channel\/UCNHEJAkgGhh_JOoO4DcBFmQ"]}]}},"_links":{"self":[{"href":"https:\/\/ultrasource.com.mx\/en\/wp-json\/wp\/v2\/product\/497","targetHints":{"allow":["GET"]}}],"collection":[{"href":"https:\/\/ultrasource.com.mx\/en\/wp-json\/wp\/v2\/product"}],"about":[{"href":"https:\/\/ultrasource.com.mx\/en\/wp-json\/wp\/v2\/types\/product"}],"replies":[{"embeddable":true,"href":"https:\/\/ultrasource.com.mx\/en\/wp-json\/wp\/v2\/comments?post=497"}],"wp:featuredmedia":[{"embeddable":true,"href":"https:\/\/ultrasource.com.mx\/en\/wp-json\/wp\/v2\/media\/499"}],"wp:attachment":[{"href":"https:\/\/ultrasource.com.mx\/en\/wp-json\/wp\/v2\/media?parent=497"}],"wp:term":[{"taxonomy":"product_brand","embeddable":true,"href":"https:\/\/ultrasource.com.mx\/en\/wp-json\/wp\/v2\/product_brand?post=497"},{"taxonomy":"product_cat","embeddable":true,"href":"https:\/\/ultrasource.com.mx\/en\/wp-json\/wp\/v2\/product_cat?post=497"},{"taxonomy":"product_tag","embeddable":true,"href":"https:\/\/ultrasource.com.mx\/en\/wp-json\/wp\/v2\/product_tag?post=497"}],"curies":[{"name":"wp","href":"https:\/\/api.w.org\/{rel}","templated":true}]}}