{"id":461,"date":"2023-10-30T00:39:49","date_gmt":"2023-10-30T00:39:49","guid":{"rendered":"https:\/\/ultrasource.com.mx\/?post_type=product&#038;p=461"},"modified":"2024-09-03T00:06:12","modified_gmt":"2024-09-03T00:06:12","slug":"ultravac-3500","status":"publish","type":"product","link":"https:\/\/ultrasource.com.mx\/en\/product\/ultravac-3500\/","title":{"rendered":"Ultravac 3500"},"content":{"rendered":"<p>\u00a1Invertir en una m\u00e1quina de c\u00e1mara de vac\u00edo Ultravac\u00ae de calidad es una decisi\u00f3n inteligente para tu negocio!<\/p>\n<ul>\n<li>Con una construcci\u00f3n de resistencia industrial, \u00a1estas m\u00e1quinas est\u00e1n hechas para durar!<\/li>\n<li>Dise\u00f1o compacto con gran capacidad y opciones de sellado, \u00a1maximiza tu espacio!<\/li>\n<li>Tiempos de ciclo r\u00e1pidos con bombas de vac\u00edo Busch\u00ae de alto rendimiento, \u00a1aumenta tus rendimientos!<\/li>\n<li>Dos a\u00f1os de garant\u00eda en la mayor\u00eda de las m\u00e1quinas respaldadas por el servicio y el soporte de UltraSource.<\/li>\n<li>\u00a1Con m\u00e1s de 138 a\u00f1os de historia y sigue siendo fuerte!<\/li>\n<\/ul>\n<p><strong>Ultravac\u00ae 3500<\/strong><\/p>\n<ul>\n<li>Barras de sellado de 39&#8243;<\/li>\n<li>Profundidad de la c\u00e1mara de 12&#8243;<\/li>\n<li>Doble bomba de vac\u00edo de 10 o 12 HP<\/li>\n<li>Apertura y cierre autom\u00e1tico de la tapa<\/li>\n<li>Panel de control con pantalla t\u00e1ctil a color clasificado como NEMA 4<\/li>\n<li>El\u00e9ctrico: Cualquier voltaje, trif\u00e1sico<\/li>\n<li>Fabricado por UltraSource en los Estados Unidos<\/li>\n<li>Garant\u00eda de dos a\u00f1os<\/li>\n<\/ul>","protected":false},"excerpt":{"rendered":"<ul>\n<li>Barras de sellado de 39&#8243;<\/li>\n<li>Profundidad de la c\u00e1mara de 12&#8243;<\/li>\n<li>Doble bomba de vac\u00edo de 10 o 12 HP<\/li>\n<li>Apertura y cierre autom\u00e1tico de la tapa<\/li>\n<li>Panel de control con pantalla t\u00e1ctil a color clasificado como NEMA 4<\/li>\n<li>El\u00e9ctrico: Cualquier voltaje, trif\u00e1sico<\/li>\n<li>Fabricado por UltraSource en los Estados Unidos<\/li>\n<li>Garant\u00eda de dos a\u00f1os<\/li>\n<\/ul>","protected":false},"featured_media":462,"comment_status":"open","ping_status":"closed","template":"","meta":{"_coblocks_attr":"","_coblocks_dimensions":"","_coblocks_responsive_height":"","_coblocks_accordion_ie_support":"","_joinchat":{"view":"yes"}},"product_brand":[],"product_cat":[46,47,22,19],"product_tag":[28,25,52,51,27,44,50,49,24,26],"class_list":{"0":"post-461","1":"product","2":"type-product","3":"status-publish","4":"has-post-thumbnail","6":"product_cat-doble-campana","7":"product_cat-empaque","8":"product_cat-maquinas-de-vacio","9":"product_cat-todos","10":"product_tag-alimentos","11":"product_tag-bolsas","12":"product_tag-bomba-de-vacio","13":"product_tag-camara","14":"product_tag-carne","15":"product_tag-corte","16":"product_tag-doble-camara","17":"product_tag-doble-campana","18":"product_tag-empaque","19":"product_tag-vacio","20":"ts_product_brand-ultrasource","21":"ts_product_brand-ultravac","23":"first","24":"instock","25":"shipping-taxable","26":"product-type-simple","27":"add-to-wishlist-after_add_to_cart"},"yoast_head":"<!-- This site is optimized with the Yoast SEO plugin v27.4 - https:\/\/yoast.com\/product\/yoast-seo-wordpress\/ -->\n<title>Ultravac 3500 - UltraSource<\/title>\n<meta name=\"description\" content=\"Maquina de vac\u00edo de doble campana, Ultravac 3500, la mejor decisi\u00f3n para tus procesos de empaque en tu empresa. Alimentos, Carne, Quesos, todo y m\u00e1s.\" \/>\n<meta name=\"robots\" content=\"index, follow, max-snippet:-1, max-image-preview:large, max-video-preview:-1\" \/>\n<link rel=\"canonical\" href=\"https:\/\/ultrasource.com.mx\/en\/product\/ultravac-3500\/\" \/>\n<meta property=\"og:locale\" content=\"en_US\" \/>\n<meta property=\"og:type\" content=\"article\" \/>\n<meta property=\"og:title\" content=\"Ultravac 3500 - UltraSource\" \/>\n<meta property=\"og:description\" content=\"Maquina de vac\u00edo de doble campana, Ultravac 3500, la mejor decisi\u00f3n para tus procesos de empaque en tu empresa. Alimentos, Carne, Quesos, todo y m\u00e1s.\" \/>\n<meta property=\"og:url\" content=\"https:\/\/ultrasource.com.mx\/en\/product\/ultravac-3500\/\" \/>\n<meta property=\"og:site_name\" content=\"UltraSource\" \/>\n<meta property=\"article:publisher\" content=\"https:\/\/www.facebook.com\/UltraSourceUSA\/\" \/>\n<meta property=\"article:modified_time\" content=\"2024-09-03T00:06:12+00:00\" \/>\n<meta property=\"og:image\" content=\"https:\/\/ultrasource.com.mx\/wp-content\/uploads\/2023\/10\/Ultravac_3500_Double-Chamber-Vacuum-Packaging-Machine.png\" \/>\n\t<meta property=\"og:image:width\" content=\"612\" \/>\n\t<meta property=\"og:image:height\" content=\"612\" \/>\n\t<meta property=\"og:image:type\" content=\"image\/png\" \/>\n<meta name=\"twitter:card\" content=\"summary_large_image\" \/>\n<meta name=\"twitter:site\" content=\"@UltraSourceUSA\" \/>\n<meta name=\"twitter:label1\" content=\"Est. reading time\" \/>\n\t<meta name=\"twitter:data1\" content=\"1 minute\" \/>\n<script type=\"application\/ld+json\" class=\"yoast-schema-graph\">{\"@context\":\"https:\\\/\\\/schema.org\",\"@graph\":[{\"@type\":\"WebPage\",\"@id\":\"https:\\\/\\\/ultrasource.com.mx\\\/producto\\\/ultravac-3500\\\/\",\"url\":\"https:\\\/\\\/ultrasource.com.mx\\\/producto\\\/ultravac-3500\\\/\",\"name\":\"Ultravac 3500 - UltraSource\",\"isPartOf\":{\"@id\":\"https:\\\/\\\/ultrasource.com.mx\\\/#website\"},\"primaryImageOfPage\":{\"@id\":\"https:\\\/\\\/ultrasource.com.mx\\\/producto\\\/ultravac-3500\\\/#primaryimage\"},\"image\":{\"@id\":\"https:\\\/\\\/ultrasource.com.mx\\\/producto\\\/ultravac-3500\\\/#primaryimage\"},\"thumbnailUrl\":\"https:\\\/\\\/ultrasource.com.mx\\\/wp-content\\\/uploads\\\/2023\\\/10\\\/Ultravac_3500_Double-Chamber-Vacuum-Packaging-Machine.png\",\"datePublished\":\"2023-10-30T00:39:49+00:00\",\"dateModified\":\"2024-09-03T00:06:12+00:00\",\"description\":\"Maquina de vac\u00edo de doble campana, Ultravac 3500, la mejor decisi\u00f3n para tus procesos de empaque en tu empresa. Alimentos, Carne, Quesos, todo y m\u00e1s.\",\"breadcrumb\":{\"@id\":\"https:\\\/\\\/ultrasource.com.mx\\\/producto\\\/ultravac-3500\\\/#breadcrumb\"},\"inLanguage\":\"en-US\",\"potentialAction\":[{\"@type\":\"ReadAction\",\"target\":[\"https:\\\/\\\/ultrasource.com.mx\\\/producto\\\/ultravac-3500\\\/\"]}]},{\"@type\":\"ImageObject\",\"inLanguage\":\"en-US\",\"@id\":\"https:\\\/\\\/ultrasource.com.mx\\\/producto\\\/ultravac-3500\\\/#primaryimage\",\"url\":\"https:\\\/\\\/ultrasource.com.mx\\\/wp-content\\\/uploads\\\/2023\\\/10\\\/Ultravac_3500_Double-Chamber-Vacuum-Packaging-Machine.png\",\"contentUrl\":\"https:\\\/\\\/ultrasource.com.mx\\\/wp-content\\\/uploads\\\/2023\\\/10\\\/Ultravac_3500_Double-Chamber-Vacuum-Packaging-Machine.png\",\"width\":612,\"height\":612,\"caption\":\"ultravac 3500\"},{\"@type\":\"BreadcrumbList\",\"@id\":\"https:\\\/\\\/ultrasource.com.mx\\\/producto\\\/ultravac-3500\\\/#breadcrumb\",\"itemListElement\":[{\"@type\":\"ListItem\",\"position\":1,\"name\":\"Portada\",\"item\":\"https:\\\/\\\/ultrasource.com.mx\\\/\"},{\"@type\":\"ListItem\",\"position\":2,\"name\":\"Catalog\",\"item\":\"https:\\\/\\\/ultrasource.com.mx\\\/catalog\\\/\"},{\"@type\":\"ListItem\",\"position\":3,\"name\":\"Ultravac 3500\"}]},{\"@type\":\"WebSite\",\"@id\":\"https:\\\/\\\/ultrasource.com.mx\\\/#website\",\"url\":\"https:\\\/\\\/ultrasource.com.mx\\\/\",\"name\":\"UltraSource\",\"description\":\"\",\"publisher\":{\"@id\":\"https:\\\/\\\/ultrasource.com.mx\\\/#organization\"},\"potentialAction\":[{\"@type\":\"SearchAction\",\"target\":{\"@type\":\"EntryPoint\",\"urlTemplate\":\"https:\\\/\\\/ultrasource.com.mx\\\/?s={search_term_string}\"},\"query-input\":{\"@type\":\"PropertyValueSpecification\",\"valueRequired\":true,\"valueName\":\"search_term_string\"}}],\"inLanguage\":\"en-US\"},{\"@type\":\"Organization\",\"@id\":\"https:\\\/\\\/ultrasource.com.mx\\\/#organization\",\"name\":\"UltraSource\",\"url\":\"https:\\\/\\\/ultrasource.com.mx\\\/\",\"logo\":{\"@type\":\"ImageObject\",\"inLanguage\":\"en-US\",\"@id\":\"https:\\\/\\\/ultrasource.com.mx\\\/#\\\/schema\\\/logo\\\/image\\\/\",\"url\":\"https:\\\/\\\/ultrasource.com.mx\\\/wp-content\\\/uploads\\\/2023\\\/02\\\/ultrasource-logo-vertical.svg\",\"contentUrl\":\"https:\\\/\\\/ultrasource.com.mx\\\/wp-content\\\/uploads\\\/2023\\\/02\\\/ultrasource-logo-vertical.svg\",\"width\":100,\"height\":100,\"caption\":\"UltraSource\"},\"image\":{\"@id\":\"https:\\\/\\\/ultrasource.com.mx\\\/#\\\/schema\\\/logo\\\/image\\\/\"},\"sameAs\":[\"https:\\\/\\\/www.facebook.com\\\/UltraSourceUSA\\\/\",\"https:\\\/\\\/x.com\\\/UltraSourceUSA\",\"http:\\\/\\\/www.linkedin.com\\\/company\\\/ultrasource-llc\",\"https:\\\/\\\/www.youtube.com\\\/channel\\\/UCNHEJAkgGhh_JOoO4DcBFmQ\"]}]}<\/script>\n<!-- \/ Yoast SEO plugin. -->","yoast_head_json":{"title":"Ultravac 3500 - UltraSource","description":"Maquina de vac\u00edo de doble campana, Ultravac 3500, la mejor decisi\u00f3n para tus procesos de empaque en tu empresa. Alimentos, Carne, Quesos, todo y m\u00e1s.","robots":{"index":"index","follow":"follow","max-snippet":"max-snippet:-1","max-image-preview":"max-image-preview:large","max-video-preview":"max-video-preview:-1"},"canonical":"https:\/\/ultrasource.com.mx\/en\/product\/ultravac-3500\/","og_locale":"en_US","og_type":"article","og_title":"Ultravac 3500 - UltraSource","og_description":"Maquina de vac\u00edo de doble campana, Ultravac 3500, la mejor decisi\u00f3n para tus procesos de empaque en tu empresa. Alimentos, Carne, Quesos, todo y m\u00e1s.","og_url":"https:\/\/ultrasource.com.mx\/en\/product\/ultravac-3500\/","og_site_name":"UltraSource","article_publisher":"https:\/\/www.facebook.com\/UltraSourceUSA\/","article_modified_time":"2024-09-03T00:06:12+00:00","og_image":[{"width":612,"height":612,"url":"https:\/\/ultrasource.com.mx\/wp-content\/uploads\/2023\/10\/Ultravac_3500_Double-Chamber-Vacuum-Packaging-Machine.png","type":"image\/png"}],"twitter_card":"summary_large_image","twitter_site":"@UltraSourceUSA","twitter_misc":{"Est. reading time":"1 minute"},"schema":{"@context":"https:\/\/schema.org","@graph":[{"@type":"WebPage","@id":"https:\/\/ultrasource.com.mx\/producto\/ultravac-3500\/","url":"https:\/\/ultrasource.com.mx\/producto\/ultravac-3500\/","name":"Ultravac 3500 - UltraSource","isPartOf":{"@id":"https:\/\/ultrasource.com.mx\/#website"},"primaryImageOfPage":{"@id":"https:\/\/ultrasource.com.mx\/producto\/ultravac-3500\/#primaryimage"},"image":{"@id":"https:\/\/ultrasource.com.mx\/producto\/ultravac-3500\/#primaryimage"},"thumbnailUrl":"https:\/\/ultrasource.com.mx\/wp-content\/uploads\/2023\/10\/Ultravac_3500_Double-Chamber-Vacuum-Packaging-Machine.png","datePublished":"2023-10-30T00:39:49+00:00","dateModified":"2024-09-03T00:06:12+00:00","description":"Maquina de vac\u00edo de doble campana, Ultravac 3500, la mejor decisi\u00f3n para tus procesos de empaque en tu empresa. Alimentos, Carne, Quesos, todo y m\u00e1s.","breadcrumb":{"@id":"https:\/\/ultrasource.com.mx\/producto\/ultravac-3500\/#breadcrumb"},"inLanguage":"en-US","potentialAction":[{"@type":"ReadAction","target":["https:\/\/ultrasource.com.mx\/producto\/ultravac-3500\/"]}]},{"@type":"ImageObject","inLanguage":"en-US","@id":"https:\/\/ultrasource.com.mx\/producto\/ultravac-3500\/#primaryimage","url":"https:\/\/ultrasource.com.mx\/wp-content\/uploads\/2023\/10\/Ultravac_3500_Double-Chamber-Vacuum-Packaging-Machine.png","contentUrl":"https:\/\/ultrasource.com.mx\/wp-content\/uploads\/2023\/10\/Ultravac_3500_Double-Chamber-Vacuum-Packaging-Machine.png","width":612,"height":612,"caption":"ultravac 3500"},{"@type":"BreadcrumbList","@id":"https:\/\/ultrasource.com.mx\/producto\/ultravac-3500\/#breadcrumb","itemListElement":[{"@type":"ListItem","position":1,"name":"Portada","item":"https:\/\/ultrasource.com.mx\/"},{"@type":"ListItem","position":2,"name":"Catalog","item":"https:\/\/ultrasource.com.mx\/catalog\/"},{"@type":"ListItem","position":3,"name":"Ultravac 3500"}]},{"@type":"WebSite","@id":"https:\/\/ultrasource.com.mx\/#website","url":"https:\/\/ultrasource.com.mx\/","name":"UltraSource","description":"","publisher":{"@id":"https:\/\/ultrasource.com.mx\/#organization"},"potentialAction":[{"@type":"SearchAction","target":{"@type":"EntryPoint","urlTemplate":"https:\/\/ultrasource.com.mx\/?s={search_term_string}"},"query-input":{"@type":"PropertyValueSpecification","valueRequired":true,"valueName":"search_term_string"}}],"inLanguage":"en-US"},{"@type":"Organization","@id":"https:\/\/ultrasource.com.mx\/#organization","name":"UltraSource","url":"https:\/\/ultrasource.com.mx\/","logo":{"@type":"ImageObject","inLanguage":"en-US","@id":"https:\/\/ultrasource.com.mx\/#\/schema\/logo\/image\/","url":"https:\/\/ultrasource.com.mx\/wp-content\/uploads\/2023\/02\/ultrasource-logo-vertical.svg","contentUrl":"https:\/\/ultrasource.com.mx\/wp-content\/uploads\/2023\/02\/ultrasource-logo-vertical.svg","width":100,"height":100,"caption":"UltraSource"},"image":{"@id":"https:\/\/ultrasource.com.mx\/#\/schema\/logo\/image\/"},"sameAs":["https:\/\/www.facebook.com\/UltraSourceUSA\/","https:\/\/x.com\/UltraSourceUSA","http:\/\/www.linkedin.com\/company\/ultrasource-llc","https:\/\/www.youtube.com\/channel\/UCNHEJAkgGhh_JOoO4DcBFmQ"]}]}},"_links":{"self":[{"href":"https:\/\/ultrasource.com.mx\/en\/wp-json\/wp\/v2\/product\/461","targetHints":{"allow":["GET"]}}],"collection":[{"href":"https:\/\/ultrasource.com.mx\/en\/wp-json\/wp\/v2\/product"}],"about":[{"href":"https:\/\/ultrasource.com.mx\/en\/wp-json\/wp\/v2\/types\/product"}],"replies":[{"embeddable":true,"href":"https:\/\/ultrasource.com.mx\/en\/wp-json\/wp\/v2\/comments?post=461"}],"wp:featuredmedia":[{"embeddable":true,"href":"https:\/\/ultrasource.com.mx\/en\/wp-json\/wp\/v2\/media\/462"}],"wp:attachment":[{"href":"https:\/\/ultrasource.com.mx\/en\/wp-json\/wp\/v2\/media?parent=461"}],"wp:term":[{"taxonomy":"product_brand","embeddable":true,"href":"https:\/\/ultrasource.com.mx\/en\/wp-json\/wp\/v2\/product_brand?post=461"},{"taxonomy":"product_cat","embeddable":true,"href":"https:\/\/ultrasource.com.mx\/en\/wp-json\/wp\/v2\/product_cat?post=461"},{"taxonomy":"product_tag","embeddable":true,"href":"https:\/\/ultrasource.com.mx\/en\/wp-json\/wp\/v2\/product_tag?post=461"}],"curies":[{"name":"wp","href":"https:\/\/api.w.org\/{rel}","templated":true}]}}