{"id":435,"date":"2023-10-29T23:47:51","date_gmt":"2023-10-29T23:47:51","guid":{"rendered":"https:\/\/ultrasource.com.mx\/?post_type=product&#038;p=435"},"modified":"2024-09-03T00:06:15","modified_gmt":"2024-09-03T00:06:15","slug":"ultravac-600","status":"publish","type":"product","link":"https:\/\/ultrasource.com.mx\/en\/product\/ultravac-600\/","title":{"rendered":"Ultravac 600"},"content":{"rendered":"<p>Equipada con TRES barras de sellado y una c\u00e1mara de gran capacidad.<\/p>\n<p>La Ultravac 600 m\u00e1s que triplica la producci\u00f3n de envasado de las m\u00e1quinas de envasado al vac\u00edo de sobremesa. Dos barras de sellado de 20&#8243; en ambos lados, y una de 24&#8243; en el lado frontal de la c\u00e1mara proporcionan una longitud de barra de sellado utilizable de 64&#8243;. La Ultravac 600 aumentar\u00e1 la eficiencia, prolongar\u00e1 la vida \u00fatil del producto y mejorar\u00e1 la calidad del sellado de tus paquetes.<\/p>\n<p>La fuerte y resistente bomba de vac\u00edo Busch\u00ae de 2 HP alimenta la Ultravac\u00ae 600 para brindar a\u00f1os de servicio confiable.<\/p>\n<p><em>*Disponible en fase \u00fanica<\/em><br \/>\n<em>*Se muestra con la pantalla t\u00e1ctil opcional<\/em><\/p>","protected":false},"excerpt":{"rendered":"<p>La Ultravac 600 m\u00e1s que triplica la producci\u00f3n de envasado de las m\u00e1quinas de envasado al vac\u00edo de sobremesa. Dos barras de sellado de 20&#8243; en ambos lados, y una de 24&#8243; en el lado frontal de la c\u00e1mara proporcionan una longitud de barra de sellado utilizable de 64&#8243;. La Ultravac 600 aumentar\u00e1 la eficiencia, prolongar\u00e1 la vida \u00fatil del producto y mejorar\u00e1 la calidad del sellado de tus paquetes.<\/p>\n<p>La fuerte y resistente bomba de vac\u00edo Busch\u00ae de 2 HP alimenta la Ultravac\u00ae 600 para brindar a\u00f1os de servicio confiable.<\/p>\n<p><em>*Disponible en fase \u00fanica<\/em><br \/>\n<em>*Se muestra con la pantalla t\u00e1ctil opcional<\/em><\/p>","protected":false},"featured_media":436,"comment_status":"open","ping_status":"closed","template":"","meta":{"_coblocks_attr":"","_coblocks_dimensions":"","_coblocks_responsive_height":"","_coblocks_accordion_ie_support":"","_joinchat":{"telephone":"+525534344495","message_send":"\u00a1Hola!\nQuiero m\u00e1s informaci\u00f3n sobre {PRODUCT} {URL}","view":"yes"}},"product_brand":[],"product_cat":[47,22,19],"product_tag":[28,25,27,44,24,26],"class_list":{"0":"post-435","1":"product","2":"type-product","3":"status-publish","4":"has-post-thumbnail","6":"product_cat-empaque","7":"product_cat-maquinas-de-vacio","8":"product_cat-todos","9":"product_tag-alimentos","10":"product_tag-bolsas","11":"product_tag-carne","12":"product_tag-corte","13":"product_tag-empaque","14":"product_tag-vacio","15":"ts_product_brand-ultrasource","16":"ts_product_brand-ultravac","18":"first","19":"instock","20":"shipping-taxable","21":"product-type-simple","22":"add-to-wishlist-after_add_to_cart"},"yoast_head":"<!-- This site is optimized with the Yoast SEO plugin v27.4 - https:\/\/yoast.com\/product\/yoast-seo-wordpress\/ -->\n<title>Ultravac 600 - UltraSource<\/title>\n<meta name=\"description\" content=\"La Ultravac 600 aumentar\u00e1 la eficiencia, prolongar\u00e1 la vida \u00fatil del producto y mejorar\u00e1 la calidad del sellado de tus paquetes.\" \/>\n<meta name=\"robots\" content=\"index, follow, max-snippet:-1, max-image-preview:large, max-video-preview:-1\" \/>\n<link rel=\"canonical\" href=\"https:\/\/ultrasource.com.mx\/en\/product\/ultravac-600\/\" \/>\n<meta property=\"og:locale\" content=\"en_US\" \/>\n<meta property=\"og:type\" content=\"article\" \/>\n<meta property=\"og:title\" content=\"Ultravac 600 - UltraSource\" \/>\n<meta property=\"og:description\" content=\"La Ultravac 600 aumentar\u00e1 la eficiencia, prolongar\u00e1 la vida \u00fatil del producto y mejorar\u00e1 la calidad del sellado de tus paquetes.\" \/>\n<meta property=\"og:url\" content=\"https:\/\/ultrasource.com.mx\/en\/product\/ultravac-600\/\" \/>\n<meta property=\"og:site_name\" content=\"UltraSource\" \/>\n<meta property=\"article:publisher\" content=\"https:\/\/www.facebook.com\/UltraSourceUSA\/\" \/>\n<meta property=\"article:modified_time\" content=\"2024-09-03T00:06:15+00:00\" \/>\n<meta property=\"og:image\" content=\"https:\/\/ultrasource.com.mx\/wp-content\/uploads\/2023\/10\/Ultravac_600_Vacuum-packaging-machine.png\" \/>\n\t<meta property=\"og:image:width\" content=\"611\" \/>\n\t<meta property=\"og:image:height\" content=\"611\" \/>\n\t<meta property=\"og:image:type\" content=\"image\/png\" \/>\n<meta name=\"twitter:card\" content=\"summary_large_image\" \/>\n<meta name=\"twitter:site\" content=\"@UltraSourceUSA\" \/>\n<meta name=\"twitter:label1\" content=\"Est. reading time\" \/>\n\t<meta name=\"twitter:data1\" content=\"1 minute\" \/>\n<script type=\"application\/ld+json\" class=\"yoast-schema-graph\">{\"@context\":\"https:\\\/\\\/schema.org\",\"@graph\":[{\"@type\":\"WebPage\",\"@id\":\"https:\\\/\\\/ultrasource.com.mx\\\/producto\\\/ultravac-600\\\/\",\"url\":\"https:\\\/\\\/ultrasource.com.mx\\\/producto\\\/ultravac-600\\\/\",\"name\":\"Ultravac 600 - UltraSource\",\"isPartOf\":{\"@id\":\"https:\\\/\\\/ultrasource.com.mx\\\/#website\"},\"primaryImageOfPage\":{\"@id\":\"https:\\\/\\\/ultrasource.com.mx\\\/producto\\\/ultravac-600\\\/#primaryimage\"},\"image\":{\"@id\":\"https:\\\/\\\/ultrasource.com.mx\\\/producto\\\/ultravac-600\\\/#primaryimage\"},\"thumbnailUrl\":\"https:\\\/\\\/ultrasource.com.mx\\\/wp-content\\\/uploads\\\/2023\\\/10\\\/Ultravac_600_Vacuum-packaging-machine.png\",\"datePublished\":\"2023-10-29T23:47:51+00:00\",\"dateModified\":\"2024-09-03T00:06:15+00:00\",\"description\":\"La Ultravac 600 aumentar\u00e1 la eficiencia, prolongar\u00e1 la vida \u00fatil del producto y mejorar\u00e1 la calidad del sellado de tus paquetes.\",\"breadcrumb\":{\"@id\":\"https:\\\/\\\/ultrasource.com.mx\\\/producto\\\/ultravac-600\\\/#breadcrumb\"},\"inLanguage\":\"en-US\",\"potentialAction\":[{\"@type\":\"ReadAction\",\"target\":[\"https:\\\/\\\/ultrasource.com.mx\\\/producto\\\/ultravac-600\\\/\"]}]},{\"@type\":\"ImageObject\",\"inLanguage\":\"en-US\",\"@id\":\"https:\\\/\\\/ultrasource.com.mx\\\/producto\\\/ultravac-600\\\/#primaryimage\",\"url\":\"https:\\\/\\\/ultrasource.com.mx\\\/wp-content\\\/uploads\\\/2023\\\/10\\\/Ultravac_600_Vacuum-packaging-machine.png\",\"contentUrl\":\"https:\\\/\\\/ultrasource.com.mx\\\/wp-content\\\/uploads\\\/2023\\\/10\\\/Ultravac_600_Vacuum-packaging-machine.png\",\"width\":611,\"height\":611,\"caption\":\"ultravac 600\"},{\"@type\":\"BreadcrumbList\",\"@id\":\"https:\\\/\\\/ultrasource.com.mx\\\/producto\\\/ultravac-600\\\/#breadcrumb\",\"itemListElement\":[{\"@type\":\"ListItem\",\"position\":1,\"name\":\"Portada\",\"item\":\"https:\\\/\\\/ultrasource.com.mx\\\/\"},{\"@type\":\"ListItem\",\"position\":2,\"name\":\"Catalog\",\"item\":\"https:\\\/\\\/ultrasource.com.mx\\\/catalog\\\/\"},{\"@type\":\"ListItem\",\"position\":3,\"name\":\"Ultravac 600\"}]},{\"@type\":\"WebSite\",\"@id\":\"https:\\\/\\\/ultrasource.com.mx\\\/#website\",\"url\":\"https:\\\/\\\/ultrasource.com.mx\\\/\",\"name\":\"UltraSource\",\"description\":\"\",\"publisher\":{\"@id\":\"https:\\\/\\\/ultrasource.com.mx\\\/#organization\"},\"potentialAction\":[{\"@type\":\"SearchAction\",\"target\":{\"@type\":\"EntryPoint\",\"urlTemplate\":\"https:\\\/\\\/ultrasource.com.mx\\\/?s={search_term_string}\"},\"query-input\":{\"@type\":\"PropertyValueSpecification\",\"valueRequired\":true,\"valueName\":\"search_term_string\"}}],\"inLanguage\":\"en-US\"},{\"@type\":\"Organization\",\"@id\":\"https:\\\/\\\/ultrasource.com.mx\\\/#organization\",\"name\":\"UltraSource\",\"url\":\"https:\\\/\\\/ultrasource.com.mx\\\/\",\"logo\":{\"@type\":\"ImageObject\",\"inLanguage\":\"en-US\",\"@id\":\"https:\\\/\\\/ultrasource.com.mx\\\/#\\\/schema\\\/logo\\\/image\\\/\",\"url\":\"https:\\\/\\\/ultrasource.com.mx\\\/wp-content\\\/uploads\\\/2023\\\/02\\\/ultrasource-logo-vertical.svg\",\"contentUrl\":\"https:\\\/\\\/ultrasource.com.mx\\\/wp-content\\\/uploads\\\/2023\\\/02\\\/ultrasource-logo-vertical.svg\",\"width\":100,\"height\":100,\"caption\":\"UltraSource\"},\"image\":{\"@id\":\"https:\\\/\\\/ultrasource.com.mx\\\/#\\\/schema\\\/logo\\\/image\\\/\"},\"sameAs\":[\"https:\\\/\\\/www.facebook.com\\\/UltraSourceUSA\\\/\",\"https:\\\/\\\/x.com\\\/UltraSourceUSA\",\"http:\\\/\\\/www.linkedin.com\\\/company\\\/ultrasource-llc\",\"https:\\\/\\\/www.youtube.com\\\/channel\\\/UCNHEJAkgGhh_JOoO4DcBFmQ\"]}]}<\/script>\n<!-- \/ Yoast SEO plugin. -->","yoast_head_json":{"title":"Ultravac 600 - UltraSource","description":"La Ultravac 600 aumentar\u00e1 la eficiencia, prolongar\u00e1 la vida \u00fatil del producto y mejorar\u00e1 la calidad del sellado de tus paquetes.","robots":{"index":"index","follow":"follow","max-snippet":"max-snippet:-1","max-image-preview":"max-image-preview:large","max-video-preview":"max-video-preview:-1"},"canonical":"https:\/\/ultrasource.com.mx\/en\/product\/ultravac-600\/","og_locale":"en_US","og_type":"article","og_title":"Ultravac 600 - UltraSource","og_description":"La Ultravac 600 aumentar\u00e1 la eficiencia, prolongar\u00e1 la vida \u00fatil del producto y mejorar\u00e1 la calidad del sellado de tus paquetes.","og_url":"https:\/\/ultrasource.com.mx\/en\/product\/ultravac-600\/","og_site_name":"UltraSource","article_publisher":"https:\/\/www.facebook.com\/UltraSourceUSA\/","article_modified_time":"2024-09-03T00:06:15+00:00","og_image":[{"width":611,"height":611,"url":"https:\/\/ultrasource.com.mx\/wp-content\/uploads\/2023\/10\/Ultravac_600_Vacuum-packaging-machine.png","type":"image\/png"}],"twitter_card":"summary_large_image","twitter_site":"@UltraSourceUSA","twitter_misc":{"Est. reading time":"1 minute"},"schema":{"@context":"https:\/\/schema.org","@graph":[{"@type":"WebPage","@id":"https:\/\/ultrasource.com.mx\/producto\/ultravac-600\/","url":"https:\/\/ultrasource.com.mx\/producto\/ultravac-600\/","name":"Ultravac 600 - UltraSource","isPartOf":{"@id":"https:\/\/ultrasource.com.mx\/#website"},"primaryImageOfPage":{"@id":"https:\/\/ultrasource.com.mx\/producto\/ultravac-600\/#primaryimage"},"image":{"@id":"https:\/\/ultrasource.com.mx\/producto\/ultravac-600\/#primaryimage"},"thumbnailUrl":"https:\/\/ultrasource.com.mx\/wp-content\/uploads\/2023\/10\/Ultravac_600_Vacuum-packaging-machine.png","datePublished":"2023-10-29T23:47:51+00:00","dateModified":"2024-09-03T00:06:15+00:00","description":"La Ultravac 600 aumentar\u00e1 la eficiencia, prolongar\u00e1 la vida \u00fatil del producto y mejorar\u00e1 la calidad del sellado de tus paquetes.","breadcrumb":{"@id":"https:\/\/ultrasource.com.mx\/producto\/ultravac-600\/#breadcrumb"},"inLanguage":"en-US","potentialAction":[{"@type":"ReadAction","target":["https:\/\/ultrasource.com.mx\/producto\/ultravac-600\/"]}]},{"@type":"ImageObject","inLanguage":"en-US","@id":"https:\/\/ultrasource.com.mx\/producto\/ultravac-600\/#primaryimage","url":"https:\/\/ultrasource.com.mx\/wp-content\/uploads\/2023\/10\/Ultravac_600_Vacuum-packaging-machine.png","contentUrl":"https:\/\/ultrasource.com.mx\/wp-content\/uploads\/2023\/10\/Ultravac_600_Vacuum-packaging-machine.png","width":611,"height":611,"caption":"ultravac 600"},{"@type":"BreadcrumbList","@id":"https:\/\/ultrasource.com.mx\/producto\/ultravac-600\/#breadcrumb","itemListElement":[{"@type":"ListItem","position":1,"name":"Portada","item":"https:\/\/ultrasource.com.mx\/"},{"@type":"ListItem","position":2,"name":"Catalog","item":"https:\/\/ultrasource.com.mx\/catalog\/"},{"@type":"ListItem","position":3,"name":"Ultravac 600"}]},{"@type":"WebSite","@id":"https:\/\/ultrasource.com.mx\/#website","url":"https:\/\/ultrasource.com.mx\/","name":"UltraSource","description":"","publisher":{"@id":"https:\/\/ultrasource.com.mx\/#organization"},"potentialAction":[{"@type":"SearchAction","target":{"@type":"EntryPoint","urlTemplate":"https:\/\/ultrasource.com.mx\/?s={search_term_string}"},"query-input":{"@type":"PropertyValueSpecification","valueRequired":true,"valueName":"search_term_string"}}],"inLanguage":"en-US"},{"@type":"Organization","@id":"https:\/\/ultrasource.com.mx\/#organization","name":"UltraSource","url":"https:\/\/ultrasource.com.mx\/","logo":{"@type":"ImageObject","inLanguage":"en-US","@id":"https:\/\/ultrasource.com.mx\/#\/schema\/logo\/image\/","url":"https:\/\/ultrasource.com.mx\/wp-content\/uploads\/2023\/02\/ultrasource-logo-vertical.svg","contentUrl":"https:\/\/ultrasource.com.mx\/wp-content\/uploads\/2023\/02\/ultrasource-logo-vertical.svg","width":100,"height":100,"caption":"UltraSource"},"image":{"@id":"https:\/\/ultrasource.com.mx\/#\/schema\/logo\/image\/"},"sameAs":["https:\/\/www.facebook.com\/UltraSourceUSA\/","https:\/\/x.com\/UltraSourceUSA","http:\/\/www.linkedin.com\/company\/ultrasource-llc","https:\/\/www.youtube.com\/channel\/UCNHEJAkgGhh_JOoO4DcBFmQ"]}]}},"_links":{"self":[{"href":"https:\/\/ultrasource.com.mx\/en\/wp-json\/wp\/v2\/product\/435","targetHints":{"allow":["GET"]}}],"collection":[{"href":"https:\/\/ultrasource.com.mx\/en\/wp-json\/wp\/v2\/product"}],"about":[{"href":"https:\/\/ultrasource.com.mx\/en\/wp-json\/wp\/v2\/types\/product"}],"replies":[{"embeddable":true,"href":"https:\/\/ultrasource.com.mx\/en\/wp-json\/wp\/v2\/comments?post=435"}],"wp:featuredmedia":[{"embeddable":true,"href":"https:\/\/ultrasource.com.mx\/en\/wp-json\/wp\/v2\/media\/436"}],"wp:attachment":[{"href":"https:\/\/ultrasource.com.mx\/en\/wp-json\/wp\/v2\/media?parent=435"}],"wp:term":[{"taxonomy":"product_brand","embeddable":true,"href":"https:\/\/ultrasource.com.mx\/en\/wp-json\/wp\/v2\/product_brand?post=435"},{"taxonomy":"product_cat","embeddable":true,"href":"https:\/\/ultrasource.com.mx\/en\/wp-json\/wp\/v2\/product_cat?post=435"},{"taxonomy":"product_tag","embeddable":true,"href":"https:\/\/ultrasource.com.mx\/en\/wp-json\/wp\/v2\/product_tag?post=435"}],"curies":[{"name":"wp","href":"https:\/\/api.w.org\/{rel}","templated":true}]}}