{"id":402,"date":"2023-10-29T05:16:20","date_gmt":"2023-10-29T05:16:20","guid":{"rendered":"https:\/\/ultrasource.com.mx\/?post_type=product&#038;p=402"},"modified":"2024-09-03T00:06:16","modified_gmt":"2024-09-03T00:06:16","slug":"ultravac-150","status":"publish","type":"product","link":"https:\/\/ultrasource.com.mx\/en\/product\/ultravac-150\/","title":{"rendered":"Ultravac 150"},"content":{"rendered":"<p>Ultravac\u00ae 150<\/p>\n<p>Dise\u00f1ado pensando en peque\u00f1os procesadores, restaurantes y supermercados, la nueva Ultravac 150 de UltraSource ayuda a las operaciones m\u00e1s peque\u00f1as a aprovechar los beneficios del envasado al vac\u00edo. La Ultravac 150 tiene una huella peque\u00f1a de menos de dos pies cuadrados, lo que lo convierte en una elecci\u00f3n ideal para usuarios que tienen espacio limitado en el mostrador. Adem\u00e1s, la Ultravac 150 es eficiente, con tiempos de ciclo de menos de 35 segundos, dependiendo del producto.<\/p>\n<ul>\n<li>Barra de sellado de 11.8&#8243;<\/li>\n<li>Profundidad de la c\u00e1mara de 5.7&#8243;<\/li>\n<li>Bomba de vac\u00edo de 1\/2 caballo de fuerza<\/li>\n<li>Panel de control digital<\/li>\n<li>El\u00e9ctrico: 110 voltios, monof\u00e1sico<\/li>\n<li>Garant\u00eda de un a\u00f1o<\/li>\n<\/ul>","protected":false},"excerpt":{"rendered":"<p>Dise\u00f1ado pensando en peque\u00f1os procesadores, restaurantes y supermercados, la nueva Ultravac 150 de UltraSource ayuda a las operaciones m\u00e1s peque\u00f1as a aprovechar los beneficios del envasado al vac\u00edo.<\/p>\n<ul>\n<li>Barra de sellado de 11.8&#8243;<\/li>\n<li>Profundidad de la c\u00e1mara de 5.7&#8243;<\/li>\n<li>Bomba de vac\u00edo de 1\/2 caballo de fuerza<\/li>\n<li>Panel de control digital<\/li>\n<li>El\u00e9ctrico: 110 voltios, monof\u00e1sico<\/li>\n<li>Garant\u00eda de un a\u00f1o<\/li>\n<\/ul>","protected":false},"featured_media":403,"comment_status":"open","ping_status":"closed","template":"","meta":{"_coblocks_attr":"","_coblocks_dimensions":"","_coblocks_responsive_height":"","_coblocks_accordion_ie_support":"","_joinchat":[]},"product_brand":[],"product_cat":[47,22,19],"product_tag":[],"class_list":{"0":"post-402","1":"product","2":"type-product","3":"status-publish","4":"has-post-thumbnail","6":"product_cat-empaque","7":"product_cat-maquinas-de-vacio","8":"product_cat-todos","9":"ts_product_brand-ultrasource","10":"ts_product_brand-ultravac","12":"first","13":"instock","14":"shipping-taxable","15":"product-type-simple","16":"add-to-wishlist-after_add_to_cart"},"yoast_head":"<!-- This site is optimized with the Yoast SEO plugin v27.4 - https:\/\/yoast.com\/product\/yoast-seo-wordpress\/ -->\n<title>Ultravac 150 - UltraSource<\/title>\n<meta name=\"description\" content=\"Dise\u00f1ado pensando en peque\u00f1os procesadores, restaurantes y supermercados, ayuda a las operaciones m\u00e1s peque\u00f1as a aprovechar el envasado al vac\u00edo.\" \/>\n<meta name=\"robots\" content=\"index, follow, max-snippet:-1, max-image-preview:large, max-video-preview:-1\" \/>\n<link rel=\"canonical\" href=\"https:\/\/ultrasource.com.mx\/en\/product\/ultravac-150\/\" \/>\n<meta property=\"og:locale\" content=\"en_US\" \/>\n<meta property=\"og:type\" content=\"article\" \/>\n<meta property=\"og:title\" content=\"Ultravac 150 - UltraSource\" \/>\n<meta property=\"og:description\" content=\"Dise\u00f1ado pensando en peque\u00f1os procesadores, restaurantes y supermercados, ayuda a las operaciones m\u00e1s peque\u00f1as a aprovechar el envasado al vac\u00edo.\" \/>\n<meta property=\"og:url\" content=\"https:\/\/ultrasource.com.mx\/en\/product\/ultravac-150\/\" \/>\n<meta property=\"og:site_name\" content=\"UltraSource\" \/>\n<meta property=\"article:publisher\" content=\"https:\/\/www.facebook.com\/UltraSourceUSA\/\" \/>\n<meta property=\"article:modified_time\" content=\"2024-09-03T00:06:16+00:00\" \/>\n<meta property=\"og:image\" content=\"https:\/\/ultrasource.com.mx\/wp-content\/uploads\/2023\/10\/Recurso-1@0.5x-1.png\" \/>\n\t<meta property=\"og:image:width\" content=\"388\" \/>\n\t<meta property=\"og:image:height\" content=\"388\" \/>\n\t<meta property=\"og:image:type\" content=\"image\/png\" \/>\n<meta name=\"twitter:card\" content=\"summary_large_image\" \/>\n<meta name=\"twitter:site\" content=\"@UltraSourceUSA\" \/>\n<meta name=\"twitter:label1\" content=\"Est. reading time\" \/>\n\t<meta name=\"twitter:data1\" content=\"1 minute\" \/>\n<script type=\"application\/ld+json\" class=\"yoast-schema-graph\">{\"@context\":\"https:\\\/\\\/schema.org\",\"@graph\":[{\"@type\":\"WebPage\",\"@id\":\"https:\\\/\\\/ultrasource.com.mx\\\/producto\\\/ultravac-150\\\/\",\"url\":\"https:\\\/\\\/ultrasource.com.mx\\\/producto\\\/ultravac-150\\\/\",\"name\":\"Ultravac 150 - UltraSource\",\"isPartOf\":{\"@id\":\"https:\\\/\\\/ultrasource.com.mx\\\/#website\"},\"primaryImageOfPage\":{\"@id\":\"https:\\\/\\\/ultrasource.com.mx\\\/producto\\\/ultravac-150\\\/#primaryimage\"},\"image\":{\"@id\":\"https:\\\/\\\/ultrasource.com.mx\\\/producto\\\/ultravac-150\\\/#primaryimage\"},\"thumbnailUrl\":\"https:\\\/\\\/ultrasource.com.mx\\\/wp-content\\\/uploads\\\/2023\\\/10\\\/Recurso-1@0.5x-1.png\",\"datePublished\":\"2023-10-29T05:16:20+00:00\",\"dateModified\":\"2024-09-03T00:06:16+00:00\",\"description\":\"Dise\u00f1ado pensando en peque\u00f1os procesadores, restaurantes y supermercados, ayuda a las operaciones m\u00e1s peque\u00f1as a aprovechar el envasado al vac\u00edo.\",\"breadcrumb\":{\"@id\":\"https:\\\/\\\/ultrasource.com.mx\\\/producto\\\/ultravac-150\\\/#breadcrumb\"},\"inLanguage\":\"en-US\",\"potentialAction\":[{\"@type\":\"ReadAction\",\"target\":[\"https:\\\/\\\/ultrasource.com.mx\\\/producto\\\/ultravac-150\\\/\"]}]},{\"@type\":\"ImageObject\",\"inLanguage\":\"en-US\",\"@id\":\"https:\\\/\\\/ultrasource.com.mx\\\/producto\\\/ultravac-150\\\/#primaryimage\",\"url\":\"https:\\\/\\\/ultrasource.com.mx\\\/wp-content\\\/uploads\\\/2023\\\/10\\\/Recurso-1@0.5x-1.png\",\"contentUrl\":\"https:\\\/\\\/ultrasource.com.mx\\\/wp-content\\\/uploads\\\/2023\\\/10\\\/Recurso-1@0.5x-1.png\",\"width\":388,\"height\":388},{\"@type\":\"BreadcrumbList\",\"@id\":\"https:\\\/\\\/ultrasource.com.mx\\\/producto\\\/ultravac-150\\\/#breadcrumb\",\"itemListElement\":[{\"@type\":\"ListItem\",\"position\":1,\"name\":\"Portada\",\"item\":\"https:\\\/\\\/ultrasource.com.mx\\\/\"},{\"@type\":\"ListItem\",\"position\":2,\"name\":\"Catalog\",\"item\":\"https:\\\/\\\/ultrasource.com.mx\\\/catalog\\\/\"},{\"@type\":\"ListItem\",\"position\":3,\"name\":\"Ultravac 150\"}]},{\"@type\":\"WebSite\",\"@id\":\"https:\\\/\\\/ultrasource.com.mx\\\/#website\",\"url\":\"https:\\\/\\\/ultrasource.com.mx\\\/\",\"name\":\"UltraSource\",\"description\":\"\",\"publisher\":{\"@id\":\"https:\\\/\\\/ultrasource.com.mx\\\/#organization\"},\"potentialAction\":[{\"@type\":\"SearchAction\",\"target\":{\"@type\":\"EntryPoint\",\"urlTemplate\":\"https:\\\/\\\/ultrasource.com.mx\\\/?s={search_term_string}\"},\"query-input\":{\"@type\":\"PropertyValueSpecification\",\"valueRequired\":true,\"valueName\":\"search_term_string\"}}],\"inLanguage\":\"en-US\"},{\"@type\":\"Organization\",\"@id\":\"https:\\\/\\\/ultrasource.com.mx\\\/#organization\",\"name\":\"UltraSource\",\"url\":\"https:\\\/\\\/ultrasource.com.mx\\\/\",\"logo\":{\"@type\":\"ImageObject\",\"inLanguage\":\"en-US\",\"@id\":\"https:\\\/\\\/ultrasource.com.mx\\\/#\\\/schema\\\/logo\\\/image\\\/\",\"url\":\"https:\\\/\\\/ultrasource.com.mx\\\/wp-content\\\/uploads\\\/2023\\\/02\\\/ultrasource-logo-vertical.svg\",\"contentUrl\":\"https:\\\/\\\/ultrasource.com.mx\\\/wp-content\\\/uploads\\\/2023\\\/02\\\/ultrasource-logo-vertical.svg\",\"width\":100,\"height\":100,\"caption\":\"UltraSource\"},\"image\":{\"@id\":\"https:\\\/\\\/ultrasource.com.mx\\\/#\\\/schema\\\/logo\\\/image\\\/\"},\"sameAs\":[\"https:\\\/\\\/www.facebook.com\\\/UltraSourceUSA\\\/\",\"https:\\\/\\\/x.com\\\/UltraSourceUSA\",\"http:\\\/\\\/www.linkedin.com\\\/company\\\/ultrasource-llc\",\"https:\\\/\\\/www.youtube.com\\\/channel\\\/UCNHEJAkgGhh_JOoO4DcBFmQ\"]}]}<\/script>\n<!-- \/ Yoast SEO plugin. -->","yoast_head_json":{"title":"Ultravac 150 - UltraSource","description":"Dise\u00f1ado pensando en peque\u00f1os procesadores, restaurantes y supermercados, ayuda a las operaciones m\u00e1s peque\u00f1as a aprovechar el envasado al vac\u00edo.","robots":{"index":"index","follow":"follow","max-snippet":"max-snippet:-1","max-image-preview":"max-image-preview:large","max-video-preview":"max-video-preview:-1"},"canonical":"https:\/\/ultrasource.com.mx\/en\/product\/ultravac-150\/","og_locale":"en_US","og_type":"article","og_title":"Ultravac 150 - UltraSource","og_description":"Dise\u00f1ado pensando en peque\u00f1os procesadores, restaurantes y supermercados, ayuda a las operaciones m\u00e1s peque\u00f1as a aprovechar el envasado al vac\u00edo.","og_url":"https:\/\/ultrasource.com.mx\/en\/product\/ultravac-150\/","og_site_name":"UltraSource","article_publisher":"https:\/\/www.facebook.com\/UltraSourceUSA\/","article_modified_time":"2024-09-03T00:06:16+00:00","og_image":[{"width":388,"height":388,"url":"https:\/\/ultrasource.com.mx\/wp-content\/uploads\/2023\/10\/Recurso-1@0.5x-1.png","type":"image\/png"}],"twitter_card":"summary_large_image","twitter_site":"@UltraSourceUSA","twitter_misc":{"Est. reading time":"1 minute"},"schema":{"@context":"https:\/\/schema.org","@graph":[{"@type":"WebPage","@id":"https:\/\/ultrasource.com.mx\/producto\/ultravac-150\/","url":"https:\/\/ultrasource.com.mx\/producto\/ultravac-150\/","name":"Ultravac 150 - UltraSource","isPartOf":{"@id":"https:\/\/ultrasource.com.mx\/#website"},"primaryImageOfPage":{"@id":"https:\/\/ultrasource.com.mx\/producto\/ultravac-150\/#primaryimage"},"image":{"@id":"https:\/\/ultrasource.com.mx\/producto\/ultravac-150\/#primaryimage"},"thumbnailUrl":"https:\/\/ultrasource.com.mx\/wp-content\/uploads\/2023\/10\/Recurso-1@0.5x-1.png","datePublished":"2023-10-29T05:16:20+00:00","dateModified":"2024-09-03T00:06:16+00:00","description":"Dise\u00f1ado pensando en peque\u00f1os procesadores, restaurantes y supermercados, ayuda a las operaciones m\u00e1s peque\u00f1as a aprovechar el envasado al vac\u00edo.","breadcrumb":{"@id":"https:\/\/ultrasource.com.mx\/producto\/ultravac-150\/#breadcrumb"},"inLanguage":"en-US","potentialAction":[{"@type":"ReadAction","target":["https:\/\/ultrasource.com.mx\/producto\/ultravac-150\/"]}]},{"@type":"ImageObject","inLanguage":"en-US","@id":"https:\/\/ultrasource.com.mx\/producto\/ultravac-150\/#primaryimage","url":"https:\/\/ultrasource.com.mx\/wp-content\/uploads\/2023\/10\/Recurso-1@0.5x-1.png","contentUrl":"https:\/\/ultrasource.com.mx\/wp-content\/uploads\/2023\/10\/Recurso-1@0.5x-1.png","width":388,"height":388},{"@type":"BreadcrumbList","@id":"https:\/\/ultrasource.com.mx\/producto\/ultravac-150\/#breadcrumb","itemListElement":[{"@type":"ListItem","position":1,"name":"Portada","item":"https:\/\/ultrasource.com.mx\/"},{"@type":"ListItem","position":2,"name":"Catalog","item":"https:\/\/ultrasource.com.mx\/catalog\/"},{"@type":"ListItem","position":3,"name":"Ultravac 150"}]},{"@type":"WebSite","@id":"https:\/\/ultrasource.com.mx\/#website","url":"https:\/\/ultrasource.com.mx\/","name":"UltraSource","description":"","publisher":{"@id":"https:\/\/ultrasource.com.mx\/#organization"},"potentialAction":[{"@type":"SearchAction","target":{"@type":"EntryPoint","urlTemplate":"https:\/\/ultrasource.com.mx\/?s={search_term_string}"},"query-input":{"@type":"PropertyValueSpecification","valueRequired":true,"valueName":"search_term_string"}}],"inLanguage":"en-US"},{"@type":"Organization","@id":"https:\/\/ultrasource.com.mx\/#organization","name":"UltraSource","url":"https:\/\/ultrasource.com.mx\/","logo":{"@type":"ImageObject","inLanguage":"en-US","@id":"https:\/\/ultrasource.com.mx\/#\/schema\/logo\/image\/","url":"https:\/\/ultrasource.com.mx\/wp-content\/uploads\/2023\/02\/ultrasource-logo-vertical.svg","contentUrl":"https:\/\/ultrasource.com.mx\/wp-content\/uploads\/2023\/02\/ultrasource-logo-vertical.svg","width":100,"height":100,"caption":"UltraSource"},"image":{"@id":"https:\/\/ultrasource.com.mx\/#\/schema\/logo\/image\/"},"sameAs":["https:\/\/www.facebook.com\/UltraSourceUSA\/","https:\/\/x.com\/UltraSourceUSA","http:\/\/www.linkedin.com\/company\/ultrasource-llc","https:\/\/www.youtube.com\/channel\/UCNHEJAkgGhh_JOoO4DcBFmQ"]}]}},"_links":{"self":[{"href":"https:\/\/ultrasource.com.mx\/en\/wp-json\/wp\/v2\/product\/402","targetHints":{"allow":["GET"]}}],"collection":[{"href":"https:\/\/ultrasource.com.mx\/en\/wp-json\/wp\/v2\/product"}],"about":[{"href":"https:\/\/ultrasource.com.mx\/en\/wp-json\/wp\/v2\/types\/product"}],"replies":[{"embeddable":true,"href":"https:\/\/ultrasource.com.mx\/en\/wp-json\/wp\/v2\/comments?post=402"}],"wp:featuredmedia":[{"embeddable":true,"href":"https:\/\/ultrasource.com.mx\/en\/wp-json\/wp\/v2\/media\/403"}],"wp:attachment":[{"href":"https:\/\/ultrasource.com.mx\/en\/wp-json\/wp\/v2\/media?parent=402"}],"wp:term":[{"taxonomy":"product_brand","embeddable":true,"href":"https:\/\/ultrasource.com.mx\/en\/wp-json\/wp\/v2\/product_brand?post=402"},{"taxonomy":"product_cat","embeddable":true,"href":"https:\/\/ultrasource.com.mx\/en\/wp-json\/wp\/v2\/product_cat?post=402"},{"taxonomy":"product_tag","embeddable":true,"href":"https:\/\/ultrasource.com.mx\/en\/wp-json\/wp\/v2\/product_tag?post=402"}],"curies":[{"name":"wp","href":"https:\/\/api.w.org\/{rel}","templated":true}]}}