{"id":398,"date":"2023-10-29T05:04:11","date_gmt":"2023-10-29T05:04:11","guid":{"rendered":"https:\/\/ultrasource.com.mx\/?post_type=product&#038;p=398"},"modified":"2024-09-03T00:06:16","modified_gmt":"2024-09-03T00:06:16","slug":"ultravac-225","status":"publish","type":"product","link":"https:\/\/ultrasource.com.mx\/en\/product\/ultravac-225\/","title":{"rendered":"Ultravac 225"},"content":{"rendered":"<p><strong>El Ahorrador de Espacio Ultravac 225<\/strong><\/p>\n<p>En menos de 3.25 pies cuadrados (19\u201d x 24.6\u201d) de espacio en el mostrador, puedes comenzar a envasar al vac\u00edo una amplia variedad de productos, desde peque\u00f1os hasta grandes. Tama\u00f1o de la c\u00e1mara de vac\u00edo: 7.25\u201d de profundidad x 16.75\u201d de ancho x 19.56\u201d de largo.<br \/>\nCaracter\u00edsticas:<br \/>\n\u00bb Barra de sellado de cambio r\u00e1pido de 15.67 pulgadas<br \/>\n\u00bb Nuestro sistema de sellado con radio Pozi-Pressure\u2122 asegura un sellado a trav\u00e9s de contaminantes, pliegues y arrugas<br \/>\n\u00bb Modelo de sobremesa compacto que ahorra valioso espacio en el mostrador<br \/>\n\u00bb Operaci\u00f3n sencilla y controles f\u00e1ciles de usar<br \/>\n\u00bb Ideal para procesadores peque\u00f1os y medianos, restaurantes y supermercados<\/p>\n<p><strong>Caracter\u00edsticas Est\u00e1ndar:<\/strong><br \/>\n\u00bb Bomba de vac\u00edo Busch\u00ae 021<br \/>\n\u00bb Tableros de relleno de alta densidad de polietileno<br \/>\n\u00bb Controles de lavado NEMA 4<\/p>\n<p><strong>Inyectado a Partir de un Compuesto de Ingenier\u00eda de AltaTecnolog\u00eda<\/strong><br \/>\nLos materiales compuestos de resina de alta tecnolog\u00eda en la tapa, base y chasis de la c\u00e1mara de la Ultravac\u00ae 225 son sorprendentemente flexibles y pr\u00e1cticamente indestructibles. Este compuesto fue desarrollado en colaboraci\u00f3n con el Programa de Transferencia de Tecnolog\u00eda entre UltraSource y el Departamento de Energ\u00eda de los Estados Unidos. Tanto la tapa como la base son lisas y sin costuras, con esquinas de gran radio para facilitar la limpieza y la inspecci\u00f3n completa.<\/p>\n<p><strong>Barra de Sellado de Cambio R\u00e1pido de 15.67\u201d <\/strong><\/p>\n<p>Caracter\u00edstica: Elemento de sellado de superficie con radio Pozi-Pressure\u2122 de UltraSource para sellar a trav\u00e9s de contaminantes, pliegues y arrugas.<\/p>\n<p>&nbsp;<\/p>\n<p><strong><a href=\"https:\/\/ultrasource.com.mx\/wp-content\/uploads\/2023\/10\/UltraVac-225_2023_esp.pdf\">DESCARGAR CAT\u00c1LOGO<\/a><\/strong><\/p>","protected":false},"excerpt":{"rendered":"<p><strong>El Ahorrador de Espacio Ultravac 225<\/strong><\/p>\n<p>En menos de 3.25 pies cuadrados (19\u201d x 24.6\u201d) de espacio en el mostrador, puedes comenzar a envasar al vac\u00edo una amplia variedad de productos, desde peque\u00f1os hasta grandes. Tama\u00f1o de la c\u00e1mara de vac\u00edo: 7.25\u201d de profundidad x 16.75\u201d de ancho x 19.56\u201d de largo.<br \/>\nCaracter\u00edsticas:<br \/>\n\u00bb Barra de sellado de cambio r\u00e1pido de 15.67 pulgadas<br \/>\n\u00bb Nuestro sistema de sellado con radio Pozi-Pressure\u2122 asegura un sellado a trav\u00e9s de contaminantes, pliegues y arrugas<br \/>\n\u00bb Modelo de sobremesa compacto que ahorra valioso espacio en el mostrador<br \/>\n\u00bb Operaci\u00f3n sencilla y controles f\u00e1ciles de usar<br \/>\n\u00bb Ideal para procesadores peque\u00f1os y medianos, restaurantes y supermercados<\/p>","protected":false},"featured_media":401,"comment_status":"open","ping_status":"closed","template":"","meta":{"_coblocks_attr":"","_coblocks_dimensions":"","_coblocks_responsive_height":"","_coblocks_accordion_ie_support":"","_joinchat":[]},"product_brand":[],"product_cat":[47,22,19],"product_tag":[28,25,27,44,24,26],"class_list":{"0":"post-398","1":"product","2":"type-product","3":"status-publish","4":"has-post-thumbnail","6":"product_cat-empaque","7":"product_cat-maquinas-de-vacio","8":"product_cat-todos","9":"product_tag-alimentos","10":"product_tag-bolsas","11":"product_tag-carne","12":"product_tag-corte","13":"product_tag-empaque","14":"product_tag-vacio","15":"ts_product_brand-ultrasource","16":"ts_product_brand-ultravac","18":"first","19":"instock","20":"shipping-taxable","21":"product-type-simple","22":"add-to-wishlist-after_add_to_cart"},"yoast_head":"<!-- This site is optimized with the Yoast SEO plugin v27.4 - https:\/\/yoast.com\/product\/yoast-seo-wordpress\/ -->\n<title>Ultravac 225 - UltraSource<\/title>\n<meta name=\"description\" content=\"El Ahorrador de Espacio Ultravac 225. Puedes comenzar a envasar al vac\u00edo una amplia variedad de productos, desde peque\u00f1os hasta grandes.\" \/>\n<meta name=\"robots\" content=\"index, follow, max-snippet:-1, max-image-preview:large, max-video-preview:-1\" \/>\n<link rel=\"canonical\" href=\"https:\/\/ultrasource.com.mx\/en\/product\/ultravac-225\/\" \/>\n<meta property=\"og:locale\" content=\"en_US\" \/>\n<meta property=\"og:type\" content=\"article\" \/>\n<meta property=\"og:title\" content=\"Ultravac 225 - UltraSource\" \/>\n<meta property=\"og:description\" content=\"El Ahorrador de Espacio Ultravac 225. Puedes comenzar a envasar al vac\u00edo una amplia variedad de productos, desde peque\u00f1os hasta grandes.\" \/>\n<meta property=\"og:url\" content=\"https:\/\/ultrasource.com.mx\/en\/product\/ultravac-225\/\" \/>\n<meta property=\"og:site_name\" content=\"UltraSource\" \/>\n<meta property=\"article:publisher\" content=\"https:\/\/www.facebook.com\/UltraSourceUSA\/\" \/>\n<meta property=\"article:modified_time\" content=\"2024-09-03T00:06:16+00:00\" \/>\n<meta property=\"og:image\" content=\"https:\/\/ultrasource.com.mx\/wp-content\/uploads\/2023\/10\/Ultravac_225_analog_ultra.png\" \/>\n\t<meta property=\"og:image:width\" content=\"479\" \/>\n\t<meta property=\"og:image:height\" content=\"479\" \/>\n\t<meta property=\"og:image:type\" content=\"image\/png\" \/>\n<meta name=\"twitter:card\" content=\"summary_large_image\" \/>\n<meta name=\"twitter:site\" content=\"@UltraSourceUSA\" \/>\n<meta name=\"twitter:label1\" content=\"Est. reading time\" \/>\n\t<meta name=\"twitter:data1\" content=\"2 minutes\" \/>\n<script type=\"application\/ld+json\" class=\"yoast-schema-graph\">{\"@context\":\"https:\\\/\\\/schema.org\",\"@graph\":[{\"@type\":\"WebPage\",\"@id\":\"https:\\\/\\\/ultrasource.com.mx\\\/producto\\\/ultravac-225\\\/\",\"url\":\"https:\\\/\\\/ultrasource.com.mx\\\/producto\\\/ultravac-225\\\/\",\"name\":\"Ultravac 225 - UltraSource\",\"isPartOf\":{\"@id\":\"https:\\\/\\\/ultrasource.com.mx\\\/#website\"},\"primaryImageOfPage\":{\"@id\":\"https:\\\/\\\/ultrasource.com.mx\\\/producto\\\/ultravac-225\\\/#primaryimage\"},\"image\":{\"@id\":\"https:\\\/\\\/ultrasource.com.mx\\\/producto\\\/ultravac-225\\\/#primaryimage\"},\"thumbnailUrl\":\"https:\\\/\\\/ultrasource.com.mx\\\/wp-content\\\/uploads\\\/2023\\\/10\\\/Ultravac_225_analog_ultra.png\",\"datePublished\":\"2023-10-29T05:04:11+00:00\",\"dateModified\":\"2024-09-03T00:06:16+00:00\",\"description\":\"El Ahorrador de Espacio Ultravac 225. Puedes comenzar a envasar al vac\u00edo una amplia variedad de productos, desde peque\u00f1os hasta grandes.\",\"breadcrumb\":{\"@id\":\"https:\\\/\\\/ultrasource.com.mx\\\/producto\\\/ultravac-225\\\/#breadcrumb\"},\"inLanguage\":\"en-US\",\"potentialAction\":[{\"@type\":\"ReadAction\",\"target\":[\"https:\\\/\\\/ultrasource.com.mx\\\/producto\\\/ultravac-225\\\/\"]}]},{\"@type\":\"ImageObject\",\"inLanguage\":\"en-US\",\"@id\":\"https:\\\/\\\/ultrasource.com.mx\\\/producto\\\/ultravac-225\\\/#primaryimage\",\"url\":\"https:\\\/\\\/ultrasource.com.mx\\\/wp-content\\\/uploads\\\/2023\\\/10\\\/Ultravac_225_analog_ultra.png\",\"contentUrl\":\"https:\\\/\\\/ultrasource.com.mx\\\/wp-content\\\/uploads\\\/2023\\\/10\\\/Ultravac_225_analog_ultra.png\",\"width\":479,\"height\":479},{\"@type\":\"BreadcrumbList\",\"@id\":\"https:\\\/\\\/ultrasource.com.mx\\\/producto\\\/ultravac-225\\\/#breadcrumb\",\"itemListElement\":[{\"@type\":\"ListItem\",\"position\":1,\"name\":\"Portada\",\"item\":\"https:\\\/\\\/ultrasource.com.mx\\\/\"},{\"@type\":\"ListItem\",\"position\":2,\"name\":\"Catalog\",\"item\":\"https:\\\/\\\/ultrasource.com.mx\\\/catalog\\\/\"},{\"@type\":\"ListItem\",\"position\":3,\"name\":\"Ultravac 225\"}]},{\"@type\":\"WebSite\",\"@id\":\"https:\\\/\\\/ultrasource.com.mx\\\/#website\",\"url\":\"https:\\\/\\\/ultrasource.com.mx\\\/\",\"name\":\"UltraSource\",\"description\":\"\",\"publisher\":{\"@id\":\"https:\\\/\\\/ultrasource.com.mx\\\/#organization\"},\"potentialAction\":[{\"@type\":\"SearchAction\",\"target\":{\"@type\":\"EntryPoint\",\"urlTemplate\":\"https:\\\/\\\/ultrasource.com.mx\\\/?s={search_term_string}\"},\"query-input\":{\"@type\":\"PropertyValueSpecification\",\"valueRequired\":true,\"valueName\":\"search_term_string\"}}],\"inLanguage\":\"en-US\"},{\"@type\":\"Organization\",\"@id\":\"https:\\\/\\\/ultrasource.com.mx\\\/#organization\",\"name\":\"UltraSource\",\"url\":\"https:\\\/\\\/ultrasource.com.mx\\\/\",\"logo\":{\"@type\":\"ImageObject\",\"inLanguage\":\"en-US\",\"@id\":\"https:\\\/\\\/ultrasource.com.mx\\\/#\\\/schema\\\/logo\\\/image\\\/\",\"url\":\"https:\\\/\\\/ultrasource.com.mx\\\/wp-content\\\/uploads\\\/2023\\\/02\\\/ultrasource-logo-vertical.svg\",\"contentUrl\":\"https:\\\/\\\/ultrasource.com.mx\\\/wp-content\\\/uploads\\\/2023\\\/02\\\/ultrasource-logo-vertical.svg\",\"width\":100,\"height\":100,\"caption\":\"UltraSource\"},\"image\":{\"@id\":\"https:\\\/\\\/ultrasource.com.mx\\\/#\\\/schema\\\/logo\\\/image\\\/\"},\"sameAs\":[\"https:\\\/\\\/www.facebook.com\\\/UltraSourceUSA\\\/\",\"https:\\\/\\\/x.com\\\/UltraSourceUSA\",\"http:\\\/\\\/www.linkedin.com\\\/company\\\/ultrasource-llc\",\"https:\\\/\\\/www.youtube.com\\\/channel\\\/UCNHEJAkgGhh_JOoO4DcBFmQ\"]}]}<\/script>\n<!-- \/ Yoast SEO plugin. -->","yoast_head_json":{"title":"Ultravac 225 - UltraSource","description":"El Ahorrador de Espacio Ultravac 225. Puedes comenzar a envasar al vac\u00edo una amplia variedad de productos, desde peque\u00f1os hasta grandes.","robots":{"index":"index","follow":"follow","max-snippet":"max-snippet:-1","max-image-preview":"max-image-preview:large","max-video-preview":"max-video-preview:-1"},"canonical":"https:\/\/ultrasource.com.mx\/en\/product\/ultravac-225\/","og_locale":"en_US","og_type":"article","og_title":"Ultravac 225 - UltraSource","og_description":"El Ahorrador de Espacio Ultravac 225. Puedes comenzar a envasar al vac\u00edo una amplia variedad de productos, desde peque\u00f1os hasta grandes.","og_url":"https:\/\/ultrasource.com.mx\/en\/product\/ultravac-225\/","og_site_name":"UltraSource","article_publisher":"https:\/\/www.facebook.com\/UltraSourceUSA\/","article_modified_time":"2024-09-03T00:06:16+00:00","og_image":[{"width":479,"height":479,"url":"https:\/\/ultrasource.com.mx\/wp-content\/uploads\/2023\/10\/Ultravac_225_analog_ultra.png","type":"image\/png"}],"twitter_card":"summary_large_image","twitter_site":"@UltraSourceUSA","twitter_misc":{"Est. reading time":"2 minutes"},"schema":{"@context":"https:\/\/schema.org","@graph":[{"@type":"WebPage","@id":"https:\/\/ultrasource.com.mx\/producto\/ultravac-225\/","url":"https:\/\/ultrasource.com.mx\/producto\/ultravac-225\/","name":"Ultravac 225 - UltraSource","isPartOf":{"@id":"https:\/\/ultrasource.com.mx\/#website"},"primaryImageOfPage":{"@id":"https:\/\/ultrasource.com.mx\/producto\/ultravac-225\/#primaryimage"},"image":{"@id":"https:\/\/ultrasource.com.mx\/producto\/ultravac-225\/#primaryimage"},"thumbnailUrl":"https:\/\/ultrasource.com.mx\/wp-content\/uploads\/2023\/10\/Ultravac_225_analog_ultra.png","datePublished":"2023-10-29T05:04:11+00:00","dateModified":"2024-09-03T00:06:16+00:00","description":"El Ahorrador de Espacio Ultravac 225. Puedes comenzar a envasar al vac\u00edo una amplia variedad de productos, desde peque\u00f1os hasta grandes.","breadcrumb":{"@id":"https:\/\/ultrasource.com.mx\/producto\/ultravac-225\/#breadcrumb"},"inLanguage":"en-US","potentialAction":[{"@type":"ReadAction","target":["https:\/\/ultrasource.com.mx\/producto\/ultravac-225\/"]}]},{"@type":"ImageObject","inLanguage":"en-US","@id":"https:\/\/ultrasource.com.mx\/producto\/ultravac-225\/#primaryimage","url":"https:\/\/ultrasource.com.mx\/wp-content\/uploads\/2023\/10\/Ultravac_225_analog_ultra.png","contentUrl":"https:\/\/ultrasource.com.mx\/wp-content\/uploads\/2023\/10\/Ultravac_225_analog_ultra.png","width":479,"height":479},{"@type":"BreadcrumbList","@id":"https:\/\/ultrasource.com.mx\/producto\/ultravac-225\/#breadcrumb","itemListElement":[{"@type":"ListItem","position":1,"name":"Portada","item":"https:\/\/ultrasource.com.mx\/"},{"@type":"ListItem","position":2,"name":"Catalog","item":"https:\/\/ultrasource.com.mx\/catalog\/"},{"@type":"ListItem","position":3,"name":"Ultravac 225"}]},{"@type":"WebSite","@id":"https:\/\/ultrasource.com.mx\/#website","url":"https:\/\/ultrasource.com.mx\/","name":"UltraSource","description":"","publisher":{"@id":"https:\/\/ultrasource.com.mx\/#organization"},"potentialAction":[{"@type":"SearchAction","target":{"@type":"EntryPoint","urlTemplate":"https:\/\/ultrasource.com.mx\/?s={search_term_string}"},"query-input":{"@type":"PropertyValueSpecification","valueRequired":true,"valueName":"search_term_string"}}],"inLanguage":"en-US"},{"@type":"Organization","@id":"https:\/\/ultrasource.com.mx\/#organization","name":"UltraSource","url":"https:\/\/ultrasource.com.mx\/","logo":{"@type":"ImageObject","inLanguage":"en-US","@id":"https:\/\/ultrasource.com.mx\/#\/schema\/logo\/image\/","url":"https:\/\/ultrasource.com.mx\/wp-content\/uploads\/2023\/02\/ultrasource-logo-vertical.svg","contentUrl":"https:\/\/ultrasource.com.mx\/wp-content\/uploads\/2023\/02\/ultrasource-logo-vertical.svg","width":100,"height":100,"caption":"UltraSource"},"image":{"@id":"https:\/\/ultrasource.com.mx\/#\/schema\/logo\/image\/"},"sameAs":["https:\/\/www.facebook.com\/UltraSourceUSA\/","https:\/\/x.com\/UltraSourceUSA","http:\/\/www.linkedin.com\/company\/ultrasource-llc","https:\/\/www.youtube.com\/channel\/UCNHEJAkgGhh_JOoO4DcBFmQ"]}]}},"_links":{"self":[{"href":"https:\/\/ultrasource.com.mx\/en\/wp-json\/wp\/v2\/product\/398","targetHints":{"allow":["GET"]}}],"collection":[{"href":"https:\/\/ultrasource.com.mx\/en\/wp-json\/wp\/v2\/product"}],"about":[{"href":"https:\/\/ultrasource.com.mx\/en\/wp-json\/wp\/v2\/types\/product"}],"replies":[{"embeddable":true,"href":"https:\/\/ultrasource.com.mx\/en\/wp-json\/wp\/v2\/comments?post=398"}],"wp:featuredmedia":[{"embeddable":true,"href":"https:\/\/ultrasource.com.mx\/en\/wp-json\/wp\/v2\/media\/401"}],"wp:attachment":[{"href":"https:\/\/ultrasource.com.mx\/en\/wp-json\/wp\/v2\/media?parent=398"}],"wp:term":[{"taxonomy":"product_brand","embeddable":true,"href":"https:\/\/ultrasource.com.mx\/en\/wp-json\/wp\/v2\/product_brand?post=398"},{"taxonomy":"product_cat","embeddable":true,"href":"https:\/\/ultrasource.com.mx\/en\/wp-json\/wp\/v2\/product_cat?post=398"},{"taxonomy":"product_tag","embeddable":true,"href":"https:\/\/ultrasource.com.mx\/en\/wp-json\/wp\/v2\/product_tag?post=398"}],"curies":[{"name":"wp","href":"https:\/\/api.w.org\/{rel}","templated":true}]}}