{"id":393,"date":"2023-10-29T04:55:06","date_gmt":"2023-10-29T04:55:06","guid":{"rendered":"https:\/\/ultrasource.com.mx\/?post_type=product&#038;p=393"},"modified":"2024-09-03T00:06:17","modified_gmt":"2024-09-03T00:06:17","slug":"ultravac-250","status":"publish","type":"product","link":"https:\/\/ultrasource.com.mx\/en\/product\/ultravac-250\/","title":{"rendered":"Ultravac 250"},"content":{"rendered":"<p>La Mejor Relaci\u00f3n Calidad-Precio en Envasado al Vac\u00edo de Sobremesa Hoy en D\u00eda<\/p>\n<p><strong>Ideal para procesadores de tama\u00f1o peque\u00f1o a mediano, restaurantes, supermercados y laboratorios.<\/strong><br \/>\n<strong>Caracter\u00edsticas:<\/strong><br \/>\n\u00bb Bomba de vac\u00edo Busch\u00ae 021 de 1.25 hp y 25 m\u00b3\/hr de servicio pesado<br \/>\n\u00bb Opcional: Operaci\u00f3n de inyecci\u00f3n de gas, dos barras de sellado de 15.67\u201d<br \/>\n\u00bb Tama\u00f1o de la c\u00e1mara: 6 5\/8\u201d de profundidad x 16 5\/8\u201d de ancho x 19 7\/8\u201d de largo<br \/>\n\u00bb Garant\u00eda de 2 a\u00f1os<\/p>\n<p><strong>Caracter\u00edsticas Est\u00e1ndar:<\/strong><br \/>\n\u00bb Bomba de vac\u00edo Busch\u00ae 021<br \/>\n\u00bb Construcci\u00f3n de acero inoxidable calibre 20<br \/>\n\u00bb Transformador de alta potencia (200VA)<br \/>\n\u00bb Tableros de relleno de polietileno de alta densidad<br \/>\n\u00bb Conexi\u00f3n el\u00e9ctrica de 110, 220 Voltios monof\u00e1sica, o 208\/230 Voltios monof\u00e1sica disponible<br \/>\n\u00bb Controles de lavado a presi\u00f3n NEMA 4<br \/>\n\u00bb Tapa de acr\u00edlico transparente moldeado resistente<\/p>\n<p><strong>Caracter\u00edsticas opcionales:<\/strong><br \/>\n\u00bb Operaci\u00f3n de inyecci\u00f3n de gas<br \/>\n\u00bb Doble sellado de costura<br \/>\n\u00bb Controles de pantalla t\u00e1ctil opcionales:<br \/>\n\u00bb Pantalla LCD grande de 4.3 pulgadas<br \/>\n\u00bb Recuperaci\u00f3n sencilla de hasta 99 rutinas preprogramadas<br \/>\n\u00bb Opcional: impresora para cumplir con HACCP<\/p>\n<p><strong>Barra de sellado de Cambio R\u00e1pido de 15.67 pulgadas.<\/strong><br \/>\nPresenta el elemento de sellado de superficie de radio Pozi-Pressure\u2122 de UltraSource para sellar a trav\u00e9s de contaminantes, pliegues y arrugas.<\/p>\n<p>&nbsp;<\/p>\n<p><strong><a href=\"https:\/\/ultrasource.com.mx\/wp-content\/uploads\/2023\/10\/UltraVac-250_2023_esp.pdf\" target=\"_blank\" rel=\"noopener\">DESCARGAR CAT\u00c1LOGO<\/a><\/strong><\/p>","protected":false},"excerpt":{"rendered":"<p>La Mejor Relaci\u00f3n Calidad-Precio en Envasado al Vac\u00edo de Sobremesa Hoy en D\u00eda<\/p>\n<p><strong>Ideal para procesadores de tama\u00f1o peque\u00f1o a mediano, restaurantes, supermercados y laboratorios.<\/strong><br \/>\n<strong>Caracter\u00edsticas:<\/strong><br \/>\n\u00bb Bomba de vac\u00edo Busch\u00ae 021 de 1.25 hp y 25 m\u00b3\/hr de servicio pesado<br \/>\n\u00bb Opcional: Operaci\u00f3n de inyecci\u00f3n de gas, dos barras de sellado de 15.67\u201d<br \/>\n\u00bb Tama\u00f1o de la c\u00e1mara: 6 5\/8\u201d de profundidad x 16 5\/8\u201d de ancho x 19 7\/8\u201d de largo<br \/>\n\u00bb Garant\u00eda de 2 a\u00f1os<\/p>","protected":false},"featured_media":395,"comment_status":"open","ping_status":"closed","template":"","meta":{"_coblocks_attr":"","_coblocks_dimensions":"","_coblocks_responsive_height":"","_coblocks_accordion_ie_support":"","_joinchat":[]},"product_brand":[],"product_cat":[47,22,19],"product_tag":[28,25,27,24,26],"class_list":{"0":"post-393","1":"product","2":"type-product","3":"status-publish","4":"has-post-thumbnail","6":"product_cat-empaque","7":"product_cat-maquinas-de-vacio","8":"product_cat-todos","9":"product_tag-alimentos","10":"product_tag-bolsas","11":"product_tag-carne","12":"product_tag-empaque","13":"product_tag-vacio","14":"ts_product_brand-ultrasource","15":"ts_product_brand-ultravac","17":"first","18":"instock","19":"shipping-taxable","20":"product-type-simple","21":"add-to-wishlist-after_add_to_cart"},"yoast_head":"<!-- This site is optimized with the Yoast SEO plugin v27.4 - https:\/\/yoast.com\/product\/yoast-seo-wordpress\/ -->\n<title>Ultravac 250 - UltraSource<\/title>\n<meta name=\"description\" content=\"Ideal para procesadores de tama\u00f1o peque\u00f1o a mediano, restaurantes, supermercados y laboratorios. La Mejor en Envasado al Vac\u00edo de Sobremesa.\" \/>\n<meta name=\"robots\" content=\"index, follow, max-snippet:-1, max-image-preview:large, max-video-preview:-1\" \/>\n<link rel=\"canonical\" href=\"https:\/\/ultrasource.com.mx\/en\/product\/ultravac-250\/\" \/>\n<meta property=\"og:locale\" content=\"en_US\" \/>\n<meta property=\"og:type\" content=\"article\" \/>\n<meta property=\"og:title\" content=\"Ultravac 250 - UltraSource\" \/>\n<meta property=\"og:description\" content=\"Ideal para procesadores de tama\u00f1o peque\u00f1o a mediano, restaurantes, supermercados y laboratorios. La Mejor en Envasado al Vac\u00edo de Sobremesa.\" \/>\n<meta property=\"og:url\" content=\"https:\/\/ultrasource.com.mx\/en\/product\/ultravac-250\/\" \/>\n<meta property=\"og:site_name\" content=\"UltraSource\" \/>\n<meta property=\"article:publisher\" content=\"https:\/\/www.facebook.com\/UltraSourceUSA\/\" \/>\n<meta property=\"article:modified_time\" content=\"2024-09-03T00:06:17+00:00\" \/>\n<meta property=\"og:image\" content=\"https:\/\/ultrasource.com.mx\/wp-content\/uploads\/2023\/10\/Ultravac_250_Touchscreen.png\" \/>\n\t<meta property=\"og:image:width\" content=\"600\" \/>\n\t<meta property=\"og:image:height\" content=\"600\" \/>\n\t<meta property=\"og:image:type\" content=\"image\/png\" \/>\n<meta name=\"twitter:card\" content=\"summary_large_image\" \/>\n<meta name=\"twitter:site\" content=\"@UltraSourceUSA\" \/>\n<meta name=\"twitter:label1\" content=\"Est. reading time\" \/>\n\t<meta name=\"twitter:data1\" content=\"1 minute\" \/>\n<script type=\"application\/ld+json\" class=\"yoast-schema-graph\">{\"@context\":\"https:\\\/\\\/schema.org\",\"@graph\":[{\"@type\":\"WebPage\",\"@id\":\"https:\\\/\\\/ultrasource.com.mx\\\/producto\\\/ultravac-250\\\/\",\"url\":\"https:\\\/\\\/ultrasource.com.mx\\\/producto\\\/ultravac-250\\\/\",\"name\":\"Ultravac 250 - UltraSource\",\"isPartOf\":{\"@id\":\"https:\\\/\\\/ultrasource.com.mx\\\/#website\"},\"primaryImageOfPage\":{\"@id\":\"https:\\\/\\\/ultrasource.com.mx\\\/producto\\\/ultravac-250\\\/#primaryimage\"},\"image\":{\"@id\":\"https:\\\/\\\/ultrasource.com.mx\\\/producto\\\/ultravac-250\\\/#primaryimage\"},\"thumbnailUrl\":\"https:\\\/\\\/ultrasource.com.mx\\\/wp-content\\\/uploads\\\/2023\\\/10\\\/Ultravac_250_Touchscreen.png\",\"datePublished\":\"2023-10-29T04:55:06+00:00\",\"dateModified\":\"2024-09-03T00:06:17+00:00\",\"description\":\"Ideal para procesadores de tama\u00f1o peque\u00f1o a mediano, restaurantes, supermercados y laboratorios. La Mejor en Envasado al Vac\u00edo de Sobremesa.\",\"breadcrumb\":{\"@id\":\"https:\\\/\\\/ultrasource.com.mx\\\/producto\\\/ultravac-250\\\/#breadcrumb\"},\"inLanguage\":\"en-US\",\"potentialAction\":[{\"@type\":\"ReadAction\",\"target\":[\"https:\\\/\\\/ultrasource.com.mx\\\/producto\\\/ultravac-250\\\/\"]}]},{\"@type\":\"ImageObject\",\"inLanguage\":\"en-US\",\"@id\":\"https:\\\/\\\/ultrasource.com.mx\\\/producto\\\/ultravac-250\\\/#primaryimage\",\"url\":\"https:\\\/\\\/ultrasource.com.mx\\\/wp-content\\\/uploads\\\/2023\\\/10\\\/Ultravac_250_Touchscreen.png\",\"contentUrl\":\"https:\\\/\\\/ultrasource.com.mx\\\/wp-content\\\/uploads\\\/2023\\\/10\\\/Ultravac_250_Touchscreen.png\",\"width\":600,\"height\":600},{\"@type\":\"BreadcrumbList\",\"@id\":\"https:\\\/\\\/ultrasource.com.mx\\\/producto\\\/ultravac-250\\\/#breadcrumb\",\"itemListElement\":[{\"@type\":\"ListItem\",\"position\":1,\"name\":\"Portada\",\"item\":\"https:\\\/\\\/ultrasource.com.mx\\\/\"},{\"@type\":\"ListItem\",\"position\":2,\"name\":\"Catalog\",\"item\":\"https:\\\/\\\/ultrasource.com.mx\\\/catalog\\\/\"},{\"@type\":\"ListItem\",\"position\":3,\"name\":\"Ultravac 250\"}]},{\"@type\":\"WebSite\",\"@id\":\"https:\\\/\\\/ultrasource.com.mx\\\/#website\",\"url\":\"https:\\\/\\\/ultrasource.com.mx\\\/\",\"name\":\"UltraSource\",\"description\":\"\",\"publisher\":{\"@id\":\"https:\\\/\\\/ultrasource.com.mx\\\/#organization\"},\"potentialAction\":[{\"@type\":\"SearchAction\",\"target\":{\"@type\":\"EntryPoint\",\"urlTemplate\":\"https:\\\/\\\/ultrasource.com.mx\\\/?s={search_term_string}\"},\"query-input\":{\"@type\":\"PropertyValueSpecification\",\"valueRequired\":true,\"valueName\":\"search_term_string\"}}],\"inLanguage\":\"en-US\"},{\"@type\":\"Organization\",\"@id\":\"https:\\\/\\\/ultrasource.com.mx\\\/#organization\",\"name\":\"UltraSource\",\"url\":\"https:\\\/\\\/ultrasource.com.mx\\\/\",\"logo\":{\"@type\":\"ImageObject\",\"inLanguage\":\"en-US\",\"@id\":\"https:\\\/\\\/ultrasource.com.mx\\\/#\\\/schema\\\/logo\\\/image\\\/\",\"url\":\"https:\\\/\\\/ultrasource.com.mx\\\/wp-content\\\/uploads\\\/2023\\\/02\\\/ultrasource-logo-vertical.svg\",\"contentUrl\":\"https:\\\/\\\/ultrasource.com.mx\\\/wp-content\\\/uploads\\\/2023\\\/02\\\/ultrasource-logo-vertical.svg\",\"width\":100,\"height\":100,\"caption\":\"UltraSource\"},\"image\":{\"@id\":\"https:\\\/\\\/ultrasource.com.mx\\\/#\\\/schema\\\/logo\\\/image\\\/\"},\"sameAs\":[\"https:\\\/\\\/www.facebook.com\\\/UltraSourceUSA\\\/\",\"https:\\\/\\\/x.com\\\/UltraSourceUSA\",\"http:\\\/\\\/www.linkedin.com\\\/company\\\/ultrasource-llc\",\"https:\\\/\\\/www.youtube.com\\\/channel\\\/UCNHEJAkgGhh_JOoO4DcBFmQ\"]}]}<\/script>\n<!-- \/ Yoast SEO plugin. -->","yoast_head_json":{"title":"Ultravac 250 - UltraSource","description":"Ideal para procesadores de tama\u00f1o peque\u00f1o a mediano, restaurantes, supermercados y laboratorios. La Mejor en Envasado al Vac\u00edo de Sobremesa.","robots":{"index":"index","follow":"follow","max-snippet":"max-snippet:-1","max-image-preview":"max-image-preview:large","max-video-preview":"max-video-preview:-1"},"canonical":"https:\/\/ultrasource.com.mx\/en\/product\/ultravac-250\/","og_locale":"en_US","og_type":"article","og_title":"Ultravac 250 - UltraSource","og_description":"Ideal para procesadores de tama\u00f1o peque\u00f1o a mediano, restaurantes, supermercados y laboratorios. La Mejor en Envasado al Vac\u00edo de Sobremesa.","og_url":"https:\/\/ultrasource.com.mx\/en\/product\/ultravac-250\/","og_site_name":"UltraSource","article_publisher":"https:\/\/www.facebook.com\/UltraSourceUSA\/","article_modified_time":"2024-09-03T00:06:17+00:00","og_image":[{"width":600,"height":600,"url":"https:\/\/ultrasource.com.mx\/wp-content\/uploads\/2023\/10\/Ultravac_250_Touchscreen.png","type":"image\/png"}],"twitter_card":"summary_large_image","twitter_site":"@UltraSourceUSA","twitter_misc":{"Est. reading time":"1 minute"},"schema":{"@context":"https:\/\/schema.org","@graph":[{"@type":"WebPage","@id":"https:\/\/ultrasource.com.mx\/producto\/ultravac-250\/","url":"https:\/\/ultrasource.com.mx\/producto\/ultravac-250\/","name":"Ultravac 250 - UltraSource","isPartOf":{"@id":"https:\/\/ultrasource.com.mx\/#website"},"primaryImageOfPage":{"@id":"https:\/\/ultrasource.com.mx\/producto\/ultravac-250\/#primaryimage"},"image":{"@id":"https:\/\/ultrasource.com.mx\/producto\/ultravac-250\/#primaryimage"},"thumbnailUrl":"https:\/\/ultrasource.com.mx\/wp-content\/uploads\/2023\/10\/Ultravac_250_Touchscreen.png","datePublished":"2023-10-29T04:55:06+00:00","dateModified":"2024-09-03T00:06:17+00:00","description":"Ideal para procesadores de tama\u00f1o peque\u00f1o a mediano, restaurantes, supermercados y laboratorios. La Mejor en Envasado al Vac\u00edo de Sobremesa.","breadcrumb":{"@id":"https:\/\/ultrasource.com.mx\/producto\/ultravac-250\/#breadcrumb"},"inLanguage":"en-US","potentialAction":[{"@type":"ReadAction","target":["https:\/\/ultrasource.com.mx\/producto\/ultravac-250\/"]}]},{"@type":"ImageObject","inLanguage":"en-US","@id":"https:\/\/ultrasource.com.mx\/producto\/ultravac-250\/#primaryimage","url":"https:\/\/ultrasource.com.mx\/wp-content\/uploads\/2023\/10\/Ultravac_250_Touchscreen.png","contentUrl":"https:\/\/ultrasource.com.mx\/wp-content\/uploads\/2023\/10\/Ultravac_250_Touchscreen.png","width":600,"height":600},{"@type":"BreadcrumbList","@id":"https:\/\/ultrasource.com.mx\/producto\/ultravac-250\/#breadcrumb","itemListElement":[{"@type":"ListItem","position":1,"name":"Portada","item":"https:\/\/ultrasource.com.mx\/"},{"@type":"ListItem","position":2,"name":"Catalog","item":"https:\/\/ultrasource.com.mx\/catalog\/"},{"@type":"ListItem","position":3,"name":"Ultravac 250"}]},{"@type":"WebSite","@id":"https:\/\/ultrasource.com.mx\/#website","url":"https:\/\/ultrasource.com.mx\/","name":"UltraSource","description":"","publisher":{"@id":"https:\/\/ultrasource.com.mx\/#organization"},"potentialAction":[{"@type":"SearchAction","target":{"@type":"EntryPoint","urlTemplate":"https:\/\/ultrasource.com.mx\/?s={search_term_string}"},"query-input":{"@type":"PropertyValueSpecification","valueRequired":true,"valueName":"search_term_string"}}],"inLanguage":"en-US"},{"@type":"Organization","@id":"https:\/\/ultrasource.com.mx\/#organization","name":"UltraSource","url":"https:\/\/ultrasource.com.mx\/","logo":{"@type":"ImageObject","inLanguage":"en-US","@id":"https:\/\/ultrasource.com.mx\/#\/schema\/logo\/image\/","url":"https:\/\/ultrasource.com.mx\/wp-content\/uploads\/2023\/02\/ultrasource-logo-vertical.svg","contentUrl":"https:\/\/ultrasource.com.mx\/wp-content\/uploads\/2023\/02\/ultrasource-logo-vertical.svg","width":100,"height":100,"caption":"UltraSource"},"image":{"@id":"https:\/\/ultrasource.com.mx\/#\/schema\/logo\/image\/"},"sameAs":["https:\/\/www.facebook.com\/UltraSourceUSA\/","https:\/\/x.com\/UltraSourceUSA","http:\/\/www.linkedin.com\/company\/ultrasource-llc","https:\/\/www.youtube.com\/channel\/UCNHEJAkgGhh_JOoO4DcBFmQ"]}]}},"_links":{"self":[{"href":"https:\/\/ultrasource.com.mx\/en\/wp-json\/wp\/v2\/product\/393","targetHints":{"allow":["GET"]}}],"collection":[{"href":"https:\/\/ultrasource.com.mx\/en\/wp-json\/wp\/v2\/product"}],"about":[{"href":"https:\/\/ultrasource.com.mx\/en\/wp-json\/wp\/v2\/types\/product"}],"replies":[{"embeddable":true,"href":"https:\/\/ultrasource.com.mx\/en\/wp-json\/wp\/v2\/comments?post=393"}],"wp:featuredmedia":[{"embeddable":true,"href":"https:\/\/ultrasource.com.mx\/en\/wp-json\/wp\/v2\/media\/395"}],"wp:attachment":[{"href":"https:\/\/ultrasource.com.mx\/en\/wp-json\/wp\/v2\/media?parent=393"}],"wp:term":[{"taxonomy":"product_brand","embeddable":true,"href":"https:\/\/ultrasource.com.mx\/en\/wp-json\/wp\/v2\/product_brand?post=393"},{"taxonomy":"product_cat","embeddable":true,"href":"https:\/\/ultrasource.com.mx\/en\/wp-json\/wp\/v2\/product_cat?post=393"},{"taxonomy":"product_tag","embeddable":true,"href":"https:\/\/ultrasource.com.mx\/en\/wp-json\/wp\/v2\/product_tag?post=393"}],"curies":[{"name":"wp","href":"https:\/\/api.w.org\/{rel}","templated":true}]}}