{"id":382,"date":"2023-10-29T04:45:40","date_gmt":"2023-10-29T04:45:40","guid":{"rendered":"https:\/\/ultrasource.com.mx\/?post_type=product&#038;p=382"},"modified":"2024-09-03T00:06:17","modified_gmt":"2024-09-03T00:06:17","slug":"ultravac-500","status":"publish","type":"product","link":"https:\/\/ultrasource.com.mx\/en\/product\/ultravac-500\/","title":{"rendered":"Ultravac 500"},"content":{"rendered":"<p>La Ultravac\u00ae 500 est\u00e1 equipado con dos barras de sellado y una c\u00e1mara de gran capacidad en una sola m\u00e1quina.<\/p>\n<p>La Ultravac 500 duplica la producci\u00f3n de envasado de las m\u00e1quinas de envasado al vac\u00edo de sobremesa. Dos barras de sellado de 18 pulgadas, una ubicada a cada lado de la c\u00e1mara, proporcionan 36 pulgadas de longitud de barra de sellado utilizable. Si tiene poco espacio en el suelo pero necesita aumentar la producci\u00f3n de paquetes, la Ultravac 500 es la soluci\u00f3n para usted.<\/p>\n<h3>Caracter\u00edsticas Est\u00e1ndar:<\/h3>\n<p>\u00bb Garant\u00eda de dos a\u00f1os<br \/>\n\u00bb Bomba de vac\u00edo de 2 hp<br \/>\n\u00bb Construcci\u00f3n en acero inoxidable calibre 12<br \/>\n\u00bb Sistema de bisagra de tapa patentado que minimiza el estr\u00e9s en la tapa para eliminar la fisuraci\u00f3n.<br \/>\n\u00bb Panel de control digital<br \/>\n\u00bb Diez programas que se pueden guardar<br \/>\n\u00bb Men\u00fa de operador\/supervisor<br \/>\n\u00bb M\u00faltiples ciclos de vac\u00edo\/gas<br \/>\n\u00bb Control de detecci\u00f3n de vac\u00edo<br \/>\n\u00bb Parada r\u00e1pida<br \/>\n\u00bb Vac\u00edo\/ventilaci\u00f3n pulsante<br \/>\n\u00bb Tapa de acr\u00edlico transparente moldeada resistente<br \/>\n\u00bb Corte con alambre caliente<br \/>\n\u00bb Conexi\u00f3n el\u00e9ctrica de 230 voltios, 3 fases, con otras tensiones disponibles<br \/>\n\u00bb Transformador de sellado de alta potencia (750VA)<br \/>\n\u00bb Tableros de relleno de polietileno de alta densidad<br \/>\n\u00bb Controles modulares de lavado a presi\u00f3n NEMA 4<br \/>\n\u00bb Dos barras de sellado<\/p>\n<p>&nbsp;<\/p>\n<h3>Caracter\u00edsticas Opcionales:<\/h3>\n<p>\u00bb Operaci\u00f3n de inyecci\u00f3n de gas<br \/>\n\u00bb Sellado de doble costura<br \/>\n\u00bb Bandeja inclinada para l\u00edquidos<br \/>\n\u00bb Kit de filtro en l\u00ednea<br \/>\n\u00bb Conexi\u00f3n el\u00e9ctrica monof\u00e1sica<\/p>\n<p>&nbsp;<\/p>\n<h3><a href=\"https:\/\/ultrasource.com.mx\/wp-content\/uploads\/2023\/10\/UltraVac-500_2023_esp.pdf\">DESCARGA EL CAT\u00c1LOGO<\/a><\/h3>","protected":false},"excerpt":{"rendered":"<p>La Ultravac\u00ae 500 est\u00e1 equipado con dos barras de sellado y una c\u00e1mara de gran capacidad en una sola m\u00e1quina.<\/p>\n<p>La Ultravac 500 duplica la producci\u00f3n de envasado de las m\u00e1quinas de envasado al vac\u00edo de sobremesa. Dos barras de sellado de 18 pulgadas, una ubicada a cada lado de la c\u00e1mara, proporcionan 36 pulgadas de longitud de barra de sellado utilizable. Si tiene poco espacio en el suelo pero necesita aumentar la producci\u00f3n de paquetes, la Ultravac 500 es la soluci\u00f3n para usted.<\/p>","protected":false},"featured_media":389,"comment_status":"open","ping_status":"closed","template":"","meta":{"_coblocks_attr":"","_coblocks_dimensions":"","_coblocks_responsive_height":"","_coblocks_accordion_ie_support":"","_joinchat":[]},"product_brand":[],"product_cat":[47,22,19],"product_tag":[28,25,27,44,24,26],"class_list":{"0":"post-382","1":"product","2":"type-product","3":"status-publish","4":"has-post-thumbnail","6":"product_cat-empaque","7":"product_cat-maquinas-de-vacio","8":"product_cat-todos","9":"product_tag-alimentos","10":"product_tag-bolsas","11":"product_tag-carne","12":"product_tag-corte","13":"product_tag-empaque","14":"product_tag-vacio","15":"ts_product_brand-ultrasource","16":"ts_product_brand-ultravac","18":"first","19":"instock","20":"shipping-taxable","21":"product-type-simple","22":"add-to-wishlist-after_add_to_cart"},"yoast_head":"<!-- This site is optimized with the Yoast SEO plugin v27.4 - https:\/\/yoast.com\/product\/yoast-seo-wordpress\/ -->\n<title>Ultravac 500 - UltraSource<\/title>\n<meta name=\"description\" content=\"La Ultravac 500 duplica la producci\u00f3n de envasado de las m\u00e1quinas de envasado al vac\u00edo de sobremesa. Soluci\u00f3n perfecta para poco espacio en el suelo.\" \/>\n<meta name=\"robots\" content=\"index, follow, max-snippet:-1, max-image-preview:large, max-video-preview:-1\" \/>\n<link rel=\"canonical\" href=\"https:\/\/ultrasource.com.mx\/en\/product\/ultravac-500\/\" \/>\n<meta property=\"og:locale\" content=\"en_US\" \/>\n<meta property=\"og:type\" content=\"article\" \/>\n<meta property=\"og:title\" content=\"Ultravac 500 - UltraSource\" \/>\n<meta property=\"og:description\" content=\"La Ultravac 500 duplica la producci\u00f3n de envasado de las m\u00e1quinas de envasado al vac\u00edo de sobremesa. Soluci\u00f3n perfecta para poco espacio en el suelo.\" \/>\n<meta property=\"og:url\" content=\"https:\/\/ultrasource.com.mx\/en\/product\/ultravac-500\/\" \/>\n<meta property=\"og:site_name\" content=\"UltraSource\" \/>\n<meta property=\"article:publisher\" content=\"https:\/\/www.facebook.com\/UltraSourceUSA\/\" \/>\n<meta property=\"article:modified_time\" content=\"2024-09-03T00:06:17+00:00\" \/>\n<meta property=\"og:image\" content=\"https:\/\/ultrasource.com.mx\/wp-content\/uploads\/2023\/10\/Ultravac500.png\" \/>\n\t<meta property=\"og:image:width\" content=\"425\" \/>\n\t<meta property=\"og:image:height\" content=\"425\" \/>\n\t<meta property=\"og:image:type\" content=\"image\/png\" \/>\n<meta name=\"twitter:card\" content=\"summary_large_image\" \/>\n<meta name=\"twitter:site\" content=\"@UltraSourceUSA\" \/>\n<meta name=\"twitter:label1\" content=\"Est. reading time\" \/>\n\t<meta name=\"twitter:data1\" content=\"2 minutes\" \/>\n<script type=\"application\/ld+json\" class=\"yoast-schema-graph\">{\"@context\":\"https:\\\/\\\/schema.org\",\"@graph\":[{\"@type\":\"WebPage\",\"@id\":\"https:\\\/\\\/ultrasource.com.mx\\\/producto\\\/ultravac-500\\\/\",\"url\":\"https:\\\/\\\/ultrasource.com.mx\\\/producto\\\/ultravac-500\\\/\",\"name\":\"Ultravac 500 - UltraSource\",\"isPartOf\":{\"@id\":\"https:\\\/\\\/ultrasource.com.mx\\\/#website\"},\"primaryImageOfPage\":{\"@id\":\"https:\\\/\\\/ultrasource.com.mx\\\/producto\\\/ultravac-500\\\/#primaryimage\"},\"image\":{\"@id\":\"https:\\\/\\\/ultrasource.com.mx\\\/producto\\\/ultravac-500\\\/#primaryimage\"},\"thumbnailUrl\":\"https:\\\/\\\/ultrasource.com.mx\\\/wp-content\\\/uploads\\\/2023\\\/10\\\/Ultravac500.png\",\"datePublished\":\"2023-10-29T04:45:40+00:00\",\"dateModified\":\"2024-09-03T00:06:17+00:00\",\"description\":\"La Ultravac 500 duplica la producci\u00f3n de envasado de las m\u00e1quinas de envasado al vac\u00edo de sobremesa. Soluci\u00f3n perfecta para poco espacio en el suelo.\",\"breadcrumb\":{\"@id\":\"https:\\\/\\\/ultrasource.com.mx\\\/producto\\\/ultravac-500\\\/#breadcrumb\"},\"inLanguage\":\"en-US\",\"potentialAction\":[{\"@type\":\"ReadAction\",\"target\":[\"https:\\\/\\\/ultrasource.com.mx\\\/producto\\\/ultravac-500\\\/\"]}]},{\"@type\":\"ImageObject\",\"inLanguage\":\"en-US\",\"@id\":\"https:\\\/\\\/ultrasource.com.mx\\\/producto\\\/ultravac-500\\\/#primaryimage\",\"url\":\"https:\\\/\\\/ultrasource.com.mx\\\/wp-content\\\/uploads\\\/2023\\\/10\\\/Ultravac500.png\",\"contentUrl\":\"https:\\\/\\\/ultrasource.com.mx\\\/wp-content\\\/uploads\\\/2023\\\/10\\\/Ultravac500.png\",\"width\":425,\"height\":425},{\"@type\":\"BreadcrumbList\",\"@id\":\"https:\\\/\\\/ultrasource.com.mx\\\/producto\\\/ultravac-500\\\/#breadcrumb\",\"itemListElement\":[{\"@type\":\"ListItem\",\"position\":1,\"name\":\"Portada\",\"item\":\"https:\\\/\\\/ultrasource.com.mx\\\/\"},{\"@type\":\"ListItem\",\"position\":2,\"name\":\"Catalog\",\"item\":\"https:\\\/\\\/ultrasource.com.mx\\\/catalog\\\/\"},{\"@type\":\"ListItem\",\"position\":3,\"name\":\"Ultravac 500\"}]},{\"@type\":\"WebSite\",\"@id\":\"https:\\\/\\\/ultrasource.com.mx\\\/#website\",\"url\":\"https:\\\/\\\/ultrasource.com.mx\\\/\",\"name\":\"UltraSource\",\"description\":\"\",\"publisher\":{\"@id\":\"https:\\\/\\\/ultrasource.com.mx\\\/#organization\"},\"potentialAction\":[{\"@type\":\"SearchAction\",\"target\":{\"@type\":\"EntryPoint\",\"urlTemplate\":\"https:\\\/\\\/ultrasource.com.mx\\\/?s={search_term_string}\"},\"query-input\":{\"@type\":\"PropertyValueSpecification\",\"valueRequired\":true,\"valueName\":\"search_term_string\"}}],\"inLanguage\":\"en-US\"},{\"@type\":\"Organization\",\"@id\":\"https:\\\/\\\/ultrasource.com.mx\\\/#organization\",\"name\":\"UltraSource\",\"url\":\"https:\\\/\\\/ultrasource.com.mx\\\/\",\"logo\":{\"@type\":\"ImageObject\",\"inLanguage\":\"en-US\",\"@id\":\"https:\\\/\\\/ultrasource.com.mx\\\/#\\\/schema\\\/logo\\\/image\\\/\",\"url\":\"https:\\\/\\\/ultrasource.com.mx\\\/wp-content\\\/uploads\\\/2023\\\/02\\\/ultrasource-logo-vertical.svg\",\"contentUrl\":\"https:\\\/\\\/ultrasource.com.mx\\\/wp-content\\\/uploads\\\/2023\\\/02\\\/ultrasource-logo-vertical.svg\",\"width\":100,\"height\":100,\"caption\":\"UltraSource\"},\"image\":{\"@id\":\"https:\\\/\\\/ultrasource.com.mx\\\/#\\\/schema\\\/logo\\\/image\\\/\"},\"sameAs\":[\"https:\\\/\\\/www.facebook.com\\\/UltraSourceUSA\\\/\",\"https:\\\/\\\/x.com\\\/UltraSourceUSA\",\"http:\\\/\\\/www.linkedin.com\\\/company\\\/ultrasource-llc\",\"https:\\\/\\\/www.youtube.com\\\/channel\\\/UCNHEJAkgGhh_JOoO4DcBFmQ\"]}]}<\/script>\n<!-- \/ Yoast SEO plugin. -->","yoast_head_json":{"title":"Ultravac 500 - UltraSource","description":"La Ultravac 500 duplica la producci\u00f3n de envasado de las m\u00e1quinas de envasado al vac\u00edo de sobremesa. Soluci\u00f3n perfecta para poco espacio en el suelo.","robots":{"index":"index","follow":"follow","max-snippet":"max-snippet:-1","max-image-preview":"max-image-preview:large","max-video-preview":"max-video-preview:-1"},"canonical":"https:\/\/ultrasource.com.mx\/en\/product\/ultravac-500\/","og_locale":"en_US","og_type":"article","og_title":"Ultravac 500 - UltraSource","og_description":"La Ultravac 500 duplica la producci\u00f3n de envasado de las m\u00e1quinas de envasado al vac\u00edo de sobremesa. Soluci\u00f3n perfecta para poco espacio en el suelo.","og_url":"https:\/\/ultrasource.com.mx\/en\/product\/ultravac-500\/","og_site_name":"UltraSource","article_publisher":"https:\/\/www.facebook.com\/UltraSourceUSA\/","article_modified_time":"2024-09-03T00:06:17+00:00","og_image":[{"width":425,"height":425,"url":"https:\/\/ultrasource.com.mx\/wp-content\/uploads\/2023\/10\/Ultravac500.png","type":"image\/png"}],"twitter_card":"summary_large_image","twitter_site":"@UltraSourceUSA","twitter_misc":{"Est. reading time":"2 minutes"},"schema":{"@context":"https:\/\/schema.org","@graph":[{"@type":"WebPage","@id":"https:\/\/ultrasource.com.mx\/producto\/ultravac-500\/","url":"https:\/\/ultrasource.com.mx\/producto\/ultravac-500\/","name":"Ultravac 500 - UltraSource","isPartOf":{"@id":"https:\/\/ultrasource.com.mx\/#website"},"primaryImageOfPage":{"@id":"https:\/\/ultrasource.com.mx\/producto\/ultravac-500\/#primaryimage"},"image":{"@id":"https:\/\/ultrasource.com.mx\/producto\/ultravac-500\/#primaryimage"},"thumbnailUrl":"https:\/\/ultrasource.com.mx\/wp-content\/uploads\/2023\/10\/Ultravac500.png","datePublished":"2023-10-29T04:45:40+00:00","dateModified":"2024-09-03T00:06:17+00:00","description":"La Ultravac 500 duplica la producci\u00f3n de envasado de las m\u00e1quinas de envasado al vac\u00edo de sobremesa. Soluci\u00f3n perfecta para poco espacio en el suelo.","breadcrumb":{"@id":"https:\/\/ultrasource.com.mx\/producto\/ultravac-500\/#breadcrumb"},"inLanguage":"en-US","potentialAction":[{"@type":"ReadAction","target":["https:\/\/ultrasource.com.mx\/producto\/ultravac-500\/"]}]},{"@type":"ImageObject","inLanguage":"en-US","@id":"https:\/\/ultrasource.com.mx\/producto\/ultravac-500\/#primaryimage","url":"https:\/\/ultrasource.com.mx\/wp-content\/uploads\/2023\/10\/Ultravac500.png","contentUrl":"https:\/\/ultrasource.com.mx\/wp-content\/uploads\/2023\/10\/Ultravac500.png","width":425,"height":425},{"@type":"BreadcrumbList","@id":"https:\/\/ultrasource.com.mx\/producto\/ultravac-500\/#breadcrumb","itemListElement":[{"@type":"ListItem","position":1,"name":"Portada","item":"https:\/\/ultrasource.com.mx\/"},{"@type":"ListItem","position":2,"name":"Catalog","item":"https:\/\/ultrasource.com.mx\/catalog\/"},{"@type":"ListItem","position":3,"name":"Ultravac 500"}]},{"@type":"WebSite","@id":"https:\/\/ultrasource.com.mx\/#website","url":"https:\/\/ultrasource.com.mx\/","name":"UltraSource","description":"","publisher":{"@id":"https:\/\/ultrasource.com.mx\/#organization"},"potentialAction":[{"@type":"SearchAction","target":{"@type":"EntryPoint","urlTemplate":"https:\/\/ultrasource.com.mx\/?s={search_term_string}"},"query-input":{"@type":"PropertyValueSpecification","valueRequired":true,"valueName":"search_term_string"}}],"inLanguage":"en-US"},{"@type":"Organization","@id":"https:\/\/ultrasource.com.mx\/#organization","name":"UltraSource","url":"https:\/\/ultrasource.com.mx\/","logo":{"@type":"ImageObject","inLanguage":"en-US","@id":"https:\/\/ultrasource.com.mx\/#\/schema\/logo\/image\/","url":"https:\/\/ultrasource.com.mx\/wp-content\/uploads\/2023\/02\/ultrasource-logo-vertical.svg","contentUrl":"https:\/\/ultrasource.com.mx\/wp-content\/uploads\/2023\/02\/ultrasource-logo-vertical.svg","width":100,"height":100,"caption":"UltraSource"},"image":{"@id":"https:\/\/ultrasource.com.mx\/#\/schema\/logo\/image\/"},"sameAs":["https:\/\/www.facebook.com\/UltraSourceUSA\/","https:\/\/x.com\/UltraSourceUSA","http:\/\/www.linkedin.com\/company\/ultrasource-llc","https:\/\/www.youtube.com\/channel\/UCNHEJAkgGhh_JOoO4DcBFmQ"]}]}},"_links":{"self":[{"href":"https:\/\/ultrasource.com.mx\/en\/wp-json\/wp\/v2\/product\/382","targetHints":{"allow":["GET"]}}],"collection":[{"href":"https:\/\/ultrasource.com.mx\/en\/wp-json\/wp\/v2\/product"}],"about":[{"href":"https:\/\/ultrasource.com.mx\/en\/wp-json\/wp\/v2\/types\/product"}],"replies":[{"embeddable":true,"href":"https:\/\/ultrasource.com.mx\/en\/wp-json\/wp\/v2\/comments?post=382"}],"wp:featuredmedia":[{"embeddable":true,"href":"https:\/\/ultrasource.com.mx\/en\/wp-json\/wp\/v2\/media\/389"}],"wp:attachment":[{"href":"https:\/\/ultrasource.com.mx\/en\/wp-json\/wp\/v2\/media?parent=382"}],"wp:term":[{"taxonomy":"product_brand","embeddable":true,"href":"https:\/\/ultrasource.com.mx\/en\/wp-json\/wp\/v2\/product_brand?post=382"},{"taxonomy":"product_cat","embeddable":true,"href":"https:\/\/ultrasource.com.mx\/en\/wp-json\/wp\/v2\/product_cat?post=382"},{"taxonomy":"product_tag","embeddable":true,"href":"https:\/\/ultrasource.com.mx\/en\/wp-json\/wp\/v2\/product_tag?post=382"}],"curies":[{"name":"wp","href":"https:\/\/api.w.org\/{rel}","templated":true}]}}