{"id":376,"date":"2023-10-29T04:29:01","date_gmt":"2023-10-29T04:29:01","guid":{"rendered":"https:\/\/ultrasource.com.mx\/?post_type=product&#038;p=376"},"modified":"2024-09-03T00:06:18","modified_gmt":"2024-09-03T00:06:18","slug":"ultravac-2100","status":"publish","type":"product","link":"https:\/\/ultrasource.com.mx\/en\/product\/ultravac-2100\/","title":{"rendered":"Ultravac 2100"},"content":{"rendered":"<p>La Ultravac\u00ae 2100 es la M\u00e1quina de Envasado al Vac\u00edo de Doble C\u00e1mara L\u00edder en el Mercado Fabricada en Estados Unidos<\/p>\n<p>INCRE\u00cdBLE DURABILIDAD, TIEMPOS DE CICLO R\u00c1PIDOS, RENDIMIENTO CONFIABLE:<\/p>\n<p>\u00bb Aumentar la vida \u00fatil<br \/>\n\u00bb Maximizar la apariencia del producto<br \/>\n\u00bb Aumentar la producci\u00f3n<br \/>\n\u00bb Facilitar el fraccionamiento<\/p>\n<p>ALTAMENTE CONFIGURABLE:<br \/>\n\u00bbProfundidades de c\u00e1mara de 8 o 12 pulgadas*<br \/>\n\u00bbCualquier voltaje el\u00e9ctrico, trif\u00e1sico para bombasde vac\u00edo de 7.5 hp o m\u00e1s grandes y opci\u00f3nmonof\u00e1sica de 230 V para bomba de 5 hp<br \/>\n\u00bbBomba Busch de 5, 7.5, 10 o 12 hp<br \/>\n\u00bbOpci\u00f3n de inyecci\u00f3n de gas, ruedas paramovilidad, barra de sellado de 10 mm y sistemapatentado de cuchillo precortado opcionales<\/p>\n<p>SALIDAS CONSISTENTES DE ALTA CALIDAD<br \/>\nProduce envases minoristas consistentes, sin problemas y de alta calidad una y otra vez. El especial sellado con superficie de radio UltraSource Pozi Pressure\u2122 expulsa la humedad y los contaminantes de la zona de sellado para obtener un envasado limpio y resistente a las fugas.<\/p>\n<p>GARANT\u00cdA DE DOS A\u00d1OS<br \/>\nSi\u00e9ntase seguro con un rendimiento y resistencia comprobados respaldados por la garant\u00eda.<\/p>\n<p>LA ULTRAVAC 2100 ES LA M\u00c1QUINA DE ENVASADO AL VAC\u00cdO FABRICADA EN ESTADOS UNIDOS N\u00daMERO 1<br \/>\nEs la m\u00e1quina de envasado al vac\u00edo de doble c\u00e1mara m\u00e1s confiable, f\u00e1cil de poseer y f\u00e1cil de operar, ya sea que est\u00e9 conservando carne, aves, queso, pescado, mariscos o productos agr\u00edcolas.<\/p>\n<h2><a href=\"https:\/\/ultrasource.com.mx\/wp-content\/uploads\/2023\/10\/UltraVac-2100_2023_esp.pdf\" target=\"_blank\" rel=\"noopener\">DESCARGA EL CAT\u00c1LOGO<\/a><\/h2>","protected":false},"excerpt":{"rendered":"<p>La Ultravac\u00ae 2100 es la M\u00e1quina de Envasado al Vac\u00edo de Doble C\u00e1mara L\u00edder en el Mercado Fabricada en Estados Unidos<\/p>\n<p>INCRE\u00cdBLE DURABILIDAD, TIEMPOS DE CICLO R\u00c1PIDOS, RENDIMIENTO CONFIABLE:<\/p>\n<p>\u00bb Aumentar la vida \u00fatil<br \/>\n\u00bb Maximizar la apariencia del producto<br \/>\n\u00bb Aumentar la producci\u00f3n<br \/>\n\u00bb Facilitar el fraccionamiento<\/p>","protected":false},"featured_media":377,"comment_status":"open","ping_status":"closed","template":"","meta":{"_coblocks_attr":"","_coblocks_dimensions":"","_coblocks_responsive_height":"","_coblocks_accordion_ie_support":"","_joinchat":[]},"product_brand":[],"product_cat":[46,47,22,19],"product_tag":[25,27,24,26],"class_list":{"0":"post-376","1":"product","2":"type-product","3":"status-publish","4":"has-post-thumbnail","6":"product_cat-doble-campana","7":"product_cat-empaque","8":"product_cat-maquinas-de-vacio","9":"product_cat-todos","10":"product_tag-bolsas","11":"product_tag-carne","12":"product_tag-empaque","13":"product_tag-vacio","14":"ts_product_brand-ultrasource","15":"ts_product_brand-ultravac","17":"first","18":"instock","19":"shipping-taxable","20":"product-type-simple","21":"add-to-wishlist-after_add_to_cart"},"yoast_head":"<!-- This site is optimized with the Yoast SEO plugin v27.4 - https:\/\/yoast.com\/product\/yoast-seo-wordpress\/ -->\n<title>Ultravac 2100 - UltraSource<\/title>\n<meta name=\"description\" content=\"La m\u00e1quina Ultravac 2100 de envasado al vac\u00edo de doble c\u00e1mara m\u00e1s confiable, f\u00e1cil de operar, ya sea que est\u00e9 empacando carne, aves, queso, pescado, etc.\" \/>\n<meta name=\"robots\" content=\"index, follow, max-snippet:-1, max-image-preview:large, max-video-preview:-1\" \/>\n<link rel=\"canonical\" href=\"https:\/\/ultrasource.com.mx\/en\/product\/ultravac-2100\/\" \/>\n<meta property=\"og:locale\" content=\"en_US\" \/>\n<meta property=\"og:type\" content=\"article\" \/>\n<meta property=\"og:title\" content=\"Ultravac 2100 - UltraSource\" \/>\n<meta property=\"og:description\" content=\"La m\u00e1quina Ultravac 2100 de envasado al vac\u00edo de doble c\u00e1mara m\u00e1s confiable, f\u00e1cil de operar, ya sea que est\u00e9 empacando carne, aves, queso, pescado, etc.\" \/>\n<meta property=\"og:url\" content=\"https:\/\/ultrasource.com.mx\/en\/product\/ultravac-2100\/\" \/>\n<meta property=\"og:site_name\" content=\"UltraSource\" \/>\n<meta property=\"article:publisher\" content=\"https:\/\/www.facebook.com\/UltraSourceUSA\/\" \/>\n<meta property=\"article:modified_time\" content=\"2024-09-03T00:06:18+00:00\" \/>\n<meta property=\"og:image\" content=\"https:\/\/ultrasource.com.mx\/wp-content\/uploads\/2023\/10\/ultravac2100.png\" \/>\n\t<meta property=\"og:image:width\" content=\"376\" \/>\n\t<meta property=\"og:image:height\" content=\"376\" \/>\n\t<meta property=\"og:image:type\" content=\"image\/png\" \/>\n<meta name=\"twitter:card\" content=\"summary_large_image\" \/>\n<meta name=\"twitter:site\" content=\"@UltraSourceUSA\" \/>\n<meta name=\"twitter:label1\" content=\"Est. reading time\" \/>\n\t<meta name=\"twitter:data1\" content=\"2 minutes\" \/>\n<script type=\"application\/ld+json\" class=\"yoast-schema-graph\">{\"@context\":\"https:\\\/\\\/schema.org\",\"@graph\":[{\"@type\":\"WebPage\",\"@id\":\"https:\\\/\\\/ultrasource.com.mx\\\/producto\\\/ultravac-2100\\\/\",\"url\":\"https:\\\/\\\/ultrasource.com.mx\\\/producto\\\/ultravac-2100\\\/\",\"name\":\"Ultravac 2100 - UltraSource\",\"isPartOf\":{\"@id\":\"https:\\\/\\\/ultrasource.com.mx\\\/#website\"},\"primaryImageOfPage\":{\"@id\":\"https:\\\/\\\/ultrasource.com.mx\\\/producto\\\/ultravac-2100\\\/#primaryimage\"},\"image\":{\"@id\":\"https:\\\/\\\/ultrasource.com.mx\\\/producto\\\/ultravac-2100\\\/#primaryimage\"},\"thumbnailUrl\":\"https:\\\/\\\/ultrasource.com.mx\\\/wp-content\\\/uploads\\\/2023\\\/10\\\/ultravac2100.png\",\"datePublished\":\"2023-10-29T04:29:01+00:00\",\"dateModified\":\"2024-09-03T00:06:18+00:00\",\"description\":\"La m\u00e1quina Ultravac 2100 de envasado al vac\u00edo de doble c\u00e1mara m\u00e1s confiable, f\u00e1cil de operar, ya sea que est\u00e9 empacando carne, aves, queso, pescado, etc.\",\"breadcrumb\":{\"@id\":\"https:\\\/\\\/ultrasource.com.mx\\\/producto\\\/ultravac-2100\\\/#breadcrumb\"},\"inLanguage\":\"en-US\",\"potentialAction\":[{\"@type\":\"ReadAction\",\"target\":[\"https:\\\/\\\/ultrasource.com.mx\\\/producto\\\/ultravac-2100\\\/\"]}]},{\"@type\":\"ImageObject\",\"inLanguage\":\"en-US\",\"@id\":\"https:\\\/\\\/ultrasource.com.mx\\\/producto\\\/ultravac-2100\\\/#primaryimage\",\"url\":\"https:\\\/\\\/ultrasource.com.mx\\\/wp-content\\\/uploads\\\/2023\\\/10\\\/ultravac2100.png\",\"contentUrl\":\"https:\\\/\\\/ultrasource.com.mx\\\/wp-content\\\/uploads\\\/2023\\\/10\\\/ultravac2100.png\",\"width\":376,\"height\":376},{\"@type\":\"BreadcrumbList\",\"@id\":\"https:\\\/\\\/ultrasource.com.mx\\\/producto\\\/ultravac-2100\\\/#breadcrumb\",\"itemListElement\":[{\"@type\":\"ListItem\",\"position\":1,\"name\":\"Portada\",\"item\":\"https:\\\/\\\/ultrasource.com.mx\\\/\"},{\"@type\":\"ListItem\",\"position\":2,\"name\":\"Catalog\",\"item\":\"https:\\\/\\\/ultrasource.com.mx\\\/catalog\\\/\"},{\"@type\":\"ListItem\",\"position\":3,\"name\":\"Ultravac 2100\"}]},{\"@type\":\"WebSite\",\"@id\":\"https:\\\/\\\/ultrasource.com.mx\\\/#website\",\"url\":\"https:\\\/\\\/ultrasource.com.mx\\\/\",\"name\":\"UltraSource\",\"description\":\"\",\"publisher\":{\"@id\":\"https:\\\/\\\/ultrasource.com.mx\\\/#organization\"},\"potentialAction\":[{\"@type\":\"SearchAction\",\"target\":{\"@type\":\"EntryPoint\",\"urlTemplate\":\"https:\\\/\\\/ultrasource.com.mx\\\/?s={search_term_string}\"},\"query-input\":{\"@type\":\"PropertyValueSpecification\",\"valueRequired\":true,\"valueName\":\"search_term_string\"}}],\"inLanguage\":\"en-US\"},{\"@type\":\"Organization\",\"@id\":\"https:\\\/\\\/ultrasource.com.mx\\\/#organization\",\"name\":\"UltraSource\",\"url\":\"https:\\\/\\\/ultrasource.com.mx\\\/\",\"logo\":{\"@type\":\"ImageObject\",\"inLanguage\":\"en-US\",\"@id\":\"https:\\\/\\\/ultrasource.com.mx\\\/#\\\/schema\\\/logo\\\/image\\\/\",\"url\":\"https:\\\/\\\/ultrasource.com.mx\\\/wp-content\\\/uploads\\\/2023\\\/02\\\/ultrasource-logo-vertical.svg\",\"contentUrl\":\"https:\\\/\\\/ultrasource.com.mx\\\/wp-content\\\/uploads\\\/2023\\\/02\\\/ultrasource-logo-vertical.svg\",\"width\":100,\"height\":100,\"caption\":\"UltraSource\"},\"image\":{\"@id\":\"https:\\\/\\\/ultrasource.com.mx\\\/#\\\/schema\\\/logo\\\/image\\\/\"},\"sameAs\":[\"https:\\\/\\\/www.facebook.com\\\/UltraSourceUSA\\\/\",\"https:\\\/\\\/x.com\\\/UltraSourceUSA\",\"http:\\\/\\\/www.linkedin.com\\\/company\\\/ultrasource-llc\",\"https:\\\/\\\/www.youtube.com\\\/channel\\\/UCNHEJAkgGhh_JOoO4DcBFmQ\"]}]}<\/script>\n<!-- \/ Yoast SEO plugin. -->","yoast_head_json":{"title":"Ultravac 2100 - UltraSource","description":"La m\u00e1quina Ultravac 2100 de envasado al vac\u00edo de doble c\u00e1mara m\u00e1s confiable, f\u00e1cil de operar, ya sea que est\u00e9 empacando carne, aves, queso, pescado, etc.","robots":{"index":"index","follow":"follow","max-snippet":"max-snippet:-1","max-image-preview":"max-image-preview:large","max-video-preview":"max-video-preview:-1"},"canonical":"https:\/\/ultrasource.com.mx\/en\/product\/ultravac-2100\/","og_locale":"en_US","og_type":"article","og_title":"Ultravac 2100 - UltraSource","og_description":"La m\u00e1quina Ultravac 2100 de envasado al vac\u00edo de doble c\u00e1mara m\u00e1s confiable, f\u00e1cil de operar, ya sea que est\u00e9 empacando carne, aves, queso, pescado, etc.","og_url":"https:\/\/ultrasource.com.mx\/en\/product\/ultravac-2100\/","og_site_name":"UltraSource","article_publisher":"https:\/\/www.facebook.com\/UltraSourceUSA\/","article_modified_time":"2024-09-03T00:06:18+00:00","og_image":[{"width":376,"height":376,"url":"https:\/\/ultrasource.com.mx\/wp-content\/uploads\/2023\/10\/ultravac2100.png","type":"image\/png"}],"twitter_card":"summary_large_image","twitter_site":"@UltraSourceUSA","twitter_misc":{"Est. reading time":"2 minutes"},"schema":{"@context":"https:\/\/schema.org","@graph":[{"@type":"WebPage","@id":"https:\/\/ultrasource.com.mx\/producto\/ultravac-2100\/","url":"https:\/\/ultrasource.com.mx\/producto\/ultravac-2100\/","name":"Ultravac 2100 - UltraSource","isPartOf":{"@id":"https:\/\/ultrasource.com.mx\/#website"},"primaryImageOfPage":{"@id":"https:\/\/ultrasource.com.mx\/producto\/ultravac-2100\/#primaryimage"},"image":{"@id":"https:\/\/ultrasource.com.mx\/producto\/ultravac-2100\/#primaryimage"},"thumbnailUrl":"https:\/\/ultrasource.com.mx\/wp-content\/uploads\/2023\/10\/ultravac2100.png","datePublished":"2023-10-29T04:29:01+00:00","dateModified":"2024-09-03T00:06:18+00:00","description":"La m\u00e1quina Ultravac 2100 de envasado al vac\u00edo de doble c\u00e1mara m\u00e1s confiable, f\u00e1cil de operar, ya sea que est\u00e9 empacando carne, aves, queso, pescado, etc.","breadcrumb":{"@id":"https:\/\/ultrasource.com.mx\/producto\/ultravac-2100\/#breadcrumb"},"inLanguage":"en-US","potentialAction":[{"@type":"ReadAction","target":["https:\/\/ultrasource.com.mx\/producto\/ultravac-2100\/"]}]},{"@type":"ImageObject","inLanguage":"en-US","@id":"https:\/\/ultrasource.com.mx\/producto\/ultravac-2100\/#primaryimage","url":"https:\/\/ultrasource.com.mx\/wp-content\/uploads\/2023\/10\/ultravac2100.png","contentUrl":"https:\/\/ultrasource.com.mx\/wp-content\/uploads\/2023\/10\/ultravac2100.png","width":376,"height":376},{"@type":"BreadcrumbList","@id":"https:\/\/ultrasource.com.mx\/producto\/ultravac-2100\/#breadcrumb","itemListElement":[{"@type":"ListItem","position":1,"name":"Portada","item":"https:\/\/ultrasource.com.mx\/"},{"@type":"ListItem","position":2,"name":"Catalog","item":"https:\/\/ultrasource.com.mx\/catalog\/"},{"@type":"ListItem","position":3,"name":"Ultravac 2100"}]},{"@type":"WebSite","@id":"https:\/\/ultrasource.com.mx\/#website","url":"https:\/\/ultrasource.com.mx\/","name":"UltraSource","description":"","publisher":{"@id":"https:\/\/ultrasource.com.mx\/#organization"},"potentialAction":[{"@type":"SearchAction","target":{"@type":"EntryPoint","urlTemplate":"https:\/\/ultrasource.com.mx\/?s={search_term_string}"},"query-input":{"@type":"PropertyValueSpecification","valueRequired":true,"valueName":"search_term_string"}}],"inLanguage":"en-US"},{"@type":"Organization","@id":"https:\/\/ultrasource.com.mx\/#organization","name":"UltraSource","url":"https:\/\/ultrasource.com.mx\/","logo":{"@type":"ImageObject","inLanguage":"en-US","@id":"https:\/\/ultrasource.com.mx\/#\/schema\/logo\/image\/","url":"https:\/\/ultrasource.com.mx\/wp-content\/uploads\/2023\/02\/ultrasource-logo-vertical.svg","contentUrl":"https:\/\/ultrasource.com.mx\/wp-content\/uploads\/2023\/02\/ultrasource-logo-vertical.svg","width":100,"height":100,"caption":"UltraSource"},"image":{"@id":"https:\/\/ultrasource.com.mx\/#\/schema\/logo\/image\/"},"sameAs":["https:\/\/www.facebook.com\/UltraSourceUSA\/","https:\/\/x.com\/UltraSourceUSA","http:\/\/www.linkedin.com\/company\/ultrasource-llc","https:\/\/www.youtube.com\/channel\/UCNHEJAkgGhh_JOoO4DcBFmQ"]}]}},"_links":{"self":[{"href":"https:\/\/ultrasource.com.mx\/en\/wp-json\/wp\/v2\/product\/376","targetHints":{"allow":["GET"]}}],"collection":[{"href":"https:\/\/ultrasource.com.mx\/en\/wp-json\/wp\/v2\/product"}],"about":[{"href":"https:\/\/ultrasource.com.mx\/en\/wp-json\/wp\/v2\/types\/product"}],"replies":[{"embeddable":true,"href":"https:\/\/ultrasource.com.mx\/en\/wp-json\/wp\/v2\/comments?post=376"}],"wp:featuredmedia":[{"embeddable":true,"href":"https:\/\/ultrasource.com.mx\/en\/wp-json\/wp\/v2\/media\/377"}],"wp:attachment":[{"href":"https:\/\/ultrasource.com.mx\/en\/wp-json\/wp\/v2\/media?parent=376"}],"wp:term":[{"taxonomy":"product_brand","embeddable":true,"href":"https:\/\/ultrasource.com.mx\/en\/wp-json\/wp\/v2\/product_brand?post=376"},{"taxonomy":"product_cat","embeddable":true,"href":"https:\/\/ultrasource.com.mx\/en\/wp-json\/wp\/v2\/product_cat?post=376"},{"taxonomy":"product_tag","embeddable":true,"href":"https:\/\/ultrasource.com.mx\/en\/wp-json\/wp\/v2\/product_tag?post=376"}],"curies":[{"name":"wp","href":"https:\/\/api.w.org\/{rel}","templated":true}]}}