{"id":371,"date":"2023-10-29T04:13:56","date_gmt":"2023-10-29T04:13:56","guid":{"rendered":"https:\/\/ultrasource.com.mx\/?post_type=product&#038;p=371"},"modified":"2024-09-03T00:06:18","modified_gmt":"2024-09-03T00:06:18","slug":"ultravac-3000","status":"publish","type":"product","link":"https:\/\/ultrasource.com.mx\/en\/product\/ultravac-3000\/","title":{"rendered":"Ultravac 3000"},"content":{"rendered":"<p>LA M\u00c1QUINA DE ENVASADO AL VAC\u00cdO DE DOBLE C\u00c1MARA CON MAYOR CAPACIDAD<br \/>\nLa c\u00e1mara gigante, con dimensiones (39&#8243; de largo x 35&#8243; de ancho x 12&#8243; de profundidad) de la Ultravac 3000 permite el envasado al vac\u00edo de lomos de cerdo enteros, cortes de carne de res enteros o incluso dos bloques de queso de 40 libras a la vez.<\/p>\n<p>\u00bb Dise\u00f1ada para largas producciones de alta velocidad de bolsas o bolsas retr\u00e1ctiles.<br \/>\n\u00bb Barra de Sellado de 39 pulgadas<br \/>\n\u00bb Bombas Duales de 10 hp o 12 hp<br \/>\n\u00bb Sellados de Banda de 10 mm de ancho<br \/>\n\u00bb Construcci\u00f3n de Acero Inoxidable<br \/>\n\u00bb Altura de la Tapa de 12 pulgadas<\/p>\n<p><strong>TAPA ABATIBLE DE 12 PULGADAS.<\/strong><br \/>\nLa tapa abatible de forma de c\u00fapula, de f\u00e1cil elevaci\u00f3n y con vista clara, proporciona un espacio interior vertical utilizable de 12 pulgadas y alberga dos barras de sellado, una ubicada en el interior del frente y la otra en el interior de la parte trasera.<\/p>\n<p><strong>78 PULGADAS DE SUPERFICIE DE SELLADO POR C\u00c1MARA<\/strong><br \/>\nCada barra produce un sellado herm\u00e9tico de 10 mm (0,39 pulgadas) de ancho. Cada barra se sella contra una banda<br \/>\nde sellado montada en el piso de 39 pulgadas de largo. Este sistema robusto proporciona un total de 78 pulgadas de superficie de sellado completamente utilizable por c\u00e1mara.<\/p>\n<p><strong>SELLADO ACTIVADO POR VEJIGA<\/strong><br \/>\nLas bandas de sellado delanteras y traseras en cada c\u00e1mara se elevan contra las barras de sellado estacionarias durante cada ciclo de sellado. Las vejigas producen presiones de sellado tremendas, lo que a su vez garantiza que se produzcan sellados herm\u00e9ticos de banda ancha de 10 mm de ancho consistentes y sin fugas.<\/p>\n<h2><strong><a href=\"https:\/\/ultrasource.com.mx\/wp-content\/uploads\/2023\/10\/UltraVac-3000_2023_esp.pdf\">DESCARGA EL CAT\u00c1LOGO<\/a><\/strong><\/h2>","protected":false},"excerpt":{"rendered":"<p><strong>LA M\u00c1QUINA DE ENVASADO AL VAC\u00cdO DE DOBLE C\u00c1MARA CON MAYOR CAPACIDAD<\/strong><br \/>\nLa c\u00e1mara gigante, con dimensiones (39&#8243; de largo x 35&#8243; de ancho x 12&#8243; de profundidad) de la Ultravac 3000 permite el envasado al vac\u00edo de lomos de cerdo enteros, cortes de carne de res enteros o incluso dos bloques de queso de 40 libras a la vez.<\/p>\n<p>\u00bb Dise\u00f1ada para largas producciones de alta velocidad de bolsas o bolsas retr\u00e1ctiles.<br \/>\n\u00bb Barra de Sellado de 39 pulgadas<br \/>\n\u00bb Bombas Duales de 10 hp o 12 hp<br \/>\n\u00bb Sellados de Banda de 10 mm de ancho<br \/>\n\u00bb Construcci\u00f3n de Acero Inoxidable<br \/>\n\u00bb Altura de la Tapa de 12 pulgadas<\/p>","protected":false},"featured_media":372,"comment_status":"open","ping_status":"closed","template":"","meta":{"_coblocks_attr":"","_coblocks_dimensions":"","_coblocks_responsive_height":"","_coblocks_accordion_ie_support":"","_joinchat":[]},"product_brand":[],"product_cat":[46,47,22,19],"product_tag":[28,25,27,44,24,26],"class_list":{"0":"post-371","1":"product","2":"type-product","3":"status-publish","4":"has-post-thumbnail","6":"product_cat-doble-campana","7":"product_cat-empaque","8":"product_cat-maquinas-de-vacio","9":"product_cat-todos","10":"product_tag-alimentos","11":"product_tag-bolsas","12":"product_tag-carne","13":"product_tag-corte","14":"product_tag-empaque","15":"product_tag-vacio","16":"ts_product_brand-ultrasource","17":"ts_product_brand-ultravac","19":"first","20":"instock","21":"shipping-taxable","22":"product-type-simple","23":"add-to-wishlist-after_add_to_cart"},"yoast_head":"<!-- This site is optimized with the Yoast SEO plugin v27.4 - https:\/\/yoast.com\/product\/yoast-seo-wordpress\/ -->\n<title>Ultravac 3000 - UltraSource<\/title>\n<meta name=\"description\" content=\"Su c\u00e1mara permite el envasado al vac\u00edo de lomos de cerdo enteros, cortes de carne de res enteros, quesos, y m\u00e1s alimentos empacados al vac\u00edo.\" \/>\n<meta name=\"robots\" content=\"index, follow, max-snippet:-1, max-image-preview:large, max-video-preview:-1\" \/>\n<link rel=\"canonical\" href=\"https:\/\/ultrasource.com.mx\/en\/product\/ultravac-3000\/\" \/>\n<meta property=\"og:locale\" content=\"en_US\" \/>\n<meta property=\"og:type\" content=\"article\" \/>\n<meta property=\"og:title\" content=\"Ultravac 3000 - UltraSource\" \/>\n<meta property=\"og:description\" content=\"Su c\u00e1mara permite el envasado al vac\u00edo de lomos de cerdo enteros, cortes de carne de res enteros, quesos, y m\u00e1s alimentos empacados al vac\u00edo.\" \/>\n<meta property=\"og:url\" content=\"https:\/\/ultrasource.com.mx\/en\/product\/ultravac-3000\/\" \/>\n<meta property=\"og:site_name\" content=\"UltraSource\" \/>\n<meta property=\"article:publisher\" content=\"https:\/\/www.facebook.com\/UltraSourceUSA\/\" \/>\n<meta property=\"article:modified_time\" content=\"2024-09-03T00:06:18+00:00\" \/>\n<meta property=\"og:image\" content=\"https:\/\/ultrasource.com.mx\/wp-content\/uploads\/2023\/10\/ultravac3000.png\" \/>\n\t<meta property=\"og:image:width\" content=\"463\" \/>\n\t<meta property=\"og:image:height\" content=\"463\" \/>\n\t<meta property=\"og:image:type\" content=\"image\/png\" \/>\n<meta name=\"twitter:card\" content=\"summary_large_image\" \/>\n<meta name=\"twitter:site\" content=\"@UltraSourceUSA\" \/>\n<meta name=\"twitter:label1\" content=\"Est. reading time\" \/>\n\t<meta name=\"twitter:data1\" content=\"2 minutes\" \/>\n<script type=\"application\/ld+json\" class=\"yoast-schema-graph\">{\"@context\":\"https:\\\/\\\/schema.org\",\"@graph\":[{\"@type\":\"WebPage\",\"@id\":\"https:\\\/\\\/ultrasource.com.mx\\\/producto\\\/ultravac-3000\\\/\",\"url\":\"https:\\\/\\\/ultrasource.com.mx\\\/producto\\\/ultravac-3000\\\/\",\"name\":\"Ultravac 3000 - UltraSource\",\"isPartOf\":{\"@id\":\"https:\\\/\\\/ultrasource.com.mx\\\/#website\"},\"primaryImageOfPage\":{\"@id\":\"https:\\\/\\\/ultrasource.com.mx\\\/producto\\\/ultravac-3000\\\/#primaryimage\"},\"image\":{\"@id\":\"https:\\\/\\\/ultrasource.com.mx\\\/producto\\\/ultravac-3000\\\/#primaryimage\"},\"thumbnailUrl\":\"https:\\\/\\\/ultrasource.com.mx\\\/wp-content\\\/uploads\\\/2023\\\/10\\\/ultravac3000.png\",\"datePublished\":\"2023-10-29T04:13:56+00:00\",\"dateModified\":\"2024-09-03T00:06:18+00:00\",\"description\":\"Su c\u00e1mara permite el envasado al vac\u00edo de lomos de cerdo enteros, cortes de carne de res enteros, quesos, y m\u00e1s alimentos empacados al vac\u00edo.\",\"breadcrumb\":{\"@id\":\"https:\\\/\\\/ultrasource.com.mx\\\/producto\\\/ultravac-3000\\\/#breadcrumb\"},\"inLanguage\":\"en-US\",\"potentialAction\":[{\"@type\":\"ReadAction\",\"target\":[\"https:\\\/\\\/ultrasource.com.mx\\\/producto\\\/ultravac-3000\\\/\"]}]},{\"@type\":\"ImageObject\",\"inLanguage\":\"en-US\",\"@id\":\"https:\\\/\\\/ultrasource.com.mx\\\/producto\\\/ultravac-3000\\\/#primaryimage\",\"url\":\"https:\\\/\\\/ultrasource.com.mx\\\/wp-content\\\/uploads\\\/2023\\\/10\\\/ultravac3000.png\",\"contentUrl\":\"https:\\\/\\\/ultrasource.com.mx\\\/wp-content\\\/uploads\\\/2023\\\/10\\\/ultravac3000.png\",\"width\":463,\"height\":463},{\"@type\":\"BreadcrumbList\",\"@id\":\"https:\\\/\\\/ultrasource.com.mx\\\/producto\\\/ultravac-3000\\\/#breadcrumb\",\"itemListElement\":[{\"@type\":\"ListItem\",\"position\":1,\"name\":\"Portada\",\"item\":\"https:\\\/\\\/ultrasource.com.mx\\\/\"},{\"@type\":\"ListItem\",\"position\":2,\"name\":\"Catalog\",\"item\":\"https:\\\/\\\/ultrasource.com.mx\\\/catalog\\\/\"},{\"@type\":\"ListItem\",\"position\":3,\"name\":\"Ultravac 3000\"}]},{\"@type\":\"WebSite\",\"@id\":\"https:\\\/\\\/ultrasource.com.mx\\\/#website\",\"url\":\"https:\\\/\\\/ultrasource.com.mx\\\/\",\"name\":\"UltraSource\",\"description\":\"\",\"publisher\":{\"@id\":\"https:\\\/\\\/ultrasource.com.mx\\\/#organization\"},\"potentialAction\":[{\"@type\":\"SearchAction\",\"target\":{\"@type\":\"EntryPoint\",\"urlTemplate\":\"https:\\\/\\\/ultrasource.com.mx\\\/?s={search_term_string}\"},\"query-input\":{\"@type\":\"PropertyValueSpecification\",\"valueRequired\":true,\"valueName\":\"search_term_string\"}}],\"inLanguage\":\"en-US\"},{\"@type\":\"Organization\",\"@id\":\"https:\\\/\\\/ultrasource.com.mx\\\/#organization\",\"name\":\"UltraSource\",\"url\":\"https:\\\/\\\/ultrasource.com.mx\\\/\",\"logo\":{\"@type\":\"ImageObject\",\"inLanguage\":\"en-US\",\"@id\":\"https:\\\/\\\/ultrasource.com.mx\\\/#\\\/schema\\\/logo\\\/image\\\/\",\"url\":\"https:\\\/\\\/ultrasource.com.mx\\\/wp-content\\\/uploads\\\/2023\\\/02\\\/ultrasource-logo-vertical.svg\",\"contentUrl\":\"https:\\\/\\\/ultrasource.com.mx\\\/wp-content\\\/uploads\\\/2023\\\/02\\\/ultrasource-logo-vertical.svg\",\"width\":100,\"height\":100,\"caption\":\"UltraSource\"},\"image\":{\"@id\":\"https:\\\/\\\/ultrasource.com.mx\\\/#\\\/schema\\\/logo\\\/image\\\/\"},\"sameAs\":[\"https:\\\/\\\/www.facebook.com\\\/UltraSourceUSA\\\/\",\"https:\\\/\\\/x.com\\\/UltraSourceUSA\",\"http:\\\/\\\/www.linkedin.com\\\/company\\\/ultrasource-llc\",\"https:\\\/\\\/www.youtube.com\\\/channel\\\/UCNHEJAkgGhh_JOoO4DcBFmQ\"]}]}<\/script>\n<!-- \/ Yoast SEO plugin. -->","yoast_head_json":{"title":"Ultravac 3000 - UltraSource","description":"Su c\u00e1mara permite el envasado al vac\u00edo de lomos de cerdo enteros, cortes de carne de res enteros, quesos, y m\u00e1s alimentos empacados al vac\u00edo.","robots":{"index":"index","follow":"follow","max-snippet":"max-snippet:-1","max-image-preview":"max-image-preview:large","max-video-preview":"max-video-preview:-1"},"canonical":"https:\/\/ultrasource.com.mx\/en\/product\/ultravac-3000\/","og_locale":"en_US","og_type":"article","og_title":"Ultravac 3000 - UltraSource","og_description":"Su c\u00e1mara permite el envasado al vac\u00edo de lomos de cerdo enteros, cortes de carne de res enteros, quesos, y m\u00e1s alimentos empacados al vac\u00edo.","og_url":"https:\/\/ultrasource.com.mx\/en\/product\/ultravac-3000\/","og_site_name":"UltraSource","article_publisher":"https:\/\/www.facebook.com\/UltraSourceUSA\/","article_modified_time":"2024-09-03T00:06:18+00:00","og_image":[{"width":463,"height":463,"url":"https:\/\/ultrasource.com.mx\/wp-content\/uploads\/2023\/10\/ultravac3000.png","type":"image\/png"}],"twitter_card":"summary_large_image","twitter_site":"@UltraSourceUSA","twitter_misc":{"Est. reading time":"2 minutes"},"schema":{"@context":"https:\/\/schema.org","@graph":[{"@type":"WebPage","@id":"https:\/\/ultrasource.com.mx\/producto\/ultravac-3000\/","url":"https:\/\/ultrasource.com.mx\/producto\/ultravac-3000\/","name":"Ultravac 3000 - UltraSource","isPartOf":{"@id":"https:\/\/ultrasource.com.mx\/#website"},"primaryImageOfPage":{"@id":"https:\/\/ultrasource.com.mx\/producto\/ultravac-3000\/#primaryimage"},"image":{"@id":"https:\/\/ultrasource.com.mx\/producto\/ultravac-3000\/#primaryimage"},"thumbnailUrl":"https:\/\/ultrasource.com.mx\/wp-content\/uploads\/2023\/10\/ultravac3000.png","datePublished":"2023-10-29T04:13:56+00:00","dateModified":"2024-09-03T00:06:18+00:00","description":"Su c\u00e1mara permite el envasado al vac\u00edo de lomos de cerdo enteros, cortes de carne de res enteros, quesos, y m\u00e1s alimentos empacados al vac\u00edo.","breadcrumb":{"@id":"https:\/\/ultrasource.com.mx\/producto\/ultravac-3000\/#breadcrumb"},"inLanguage":"en-US","potentialAction":[{"@type":"ReadAction","target":["https:\/\/ultrasource.com.mx\/producto\/ultravac-3000\/"]}]},{"@type":"ImageObject","inLanguage":"en-US","@id":"https:\/\/ultrasource.com.mx\/producto\/ultravac-3000\/#primaryimage","url":"https:\/\/ultrasource.com.mx\/wp-content\/uploads\/2023\/10\/ultravac3000.png","contentUrl":"https:\/\/ultrasource.com.mx\/wp-content\/uploads\/2023\/10\/ultravac3000.png","width":463,"height":463},{"@type":"BreadcrumbList","@id":"https:\/\/ultrasource.com.mx\/producto\/ultravac-3000\/#breadcrumb","itemListElement":[{"@type":"ListItem","position":1,"name":"Portada","item":"https:\/\/ultrasource.com.mx\/"},{"@type":"ListItem","position":2,"name":"Catalog","item":"https:\/\/ultrasource.com.mx\/catalog\/"},{"@type":"ListItem","position":3,"name":"Ultravac 3000"}]},{"@type":"WebSite","@id":"https:\/\/ultrasource.com.mx\/#website","url":"https:\/\/ultrasource.com.mx\/","name":"UltraSource","description":"","publisher":{"@id":"https:\/\/ultrasource.com.mx\/#organization"},"potentialAction":[{"@type":"SearchAction","target":{"@type":"EntryPoint","urlTemplate":"https:\/\/ultrasource.com.mx\/?s={search_term_string}"},"query-input":{"@type":"PropertyValueSpecification","valueRequired":true,"valueName":"search_term_string"}}],"inLanguage":"en-US"},{"@type":"Organization","@id":"https:\/\/ultrasource.com.mx\/#organization","name":"UltraSource","url":"https:\/\/ultrasource.com.mx\/","logo":{"@type":"ImageObject","inLanguage":"en-US","@id":"https:\/\/ultrasource.com.mx\/#\/schema\/logo\/image\/","url":"https:\/\/ultrasource.com.mx\/wp-content\/uploads\/2023\/02\/ultrasource-logo-vertical.svg","contentUrl":"https:\/\/ultrasource.com.mx\/wp-content\/uploads\/2023\/02\/ultrasource-logo-vertical.svg","width":100,"height":100,"caption":"UltraSource"},"image":{"@id":"https:\/\/ultrasource.com.mx\/#\/schema\/logo\/image\/"},"sameAs":["https:\/\/www.facebook.com\/UltraSourceUSA\/","https:\/\/x.com\/UltraSourceUSA","http:\/\/www.linkedin.com\/company\/ultrasource-llc","https:\/\/www.youtube.com\/channel\/UCNHEJAkgGhh_JOoO4DcBFmQ"]}]}},"_links":{"self":[{"href":"https:\/\/ultrasource.com.mx\/en\/wp-json\/wp\/v2\/product\/371","targetHints":{"allow":["GET"]}}],"collection":[{"href":"https:\/\/ultrasource.com.mx\/en\/wp-json\/wp\/v2\/product"}],"about":[{"href":"https:\/\/ultrasource.com.mx\/en\/wp-json\/wp\/v2\/types\/product"}],"replies":[{"embeddable":true,"href":"https:\/\/ultrasource.com.mx\/en\/wp-json\/wp\/v2\/comments?post=371"}],"wp:featuredmedia":[{"embeddable":true,"href":"https:\/\/ultrasource.com.mx\/en\/wp-json\/wp\/v2\/media\/372"}],"wp:attachment":[{"href":"https:\/\/ultrasource.com.mx\/en\/wp-json\/wp\/v2\/media?parent=371"}],"wp:term":[{"taxonomy":"product_brand","embeddable":true,"href":"https:\/\/ultrasource.com.mx\/en\/wp-json\/wp\/v2\/product_brand?post=371"},{"taxonomy":"product_cat","embeddable":true,"href":"https:\/\/ultrasource.com.mx\/en\/wp-json\/wp\/v2\/product_cat?post=371"},{"taxonomy":"product_tag","embeddable":true,"href":"https:\/\/ultrasource.com.mx\/en\/wp-json\/wp\/v2\/product_tag?post=371"}],"curies":[{"name":"wp","href":"https:\/\/api.w.org\/{rel}","templated":true}]}}