{"id":1025,"date":"2024-03-29T16:45:19","date_gmt":"2024-03-29T16:45:19","guid":{"rendered":"https:\/\/ultrasource.com.mx\/?post_type=product&#038;p=1025"},"modified":"2024-09-03T00:07:20","modified_gmt":"2024-09-03T00:07:20","slug":"guante-de-malla-metalica-2","status":"publish","type":"product","link":"https:\/\/ultrasource.com.mx\/en\/product\/guante-de-malla-metalica-2\/","title":{"rendered":"Guante de malla met\u00e1lica"},"content":{"rendered":"<p>Guante de malla met\u00e1lica con pu\u00f1o de longitud extendida y dos correas reemplazables. Ofrece protecci\u00f3n completa con malla de acero inoxidable para evitar lesiones graves en las manos. Disponible en tres opciones, incluido el pu\u00f1o de longitud de mu\u00f1eca, con correa reemplazable o con pu\u00f1o extendido y dos correas reemplazables.<\/p>\n<p>&#8211; Dos correas reemplazables<br \/>\n&#8211; Reversible para mano izquierda o derecha<br \/>\n&#8211; Cierre de hebilla totalmente ajustable.<\/p>","protected":false},"excerpt":{"rendered":"<p>Guante de malla met\u00e1lica con pu\u00f1o de longitud extendida y dos correas reemplazables. Ofrece protecci\u00f3n completa con malla de acero inoxidable para evitar lesiones graves en las manos. Disponible en tres opciones, incluido el pu\u00f1o de longitud de mu\u00f1eca, con correa reemplazable o con pu\u00f1o extendido y dos correas reemplazables.<\/p>","protected":false},"featured_media":1028,"comment_status":"open","ping_status":"closed","template":"","meta":{"_coblocks_attr":"","_coblocks_dimensions":"","_coblocks_responsive_height":"","_coblocks_accordion_ie_support":"","_joinchat":[]},"product_brand":[],"product_cat":[115,102],"product_tag":[126,33,116,119,125],"class_list":{"0":"post-1025","1":"product","2":"type-product","3":"status-publish","4":"has-post-thumbnail","6":"product_cat-guantes","7":"product_cat-insumos","8":"product_tag-carnicero","9":"product_tag-cortes","10":"product_tag-guante","11":"product_tag-malla","12":"product_tag-metalica","13":"ts_product_brand-ultrasource","15":"first","16":"instock","17":"shipping-taxable","18":"purchasable","19":"product-type-simple","20":"add-to-wishlist-after_add_to_cart"},"yoast_head":"<!-- This site is optimized with the Yoast SEO plugin v27.4 - https:\/\/yoast.com\/product\/yoast-seo-wordpress\/ -->\n<title>Guante de malla met\u00e1lica - UltraSource<\/title>\n<meta name=\"description\" content=\"Guante de malla met\u00e1lica con pu\u00f1o extendido y dos correas reemplazables. Protecci\u00f3n completa para evitar lesiones graves. Disponible en tres opciones.\" \/>\n<meta name=\"robots\" content=\"index, follow, max-snippet:-1, max-image-preview:large, max-video-preview:-1\" \/>\n<link rel=\"canonical\" href=\"https:\/\/ultrasource.com.mx\/en\/product\/guante-de-malla-metalica-2\/\" \/>\n<meta property=\"og:locale\" content=\"en_US\" \/>\n<meta property=\"og:type\" content=\"article\" \/>\n<meta property=\"og:title\" content=\"Guante de malla met\u00e1lica - UltraSource\" \/>\n<meta property=\"og:description\" content=\"Guante de malla met\u00e1lica con pu\u00f1o extendido y dos correas reemplazables. Protecci\u00f3n completa para evitar lesiones graves. Disponible en tres opciones.\" \/>\n<meta property=\"og:url\" content=\"https:\/\/ultrasource.com.mx\/en\/product\/guante-de-malla-metalica-2\/\" \/>\n<meta property=\"og:site_name\" content=\"UltraSource\" \/>\n<meta property=\"article:publisher\" content=\"https:\/\/www.facebook.com\/UltraSourceUSA\/\" \/>\n<meta property=\"article:modified_time\" content=\"2024-09-03T00:07:20+00:00\" \/>\n<meta property=\"og:image\" content=\"https:\/\/ultrasource.com.mx\/wp-content\/uploads\/2024\/03\/441050_1200_1.jpg\" \/>\n\t<meta property=\"og:image:width\" content=\"544\" \/>\n\t<meta property=\"og:image:height\" content=\"544\" \/>\n\t<meta property=\"og:image:type\" content=\"image\/jpeg\" \/>\n<meta name=\"twitter:card\" content=\"summary_large_image\" \/>\n<meta name=\"twitter:site\" content=\"@UltraSourceUSA\" \/>\n<meta name=\"twitter:label1\" content=\"Est. reading time\" \/>\n\t<meta name=\"twitter:data1\" content=\"1 minute\" \/>\n<script type=\"application\/ld+json\" class=\"yoast-schema-graph\">{\"@context\":\"https:\\\/\\\/schema.org\",\"@graph\":[{\"@type\":\"WebPage\",\"@id\":\"https:\\\/\\\/ultrasource.com.mx\\\/producto\\\/guante-de-malla-metalica-2\\\/\",\"url\":\"https:\\\/\\\/ultrasource.com.mx\\\/producto\\\/guante-de-malla-metalica-2\\\/\",\"name\":\"Guante de malla met\u00e1lica - UltraSource\",\"isPartOf\":{\"@id\":\"https:\\\/\\\/ultrasource.com.mx\\\/#website\"},\"primaryImageOfPage\":{\"@id\":\"https:\\\/\\\/ultrasource.com.mx\\\/producto\\\/guante-de-malla-metalica-2\\\/#primaryimage\"},\"image\":{\"@id\":\"https:\\\/\\\/ultrasource.com.mx\\\/producto\\\/guante-de-malla-metalica-2\\\/#primaryimage\"},\"thumbnailUrl\":\"https:\\\/\\\/ultrasource.com.mx\\\/wp-content\\\/uploads\\\/2024\\\/03\\\/441050_1200_1.jpg\",\"datePublished\":\"2024-03-29T16:45:19+00:00\",\"dateModified\":\"2024-09-03T00:07:20+00:00\",\"description\":\"Guante de malla met\u00e1lica con pu\u00f1o extendido y dos correas reemplazables. Protecci\u00f3n completa para evitar lesiones graves. Disponible en tres opciones.\",\"breadcrumb\":{\"@id\":\"https:\\\/\\\/ultrasource.com.mx\\\/producto\\\/guante-de-malla-metalica-2\\\/#breadcrumb\"},\"inLanguage\":\"en-US\",\"potentialAction\":[{\"@type\":\"ReadAction\",\"target\":[\"https:\\\/\\\/ultrasource.com.mx\\\/producto\\\/guante-de-malla-metalica-2\\\/\"]}]},{\"@type\":\"ImageObject\",\"inLanguage\":\"en-US\",\"@id\":\"https:\\\/\\\/ultrasource.com.mx\\\/producto\\\/guante-de-malla-metalica-2\\\/#primaryimage\",\"url\":\"https:\\\/\\\/ultrasource.com.mx\\\/wp-content\\\/uploads\\\/2024\\\/03\\\/441050_1200_1.jpg\",\"contentUrl\":\"https:\\\/\\\/ultrasource.com.mx\\\/wp-content\\\/uploads\\\/2024\\\/03\\\/441050_1200_1.jpg\",\"width\":544,\"height\":544,\"caption\":\"guante malla metalica\"},{\"@type\":\"BreadcrumbList\",\"@id\":\"https:\\\/\\\/ultrasource.com.mx\\\/producto\\\/guante-de-malla-metalica-2\\\/#breadcrumb\",\"itemListElement\":[{\"@type\":\"ListItem\",\"position\":1,\"name\":\"Portada\",\"item\":\"https:\\\/\\\/ultrasource.com.mx\\\/\"},{\"@type\":\"ListItem\",\"position\":2,\"name\":\"Catalog\",\"item\":\"https:\\\/\\\/ultrasource.com.mx\\\/catalog\\\/\"},{\"@type\":\"ListItem\",\"position\":3,\"name\":\"Guante de malla met\u00e1lica\"}]},{\"@type\":\"WebSite\",\"@id\":\"https:\\\/\\\/ultrasource.com.mx\\\/#website\",\"url\":\"https:\\\/\\\/ultrasource.com.mx\\\/\",\"name\":\"UltraSource\",\"description\":\"\",\"publisher\":{\"@id\":\"https:\\\/\\\/ultrasource.com.mx\\\/#organization\"},\"potentialAction\":[{\"@type\":\"SearchAction\",\"target\":{\"@type\":\"EntryPoint\",\"urlTemplate\":\"https:\\\/\\\/ultrasource.com.mx\\\/?s={search_term_string}\"},\"query-input\":{\"@type\":\"PropertyValueSpecification\",\"valueRequired\":true,\"valueName\":\"search_term_string\"}}],\"inLanguage\":\"en-US\"},{\"@type\":\"Organization\",\"@id\":\"https:\\\/\\\/ultrasource.com.mx\\\/#organization\",\"name\":\"UltraSource\",\"url\":\"https:\\\/\\\/ultrasource.com.mx\\\/\",\"logo\":{\"@type\":\"ImageObject\",\"inLanguage\":\"en-US\",\"@id\":\"https:\\\/\\\/ultrasource.com.mx\\\/#\\\/schema\\\/logo\\\/image\\\/\",\"url\":\"https:\\\/\\\/ultrasource.com.mx\\\/wp-content\\\/uploads\\\/2023\\\/02\\\/ultrasource-logo-vertical.svg\",\"contentUrl\":\"https:\\\/\\\/ultrasource.com.mx\\\/wp-content\\\/uploads\\\/2023\\\/02\\\/ultrasource-logo-vertical.svg\",\"width\":100,\"height\":100,\"caption\":\"UltraSource\"},\"image\":{\"@id\":\"https:\\\/\\\/ultrasource.com.mx\\\/#\\\/schema\\\/logo\\\/image\\\/\"},\"sameAs\":[\"https:\\\/\\\/www.facebook.com\\\/UltraSourceUSA\\\/\",\"https:\\\/\\\/x.com\\\/UltraSourceUSA\",\"http:\\\/\\\/www.linkedin.com\\\/company\\\/ultrasource-llc\",\"https:\\\/\\\/www.youtube.com\\\/channel\\\/UCNHEJAkgGhh_JOoO4DcBFmQ\"]}]}<\/script>\n<!-- \/ Yoast SEO plugin. -->","yoast_head_json":{"title":"Guante de malla met\u00e1lica - UltraSource","description":"Guante de malla met\u00e1lica con pu\u00f1o extendido y dos correas reemplazables. Protecci\u00f3n completa para evitar lesiones graves. Disponible en tres opciones.","robots":{"index":"index","follow":"follow","max-snippet":"max-snippet:-1","max-image-preview":"max-image-preview:large","max-video-preview":"max-video-preview:-1"},"canonical":"https:\/\/ultrasource.com.mx\/en\/product\/guante-de-malla-metalica-2\/","og_locale":"en_US","og_type":"article","og_title":"Guante de malla met\u00e1lica - UltraSource","og_description":"Guante de malla met\u00e1lica con pu\u00f1o extendido y dos correas reemplazables. Protecci\u00f3n completa para evitar lesiones graves. Disponible en tres opciones.","og_url":"https:\/\/ultrasource.com.mx\/en\/product\/guante-de-malla-metalica-2\/","og_site_name":"UltraSource","article_publisher":"https:\/\/www.facebook.com\/UltraSourceUSA\/","article_modified_time":"2024-09-03T00:07:20+00:00","og_image":[{"width":544,"height":544,"url":"https:\/\/ultrasource.com.mx\/wp-content\/uploads\/2024\/03\/441050_1200_1.jpg","type":"image\/jpeg"}],"twitter_card":"summary_large_image","twitter_site":"@UltraSourceUSA","twitter_misc":{"Est. reading time":"1 minute"},"schema":{"@context":"https:\/\/schema.org","@graph":[{"@type":"WebPage","@id":"https:\/\/ultrasource.com.mx\/producto\/guante-de-malla-metalica-2\/","url":"https:\/\/ultrasource.com.mx\/producto\/guante-de-malla-metalica-2\/","name":"Guante de malla met\u00e1lica - UltraSource","isPartOf":{"@id":"https:\/\/ultrasource.com.mx\/#website"},"primaryImageOfPage":{"@id":"https:\/\/ultrasource.com.mx\/producto\/guante-de-malla-metalica-2\/#primaryimage"},"image":{"@id":"https:\/\/ultrasource.com.mx\/producto\/guante-de-malla-metalica-2\/#primaryimage"},"thumbnailUrl":"https:\/\/ultrasource.com.mx\/wp-content\/uploads\/2024\/03\/441050_1200_1.jpg","datePublished":"2024-03-29T16:45:19+00:00","dateModified":"2024-09-03T00:07:20+00:00","description":"Guante de malla met\u00e1lica con pu\u00f1o extendido y dos correas reemplazables. Protecci\u00f3n completa para evitar lesiones graves. Disponible en tres opciones.","breadcrumb":{"@id":"https:\/\/ultrasource.com.mx\/producto\/guante-de-malla-metalica-2\/#breadcrumb"},"inLanguage":"en-US","potentialAction":[{"@type":"ReadAction","target":["https:\/\/ultrasource.com.mx\/producto\/guante-de-malla-metalica-2\/"]}]},{"@type":"ImageObject","inLanguage":"en-US","@id":"https:\/\/ultrasource.com.mx\/producto\/guante-de-malla-metalica-2\/#primaryimage","url":"https:\/\/ultrasource.com.mx\/wp-content\/uploads\/2024\/03\/441050_1200_1.jpg","contentUrl":"https:\/\/ultrasource.com.mx\/wp-content\/uploads\/2024\/03\/441050_1200_1.jpg","width":544,"height":544,"caption":"guante malla metalica"},{"@type":"BreadcrumbList","@id":"https:\/\/ultrasource.com.mx\/producto\/guante-de-malla-metalica-2\/#breadcrumb","itemListElement":[{"@type":"ListItem","position":1,"name":"Portada","item":"https:\/\/ultrasource.com.mx\/"},{"@type":"ListItem","position":2,"name":"Catalog","item":"https:\/\/ultrasource.com.mx\/catalog\/"},{"@type":"ListItem","position":3,"name":"Guante de malla met\u00e1lica"}]},{"@type":"WebSite","@id":"https:\/\/ultrasource.com.mx\/#website","url":"https:\/\/ultrasource.com.mx\/","name":"UltraSource","description":"","publisher":{"@id":"https:\/\/ultrasource.com.mx\/#organization"},"potentialAction":[{"@type":"SearchAction","target":{"@type":"EntryPoint","urlTemplate":"https:\/\/ultrasource.com.mx\/?s={search_term_string}"},"query-input":{"@type":"PropertyValueSpecification","valueRequired":true,"valueName":"search_term_string"}}],"inLanguage":"en-US"},{"@type":"Organization","@id":"https:\/\/ultrasource.com.mx\/#organization","name":"UltraSource","url":"https:\/\/ultrasource.com.mx\/","logo":{"@type":"ImageObject","inLanguage":"en-US","@id":"https:\/\/ultrasource.com.mx\/#\/schema\/logo\/image\/","url":"https:\/\/ultrasource.com.mx\/wp-content\/uploads\/2023\/02\/ultrasource-logo-vertical.svg","contentUrl":"https:\/\/ultrasource.com.mx\/wp-content\/uploads\/2023\/02\/ultrasource-logo-vertical.svg","width":100,"height":100,"caption":"UltraSource"},"image":{"@id":"https:\/\/ultrasource.com.mx\/#\/schema\/logo\/image\/"},"sameAs":["https:\/\/www.facebook.com\/UltraSourceUSA\/","https:\/\/x.com\/UltraSourceUSA","http:\/\/www.linkedin.com\/company\/ultrasource-llc","https:\/\/www.youtube.com\/channel\/UCNHEJAkgGhh_JOoO4DcBFmQ"]}]}},"_links":{"self":[{"href":"https:\/\/ultrasource.com.mx\/en\/wp-json\/wp\/v2\/product\/1025","targetHints":{"allow":["GET"]}}],"collection":[{"href":"https:\/\/ultrasource.com.mx\/en\/wp-json\/wp\/v2\/product"}],"about":[{"href":"https:\/\/ultrasource.com.mx\/en\/wp-json\/wp\/v2\/types\/product"}],"replies":[{"embeddable":true,"href":"https:\/\/ultrasource.com.mx\/en\/wp-json\/wp\/v2\/comments?post=1025"}],"wp:featuredmedia":[{"embeddable":true,"href":"https:\/\/ultrasource.com.mx\/en\/wp-json\/wp\/v2\/media\/1028"}],"wp:attachment":[{"href":"https:\/\/ultrasource.com.mx\/en\/wp-json\/wp\/v2\/media?parent=1025"}],"wp:term":[{"taxonomy":"product_brand","embeddable":true,"href":"https:\/\/ultrasource.com.mx\/en\/wp-json\/wp\/v2\/product_brand?post=1025"},{"taxonomy":"product_cat","embeddable":true,"href":"https:\/\/ultrasource.com.mx\/en\/wp-json\/wp\/v2\/product_cat?post=1025"},{"taxonomy":"product_tag","embeddable":true,"href":"https:\/\/ultrasource.com.mx\/en\/wp-json\/wp\/v2\/product_tag?post=1025"}],"curies":[{"name":"wp","href":"https:\/\/api.w.org\/{rel}","templated":true}]}}