{"id":1019,"date":"2024-03-29T16:37:49","date_gmt":"2024-03-29T16:37:49","guid":{"rendered":"https:\/\/ultrasource.com.mx\/?post_type=product&#038;p=1019"},"modified":"2024-09-03T00:07:21","modified_gmt":"2024-09-03T00:07:21","slug":"guantes-ultraglove-anti-cortes","status":"publish","type":"product","link":"https:\/\/ultrasource.com.mx\/en\/product\/guantes-ultraglove-anti-cortes\/","title":{"rendered":"Guantes UltraGlove Anti Cortes"},"content":{"rendered":"<p>UltraSource UltraGlove\u2122 &#8211; Guantes Premium Resistentes a Cortes<\/p>\n<p>Los guantes UltraGlove\u2122 de UltraSource brindan un margen adicional de seguridad contra cuchillos y otras cuchillas. El guante tiene una clasificaci\u00f3n ANSI de Nivel A6 para una excelente resistencia al corte. Los guantes de peso medio son c\u00f3modos y lavables a m\u00e1quina.<\/p>\n<p>&#8211; Los guantes azules premium ofrecen destreza de guantes de calibre m\u00e1s ligero; pero brindan la protecci\u00f3n de un calibre m\u00e1s pesado<br \/>\n&#8211; Este guante premium tiene un Nivel de Rendimiento de Resistencia al Corte ANSI \/ ISEA A6. Fuerza promedio de calificaci\u00f3n de 3760 gf.<br \/>\n&#8211; Fibras de alto rendimiento y acero inoxidable<br \/>\n&#8211; Excelente movilidad y sensibilidad<br \/>\n&#8211; Reduce los cortes para ayudar a controlar bacterias y la contaminaci\u00f3n cruzada<br \/>\n&#8211; Excelentes caracter\u00edsticas de lavander\u00eda<br \/>\n&#8211; Muy c\u00f3modos para un uso prolongado<br \/>\n&#8211; Ambidiestros<br \/>\n&#8211; Fabricados en EE. UU.<\/p>","protected":false},"excerpt":{"rendered":"<p>Los guantes UltraGlove\u2122 de UltraSource brindan un margen adicional de seguridad contra cuchillos y otras cuchillas. El guante tiene una clasificaci\u00f3n ANSI de Nivel A6 para una excelente resistencia al corte. Los guantes de peso medio son c\u00f3modos y lavables a m\u00e1quina.<\/p>","protected":false},"featured_media":1022,"comment_status":"open","ping_status":"closed","template":"","meta":{"_coblocks_attr":"","_coblocks_dimensions":"","_coblocks_responsive_height":"","_coblocks_accordion_ie_support":"","_joinchat":[]},"product_brand":[],"product_cat":[115,102],"product_tag":[28,122,33,104,121,105],"class_list":{"0":"post-1019","1":"product","2":"type-product","3":"status-publish","4":"has-post-thumbnail","6":"product_cat-guantes","7":"product_cat-insumos","8":"product_tag-alimentos","9":"product_tag-anti-cortes","10":"product_tag-cortes","11":"product_tag-cuchillos","12":"product_tag-guantes","13":"product_tag-knife","14":"ts_product_brand-ultrasource","16":"first","17":"instock","18":"shipping-taxable","19":"purchasable","20":"product-type-simple","21":"add-to-wishlist-after_add_to_cart"},"yoast_head":"<!-- This site is optimized with the Yoast SEO plugin v27.4 - https:\/\/yoast.com\/product\/yoast-seo-wordpress\/ -->\n<title>Guantes UltraGlove Anti Cortes - UltraSource<\/title>\n<meta name=\"description\" content=\"Los guantes UltraGlove ofrecen una protecci\u00f3n premium contra cortes, con calificaci\u00f3n ANSI Level A6. C\u00f3modos, lavables y fabricados en EE. UU.\" \/>\n<meta name=\"robots\" content=\"index, follow, max-snippet:-1, max-image-preview:large, max-video-preview:-1\" \/>\n<link rel=\"canonical\" href=\"https:\/\/ultrasource.com.mx\/en\/product\/guantes-ultraglove-anti-cortes\/\" \/>\n<meta property=\"og:locale\" content=\"en_US\" \/>\n<meta property=\"og:type\" content=\"article\" \/>\n<meta property=\"og:title\" content=\"Guantes UltraGlove Anti Cortes - UltraSource\" \/>\n<meta property=\"og:description\" content=\"Los guantes UltraGlove ofrecen una protecci\u00f3n premium contra cortes, con calificaci\u00f3n ANSI Level A6. C\u00f3modos, lavables y fabricados en EE. UU.\" \/>\n<meta property=\"og:url\" content=\"https:\/\/ultrasource.com.mx\/en\/product\/guantes-ultraglove-anti-cortes\/\" \/>\n<meta property=\"og:site_name\" content=\"UltraSource\" \/>\n<meta property=\"article:publisher\" content=\"https:\/\/www.facebook.com\/UltraSourceUSA\/\" \/>\n<meta property=\"article:modified_time\" content=\"2024-09-03T00:07:21+00:00\" \/>\n<meta property=\"og:image\" content=\"https:\/\/ultrasource.com.mx\/wp-content\/uploads\/2024\/03\/441025_cutresistantglove_5.jpg\" \/>\n\t<meta property=\"og:image:width\" content=\"544\" \/>\n\t<meta property=\"og:image:height\" content=\"544\" \/>\n\t<meta property=\"og:image:type\" content=\"image\/jpeg\" \/>\n<meta name=\"twitter:card\" content=\"summary_large_image\" \/>\n<meta name=\"twitter:site\" content=\"@UltraSourceUSA\" \/>\n<meta name=\"twitter:label1\" content=\"Est. reading time\" \/>\n\t<meta name=\"twitter:data1\" content=\"1 minute\" \/>\n<script type=\"application\/ld+json\" class=\"yoast-schema-graph\">{\"@context\":\"https:\\\/\\\/schema.org\",\"@graph\":[{\"@type\":\"WebPage\",\"@id\":\"https:\\\/\\\/ultrasource.com.mx\\\/producto\\\/guantes-ultraglove-anti-cortes\\\/\",\"url\":\"https:\\\/\\\/ultrasource.com.mx\\\/producto\\\/guantes-ultraglove-anti-cortes\\\/\",\"name\":\"Guantes UltraGlove Anti Cortes - UltraSource\",\"isPartOf\":{\"@id\":\"https:\\\/\\\/ultrasource.com.mx\\\/#website\"},\"primaryImageOfPage\":{\"@id\":\"https:\\\/\\\/ultrasource.com.mx\\\/producto\\\/guantes-ultraglove-anti-cortes\\\/#primaryimage\"},\"image\":{\"@id\":\"https:\\\/\\\/ultrasource.com.mx\\\/producto\\\/guantes-ultraglove-anti-cortes\\\/#primaryimage\"},\"thumbnailUrl\":\"https:\\\/\\\/ultrasource.com.mx\\\/wp-content\\\/uploads\\\/2024\\\/03\\\/441025_cutresistantglove_5.jpg\",\"datePublished\":\"2024-03-29T16:37:49+00:00\",\"dateModified\":\"2024-09-03T00:07:21+00:00\",\"description\":\"Los guantes UltraGlove ofrecen una protecci\u00f3n premium contra cortes, con calificaci\u00f3n ANSI Level A6. C\u00f3modos, lavables y fabricados en EE. UU.\",\"breadcrumb\":{\"@id\":\"https:\\\/\\\/ultrasource.com.mx\\\/producto\\\/guantes-ultraglove-anti-cortes\\\/#breadcrumb\"},\"inLanguage\":\"en-US\",\"potentialAction\":[{\"@type\":\"ReadAction\",\"target\":[\"https:\\\/\\\/ultrasource.com.mx\\\/producto\\\/guantes-ultraglove-anti-cortes\\\/\"]}]},{\"@type\":\"ImageObject\",\"inLanguage\":\"en-US\",\"@id\":\"https:\\\/\\\/ultrasource.com.mx\\\/producto\\\/guantes-ultraglove-anti-cortes\\\/#primaryimage\",\"url\":\"https:\\\/\\\/ultrasource.com.mx\\\/wp-content\\\/uploads\\\/2024\\\/03\\\/441025_cutresistantglove_5.jpg\",\"contentUrl\":\"https:\\\/\\\/ultrasource.com.mx\\\/wp-content\\\/uploads\\\/2024\\\/03\\\/441025_cutresistantglove_5.jpg\",\"width\":544,\"height\":544,\"caption\":\"Ultraglove anti cortes\"},{\"@type\":\"BreadcrumbList\",\"@id\":\"https:\\\/\\\/ultrasource.com.mx\\\/producto\\\/guantes-ultraglove-anti-cortes\\\/#breadcrumb\",\"itemListElement\":[{\"@type\":\"ListItem\",\"position\":1,\"name\":\"Portada\",\"item\":\"https:\\\/\\\/ultrasource.com.mx\\\/\"},{\"@type\":\"ListItem\",\"position\":2,\"name\":\"Catalog\",\"item\":\"https:\\\/\\\/ultrasource.com.mx\\\/catalog\\\/\"},{\"@type\":\"ListItem\",\"position\":3,\"name\":\"Guantes UltraGlove Anti Cortes\"}]},{\"@type\":\"WebSite\",\"@id\":\"https:\\\/\\\/ultrasource.com.mx\\\/#website\",\"url\":\"https:\\\/\\\/ultrasource.com.mx\\\/\",\"name\":\"UltraSource\",\"description\":\"\",\"publisher\":{\"@id\":\"https:\\\/\\\/ultrasource.com.mx\\\/#organization\"},\"potentialAction\":[{\"@type\":\"SearchAction\",\"target\":{\"@type\":\"EntryPoint\",\"urlTemplate\":\"https:\\\/\\\/ultrasource.com.mx\\\/?s={search_term_string}\"},\"query-input\":{\"@type\":\"PropertyValueSpecification\",\"valueRequired\":true,\"valueName\":\"search_term_string\"}}],\"inLanguage\":\"en-US\"},{\"@type\":\"Organization\",\"@id\":\"https:\\\/\\\/ultrasource.com.mx\\\/#organization\",\"name\":\"UltraSource\",\"url\":\"https:\\\/\\\/ultrasource.com.mx\\\/\",\"logo\":{\"@type\":\"ImageObject\",\"inLanguage\":\"en-US\",\"@id\":\"https:\\\/\\\/ultrasource.com.mx\\\/#\\\/schema\\\/logo\\\/image\\\/\",\"url\":\"https:\\\/\\\/ultrasource.com.mx\\\/wp-content\\\/uploads\\\/2023\\\/02\\\/ultrasource-logo-vertical.svg\",\"contentUrl\":\"https:\\\/\\\/ultrasource.com.mx\\\/wp-content\\\/uploads\\\/2023\\\/02\\\/ultrasource-logo-vertical.svg\",\"width\":100,\"height\":100,\"caption\":\"UltraSource\"},\"image\":{\"@id\":\"https:\\\/\\\/ultrasource.com.mx\\\/#\\\/schema\\\/logo\\\/image\\\/\"},\"sameAs\":[\"https:\\\/\\\/www.facebook.com\\\/UltraSourceUSA\\\/\",\"https:\\\/\\\/x.com\\\/UltraSourceUSA\",\"http:\\\/\\\/www.linkedin.com\\\/company\\\/ultrasource-llc\",\"https:\\\/\\\/www.youtube.com\\\/channel\\\/UCNHEJAkgGhh_JOoO4DcBFmQ\"]}]}<\/script>\n<!-- \/ Yoast SEO plugin. -->","yoast_head_json":{"title":"Guantes UltraGlove Anti Cortes - UltraSource","description":"Los guantes UltraGlove ofrecen una protecci\u00f3n premium contra cortes, con calificaci\u00f3n ANSI Level A6. C\u00f3modos, lavables y fabricados en EE. UU.","robots":{"index":"index","follow":"follow","max-snippet":"max-snippet:-1","max-image-preview":"max-image-preview:large","max-video-preview":"max-video-preview:-1"},"canonical":"https:\/\/ultrasource.com.mx\/en\/product\/guantes-ultraglove-anti-cortes\/","og_locale":"en_US","og_type":"article","og_title":"Guantes UltraGlove Anti Cortes - UltraSource","og_description":"Los guantes UltraGlove ofrecen una protecci\u00f3n premium contra cortes, con calificaci\u00f3n ANSI Level A6. C\u00f3modos, lavables y fabricados en EE. UU.","og_url":"https:\/\/ultrasource.com.mx\/en\/product\/guantes-ultraglove-anti-cortes\/","og_site_name":"UltraSource","article_publisher":"https:\/\/www.facebook.com\/UltraSourceUSA\/","article_modified_time":"2024-09-03T00:07:21+00:00","og_image":[{"width":544,"height":544,"url":"https:\/\/ultrasource.com.mx\/wp-content\/uploads\/2024\/03\/441025_cutresistantglove_5.jpg","type":"image\/jpeg"}],"twitter_card":"summary_large_image","twitter_site":"@UltraSourceUSA","twitter_misc":{"Est. reading time":"1 minute"},"schema":{"@context":"https:\/\/schema.org","@graph":[{"@type":"WebPage","@id":"https:\/\/ultrasource.com.mx\/producto\/guantes-ultraglove-anti-cortes\/","url":"https:\/\/ultrasource.com.mx\/producto\/guantes-ultraglove-anti-cortes\/","name":"Guantes UltraGlove Anti Cortes - UltraSource","isPartOf":{"@id":"https:\/\/ultrasource.com.mx\/#website"},"primaryImageOfPage":{"@id":"https:\/\/ultrasource.com.mx\/producto\/guantes-ultraglove-anti-cortes\/#primaryimage"},"image":{"@id":"https:\/\/ultrasource.com.mx\/producto\/guantes-ultraglove-anti-cortes\/#primaryimage"},"thumbnailUrl":"https:\/\/ultrasource.com.mx\/wp-content\/uploads\/2024\/03\/441025_cutresistantglove_5.jpg","datePublished":"2024-03-29T16:37:49+00:00","dateModified":"2024-09-03T00:07:21+00:00","description":"Los guantes UltraGlove ofrecen una protecci\u00f3n premium contra cortes, con calificaci\u00f3n ANSI Level A6. C\u00f3modos, lavables y fabricados en EE. UU.","breadcrumb":{"@id":"https:\/\/ultrasource.com.mx\/producto\/guantes-ultraglove-anti-cortes\/#breadcrumb"},"inLanguage":"en-US","potentialAction":[{"@type":"ReadAction","target":["https:\/\/ultrasource.com.mx\/producto\/guantes-ultraglove-anti-cortes\/"]}]},{"@type":"ImageObject","inLanguage":"en-US","@id":"https:\/\/ultrasource.com.mx\/producto\/guantes-ultraglove-anti-cortes\/#primaryimage","url":"https:\/\/ultrasource.com.mx\/wp-content\/uploads\/2024\/03\/441025_cutresistantglove_5.jpg","contentUrl":"https:\/\/ultrasource.com.mx\/wp-content\/uploads\/2024\/03\/441025_cutresistantglove_5.jpg","width":544,"height":544,"caption":"Ultraglove anti cortes"},{"@type":"BreadcrumbList","@id":"https:\/\/ultrasource.com.mx\/producto\/guantes-ultraglove-anti-cortes\/#breadcrumb","itemListElement":[{"@type":"ListItem","position":1,"name":"Portada","item":"https:\/\/ultrasource.com.mx\/"},{"@type":"ListItem","position":2,"name":"Catalog","item":"https:\/\/ultrasource.com.mx\/catalog\/"},{"@type":"ListItem","position":3,"name":"Guantes UltraGlove Anti Cortes"}]},{"@type":"WebSite","@id":"https:\/\/ultrasource.com.mx\/#website","url":"https:\/\/ultrasource.com.mx\/","name":"UltraSource","description":"","publisher":{"@id":"https:\/\/ultrasource.com.mx\/#organization"},"potentialAction":[{"@type":"SearchAction","target":{"@type":"EntryPoint","urlTemplate":"https:\/\/ultrasource.com.mx\/?s={search_term_string}"},"query-input":{"@type":"PropertyValueSpecification","valueRequired":true,"valueName":"search_term_string"}}],"inLanguage":"en-US"},{"@type":"Organization","@id":"https:\/\/ultrasource.com.mx\/#organization","name":"UltraSource","url":"https:\/\/ultrasource.com.mx\/","logo":{"@type":"ImageObject","inLanguage":"en-US","@id":"https:\/\/ultrasource.com.mx\/#\/schema\/logo\/image\/","url":"https:\/\/ultrasource.com.mx\/wp-content\/uploads\/2023\/02\/ultrasource-logo-vertical.svg","contentUrl":"https:\/\/ultrasource.com.mx\/wp-content\/uploads\/2023\/02\/ultrasource-logo-vertical.svg","width":100,"height":100,"caption":"UltraSource"},"image":{"@id":"https:\/\/ultrasource.com.mx\/#\/schema\/logo\/image\/"},"sameAs":["https:\/\/www.facebook.com\/UltraSourceUSA\/","https:\/\/x.com\/UltraSourceUSA","http:\/\/www.linkedin.com\/company\/ultrasource-llc","https:\/\/www.youtube.com\/channel\/UCNHEJAkgGhh_JOoO4DcBFmQ"]}]}},"_links":{"self":[{"href":"https:\/\/ultrasource.com.mx\/en\/wp-json\/wp\/v2\/product\/1019","targetHints":{"allow":["GET"]}}],"collection":[{"href":"https:\/\/ultrasource.com.mx\/en\/wp-json\/wp\/v2\/product"}],"about":[{"href":"https:\/\/ultrasource.com.mx\/en\/wp-json\/wp\/v2\/types\/product"}],"replies":[{"embeddable":true,"href":"https:\/\/ultrasource.com.mx\/en\/wp-json\/wp\/v2\/comments?post=1019"}],"wp:featuredmedia":[{"embeddable":true,"href":"https:\/\/ultrasource.com.mx\/en\/wp-json\/wp\/v2\/media\/1022"}],"wp:attachment":[{"href":"https:\/\/ultrasource.com.mx\/en\/wp-json\/wp\/v2\/media?parent=1019"}],"wp:term":[{"taxonomy":"product_brand","embeddable":true,"href":"https:\/\/ultrasource.com.mx\/en\/wp-json\/wp\/v2\/product_brand?post=1019"},{"taxonomy":"product_cat","embeddable":true,"href":"https:\/\/ultrasource.com.mx\/en\/wp-json\/wp\/v2\/product_cat?post=1019"},{"taxonomy":"product_tag","embeddable":true,"href":"https:\/\/ultrasource.com.mx\/en\/wp-json\/wp\/v2\/product_tag?post=1019"}],"curies":[{"name":"wp","href":"https:\/\/api.w.org\/{rel}","templated":true}]}}