{"id":1015,"date":"2024-03-29T16:33:05","date_gmt":"2024-03-29T16:33:05","guid":{"rendered":"https:\/\/ultrasource.com.mx\/?post_type=product&#038;p=1015"},"modified":"2024-09-03T00:07:22","modified_gmt":"2024-09-03T00:07:22","slug":"guante-de-malla-metalica","status":"publish","type":"product","link":"https:\/\/ultrasource.com.mx\/en\/product\/guante-de-malla-metalica\/","title":{"rendered":"Guante de Malla Met\u00e1lica"},"content":{"rendered":"<p>Guante de malla met\u00e1lica con pu\u00f1o de longitud de mu\u00f1eca y correa cosida. Ofrece protecci\u00f3n completa con malla de acero inoxidable para evitar lesiones graves en las manos. Disponible con tres opciones, incluido el pu\u00f1o de longitud de mu\u00f1eca, con correa reemplazable o con pu\u00f1o extendido y dos correas reemplazables.<\/p>\n<p>&#8211; Reversible para mano izquierda o derecha<br \/>\n&#8211; Cierre de broche totalmente ajustable<br \/>\n&#8211; Abertura lateral para poner y quitar r\u00e1pidamente.<\/p>","protected":false},"excerpt":{"rendered":"<p>Guante de malla met\u00e1lica con pu\u00f1o de longitud de mu\u00f1eca y correa cosida. Ofrece protecci\u00f3n completa con malla de acero inoxidable para evitar lesiones graves en las manos. Disponible con tres opciones, incluido el pu\u00f1o de longitud de mu\u00f1eca, con correa reemplazable o con pu\u00f1o extendido y dos correas reemplazables.<\/p>\n<p>&#8211; Reversible para mano izquierda o derecha<br \/>\n&#8211; Cierre de broche totalmente ajustable<br \/>\n&#8211; Abertura lateral para poner y quitar r\u00e1pidamente.<\/p>","protected":false},"featured_media":1018,"comment_status":"open","ping_status":"closed","template":"","meta":{"_coblocks_attr":"","_coblocks_dimensions":"","_coblocks_responsive_height":"","_coblocks_accordion_ie_support":"","_joinchat":[]},"product_brand":[],"product_cat":[115,102],"product_tag":[104,110,116,117,119,120,118],"class_list":{"0":"post-1015","1":"product","2":"type-product","3":"status-publish","4":"has-post-thumbnail","6":"product_cat-guantes","7":"product_cat-insumos","8":"product_tag-cuchillos","9":"product_tag-filo","10":"product_tag-guante","11":"product_tag-lesiones","12":"product_tag-malla","13":"product_tag-metalico","14":"product_tag-protector","15":"ts_product_brand-ultrasource","17":"first","18":"instock","19":"shipping-taxable","20":"purchasable","21":"product-type-simple","22":"add-to-wishlist-after_add_to_cart"},"yoast_head":"<!-- This site is optimized with the Yoast SEO plugin v27.4 - https:\/\/yoast.com\/product\/yoast-seo-wordpress\/ -->\n<title>Guante de Malla Met\u00e1lica - UltraSource<\/title>\n<meta name=\"description\" content=\"Guante de malla met\u00e1lica con protecci\u00f3n completa. Ajustable, reversible y f\u00e1cil de poner. \u00a1Evita lesiones graves en las manos!\" \/>\n<meta name=\"robots\" content=\"index, follow, max-snippet:-1, max-image-preview:large, max-video-preview:-1\" \/>\n<link rel=\"canonical\" href=\"https:\/\/ultrasource.com.mx\/en\/product\/guante-de-malla-metalica\/\" \/>\n<meta property=\"og:locale\" content=\"en_US\" \/>\n<meta property=\"og:type\" content=\"article\" \/>\n<meta property=\"og:title\" content=\"Guante de Malla Met\u00e1lica - UltraSource\" \/>\n<meta property=\"og:description\" content=\"Guante de malla met\u00e1lica con protecci\u00f3n completa. Ajustable, reversible y f\u00e1cil de poner. \u00a1Evita lesiones graves en las manos!\" \/>\n<meta property=\"og:url\" content=\"https:\/\/ultrasource.com.mx\/en\/product\/guante-de-malla-metalica\/\" \/>\n<meta property=\"og:site_name\" content=\"UltraSource\" \/>\n<meta property=\"article:publisher\" content=\"https:\/\/www.facebook.com\/UltraSourceUSA\/\" \/>\n<meta property=\"article:modified_time\" content=\"2024-09-03T00:07:22+00:00\" \/>\n<meta property=\"og:image\" content=\"https:\/\/ultrasource.com.mx\/wp-content\/uploads\/2024\/03\/441030_600.jpg\" \/>\n\t<meta property=\"og:image:width\" content=\"544\" \/>\n\t<meta property=\"og:image:height\" content=\"544\" \/>\n\t<meta property=\"og:image:type\" content=\"image\/jpeg\" \/>\n<meta name=\"twitter:card\" content=\"summary_large_image\" \/>\n<meta name=\"twitter:site\" content=\"@UltraSourceUSA\" \/>\n<meta name=\"twitter:label1\" content=\"Est. reading time\" \/>\n\t<meta name=\"twitter:data1\" content=\"1 minute\" \/>\n<script type=\"application\/ld+json\" class=\"yoast-schema-graph\">{\"@context\":\"https:\\\/\\\/schema.org\",\"@graph\":[{\"@type\":\"WebPage\",\"@id\":\"https:\\\/\\\/ultrasource.com.mx\\\/producto\\\/guante-de-malla-metalica\\\/\",\"url\":\"https:\\\/\\\/ultrasource.com.mx\\\/producto\\\/guante-de-malla-metalica\\\/\",\"name\":\"Guante de Malla Met\u00e1lica - UltraSource\",\"isPartOf\":{\"@id\":\"https:\\\/\\\/ultrasource.com.mx\\\/#website\"},\"primaryImageOfPage\":{\"@id\":\"https:\\\/\\\/ultrasource.com.mx\\\/producto\\\/guante-de-malla-metalica\\\/#primaryimage\"},\"image\":{\"@id\":\"https:\\\/\\\/ultrasource.com.mx\\\/producto\\\/guante-de-malla-metalica\\\/#primaryimage\"},\"thumbnailUrl\":\"https:\\\/\\\/ultrasource.com.mx\\\/wp-content\\\/uploads\\\/2024\\\/03\\\/441030_600.jpg\",\"datePublished\":\"2024-03-29T16:33:05+00:00\",\"dateModified\":\"2024-09-03T00:07:22+00:00\",\"description\":\"Guante de malla met\u00e1lica con protecci\u00f3n completa. Ajustable, reversible y f\u00e1cil de poner. \u00a1Evita lesiones graves en las manos!\",\"breadcrumb\":{\"@id\":\"https:\\\/\\\/ultrasource.com.mx\\\/producto\\\/guante-de-malla-metalica\\\/#breadcrumb\"},\"inLanguage\":\"en-US\",\"potentialAction\":[{\"@type\":\"ReadAction\",\"target\":[\"https:\\\/\\\/ultrasource.com.mx\\\/producto\\\/guante-de-malla-metalica\\\/\"]}]},{\"@type\":\"ImageObject\",\"inLanguage\":\"en-US\",\"@id\":\"https:\\\/\\\/ultrasource.com.mx\\\/producto\\\/guante-de-malla-metalica\\\/#primaryimage\",\"url\":\"https:\\\/\\\/ultrasource.com.mx\\\/wp-content\\\/uploads\\\/2024\\\/03\\\/441030_600.jpg\",\"contentUrl\":\"https:\\\/\\\/ultrasource.com.mx\\\/wp-content\\\/uploads\\\/2024\\\/03\\\/441030_600.jpg\",\"width\":544,\"height\":544,\"caption\":\"guante de malla metalica\"},{\"@type\":\"BreadcrumbList\",\"@id\":\"https:\\\/\\\/ultrasource.com.mx\\\/producto\\\/guante-de-malla-metalica\\\/#breadcrumb\",\"itemListElement\":[{\"@type\":\"ListItem\",\"position\":1,\"name\":\"Portada\",\"item\":\"https:\\\/\\\/ultrasource.com.mx\\\/\"},{\"@type\":\"ListItem\",\"position\":2,\"name\":\"Catalog\",\"item\":\"https:\\\/\\\/ultrasource.com.mx\\\/catalog\\\/\"},{\"@type\":\"ListItem\",\"position\":3,\"name\":\"Guante de Malla Met\u00e1lica\"}]},{\"@type\":\"WebSite\",\"@id\":\"https:\\\/\\\/ultrasource.com.mx\\\/#website\",\"url\":\"https:\\\/\\\/ultrasource.com.mx\\\/\",\"name\":\"UltraSource\",\"description\":\"\",\"publisher\":{\"@id\":\"https:\\\/\\\/ultrasource.com.mx\\\/#organization\"},\"potentialAction\":[{\"@type\":\"SearchAction\",\"target\":{\"@type\":\"EntryPoint\",\"urlTemplate\":\"https:\\\/\\\/ultrasource.com.mx\\\/?s={search_term_string}\"},\"query-input\":{\"@type\":\"PropertyValueSpecification\",\"valueRequired\":true,\"valueName\":\"search_term_string\"}}],\"inLanguage\":\"en-US\"},{\"@type\":\"Organization\",\"@id\":\"https:\\\/\\\/ultrasource.com.mx\\\/#organization\",\"name\":\"UltraSource\",\"url\":\"https:\\\/\\\/ultrasource.com.mx\\\/\",\"logo\":{\"@type\":\"ImageObject\",\"inLanguage\":\"en-US\",\"@id\":\"https:\\\/\\\/ultrasource.com.mx\\\/#\\\/schema\\\/logo\\\/image\\\/\",\"url\":\"https:\\\/\\\/ultrasource.com.mx\\\/wp-content\\\/uploads\\\/2023\\\/02\\\/ultrasource-logo-vertical.svg\",\"contentUrl\":\"https:\\\/\\\/ultrasource.com.mx\\\/wp-content\\\/uploads\\\/2023\\\/02\\\/ultrasource-logo-vertical.svg\",\"width\":100,\"height\":100,\"caption\":\"UltraSource\"},\"image\":{\"@id\":\"https:\\\/\\\/ultrasource.com.mx\\\/#\\\/schema\\\/logo\\\/image\\\/\"},\"sameAs\":[\"https:\\\/\\\/www.facebook.com\\\/UltraSourceUSA\\\/\",\"https:\\\/\\\/x.com\\\/UltraSourceUSA\",\"http:\\\/\\\/www.linkedin.com\\\/company\\\/ultrasource-llc\",\"https:\\\/\\\/www.youtube.com\\\/channel\\\/UCNHEJAkgGhh_JOoO4DcBFmQ\"]}]}<\/script>\n<!-- \/ Yoast SEO plugin. -->","yoast_head_json":{"title":"Guante de Malla Met\u00e1lica - UltraSource","description":"Guante de malla met\u00e1lica con protecci\u00f3n completa. Ajustable, reversible y f\u00e1cil de poner. \u00a1Evita lesiones graves en las manos!","robots":{"index":"index","follow":"follow","max-snippet":"max-snippet:-1","max-image-preview":"max-image-preview:large","max-video-preview":"max-video-preview:-1"},"canonical":"https:\/\/ultrasource.com.mx\/en\/product\/guante-de-malla-metalica\/","og_locale":"en_US","og_type":"article","og_title":"Guante de Malla Met\u00e1lica - UltraSource","og_description":"Guante de malla met\u00e1lica con protecci\u00f3n completa. Ajustable, reversible y f\u00e1cil de poner. \u00a1Evita lesiones graves en las manos!","og_url":"https:\/\/ultrasource.com.mx\/en\/product\/guante-de-malla-metalica\/","og_site_name":"UltraSource","article_publisher":"https:\/\/www.facebook.com\/UltraSourceUSA\/","article_modified_time":"2024-09-03T00:07:22+00:00","og_image":[{"width":544,"height":544,"url":"https:\/\/ultrasource.com.mx\/wp-content\/uploads\/2024\/03\/441030_600.jpg","type":"image\/jpeg"}],"twitter_card":"summary_large_image","twitter_site":"@UltraSourceUSA","twitter_misc":{"Est. reading time":"1 minute"},"schema":{"@context":"https:\/\/schema.org","@graph":[{"@type":"WebPage","@id":"https:\/\/ultrasource.com.mx\/producto\/guante-de-malla-metalica\/","url":"https:\/\/ultrasource.com.mx\/producto\/guante-de-malla-metalica\/","name":"Guante de Malla Met\u00e1lica - UltraSource","isPartOf":{"@id":"https:\/\/ultrasource.com.mx\/#website"},"primaryImageOfPage":{"@id":"https:\/\/ultrasource.com.mx\/producto\/guante-de-malla-metalica\/#primaryimage"},"image":{"@id":"https:\/\/ultrasource.com.mx\/producto\/guante-de-malla-metalica\/#primaryimage"},"thumbnailUrl":"https:\/\/ultrasource.com.mx\/wp-content\/uploads\/2024\/03\/441030_600.jpg","datePublished":"2024-03-29T16:33:05+00:00","dateModified":"2024-09-03T00:07:22+00:00","description":"Guante de malla met\u00e1lica con protecci\u00f3n completa. Ajustable, reversible y f\u00e1cil de poner. \u00a1Evita lesiones graves en las manos!","breadcrumb":{"@id":"https:\/\/ultrasource.com.mx\/producto\/guante-de-malla-metalica\/#breadcrumb"},"inLanguage":"en-US","potentialAction":[{"@type":"ReadAction","target":["https:\/\/ultrasource.com.mx\/producto\/guante-de-malla-metalica\/"]}]},{"@type":"ImageObject","inLanguage":"en-US","@id":"https:\/\/ultrasource.com.mx\/producto\/guante-de-malla-metalica\/#primaryimage","url":"https:\/\/ultrasource.com.mx\/wp-content\/uploads\/2024\/03\/441030_600.jpg","contentUrl":"https:\/\/ultrasource.com.mx\/wp-content\/uploads\/2024\/03\/441030_600.jpg","width":544,"height":544,"caption":"guante de malla metalica"},{"@type":"BreadcrumbList","@id":"https:\/\/ultrasource.com.mx\/producto\/guante-de-malla-metalica\/#breadcrumb","itemListElement":[{"@type":"ListItem","position":1,"name":"Portada","item":"https:\/\/ultrasource.com.mx\/"},{"@type":"ListItem","position":2,"name":"Catalog","item":"https:\/\/ultrasource.com.mx\/catalog\/"},{"@type":"ListItem","position":3,"name":"Guante de Malla Met\u00e1lica"}]},{"@type":"WebSite","@id":"https:\/\/ultrasource.com.mx\/#website","url":"https:\/\/ultrasource.com.mx\/","name":"UltraSource","description":"","publisher":{"@id":"https:\/\/ultrasource.com.mx\/#organization"},"potentialAction":[{"@type":"SearchAction","target":{"@type":"EntryPoint","urlTemplate":"https:\/\/ultrasource.com.mx\/?s={search_term_string}"},"query-input":{"@type":"PropertyValueSpecification","valueRequired":true,"valueName":"search_term_string"}}],"inLanguage":"en-US"},{"@type":"Organization","@id":"https:\/\/ultrasource.com.mx\/#organization","name":"UltraSource","url":"https:\/\/ultrasource.com.mx\/","logo":{"@type":"ImageObject","inLanguage":"en-US","@id":"https:\/\/ultrasource.com.mx\/#\/schema\/logo\/image\/","url":"https:\/\/ultrasource.com.mx\/wp-content\/uploads\/2023\/02\/ultrasource-logo-vertical.svg","contentUrl":"https:\/\/ultrasource.com.mx\/wp-content\/uploads\/2023\/02\/ultrasource-logo-vertical.svg","width":100,"height":100,"caption":"UltraSource"},"image":{"@id":"https:\/\/ultrasource.com.mx\/#\/schema\/logo\/image\/"},"sameAs":["https:\/\/www.facebook.com\/UltraSourceUSA\/","https:\/\/x.com\/UltraSourceUSA","http:\/\/www.linkedin.com\/company\/ultrasource-llc","https:\/\/www.youtube.com\/channel\/UCNHEJAkgGhh_JOoO4DcBFmQ"]}]}},"_links":{"self":[{"href":"https:\/\/ultrasource.com.mx\/en\/wp-json\/wp\/v2\/product\/1015","targetHints":{"allow":["GET"]}}],"collection":[{"href":"https:\/\/ultrasource.com.mx\/en\/wp-json\/wp\/v2\/product"}],"about":[{"href":"https:\/\/ultrasource.com.mx\/en\/wp-json\/wp\/v2\/types\/product"}],"replies":[{"embeddable":true,"href":"https:\/\/ultrasource.com.mx\/en\/wp-json\/wp\/v2\/comments?post=1015"}],"wp:featuredmedia":[{"embeddable":true,"href":"https:\/\/ultrasource.com.mx\/en\/wp-json\/wp\/v2\/media\/1018"}],"wp:attachment":[{"href":"https:\/\/ultrasource.com.mx\/en\/wp-json\/wp\/v2\/media?parent=1015"}],"wp:term":[{"taxonomy":"product_brand","embeddable":true,"href":"https:\/\/ultrasource.com.mx\/en\/wp-json\/wp\/v2\/product_brand?post=1015"},{"taxonomy":"product_cat","embeddable":true,"href":"https:\/\/ultrasource.com.mx\/en\/wp-json\/wp\/v2\/product_cat?post=1015"},{"taxonomy":"product_tag","embeddable":true,"href":"https:\/\/ultrasource.com.mx\/en\/wp-json\/wp\/v2\/product_tag?post=1015"}],"curies":[{"name":"wp","href":"https:\/\/api.w.org\/{rel}","templated":true}]}}