{"id":1007,"date":"2024-03-29T16:19:34","date_gmt":"2024-03-29T16:19:34","guid":{"rendered":"https:\/\/ultrasource.com.mx\/?post_type=product&#038;p=1007"},"modified":"2024-09-03T00:07:23","modified_gmt":"2024-09-03T00:07:23","slug":"ultraknife-10-cuchillo-cimeter","status":"publish","type":"product","link":"https:\/\/ultrasource.com.mx\/en\/product\/ultraknife-10-cuchillo-cimeter\/","title":{"rendered":"UltraKnife 10&#8243; Cuchillo Cimeter"},"content":{"rendered":"<p>Cuchillo Cimeter UltraKnife con hoja de 10 pulgadas.<\/p>\n<p>Corte la carne eficientemente con este gran cuchillo cimeter de hoja de 10 pulgadas de UltraSource. Este magn\u00edfico cuchillo tiene una hoja larga, curva e incre\u00edblemente afilada de 10 pulgadas. El cuchillo es ideal para rebanar carne, pero es vers\u00e1til para manejar aves de corral, pescado, carne de caza y m\u00e1s.<br \/>\nEste cuchillo industrial de 10 pulgadas es un valor incre\u00edble y no es solo para el suministro de carniceros, este cuchillo es popular entre carniceros, procesadores, empaquetadores, chefs, cocineros caseros, cazadores, plantas industriales de empaque de carne, restaurantes, entusiastas de la parrilla y m\u00e1s. Cuchillo de fuerza industrial para una larga vida de corte de precisi\u00f3n. \u00a1Excelente para cortar bistecs, pechugas, jamones y m\u00e1s!<br \/>\n&#8211; Acero de molibdeno de alta calidad<br \/>\n&#8211; El tratamiento criog\u00e9nico mejora el rendimiento y conserva el filo por m\u00e1s tiempo<br \/>\n&#8211; Mangos naranjas texturizados para seguridad y excelente agarre<br \/>\n&#8211; Los refuerzos delanteros y traseros protegen contra el deslizamiento<br \/>\n&#8211; Gran cuchillo carnicero comercial con hoja de 10 pulgadas<br \/>\n&#8211; Excelente valor en cuchillo carnicero de fuerza industrial<\/p>","protected":false},"excerpt":{"rendered":"<p>Este magn\u00edfico cuchillo tiene una hoja larga, curva e incre\u00edblemente afilada de 10 pulgadas. El cuchillo es ideal para rebanar carne, pero es vers\u00e1til para manejar aves de corral, pescado, carne de caza y m\u00e1s.<\/p>","protected":false},"featured_media":1008,"comment_status":"open","ping_status":"closed","template":"","meta":{"_coblocks_attr":"","_coblocks_dimensions":"","_coblocks_responsive_height":"","_coblocks_accordion_ie_support":"","_joinchat":[]},"product_brand":[],"product_cat":[103,102],"product_tag":[],"class_list":{"0":"post-1007","1":"product","2":"type-product","3":"status-publish","4":"has-post-thumbnail","6":"product_cat-cuchillos","7":"product_cat-insumos","8":"ts_product_brand-ultrasource","10":"first","11":"instock","12":"shipping-taxable","13":"purchasable","14":"product-type-simple","15":"add-to-wishlist-after_add_to_cart"},"yoast_head":"<!-- This site is optimized with the Yoast SEO plugin v27.4 - https:\/\/yoast.com\/product\/yoast-seo-wordpress\/ -->\n<title>UltraKnife 10&quot; Cuchillo Cimeter - UltraSource<\/title>\n<meta name=\"description\" content=\"Cuchillo Cimeter UltraKnife de 10&quot;: la elecci\u00f3n perfecta para cortar carne con precisi\u00f3n y versatilidad. \u00a1Calidad y rendimiento en cada corte!\" \/>\n<meta name=\"robots\" content=\"index, follow, max-snippet:-1, max-image-preview:large, max-video-preview:-1\" \/>\n<link rel=\"canonical\" href=\"https:\/\/ultrasource.com.mx\/en\/product\/ultraknife-10-cuchillo-cimeter\/\" \/>\n<meta property=\"og:locale\" content=\"en_US\" \/>\n<meta property=\"og:type\" content=\"article\" \/>\n<meta property=\"og:title\" content=\"UltraKnife 10&quot; Cuchillo Cimeter - UltraSource\" \/>\n<meta property=\"og:description\" content=\"Cuchillo Cimeter UltraKnife de 10&quot;: la elecci\u00f3n perfecta para cortar carne con precisi\u00f3n y versatilidad. \u00a1Calidad y rendimiento en cada corte!\" \/>\n<meta property=\"og:url\" content=\"https:\/\/ultrasource.com.mx\/en\/product\/ultraknife-10-cuchillo-cimeter\/\" \/>\n<meta property=\"og:site_name\" content=\"UltraSource\" \/>\n<meta property=\"article:publisher\" content=\"https:\/\/www.facebook.com\/UltraSourceUSA\/\" \/>\n<meta property=\"article:modified_time\" content=\"2024-09-03T00:07:23+00:00\" \/>\n<meta property=\"og:image\" content=\"https:\/\/ultrasource.com.mx\/wp-content\/uploads\/2024\/03\/Captura-de-pantalla-2024-03-29-101757.png\" \/>\n\t<meta property=\"og:image:width\" content=\"428\" \/>\n\t<meta property=\"og:image:height\" content=\"395\" \/>\n\t<meta property=\"og:image:type\" content=\"image\/png\" \/>\n<meta name=\"twitter:card\" content=\"summary_large_image\" \/>\n<meta name=\"twitter:site\" content=\"@UltraSourceUSA\" \/>\n<meta name=\"twitter:label1\" content=\"Est. reading time\" \/>\n\t<meta name=\"twitter:data1\" content=\"2 minutes\" \/>\n<script type=\"application\/ld+json\" class=\"yoast-schema-graph\">{\"@context\":\"https:\\\/\\\/schema.org\",\"@graph\":[{\"@type\":\"WebPage\",\"@id\":\"https:\\\/\\\/ultrasource.com.mx\\\/producto\\\/ultraknife-10-cuchillo-cimeter\\\/\",\"url\":\"https:\\\/\\\/ultrasource.com.mx\\\/producto\\\/ultraknife-10-cuchillo-cimeter\\\/\",\"name\":\"UltraKnife 10\\\" Cuchillo Cimeter - UltraSource\",\"isPartOf\":{\"@id\":\"https:\\\/\\\/ultrasource.com.mx\\\/#website\"},\"primaryImageOfPage\":{\"@id\":\"https:\\\/\\\/ultrasource.com.mx\\\/producto\\\/ultraknife-10-cuchillo-cimeter\\\/#primaryimage\"},\"image\":{\"@id\":\"https:\\\/\\\/ultrasource.com.mx\\\/producto\\\/ultraknife-10-cuchillo-cimeter\\\/#primaryimage\"},\"thumbnailUrl\":\"https:\\\/\\\/ultrasource.com.mx\\\/wp-content\\\/uploads\\\/2024\\\/03\\\/Captura-de-pantalla-2024-03-29-101757.png\",\"datePublished\":\"2024-03-29T16:19:34+00:00\",\"dateModified\":\"2024-09-03T00:07:23+00:00\",\"description\":\"Cuchillo Cimeter UltraKnife de 10\\\": la elecci\u00f3n perfecta para cortar carne con precisi\u00f3n y versatilidad. \u00a1Calidad y rendimiento en cada corte!\",\"breadcrumb\":{\"@id\":\"https:\\\/\\\/ultrasource.com.mx\\\/producto\\\/ultraknife-10-cuchillo-cimeter\\\/#breadcrumb\"},\"inLanguage\":\"en-US\",\"potentialAction\":[{\"@type\":\"ReadAction\",\"target\":[\"https:\\\/\\\/ultrasource.com.mx\\\/producto\\\/ultraknife-10-cuchillo-cimeter\\\/\"]}]},{\"@type\":\"ImageObject\",\"inLanguage\":\"en-US\",\"@id\":\"https:\\\/\\\/ultrasource.com.mx\\\/producto\\\/ultraknife-10-cuchillo-cimeter\\\/#primaryimage\",\"url\":\"https:\\\/\\\/ultrasource.com.mx\\\/wp-content\\\/uploads\\\/2024\\\/03\\\/Captura-de-pantalla-2024-03-29-101757.png\",\"contentUrl\":\"https:\\\/\\\/ultrasource.com.mx\\\/wp-content\\\/uploads\\\/2024\\\/03\\\/Captura-de-pantalla-2024-03-29-101757.png\",\"width\":428,\"height\":395,\"caption\":\"UltraKnife 10 Cimeter Knife\"},{\"@type\":\"BreadcrumbList\",\"@id\":\"https:\\\/\\\/ultrasource.com.mx\\\/producto\\\/ultraknife-10-cuchillo-cimeter\\\/#breadcrumb\",\"itemListElement\":[{\"@type\":\"ListItem\",\"position\":1,\"name\":\"Portada\",\"item\":\"https:\\\/\\\/ultrasource.com.mx\\\/\"},{\"@type\":\"ListItem\",\"position\":2,\"name\":\"Catalog\",\"item\":\"https:\\\/\\\/ultrasource.com.mx\\\/catalog\\\/\"},{\"@type\":\"ListItem\",\"position\":3,\"name\":\"UltraKnife 10&#8243; Cuchillo Cimeter\"}]},{\"@type\":\"WebSite\",\"@id\":\"https:\\\/\\\/ultrasource.com.mx\\\/#website\",\"url\":\"https:\\\/\\\/ultrasource.com.mx\\\/\",\"name\":\"UltraSource\",\"description\":\"\",\"publisher\":{\"@id\":\"https:\\\/\\\/ultrasource.com.mx\\\/#organization\"},\"potentialAction\":[{\"@type\":\"SearchAction\",\"target\":{\"@type\":\"EntryPoint\",\"urlTemplate\":\"https:\\\/\\\/ultrasource.com.mx\\\/?s={search_term_string}\"},\"query-input\":{\"@type\":\"PropertyValueSpecification\",\"valueRequired\":true,\"valueName\":\"search_term_string\"}}],\"inLanguage\":\"en-US\"},{\"@type\":\"Organization\",\"@id\":\"https:\\\/\\\/ultrasource.com.mx\\\/#organization\",\"name\":\"UltraSource\",\"url\":\"https:\\\/\\\/ultrasource.com.mx\\\/\",\"logo\":{\"@type\":\"ImageObject\",\"inLanguage\":\"en-US\",\"@id\":\"https:\\\/\\\/ultrasource.com.mx\\\/#\\\/schema\\\/logo\\\/image\\\/\",\"url\":\"https:\\\/\\\/ultrasource.com.mx\\\/wp-content\\\/uploads\\\/2023\\\/02\\\/ultrasource-logo-vertical.svg\",\"contentUrl\":\"https:\\\/\\\/ultrasource.com.mx\\\/wp-content\\\/uploads\\\/2023\\\/02\\\/ultrasource-logo-vertical.svg\",\"width\":100,\"height\":100,\"caption\":\"UltraSource\"},\"image\":{\"@id\":\"https:\\\/\\\/ultrasource.com.mx\\\/#\\\/schema\\\/logo\\\/image\\\/\"},\"sameAs\":[\"https:\\\/\\\/www.facebook.com\\\/UltraSourceUSA\\\/\",\"https:\\\/\\\/x.com\\\/UltraSourceUSA\",\"http:\\\/\\\/www.linkedin.com\\\/company\\\/ultrasource-llc\",\"https:\\\/\\\/www.youtube.com\\\/channel\\\/UCNHEJAkgGhh_JOoO4DcBFmQ\"]}]}<\/script>\n<!-- \/ Yoast SEO plugin. -->","yoast_head_json":{"title":"UltraKnife 10\" Cuchillo Cimeter - UltraSource","description":"Cuchillo Cimeter UltraKnife de 10\": la elecci\u00f3n perfecta para cortar carne con precisi\u00f3n y versatilidad. \u00a1Calidad y rendimiento en cada corte!","robots":{"index":"index","follow":"follow","max-snippet":"max-snippet:-1","max-image-preview":"max-image-preview:large","max-video-preview":"max-video-preview:-1"},"canonical":"https:\/\/ultrasource.com.mx\/en\/product\/ultraknife-10-cuchillo-cimeter\/","og_locale":"en_US","og_type":"article","og_title":"UltraKnife 10\" Cuchillo Cimeter - UltraSource","og_description":"Cuchillo Cimeter UltraKnife de 10\": la elecci\u00f3n perfecta para cortar carne con precisi\u00f3n y versatilidad. \u00a1Calidad y rendimiento en cada corte!","og_url":"https:\/\/ultrasource.com.mx\/en\/product\/ultraknife-10-cuchillo-cimeter\/","og_site_name":"UltraSource","article_publisher":"https:\/\/www.facebook.com\/UltraSourceUSA\/","article_modified_time":"2024-09-03T00:07:23+00:00","og_image":[{"width":428,"height":395,"url":"https:\/\/ultrasource.com.mx\/wp-content\/uploads\/2024\/03\/Captura-de-pantalla-2024-03-29-101757.png","type":"image\/png"}],"twitter_card":"summary_large_image","twitter_site":"@UltraSourceUSA","twitter_misc":{"Est. reading time":"2 minutes"},"schema":{"@context":"https:\/\/schema.org","@graph":[{"@type":"WebPage","@id":"https:\/\/ultrasource.com.mx\/producto\/ultraknife-10-cuchillo-cimeter\/","url":"https:\/\/ultrasource.com.mx\/producto\/ultraknife-10-cuchillo-cimeter\/","name":"UltraKnife 10\" Cuchillo Cimeter - UltraSource","isPartOf":{"@id":"https:\/\/ultrasource.com.mx\/#website"},"primaryImageOfPage":{"@id":"https:\/\/ultrasource.com.mx\/producto\/ultraknife-10-cuchillo-cimeter\/#primaryimage"},"image":{"@id":"https:\/\/ultrasource.com.mx\/producto\/ultraknife-10-cuchillo-cimeter\/#primaryimage"},"thumbnailUrl":"https:\/\/ultrasource.com.mx\/wp-content\/uploads\/2024\/03\/Captura-de-pantalla-2024-03-29-101757.png","datePublished":"2024-03-29T16:19:34+00:00","dateModified":"2024-09-03T00:07:23+00:00","description":"Cuchillo Cimeter UltraKnife de 10\": la elecci\u00f3n perfecta para cortar carne con precisi\u00f3n y versatilidad. \u00a1Calidad y rendimiento en cada corte!","breadcrumb":{"@id":"https:\/\/ultrasource.com.mx\/producto\/ultraknife-10-cuchillo-cimeter\/#breadcrumb"},"inLanguage":"en-US","potentialAction":[{"@type":"ReadAction","target":["https:\/\/ultrasource.com.mx\/producto\/ultraknife-10-cuchillo-cimeter\/"]}]},{"@type":"ImageObject","inLanguage":"en-US","@id":"https:\/\/ultrasource.com.mx\/producto\/ultraknife-10-cuchillo-cimeter\/#primaryimage","url":"https:\/\/ultrasource.com.mx\/wp-content\/uploads\/2024\/03\/Captura-de-pantalla-2024-03-29-101757.png","contentUrl":"https:\/\/ultrasource.com.mx\/wp-content\/uploads\/2024\/03\/Captura-de-pantalla-2024-03-29-101757.png","width":428,"height":395,"caption":"UltraKnife 10 Cimeter Knife"},{"@type":"BreadcrumbList","@id":"https:\/\/ultrasource.com.mx\/producto\/ultraknife-10-cuchillo-cimeter\/#breadcrumb","itemListElement":[{"@type":"ListItem","position":1,"name":"Portada","item":"https:\/\/ultrasource.com.mx\/"},{"@type":"ListItem","position":2,"name":"Catalog","item":"https:\/\/ultrasource.com.mx\/catalog\/"},{"@type":"ListItem","position":3,"name":"UltraKnife 10&#8243; Cuchillo Cimeter"}]},{"@type":"WebSite","@id":"https:\/\/ultrasource.com.mx\/#website","url":"https:\/\/ultrasource.com.mx\/","name":"UltraSource","description":"","publisher":{"@id":"https:\/\/ultrasource.com.mx\/#organization"},"potentialAction":[{"@type":"SearchAction","target":{"@type":"EntryPoint","urlTemplate":"https:\/\/ultrasource.com.mx\/?s={search_term_string}"},"query-input":{"@type":"PropertyValueSpecification","valueRequired":true,"valueName":"search_term_string"}}],"inLanguage":"en-US"},{"@type":"Organization","@id":"https:\/\/ultrasource.com.mx\/#organization","name":"UltraSource","url":"https:\/\/ultrasource.com.mx\/","logo":{"@type":"ImageObject","inLanguage":"en-US","@id":"https:\/\/ultrasource.com.mx\/#\/schema\/logo\/image\/","url":"https:\/\/ultrasource.com.mx\/wp-content\/uploads\/2023\/02\/ultrasource-logo-vertical.svg","contentUrl":"https:\/\/ultrasource.com.mx\/wp-content\/uploads\/2023\/02\/ultrasource-logo-vertical.svg","width":100,"height":100,"caption":"UltraSource"},"image":{"@id":"https:\/\/ultrasource.com.mx\/#\/schema\/logo\/image\/"},"sameAs":["https:\/\/www.facebook.com\/UltraSourceUSA\/","https:\/\/x.com\/UltraSourceUSA","http:\/\/www.linkedin.com\/company\/ultrasource-llc","https:\/\/www.youtube.com\/channel\/UCNHEJAkgGhh_JOoO4DcBFmQ"]}]}},"_links":{"self":[{"href":"https:\/\/ultrasource.com.mx\/en\/wp-json\/wp\/v2\/product\/1007","targetHints":{"allow":["GET"]}}],"collection":[{"href":"https:\/\/ultrasource.com.mx\/en\/wp-json\/wp\/v2\/product"}],"about":[{"href":"https:\/\/ultrasource.com.mx\/en\/wp-json\/wp\/v2\/types\/product"}],"replies":[{"embeddable":true,"href":"https:\/\/ultrasource.com.mx\/en\/wp-json\/wp\/v2\/comments?post=1007"}],"wp:featuredmedia":[{"embeddable":true,"href":"https:\/\/ultrasource.com.mx\/en\/wp-json\/wp\/v2\/media\/1008"}],"wp:attachment":[{"href":"https:\/\/ultrasource.com.mx\/en\/wp-json\/wp\/v2\/media?parent=1007"}],"wp:term":[{"taxonomy":"product_brand","embeddable":true,"href":"https:\/\/ultrasource.com.mx\/en\/wp-json\/wp\/v2\/product_brand?post=1007"},{"taxonomy":"product_cat","embeddable":true,"href":"https:\/\/ultrasource.com.mx\/en\/wp-json\/wp\/v2\/product_cat?post=1007"},{"taxonomy":"product_tag","embeddable":true,"href":"https:\/\/ultrasource.com.mx\/en\/wp-json\/wp\/v2\/product_tag?post=1007"}],"curies":[{"name":"wp","href":"https:\/\/api.w.org\/{rel}","templated":true}]}}