{"id":1004,"date":"2024-03-29T16:14:44","date_gmt":"2024-03-29T16:14:44","guid":{"rendered":"https:\/\/ultrasource.com.mx\/?post_type=product&#038;p=1004"},"modified":"2024-09-03T00:07:23","modified_gmt":"2024-09-03T00:07:23","slug":"ultrasource-8-cuchillo-de-despiece-estriado-ultraknife","status":"publish","type":"product","link":"https:\/\/ultrasource.com.mx\/en\/product\/ultrasource-8-cuchillo-de-despiece-estriado-ultraknife\/","title":{"rendered":"UltraSource 8&#8243; Cuchillo de Despiece Estriado UltraKnife\u2122"},"content":{"rendered":"<p>UltraSource 8&#8243; Fluted Breaking UltraKnife\u2122<\/p>\n<p>Corte la carne de manera eficiente con este cuchillo de despiece comercial con hoja de 8&#8243;. El cuchillo de despiece UltraKnife de 8&#8243; est\u00e1 curvado para ayudar a obtener palanca para cortar y descomponer cart\u00edlagos, piel resistente y huesos peque\u00f1os. El cuchillo es ideal para cortar carne de res, cerdo, aves de corral y otras carnes. Tambi\u00e9n es un gran cuchillo para manejar pescado, carne de caza, vegetales m\u00e1s grandes y m\u00e1s. El cuchillo tambi\u00e9n tiene un borde estriado para reducir la fricci\u00f3n y las \u00e1reas de contacto para hacer el corte a\u00fan m\u00e1s eficiente.<\/p>\n<p>Este cuchillo de despiece industrial de 8&#8243; es un valor incre\u00edble y una gran adici\u00f3n para cualquier suministro de carnicero. Este cuchillo es utilizado por carniceros, procesadores, empaquetadores, chefs, cocineros caseros, cazadores, plantas industriales de empaque de carne, restaurantes, entusiastas de la parrilla y m\u00e1s. Construido para durar, este cuchillo de fuerza industrial est\u00e1 dise\u00f1ado para una larga vida de corte de precisi\u00f3n.<br \/>\n&#8211; Acero de molibdeno de alta calidad<br \/>\n&#8211; El tratamiento criog\u00e9nico mejora el rendimiento y conserva el filo por m\u00e1s tiempo<br \/>\n&#8211; Mangos naranjas texturizados para un excelente agarre<br \/>\n&#8211; Los refuerzos delanteros y traseros protegen contra el deslizamiento<br \/>\n&#8211; Cuchillo de despiece profesional premium con hoja estriada para facilitar el corte<br \/>\n&#8211; Hoja curva de 8&#8243; para mayor palanca de despiece<br \/>\n&#8211; Excelente valor en cuchillo comercial<\/p>","protected":false},"excerpt":{"rendered":"<p>El cuchillo de despiece UltraKnife de 8&#8243; est\u00e1 curvado para ayudar a obtener palanca para cortar y descomponer cart\u00edlagos, piel resistente y huesos peque\u00f1os. El cuchillo es ideal para cortar carne de res, cerdo, aves de corral y otras carnes. Tambi\u00e9n es un gran cuchillo para manejar pescado, carne de caza, vegetales m\u00e1s grandes y m\u00e1s.<\/p>","protected":false},"featured_media":1006,"comment_status":"open","ping_status":"closed","template":"","meta":{"_coblocks_attr":"","_coblocks_dimensions":"","_coblocks_responsive_height":"","_coblocks_accordion_ie_support":"","_joinchat":[]},"product_brand":[],"product_cat":[103,102],"product_tag":[104,105,106],"class_list":{"0":"post-1004","1":"product","2":"type-product","3":"status-publish","4":"has-post-thumbnail","6":"product_cat-cuchillos","7":"product_cat-insumos","8":"product_tag-cuchillos","9":"product_tag-knife","10":"product_tag-navajas","11":"ts_product_brand-ultrasource","13":"first","14":"instock","15":"shipping-taxable","16":"purchasable","17":"product-type-simple","18":"add-to-wishlist-after_add_to_cart"},"yoast_head":"<!-- This site is optimized with the Yoast SEO plugin v27.4 - https:\/\/yoast.com\/product\/yoast-seo-wordpress\/ -->\n<title>UltraSource 8&quot; Cuchillo de Despiece Estriado UltraKnife\u2122 - UltraSource<\/title>\n<meta name=\"description\" content=\"El cuchillo de despiece UltraKnife de 8&quot; est\u00e1 curvado para ayudar a obtener palanca para cortar y descomponer cart\u00edlagos, piel resistente y huesos peque\u00f1os.\" \/>\n<meta name=\"robots\" content=\"index, follow, max-snippet:-1, max-image-preview:large, max-video-preview:-1\" \/>\n<link rel=\"canonical\" href=\"https:\/\/ultrasource.com.mx\/en\/product\/ultrasource-8-cuchillo-de-despiece-estriado-ultraknife\/\" \/>\n<meta property=\"og:locale\" content=\"en_US\" \/>\n<meta property=\"og:type\" content=\"article\" \/>\n<meta property=\"og:title\" content=\"UltraSource 8&quot; Cuchillo de Despiece Estriado UltraKnife\u2122 - UltraSource\" \/>\n<meta property=\"og:description\" content=\"El cuchillo de despiece UltraKnife de 8&quot; est\u00e1 curvado para ayudar a obtener palanca para cortar y descomponer cart\u00edlagos, piel resistente y huesos peque\u00f1os.\" \/>\n<meta property=\"og:url\" content=\"https:\/\/ultrasource.com.mx\/en\/product\/ultrasource-8-cuchillo-de-despiece-estriado-ultraknife\/\" \/>\n<meta property=\"og:site_name\" content=\"UltraSource\" \/>\n<meta property=\"article:publisher\" content=\"https:\/\/www.facebook.com\/UltraSourceUSA\/\" \/>\n<meta property=\"article:modified_time\" content=\"2024-09-03T00:07:23+00:00\" \/>\n<meta property=\"og:image\" content=\"https:\/\/ultrasource.com.mx\/wp-content\/uploads\/2024\/03\/UltraKnife-8-Fluted-Breaking-Knife.jpg\" \/>\n\t<meta property=\"og:image:width\" content=\"544\" \/>\n\t<meta property=\"og:image:height\" content=\"544\" \/>\n\t<meta property=\"og:image:type\" content=\"image\/jpeg\" \/>\n<meta name=\"twitter:card\" content=\"summary_large_image\" \/>\n<meta name=\"twitter:site\" content=\"@UltraSourceUSA\" \/>\n<meta name=\"twitter:label1\" content=\"Est. reading time\" \/>\n\t<meta name=\"twitter:data1\" content=\"2 minutes\" \/>\n<script type=\"application\/ld+json\" class=\"yoast-schema-graph\">{\"@context\":\"https:\\\/\\\/schema.org\",\"@graph\":[{\"@type\":\"WebPage\",\"@id\":\"https:\\\/\\\/ultrasource.com.mx\\\/producto\\\/ultrasource-8-cuchillo-de-despiece-estriado-ultraknife\\\/\",\"url\":\"https:\\\/\\\/ultrasource.com.mx\\\/producto\\\/ultrasource-8-cuchillo-de-despiece-estriado-ultraknife\\\/\",\"name\":\"UltraSource 8\\\" Cuchillo de Despiece Estriado UltraKnife\u2122 - UltraSource\",\"isPartOf\":{\"@id\":\"https:\\\/\\\/ultrasource.com.mx\\\/#website\"},\"primaryImageOfPage\":{\"@id\":\"https:\\\/\\\/ultrasource.com.mx\\\/producto\\\/ultrasource-8-cuchillo-de-despiece-estriado-ultraknife\\\/#primaryimage\"},\"image\":{\"@id\":\"https:\\\/\\\/ultrasource.com.mx\\\/producto\\\/ultrasource-8-cuchillo-de-despiece-estriado-ultraknife\\\/#primaryimage\"},\"thumbnailUrl\":\"https:\\\/\\\/ultrasource.com.mx\\\/wp-content\\\/uploads\\\/2024\\\/03\\\/UltraKnife-8-Fluted-Breaking-Knife.jpg\",\"datePublished\":\"2024-03-29T16:14:44+00:00\",\"dateModified\":\"2024-09-03T00:07:23+00:00\",\"description\":\"El cuchillo de despiece UltraKnife de 8\\\" est\u00e1 curvado para ayudar a obtener palanca para cortar y descomponer cart\u00edlagos, piel resistente y huesos peque\u00f1os.\",\"breadcrumb\":{\"@id\":\"https:\\\/\\\/ultrasource.com.mx\\\/producto\\\/ultrasource-8-cuchillo-de-despiece-estriado-ultraknife\\\/#breadcrumb\"},\"inLanguage\":\"en-US\",\"potentialAction\":[{\"@type\":\"ReadAction\",\"target\":[\"https:\\\/\\\/ultrasource.com.mx\\\/producto\\\/ultrasource-8-cuchillo-de-despiece-estriado-ultraknife\\\/\"]}]},{\"@type\":\"ImageObject\",\"inLanguage\":\"en-US\",\"@id\":\"https:\\\/\\\/ultrasource.com.mx\\\/producto\\\/ultrasource-8-cuchillo-de-despiece-estriado-ultraknife\\\/#primaryimage\",\"url\":\"https:\\\/\\\/ultrasource.com.mx\\\/wp-content\\\/uploads\\\/2024\\\/03\\\/UltraKnife-8-Fluted-Breaking-Knife.jpg\",\"contentUrl\":\"https:\\\/\\\/ultrasource.com.mx\\\/wp-content\\\/uploads\\\/2024\\\/03\\\/UltraKnife-8-Fluted-Breaking-Knife.jpg\",\"width\":544,\"height\":544,\"caption\":\"Fluted Breaking Knife\"},{\"@type\":\"BreadcrumbList\",\"@id\":\"https:\\\/\\\/ultrasource.com.mx\\\/producto\\\/ultrasource-8-cuchillo-de-despiece-estriado-ultraknife\\\/#breadcrumb\",\"itemListElement\":[{\"@type\":\"ListItem\",\"position\":1,\"name\":\"Portada\",\"item\":\"https:\\\/\\\/ultrasource.com.mx\\\/\"},{\"@type\":\"ListItem\",\"position\":2,\"name\":\"Catalog\",\"item\":\"https:\\\/\\\/ultrasource.com.mx\\\/catalog\\\/\"},{\"@type\":\"ListItem\",\"position\":3,\"name\":\"UltraSource 8&#8243; Cuchillo de Despiece Estriado UltraKnife\u2122\"}]},{\"@type\":\"WebSite\",\"@id\":\"https:\\\/\\\/ultrasource.com.mx\\\/#website\",\"url\":\"https:\\\/\\\/ultrasource.com.mx\\\/\",\"name\":\"UltraSource\",\"description\":\"\",\"publisher\":{\"@id\":\"https:\\\/\\\/ultrasource.com.mx\\\/#organization\"},\"potentialAction\":[{\"@type\":\"SearchAction\",\"target\":{\"@type\":\"EntryPoint\",\"urlTemplate\":\"https:\\\/\\\/ultrasource.com.mx\\\/?s={search_term_string}\"},\"query-input\":{\"@type\":\"PropertyValueSpecification\",\"valueRequired\":true,\"valueName\":\"search_term_string\"}}],\"inLanguage\":\"en-US\"},{\"@type\":\"Organization\",\"@id\":\"https:\\\/\\\/ultrasource.com.mx\\\/#organization\",\"name\":\"UltraSource\",\"url\":\"https:\\\/\\\/ultrasource.com.mx\\\/\",\"logo\":{\"@type\":\"ImageObject\",\"inLanguage\":\"en-US\",\"@id\":\"https:\\\/\\\/ultrasource.com.mx\\\/#\\\/schema\\\/logo\\\/image\\\/\",\"url\":\"https:\\\/\\\/ultrasource.com.mx\\\/wp-content\\\/uploads\\\/2023\\\/02\\\/ultrasource-logo-vertical.svg\",\"contentUrl\":\"https:\\\/\\\/ultrasource.com.mx\\\/wp-content\\\/uploads\\\/2023\\\/02\\\/ultrasource-logo-vertical.svg\",\"width\":100,\"height\":100,\"caption\":\"UltraSource\"},\"image\":{\"@id\":\"https:\\\/\\\/ultrasource.com.mx\\\/#\\\/schema\\\/logo\\\/image\\\/\"},\"sameAs\":[\"https:\\\/\\\/www.facebook.com\\\/UltraSourceUSA\\\/\",\"https:\\\/\\\/x.com\\\/UltraSourceUSA\",\"http:\\\/\\\/www.linkedin.com\\\/company\\\/ultrasource-llc\",\"https:\\\/\\\/www.youtube.com\\\/channel\\\/UCNHEJAkgGhh_JOoO4DcBFmQ\"]}]}<\/script>\n<!-- \/ Yoast SEO plugin. -->","yoast_head_json":{"title":"UltraSource 8\" Cuchillo de Despiece Estriado UltraKnife\u2122 - UltraSource","description":"El cuchillo de despiece UltraKnife de 8\" est\u00e1 curvado para ayudar a obtener palanca para cortar y descomponer cart\u00edlagos, piel resistente y huesos peque\u00f1os.","robots":{"index":"index","follow":"follow","max-snippet":"max-snippet:-1","max-image-preview":"max-image-preview:large","max-video-preview":"max-video-preview:-1"},"canonical":"https:\/\/ultrasource.com.mx\/en\/product\/ultrasource-8-cuchillo-de-despiece-estriado-ultraknife\/","og_locale":"en_US","og_type":"article","og_title":"UltraSource 8\" Cuchillo de Despiece Estriado UltraKnife\u2122 - UltraSource","og_description":"El cuchillo de despiece UltraKnife de 8\" est\u00e1 curvado para ayudar a obtener palanca para cortar y descomponer cart\u00edlagos, piel resistente y huesos peque\u00f1os.","og_url":"https:\/\/ultrasource.com.mx\/en\/product\/ultrasource-8-cuchillo-de-despiece-estriado-ultraknife\/","og_site_name":"UltraSource","article_publisher":"https:\/\/www.facebook.com\/UltraSourceUSA\/","article_modified_time":"2024-09-03T00:07:23+00:00","og_image":[{"width":544,"height":544,"url":"https:\/\/ultrasource.com.mx\/wp-content\/uploads\/2024\/03\/UltraKnife-8-Fluted-Breaking-Knife.jpg","type":"image\/jpeg"}],"twitter_card":"summary_large_image","twitter_site":"@UltraSourceUSA","twitter_misc":{"Est. reading time":"2 minutes"},"schema":{"@context":"https:\/\/schema.org","@graph":[{"@type":"WebPage","@id":"https:\/\/ultrasource.com.mx\/producto\/ultrasource-8-cuchillo-de-despiece-estriado-ultraknife\/","url":"https:\/\/ultrasource.com.mx\/producto\/ultrasource-8-cuchillo-de-despiece-estriado-ultraknife\/","name":"UltraSource 8\" Cuchillo de Despiece Estriado UltraKnife\u2122 - UltraSource","isPartOf":{"@id":"https:\/\/ultrasource.com.mx\/#website"},"primaryImageOfPage":{"@id":"https:\/\/ultrasource.com.mx\/producto\/ultrasource-8-cuchillo-de-despiece-estriado-ultraknife\/#primaryimage"},"image":{"@id":"https:\/\/ultrasource.com.mx\/producto\/ultrasource-8-cuchillo-de-despiece-estriado-ultraknife\/#primaryimage"},"thumbnailUrl":"https:\/\/ultrasource.com.mx\/wp-content\/uploads\/2024\/03\/UltraKnife-8-Fluted-Breaking-Knife.jpg","datePublished":"2024-03-29T16:14:44+00:00","dateModified":"2024-09-03T00:07:23+00:00","description":"El cuchillo de despiece UltraKnife de 8\" est\u00e1 curvado para ayudar a obtener palanca para cortar y descomponer cart\u00edlagos, piel resistente y huesos peque\u00f1os.","breadcrumb":{"@id":"https:\/\/ultrasource.com.mx\/producto\/ultrasource-8-cuchillo-de-despiece-estriado-ultraknife\/#breadcrumb"},"inLanguage":"en-US","potentialAction":[{"@type":"ReadAction","target":["https:\/\/ultrasource.com.mx\/producto\/ultrasource-8-cuchillo-de-despiece-estriado-ultraknife\/"]}]},{"@type":"ImageObject","inLanguage":"en-US","@id":"https:\/\/ultrasource.com.mx\/producto\/ultrasource-8-cuchillo-de-despiece-estriado-ultraknife\/#primaryimage","url":"https:\/\/ultrasource.com.mx\/wp-content\/uploads\/2024\/03\/UltraKnife-8-Fluted-Breaking-Knife.jpg","contentUrl":"https:\/\/ultrasource.com.mx\/wp-content\/uploads\/2024\/03\/UltraKnife-8-Fluted-Breaking-Knife.jpg","width":544,"height":544,"caption":"Fluted Breaking Knife"},{"@type":"BreadcrumbList","@id":"https:\/\/ultrasource.com.mx\/producto\/ultrasource-8-cuchillo-de-despiece-estriado-ultraknife\/#breadcrumb","itemListElement":[{"@type":"ListItem","position":1,"name":"Portada","item":"https:\/\/ultrasource.com.mx\/"},{"@type":"ListItem","position":2,"name":"Catalog","item":"https:\/\/ultrasource.com.mx\/catalog\/"},{"@type":"ListItem","position":3,"name":"UltraSource 8&#8243; Cuchillo de Despiece Estriado UltraKnife\u2122"}]},{"@type":"WebSite","@id":"https:\/\/ultrasource.com.mx\/#website","url":"https:\/\/ultrasource.com.mx\/","name":"UltraSource","description":"","publisher":{"@id":"https:\/\/ultrasource.com.mx\/#organization"},"potentialAction":[{"@type":"SearchAction","target":{"@type":"EntryPoint","urlTemplate":"https:\/\/ultrasource.com.mx\/?s={search_term_string}"},"query-input":{"@type":"PropertyValueSpecification","valueRequired":true,"valueName":"search_term_string"}}],"inLanguage":"en-US"},{"@type":"Organization","@id":"https:\/\/ultrasource.com.mx\/#organization","name":"UltraSource","url":"https:\/\/ultrasource.com.mx\/","logo":{"@type":"ImageObject","inLanguage":"en-US","@id":"https:\/\/ultrasource.com.mx\/#\/schema\/logo\/image\/","url":"https:\/\/ultrasource.com.mx\/wp-content\/uploads\/2023\/02\/ultrasource-logo-vertical.svg","contentUrl":"https:\/\/ultrasource.com.mx\/wp-content\/uploads\/2023\/02\/ultrasource-logo-vertical.svg","width":100,"height":100,"caption":"UltraSource"},"image":{"@id":"https:\/\/ultrasource.com.mx\/#\/schema\/logo\/image\/"},"sameAs":["https:\/\/www.facebook.com\/UltraSourceUSA\/","https:\/\/x.com\/UltraSourceUSA","http:\/\/www.linkedin.com\/company\/ultrasource-llc","https:\/\/www.youtube.com\/channel\/UCNHEJAkgGhh_JOoO4DcBFmQ"]}]}},"_links":{"self":[{"href":"https:\/\/ultrasource.com.mx\/en\/wp-json\/wp\/v2\/product\/1004","targetHints":{"allow":["GET"]}}],"collection":[{"href":"https:\/\/ultrasource.com.mx\/en\/wp-json\/wp\/v2\/product"}],"about":[{"href":"https:\/\/ultrasource.com.mx\/en\/wp-json\/wp\/v2\/types\/product"}],"replies":[{"embeddable":true,"href":"https:\/\/ultrasource.com.mx\/en\/wp-json\/wp\/v2\/comments?post=1004"}],"wp:featuredmedia":[{"embeddable":true,"href":"https:\/\/ultrasource.com.mx\/en\/wp-json\/wp\/v2\/media\/1006"}],"wp:attachment":[{"href":"https:\/\/ultrasource.com.mx\/en\/wp-json\/wp\/v2\/media?parent=1004"}],"wp:term":[{"taxonomy":"product_brand","embeddable":true,"href":"https:\/\/ultrasource.com.mx\/en\/wp-json\/wp\/v2\/product_brand?post=1004"},{"taxonomy":"product_cat","embeddable":true,"href":"https:\/\/ultrasource.com.mx\/en\/wp-json\/wp\/v2\/product_cat?post=1004"},{"taxonomy":"product_tag","embeddable":true,"href":"https:\/\/ultrasource.com.mx\/en\/wp-json\/wp\/v2\/product_tag?post=1004"}],"curies":[{"name":"wp","href":"https:\/\/api.w.org\/{rel}","templated":true}]}}